{"id":15,"date":"2024-05-22T21:49:55","date_gmt":"2024-05-22T19:49:55","guid":{"rendered":"https:\/\/www.usal.edu.ar\/acreditacion\/?page_id=15"},"modified":"2025-08-14T21:28:34","modified_gmt":"2025-08-14T19:28:34","slug":"unidad-de-coordinacion-de-acreditacion-y-evaluacion","status":"publish","type":"page","link":"https:\/\/www.usal.edu.ar\/acreditacion\/","title":{"rendered":"Unidad de Coordinaci\u00f3n de Acreditaci\u00f3n y Evaluaci\u00f3n"},"content":{"rendered":"\n<div class=\"wp-block-group has-background has-global-padding is-layout-constrained wp-container-core-group-is-layout-80eee898 wp-block-group-is-layout-constrained\" style=\"border-width:1px;border-radius:5px;background-color:#e1ece9;margin-top:0;margin-bottom:0;padding-top:var(--wp--preset--spacing--30);padding-right:var(--wp--preset--spacing--30);padding-bottom:var(--wp--preset--spacing--30);padding-left:var(--wp--preset--spacing--30)\">\n<p>La Unidad de Coordinaci\u00f3n de Acreditaci\u00f3n y Evaluaci\u00f3n (UCAE) es el \u00e1rea referente a nivel institucional para los procesos de acreditaci\u00f3n y evaluaci\u00f3n de carreras de grado incorporadas al art. 43 y posgrados, tanto nuevos como en\u00a0 funcionamiento en concordancia con lo establecido por la Ley de Educaci\u00f3n Superior Nro 24.521.<\/p>\n\n\n\n<p>La UCAE depende del Rectorado y tiene como principales funciones organizar las convocatorias de acreditaci\u00f3n de carreras de grado y posgrado en el \u00e1mbito de la USAL; brindar orientaci\u00f3n y seguimiento para&nbsp;las presentaciones de las carreras a CONEAU; realizar el&nbsp;seguimiento de los compromisos y recomendaciones producto de los procesos de acreditaci\u00f3n y evaluaci\u00f3n de carreras; asumir la comunicaci\u00f3n con CONEAU en lo concerniente a los procesos de acreditaci\u00f3n; colaborar y brindar apoyo t\u00e9cnico en los procesos de evaluaci\u00f3n institucional y del SIED; brindar capacitaciones internas y talleres sobre los procesos de acreditaci\u00f3n y evaluaci\u00f3n de carreras; y generar informes e indicadores sobre los procesos de acreditaci\u00f3n de carreras en funcionamiento y evaluaci\u00f3n de carreras nuevas.<\/p>\n<\/div>\n","protected":false},"excerpt":{"rendered":"<p>La Unidad de Coordinaci\u00f3n de Acreditaci\u00f3n y Evaluaci\u00f3n (UCAE) es el \u00e1rea referente a nivel institucional para los procesos de acreditaci\u00f3n y evaluaci\u00f3n de carreras de grado incorporadas al art. 43 y posgrados, tanto nuevos como en\u00a0 funcionamiento en concordancia con lo establecido por la Ley de Educaci\u00f3n Superior Nro 24.521. La UCAE depende del [&hellip;]<\/p>\n","protected":false},"author":5,"featured_media":0,"parent":0,"menu_order":0,"comment_status":"closed","ping_status":"closed","template":"","meta":{"footnotes":""},"class_list":["post-15","page","type-page","status-publish","hentry"],"_links":{"self":[{"href":"https:\/\/www.usal.edu.ar\/acreditacion\/wp-json\/wp\/v2\/pages\/15","targetHints":{"allow":["GET"]}}],"collection":[{"href":"https:\/\/www.usal.edu.ar\/acreditacion\/wp-json\/wp\/v2\/pages"}],"about":[{"href":"https:\/\/www.usal.edu.ar\/acreditacion\/wp-json\/wp\/v2\/types\/page"}],"author":[{"embeddable":true,"href":"https:\/\/www.usal.edu.ar\/acreditacion\/wp-json\/wp\/v2\/users\/5"}],"replies":[{"embeddable":true,"href":"https:\/\/www.usal.edu.ar\/acreditacion\/wp-json\/wp\/v2\/comments?post=15"}],"version-history":[{"count":17,"href":"https:\/\/www.usal.edu.ar\/acreditacion\/wp-json\/wp\/v2\/pages\/15\/revisions"}],"predecessor-version":[{"id":745,"href":"https:\/\/www.usal.edu.ar\/acreditacion\/wp-json\/wp\/v2\/pages\/15\/revisions\/745"}],"wp:attachment":[{"href":"https:\/\/www.usal.edu.ar\/acreditacion\/wp-json\/wp\/v2\/media?parent=15"}],"curies":[{"name":"wp","href":"https:\/\/api.w.org\/{rel}","templated":true}]}}