{"id":33,"date":"2024-05-23T16:13:24","date_gmt":"2024-05-23T14:13:24","guid":{"rendered":"https:\/\/www.usal.edu.ar\/acreditacion\/?page_id=33"},"modified":"2024-10-15T19:20:27","modified_gmt":"2024-10-15T17:20:27","slug":"evaluacion-y-acreditacion-de-carreras","status":"publish","type":"page","link":"https:\/\/www.usal.edu.ar\/acreditacion\/evaluacion-y-acreditacion-de-carreras\/","title":{"rendered":"Evaluaci\u00f3n y Acreditaci\u00f3n de Carreras"},"content":{"rendered":"\n<h4 class=\"wp-block-heading\"><strong>\u00bfEn qu\u00e9 consiste la evaluaci\u00f3n y acreditaci\u00f3n de carreras?<\/strong><\/h4>\n\n\n\n<p>La Ley de Educaci\u00f3n Superior (LES) 24.521 es la norma que regula la educaci\u00f3n superior en el pa\u00eds. Sancionada en 1995, establece procesos de evaluaci\u00f3n obligatorios para carreras de grado reguladas por el Estado y para todos los posgrados (especializaciones, maestr\u00edas y doctorados). Su prop\u00f3sito es garantizar est\u00e1ndares m\u00ednimos de calidad y promover la mejora permanente de la formaci\u00f3n universitaria.&nbsp;&nbsp;<\/p>\n\n\n\n<p>La evaluaci\u00f3n y acreditaci\u00f3n de carreras consiste en una evaluaci\u00f3n llevada a cabo por un organismo externo, p\u00fablico o privado. La Comisi\u00f3n Nacional de Evaluaci\u00f3n y Acreditaci\u00f3n Universitaria (CONEAU) es la agencia p\u00fablica que eval\u00faa en base a criterios y est\u00e1ndares previamente establecidos por el sistema universitario. La LES establece en el Art. 39\u00ba que todas las carreras de posgrado deben acreditar, proceso que abarca mas de 80 carreras de posgrado de la Universidad del Salvador.<\/p>\n\n\n\n<p>En cuanto a la formaci\u00f3n de grado, el Art\u00edculo 43\u00b0 define la obligatoriedad de estos procesos para las carreras cuyo ejercicio pudiera comprometer el inter\u00e9s p\u00fablico poniendo en riesgo de modo directo la salud, la seguridad, los derechos, los bienes o la formaci\u00f3n de los habitantes. En conformidad con el sistema universitario, el Ministerio de Capital Humano (Secretar\u00eda de Educaci\u00f3n) determina en forma progresiva la n\u00f3mina de tales t\u00edtulos.<\/p>\n\n\n\n<p>En la instituci\u00f3n se encuentran sujetas a esta normativa las siguientes carreras de grado: Abogac\u00eda, Agronom\u00eda, Arquitectura, Contador P\u00fablico, Ingenier\u00eda en Inform\u00e1tica, Ingenier\u00eda Industrial, Licenciatura en Enfermer\u00eda, Licenciatura en Fonoaudiolog\u00eda, Licenciatura en Nutrici\u00f3n, Licenciatura en Psicolog\u00eda, Licenciatura en Sistemas de la Informaci\u00f3n, Licenciatura en Terapia F\u00edsica, Licenciatura en Terapia Ocupacional, Medicina, Odontolog\u00eda y Veterinaria.&nbsp;<\/p>\n","protected":false},"excerpt":{"rendered":"<p>\u00bfEn qu\u00e9 consiste la evaluaci\u00f3n y acreditaci\u00f3n de carreras? La Ley de Educaci\u00f3n Superior (LES) 24.521 es la norma que regula la educaci\u00f3n superior en el pa\u00eds. Sancionada en 1995, establece procesos de evaluaci\u00f3n obligatorios para carreras de grado reguladas por el Estado y para todos los posgrados (especializaciones, maestr\u00edas y doctorados). Su prop\u00f3sito es [&hellip;]<\/p>\n","protected":false},"author":5,"featured_media":0,"parent":0,"menu_order":0,"comment_status":"closed","ping_status":"closed","template":"","meta":{"footnotes":""},"class_list":["post-33","page","type-page","status-publish","hentry"],"_links":{"self":[{"href":"https:\/\/www.usal.edu.ar\/acreditacion\/wp-json\/wp\/v2\/pages\/33","targetHints":{"allow":["GET"]}}],"collection":[{"href":"https:\/\/www.usal.edu.ar\/acreditacion\/wp-json\/wp\/v2\/pages"}],"about":[{"href":"https:\/\/www.usal.edu.ar\/acreditacion\/wp-json\/wp\/v2\/types\/page"}],"author":[{"embeddable":true,"href":"https:\/\/www.usal.edu.ar\/acreditacion\/wp-json\/wp\/v2\/users\/5"}],"replies":[{"embeddable":true,"href":"https:\/\/www.usal.edu.ar\/acreditacion\/wp-json\/wp\/v2\/comments?post=33"}],"version-history":[{"count":7,"href":"https:\/\/www.usal.edu.ar\/acreditacion\/wp-json\/wp\/v2\/pages\/33\/revisions"}],"predecessor-version":[{"id":502,"href":"https:\/\/www.usal.edu.ar\/acreditacion\/wp-json\/wp\/v2\/pages\/33\/revisions\/502"}],"wp:attachment":[{"href":"https:\/\/www.usal.edu.ar\/acreditacion\/wp-json\/wp\/v2\/media?parent=33"}],"curies":[{"name":"wp","href":"https:\/\/api.w.org\/{rel}","templated":true}]}}