{"id":35,"date":"2024-05-23T16:16:01","date_gmt":"2024-05-23T14:16:01","guid":{"rendered":"https:\/\/www.usal.edu.ar\/acreditacion\/?page_id=35"},"modified":"2024-10-15T19:17:03","modified_gmt":"2024-10-15T17:17:03","slug":"coneau","status":"publish","type":"page","link":"https:\/\/www.usal.edu.ar\/acreditacion\/coneau\/","title":{"rendered":"CONEAU"},"content":{"rendered":"\n<h4 class=\"wp-block-heading\"><strong>\u00bfQu\u00e9 es la CONEAU?<\/strong><\/h4>\n\n\n\n<p>La Comisi\u00f3n Nacional de Evaluaci\u00f3n y Acreditaci\u00f3n Universitaria, CONEAU, es un organismo descentralizado del Ministerio de Educaci\u00f3n de la Naci\u00f3n creado en el marco de la LES con la finalidad de contribuir al mejoramiento de la educaci\u00f3n universitaria argentina.<\/p>\n\n\n\n<p>Son sus funciones:<\/p>\n\n\n\n<div class=\"wp-block-group has-global-padding is-layout-constrained wp-block-group-is-layout-constrained\">\n<ul class=\"wp-block-list\">\n<li>Coordinar y llevar adelante la evaluaci\u00f3n externa de las instituciones universitarias.<\/li>\n<\/ul>\n\n\n\n<ul class=\"wp-block-list\">\n<li>Acreditar las carreras de grado cuando se trate de t\u00edtulos correspondientes a profesiones reguladas por el Estado, cuyo ejercicio pudiera comprometer el inter\u00e9s p\u00fablico, poniendo en riesgo de modo directo la salud, la seguridad, los derechos, los bienes o la formaci\u00f3n de los habitantes.<\/li>\n<\/ul>\n\n\n\n<ul class=\"wp-block-list\">\n<li>Acreditar carreras de posgrado, cualquiera sea el \u00e1mbito en que se desarrollen, conforme a los est\u00e1ndares que establezca el Ministerio de Educaci\u00f3n en consulta con el Consejo de Universidades.<\/li>\n<\/ul>\n\n\n\n<ul class=\"wp-block-list\">\n<li>Pronunciarse sobre la consistencia y viabilidad del proyecto institucional que se requiere para que el Ministerio de Educaci\u00f3n autorice la puesta en marcha de una nueva instituci\u00f3n universitaria nacional con posterioridad a su creaci\u00f3n o el reconocimiento de una instituci\u00f3n universitaria provincial.<\/li>\n\n\n\n<li>Preparar los informes requeridos para otorgar la autorizaci\u00f3n provisoria y el reconocimiento definitivo de las instituciones universitarias privadas.<\/li>\n\n\n\n<li>Preparar los informes en base a los cuales se evaluar\u00e1 el per\u00edodo de funcionamiento provisorio de las instituciones universitarias privadas.<\/li>\n<\/ul>\n<\/div>\n\n\n\n<p>La <a href=\"https:\/\/www.coneau.gob.ar\/\" target=\"_blank\" rel=\"noreferrer noopener\">CONEAU <\/a>organiza su actividad mediante convocatorias, elabora su propia normativa procedimental (ordenanzas) y cuenta con un instrumento de relevamiento de informaci\u00f3n: Plataforma CONEAU Global.<\/p>\n","protected":false},"excerpt":{"rendered":"<p>\u00bfQu\u00e9 es la CONEAU? La Comisi\u00f3n Nacional de Evaluaci\u00f3n y Acreditaci\u00f3n Universitaria, CONEAU, es un organismo descentralizado del Ministerio de Educaci\u00f3n de la Naci\u00f3n creado en el marco de la LES con la finalidad de contribuir al mejoramiento de la educaci\u00f3n universitaria argentina. Son sus funciones: La CONEAU organiza su actividad mediante convocatorias, elabora su [&hellip;]<\/p>\n","protected":false},"author":5,"featured_media":0,"parent":0,"menu_order":0,"comment_status":"closed","ping_status":"closed","template":"","meta":{"footnotes":""},"class_list":["post-35","page","type-page","status-publish","hentry"],"_links":{"self":[{"href":"https:\/\/www.usal.edu.ar\/acreditacion\/wp-json\/wp\/v2\/pages\/35","targetHints":{"allow":["GET"]}}],"collection":[{"href":"https:\/\/www.usal.edu.ar\/acreditacion\/wp-json\/wp\/v2\/pages"}],"about":[{"href":"https:\/\/www.usal.edu.ar\/acreditacion\/wp-json\/wp\/v2\/types\/page"}],"author":[{"embeddable":true,"href":"https:\/\/www.usal.edu.ar\/acreditacion\/wp-json\/wp\/v2\/users\/5"}],"replies":[{"embeddable":true,"href":"https:\/\/www.usal.edu.ar\/acreditacion\/wp-json\/wp\/v2\/comments?post=35"}],"version-history":[{"count":6,"href":"https:\/\/www.usal.edu.ar\/acreditacion\/wp-json\/wp\/v2\/pages\/35\/revisions"}],"predecessor-version":[{"id":501,"href":"https:\/\/www.usal.edu.ar\/acreditacion\/wp-json\/wp\/v2\/pages\/35\/revisions\/501"}],"wp:attachment":[{"href":"https:\/\/www.usal.edu.ar\/acreditacion\/wp-json\/wp\/v2\/media?parent=35"}],"curies":[{"name":"wp","href":"https:\/\/api.w.org\/{rel}","templated":true}]}}