{"id":42,"date":"2024-07-12T20:27:56","date_gmt":"2024-07-12T23:27:56","guid":{"rendered":"https:\/\/www.usal.edu.ar\/arteyarquitectura\/?page_id=42"},"modified":"2025-08-05T13:30:55","modified_gmt":"2025-08-05T16:30:55","slug":"autoridades","status":"publish","type":"page","link":"https:\/\/www.usal.edu.ar\/arteyarquitectura\/autoridades\/","title":{"rendered":"Autoridades"},"content":{"rendered":"\n<p><\/p>\n\n\n\n<div class=\"wp-block-columns alignwide is-layout-flex wp-container-core-columns-is-layout-bd33f0e5 wp-block-columns-is-layout-flex\" style=\"padding-top:0;padding-right:0;padding-bottom:0;padding-left:0\">\n<div class=\"wp-block-column is-vertically-aligned-top has-global-padding is-layout-constrained wp-block-column-is-layout-constrained\">\n<div class=\"wp-block-group is-vertical is-content-justification-center is-layout-flex wp-container-core-group-is-layout-7128f10e wp-block-group-is-layout-flex\" style=\"border-radius:5px\">\n<figure class=\"wp-block-image size-full is-resized is-style-rounded img-mini-autoridad\"><img loading=\"lazy\" decoding=\"async\" width=\"1400\" height=\"1400\" src=\"https:\/\/www.usal.edu.ar\/arteyarquitectura\/wp-content\/uploads\/sites\/15\/2024\/08\/mds-1.jpg\" alt=\"\" class=\"wp-image-170\" style=\"width:106px;height:auto\" srcset=\"https:\/\/www.usal.edu.ar\/arteyarquitectura\/wp-content\/uploads\/sites\/15\/2024\/08\/mds-1.jpg 1400w, https:\/\/www.usal.edu.ar\/arteyarquitectura\/wp-content\/uploads\/sites\/15\/2024\/08\/mds-1-300x300.jpg 300w, https:\/\/www.usal.edu.ar\/arteyarquitectura\/wp-content\/uploads\/sites\/15\/2024\/08\/mds-1-1024x1024.jpg 1024w, https:\/\/www.usal.edu.ar\/arteyarquitectura\/wp-content\/uploads\/sites\/15\/2024\/08\/mds-1-150x150.jpg 150w, https:\/\/www.usal.edu.ar\/arteyarquitectura\/wp-content\/uploads\/sites\/15\/2024\/08\/mds-1-768x768.jpg 768w\" sizes=\"auto, (max-width: 1400px) 100vw, 1400px\" \/><\/figure>\n\n\n\n<p class=\"has-text-align-center has-medium-font-size\"><strong>Decano<\/strong><\/p>\n\n\n\n<p class=\"has-text-align-center has-text-color has-link-color has-medium-font-size wp-elements-b7f18dc79f739d5102bdea0c237424aa\" style=\"color:#3f3f3f\">Arq. Marcelo Salvador De Simone<\/p>\n<\/div>\n<\/div>\n<\/div>\n\n\n\n<hr class=\"wp-block-separator has-text-color has-alpha-channel-opacity has-background\" style=\"background-color:#eaeaea;color:#eaeaea\" \/>\n\n\n\n<div class=\"wp-block-columns alignwide is-layout-flex wp-container-core-columns-is-layout-bd33f0e5 wp-block-columns-is-layout-flex\" style=\"padding-top:0;padding-right:0;padding-bottom:0;padding-left:0\">\n<div class=\"wp-block-column is-vertically-aligned-top has-global-padding is-layout-constrained wp-block-column-is-layout-constrained\">\n<div class=\"wp-block-group is-vertical is-content-justification-center is-layout-flex wp-container-core-group-is-layout-7128f10e wp-block-group-is-layout-flex\" style=\"border-radius:5px\">\n<p class=\"has-text-align-center has-medium-font-size\"><strong>Secretaria Acad\u00e9mica<\/strong><\/p>\n\n\n\n<p class=\"has-text-align-center has-medium-font-size\">Lic. Liliana Mar\u00eda Billo<\/p>\n<\/div>\n<\/div>\n<\/div>\n\n\n\n<hr class=\"wp-block-separator has-text-color has-primary-color has-alpha-channel-opacity has-primary-background-color has-background\" \/>\n\n\n\n<p class=\"has-text-align-center has-medium-font-size\"><strong>Directores de Carreras de Grado<\/strong><\/p>\n\n\n\n<div class=\"wp-block-columns alignwide is-layout-flex wp-container-core-columns-is-layout-8882491c wp-block-columns-is-layout-flex\" style=\"margin-top:var(--wp--preset--spacing--30);margin-bottom:var(--wp--preset--spacing--30);padding-top:0;padding-right:0;padding-bottom:0;padding-left:0\">\n<div class=\"wp-block-column is-vertically-aligned-top is-vertical is-content-justification-center is-layout-flex wp-container-core-column-is-layout-7128f10e wp-block-column-is-layout-flex\" style=\"border-radius:5px\">\n<div class=\"wp-block-group is-vertical is-content-justification-center is-layout-flex wp-container-core-group-is-layout-7128f10e wp-block-group-is-layout-flex\" style=\"border-radius:5px\">\n<p class=\"has-text-align-center has-montserrat-font-family has-x-small-font-size\"><strong>Carrera de Artes del Teatro <\/strong><\/p>\n\n\n\n<div class=\"wp-block-group alignwide has-text-color has-link-color wp-elements-a6c00bcb695bd499212e18ee9bd96d06 wp-container-content-9cfa9a5a is-content-justification-center is-nowrap is-layout-flex wp-container-core-group-is-layout-23441af8 wp-block-group-is-layout-flex\" style=\"color:#3f3f3f\">\n<p class=\"has-text-align-center has-text-color has-link-color has-medium-font-size wp-elements-16def437667f6fd816e7ada15dbc02be\" style=\"color:#3f3f3f\">Mg. Lic. Mar\u00eda Clara <br>Beit\u00eda<\/p>\n<\/div>\n<\/div>\n<\/div>\n\n\n\n<div class=\"wp-block-column is-vertically-aligned-top is-vertical is-content-justification-center is-layout-flex wp-container-core-column-is-layout-7128f10e wp-block-column-is-layout-flex\" style=\"border-radius:5px\">\n<div class=\"wp-block-group is-vertical is-content-justification-center is-layout-flex wp-container-core-group-is-layout-7128f10e wp-block-group-is-layout-flex\" style=\"border-radius:5px\">\n<p class=\"has-text-align-center has-x-small-font-size\"><strong>Carrera de Arquitectura<\/strong><\/p>\n\n\n\n<p class=\"has-text-align-center has-text-color has-link-color has-medium-font-size wp-elements-f11a0a358ac88709c907986d807ee5ba\" style=\"color:#3f3f3f\">Arq. Luis Alberto Novoa<\/p>\n\n\n\n<div class=\"wp-block-group alignwide has-text-color has-link-color wp-elements-8b5f660ca9c4339a14ff705f3c4fe9ce wp-container-content-9cfa9a5a is-content-justification-center is-nowrap is-layout-flex wp-container-core-group-is-layout-23441af8 wp-block-group-is-layout-flex\" style=\"color:#3f3f3f\">\n<p class=\"has-text-align-center has-text-color has-link-color has-medium-font-size wp-elements-bbbae668596c6725ea2a7dac4b345732\" style=\"color:#3f3f3f\"><\/p>\n<\/div>\n\n\n\n<div class=\"wp-block-group alignwide has-text-color has-link-color wp-elements-eb6744d0674a640c6b8345350112be8b wp-container-content-9cfa9a5a is-content-justification-center is-nowrap is-layout-flex wp-container-core-group-is-layout-23441af8 wp-block-group-is-layout-flex\" style=\"color:#3f3f3f\"><\/div>\n<\/div>\n<\/div>\n\n\n\n<div class=\"wp-block-column is-vertically-aligned-top has-global-padding is-layout-constrained wp-block-column-is-layout-constrained\">\n<div class=\"wp-block-group is-vertical is-content-justification-center is-layout-flex wp-container-core-group-is-layout-7128f10e wp-block-group-is-layout-flex\" style=\"border-radius:5px\">\n<p class=\"has-text-align-center has-x-small-font-size\"><strong>Carrera de Arte y Dise\u00f1o Digital<\/strong><\/p>\n\n\n\n<p class=\"has-text-align-center has-x-small-font-size\"><strong>Carrera de Dise\u00f1o Gr\u00e1fico<\/strong><\/p>\n\n\n\n<div class=\"wp-block-group alignwide has-text-color has-link-color wp-elements-02de9150471e80302ec9614ec7ca2140 wp-container-content-9cfa9a5a is-content-justification-center is-nowrap is-layout-flex wp-container-core-group-is-layout-23441af8 wp-block-group-is-layout-flex\" style=\"color:#3f3f3f\">\n<p class=\"has-text-align-center has-text-color has-link-color has-medium-font-size wp-elements-cc257477f8f8a9ad83024271fd852bd3\" style=\"color:#3f3f3f\">Mg. Roberto C\u00e9sar <br>Fern\u00e1ndez<\/p>\n<\/div>\n<\/div>\n<\/div>\n<\/div>\n\n\n\n<hr class=\"wp-block-separator has-text-color has-primary-color has-alpha-channel-opacity has-primary-background-color has-background\" style=\"margin-top:0;margin-bottom:0\" \/>\n\n\n\n<div class=\"wp-block-group is-vertical is-content-justification-center is-layout-flex wp-container-core-group-is-layout-7128f10e wp-block-group-is-layout-flex\" style=\"border-radius:5px\">\n<p class=\"has-medium-font-size\"><strong>Directores de Carreras de Posgrado<\/strong><\/p>\n<\/div>\n\n\n\n<div class=\"wp-block-columns is-layout-flex wp-container-core-columns-is-layout-28f84493 wp-block-columns-is-layout-flex\">\n<div class=\"wp-block-column is-layout-flow wp-block-column-is-layout-flow\"><\/div>\n\n\n\n<div class=\"wp-block-column is-layout-flow wp-block-column-is-layout-flow\">\n<p class=\"has-text-align-center has-x-small-font-size\"><strong>Doctorado en Geograf\u00eda<\/strong><\/p>\n\n\n\n<p class=\"has-text-align-center has-medium-font-size\">Dr. Alfredo Horacio Grassi<\/p>\n<\/div>\n\n\n\n<div class=\"wp-block-column is-layout-flow wp-block-column-is-layout-flow\"><\/div>\n<\/div>\n\n\n\n<p class=\"has-text-align-center has-contrast-color has-text-color has-link-color has-x-small-font-size wp-elements-d454992a561621af709d0f45f780307a\"><\/p>\n\n\n\n<div class=\"wp-block-group alignwide has-text-color has-link-color wp-elements-9f4f38a458b2e18862d2c918a4261630 wp-container-content-9cfa9a5a is-content-justification-center is-nowrap is-layout-flex wp-container-core-group-is-layout-23441af8 wp-block-group-is-layout-flex\" style=\"color:#3f3f3f\">\n<hr class=\"wp-block-separator has-text-color has-primary-color has-alpha-channel-opacity has-primary-background-color has-background is-style-default\" \/>\n<\/div>\n\n\n\n<p class=\"has-text-align-center has-medium-font-size\"><strong>Consejo Acad\u00e9mico<\/strong><\/p>\n\n\n\n<p class=\"has-text-align-center has-medium-font-size\">Arq. Marcelo Salvador De Simone<br>Lic. Liliana Mar\u00eda Billo<br>Mg. Lic. Mar\u00eda Clara Beit\u00eda<br>Mg. Lic. Roberto C\u00e9sar Fern\u00e1ndez<br>Arq. Luis Alberto Novoa<br>Dr. Alfredo Horacio Grassi<br>Lic. Ana Josefina Lettieri<br>Mg. Arq. Mercedes Gallegos<br>Dra. Arq. Irene Martini<br>Sra. Mar\u00eda Jos\u00e9 Aboy<br>Sr. Jos\u00e9 Ambesi<\/p>\n\n\n\n<hr class=\"wp-block-separator has-text-color has-primary-color has-alpha-channel-opacity has-primary-background-color has-background\" \/>\n\n\n\n<p class=\"has-text-align-center has-medium-font-size\"><strong>Representante en el Consejo de Profesores Em\u00e9ritos de la USAL<\/strong><\/p>\n\n\n\n<p class=\"has-text-align-center has-medium-font-size\">Dr. Julio Juan Bardi<\/p>\n\n\n\n<hr class=\"wp-block-separator has-text-color has-primary-color has-alpha-channel-opacity has-primary-background-color has-background\" \/>\n\n\n\n<p class=\"has-text-align-center has-medium-font-size\"><strong>Colaboradores y Referentes<\/strong><\/p>\n\n\n\n<div class=\"wp-block-columns is-layout-flex wp-container-core-columns-is-layout-28f84493 wp-block-columns-is-layout-flex\">\n<div class=\"wp-block-column is-layout-flow wp-block-column-is-layout-flow\">\n<p class=\"has-text-align-center has-x-small-font-size\"><strong>Colaboradora Acad\u00e9mica<\/strong><\/p>\n\n\n\n<p class=\"has-text-align-center has-medium-font-size\">DG Teresa Mariana Tattoli<\/p>\n<\/div>\n<\/div>\n\n\n\n<hr class=\"wp-block-separator has-text-color has-alpha-channel-opacity has-background\" style=\"background-color:#eeeeee;color:#eeeeee\" \/>\n\n\n\n<div class=\"wp-block-columns is-layout-flex wp-container-core-columns-is-layout-28f84493 wp-block-columns-is-layout-flex\">\n<div class=\"wp-block-column is-layout-flow wp-block-column-is-layout-flow\">\n<p class=\"has-text-align-center has-x-small-font-size\"><strong>Referente de Investigaci\u00f3n<\/strong><\/p>\n\n\n\n<p class=\"has-text-align-center has-medium-font-size\">Arq. Adriana ten Hoeve<\/p>\n<\/div>\n\n\n\n<div class=\"wp-block-column is-layout-flow wp-block-column-is-layout-flow\">\n<p class=\"has-text-align-center has-x-small-font-size\"><strong>Referente de Extensi\u00f3n<\/strong><\/p>\n\n\n\n<p class=\"has-text-align-center has-medium-font-size\">Arq. B\u00e1rbara Carelli<\/p>\n<\/div>\n\n\n\n<div class=\"wp-block-column is-layout-flow wp-block-column-is-layout-flow\">\n<p class=\"has-text-align-center has-x-small-font-size\"><strong>Referente del SIED-PAD<\/strong><\/p>\n\n\n\n<p class=\"has-text-align-center has-medium-font-size\">Arq. Paula Nosdeo<\/p>\n<\/div>\n<\/div>\n\n\n\n<div class=\"wp-block-columns is-layout-flex wp-container-core-columns-is-layout-28f84493 wp-block-columns-is-layout-flex\">\n<div class=\"wp-block-column is-layout-flow wp-block-column-is-layout-flow\">\n<p class=\"has-text-align-center has-x-small-font-size\"><strong>Referente de Cooperaci\u00f3n Internacional \/ Intercambio<\/strong><\/p>\n\n\n\n<p class=\"has-text-align-center has-medium-font-size\">Lic. Liliana Mar\u00eda Billo<\/p>\n<\/div>\n\n\n\n<div class=\"wp-block-column is-layout-flow wp-block-column-is-layout-flow\">\n<p class=\"has-text-align-center has-x-small-font-size\"><strong>Referente de Orquesta<\/strong><\/p>\n\n\n\n<p class=\"has-text-align-center has-medium-font-size\">Arq. Santiago Rosso<\/p>\n<\/div>\n\n\n\n<div class=\"wp-block-column is-layout-flow wp-block-column-is-layout-flow\">\n<p class=\"has-text-align-center has-x-small-font-size\"><strong>Referente de Deportes<\/strong><\/p>\n\n\n\n<p class=\"has-text-align-center has-medium-font-size\">Jos\u00e9 Ambesi<\/p>\n<\/div>\n<\/div>\n\n\n\n<div class=\"wp-block-columns is-layout-flex wp-container-core-columns-is-layout-28f84493 wp-block-columns-is-layout-flex\">\n<div class=\"wp-block-column is-layout-flow wp-block-column-is-layout-flow\">\n<p class=\"has-text-align-center has-x-small-font-size\"><strong>Referente de Publicaciones<\/strong><\/p>\n\n\n\n<p class=\"has-text-align-center has-medium-font-size\">Arq. Marcelo Salvador De Simone<\/p>\n<\/div>\n\n\n\n<div class=\"wp-block-column is-layout-flow wp-block-column-is-layout-flow\">\n<p class=\"has-text-align-center has-x-small-font-size\"><strong>Referente de Redes y Web<\/strong><\/p>\n\n\n\n<p class=\"has-text-align-center has-medium-font-size\">Mg. Roberto C\u00e9sar Fern\u00e1ndez<\/p>\n<\/div>\n<\/div>\n\n\n\n<hr class=\"wp-block-separator has-text-color has-alpha-channel-opacity has-background\" style=\"background-color:#ebebeb;color:#ebebeb\" \/>\n\n\n\n<div class=\"wp-block-columns is-layout-flex wp-container-core-columns-is-layout-28f84493 wp-block-columns-is-layout-flex\">\n<div class=\"wp-block-column is-layout-flow wp-block-column-is-layout-flow\">\n<p class=\"has-text-align-center has-x-small-font-size\"><strong>Colaboradores Administrativos<\/strong><\/p>\n\n\n\n<div style=\"height:13px\" aria-hidden=\"true\" class=\"wp-block-spacer\"><\/div>\n\n\n\n<div class=\"wp-block-columns is-layout-flex wp-container-core-columns-is-layout-28f84493 wp-block-columns-is-layout-flex\">\n<div class=\"wp-block-column is-layout-flow wp-block-column-is-layout-flow\">\n<p class=\"has-text-align-center has-x-small-font-size\"><strong>Sede CABA<\/strong><\/p>\n\n\n\n<p class=\"has-text-align-center has-medium-font-size\">Jos\u00e9 Ambesi<\/p>\n\n\n\n<p class=\"has-text-align-center has-medium-font-size\">Diego Valdecantos<\/p>\n\n\n\n<p class=\"has-text-align-center has-medium-font-size\">Anal\u00eda Pacheco<\/p>\n<\/div>\n\n\n\n<div class=\"wp-block-column is-layout-flow wp-block-column-is-layout-flow\">\n<p class=\"has-text-align-center has-x-small-font-size\"><strong>Sede Pilar<\/strong><\/p>\n\n\n\n<p class=\"has-text-align-center has-medium-font-size\">Daniela Copetti<\/p>\n\n\n\n<p class=\"has-text-align-center has-medium-font-size\">Selva Gagliano<\/p>\n\n\n\n<p class=\"has-text-align-center has-medium-font-size\">Antonela Orellana<\/p>\n<\/div>\n<\/div>\n\n\n\n<p class=\"has-text-align-center has-x-small-font-size\"><\/p>\n<\/div>\n<\/div>\n\n\n\n<p><\/p>\n","protected":false},"excerpt":{"rendered":"<p>Decano Arq. Marcelo Salvador De Simone Secretaria Acad\u00e9mica Lic. Liliana Mar\u00eda Billo Directores de Carreras de Grado Carrera de Artes del Teatro Mg. Lic. Mar\u00eda Clara Beit\u00eda Carrera de Arquitectura Arq. Luis Alberto Novoa Carrera de Arte y Dise\u00f1o Digital Carrera de Dise\u00f1o Gr\u00e1fico Mg. Roberto C\u00e9sar Fern\u00e1ndez Directores de Carreras de Posgrado Doctorado en [&hellip;]<\/p>\n","protected":false},"author":5,"featured_media":0,"parent":0,"menu_order":0,"comment_status":"closed","ping_status":"closed","template":"","meta":{"_acf_changed":false,"footnotes":""},"class_list":["post-42","page","type-page","status-publish","hentry"],"acf":[],"_links":{"self":[{"href":"https:\/\/www.usal.edu.ar\/arteyarquitectura\/wp-json\/wp\/v2\/pages\/42","targetHints":{"allow":["GET"]}}],"collection":[{"href":"https:\/\/www.usal.edu.ar\/arteyarquitectura\/wp-json\/wp\/v2\/pages"}],"about":[{"href":"https:\/\/www.usal.edu.ar\/arteyarquitectura\/wp-json\/wp\/v2\/types\/page"}],"author":[{"embeddable":true,"href":"https:\/\/www.usal.edu.ar\/arteyarquitectura\/wp-json\/wp\/v2\/users\/5"}],"replies":[{"embeddable":true,"href":"https:\/\/www.usal.edu.ar\/arteyarquitectura\/wp-json\/wp\/v2\/comments?post=42"}],"version-history":[{"count":40,"href":"https:\/\/www.usal.edu.ar\/arteyarquitectura\/wp-json\/wp\/v2\/pages\/42\/revisions"}],"predecessor-version":[{"id":731,"href":"https:\/\/www.usal.edu.ar\/arteyarquitectura\/wp-json\/wp\/v2\/pages\/42\/revisions\/731"}],"wp:attachment":[{"href":"https:\/\/www.usal.edu.ar\/arteyarquitectura\/wp-json\/wp\/v2\/media?parent=42"}],"curies":[{"name":"wp","href":"https:\/\/api.w.org\/{rel}","templated":true}]}}