{"id":289,"date":"2024-04-03T19:17:59","date_gmt":"2024-04-03T22:17:59","guid":{"rendered":"https:\/\/www.usal.edu.ar\/ead\/?page_id=289"},"modified":"2024-05-07T13:13:27","modified_gmt":"2024-05-07T16:13:27","slug":"publicaciones","status":"publish","type":"page","link":"https:\/\/www.usal.edu.ar\/ead\/publicaciones\/","title":{"rendered":"Publicaciones"},"content":{"rendered":"\n<div class=\"wp-block-group has-global-padding is-layout-constrained wp-container-core-group-is-layout-e7a8db7c wp-block-group-is-layout-constrained\" style=\"margin-top:0;margin-bottom:0\">\n<p><strong>La Direcci\u00f3n de Programas de Educaci\u00f3n a Distancia cuenta con dos publicaciones peri\u00f3dicas:<\/strong><\/p>\n\n\n\n<div class=\"wp-block-columns is-layout-flex wp-container-core-columns-is-layout-87beb0d0 wp-block-columns-is-layout-flex\">\n<div class=\"wp-block-column is-vertically-aligned-top is-layout-flow wp-container-core-column-is-layout-8a368f38 wp-block-column-is-layout-flow\" style=\"flex-basis:15%\">\n<figure class=\"wp-block-image aligncenter size-full\"><img loading=\"lazy\" decoding=\"async\" width=\"137\" height=\"200\" src=\"https:\/\/www.usal.edu.ar\/ead\/wp-content\/uploads\/sites\/5\/2024\/04\/tapasignosead_ch.jpg\" alt=\"\" class=\"wp-image-294\"\/><\/figure>\n<\/div>\n\n\n\n<div class=\"wp-block-column is-vertically-aligned-top is-layout-flow wp-block-column-is-layout-flow\" style=\"flex-basis:15%\">\n<figure class=\"wp-block-image aligncenter size-full\"><img loading=\"lazy\" decoding=\"async\" width=\"200\" height=\"200\" src=\"https:\/\/www.usal.edu.ar\/ead\/wp-content\/uploads\/sites\/5\/2024\/04\/qr_signosead.jpg\" alt=\"\" class=\"wp-image-295\" srcset=\"https:\/\/www.usal.edu.ar\/ead\/wp-content\/uploads\/sites\/5\/2024\/04\/qr_signosead.jpg 200w, https:\/\/www.usal.edu.ar\/ead\/wp-content\/uploads\/sites\/5\/2024\/04\/qr_signosead-150x150.jpg 150w\" sizes=\"auto, (max-width: 200px) 100vw, 200px\" \/><\/figure>\n<\/div>\n\n\n\n<div class=\"wp-block-column is-vertically-aligned-top is-layout-flow wp-block-column-is-layout-flow\" style=\"flex-basis:70%\">\n<p>La revista\u00a0<a href=\"https:\/\/p3.usal.edu.ar\/index.php\/ead\" target=\"_blank\" rel=\"noreferrer noopener\"><strong>SIGNOS EAD<\/strong><\/a>\u00a0que se propone como un espacio virtual de intercambio y difusi\u00f3n de avances en la investigaci\u00f3n e innovaci\u00f3n del conocimiento en lo que hace a la modalidad a distancia en educaci\u00f3n y a la tecnolog\u00eda educativa, cualquiera sea el \u00e1mbito de uso o aplicaci\u00f3n.<\/p>\n\n\n\n<p>Es una revista de actualizaci\u00f3n permanente que aspira a que los interesados en la educaci\u00f3n a distancia puedan acceder a la lectura y escritura de art\u00edculos, experiencias, rese\u00f1as, entrevistas, y tambi\u00e9n a la difusi\u00f3n de actividades acad\u00e9micas (congresos, jornadas, encuentros, blogs, etc.).<\/p>\n<\/div>\n<\/div>\n\n\n\n<div class=\"wp-block-columns is-layout-flex wp-container-core-columns-is-layout-87beb0d0 wp-block-columns-is-layout-flex\">\n<div class=\"wp-block-column is-vertically-aligned-top is-layout-flow wp-container-core-column-is-layout-8a368f38 wp-block-column-is-layout-flow\" style=\"flex-basis:15%\">\n<figure class=\"wp-block-image aligncenter size-full\"><img loading=\"lazy\" decoding=\"async\" width=\"137\" height=\"200\" src=\"https:\/\/www.usal.edu.ar\/ead\/wp-content\/uploads\/sites\/5\/2024\/04\/tapasignosele_ch.jpg\" alt=\"\" class=\"wp-image-296\"\/><\/figure>\n<\/div>\n\n\n\n<div class=\"wp-block-column is-vertically-aligned-top is-layout-flow wp-block-column-is-layout-flow\" style=\"flex-basis:15%\">\n<figure class=\"wp-block-image aligncenter size-full\"><img loading=\"lazy\" decoding=\"async\" width=\"200\" height=\"200\" src=\"https:\/\/www.usal.edu.ar\/ead\/wp-content\/uploads\/sites\/5\/2024\/04\/qr_signosele.jpg\" alt=\"\" class=\"wp-image-297\" srcset=\"https:\/\/www.usal.edu.ar\/ead\/wp-content\/uploads\/sites\/5\/2024\/04\/qr_signosele.jpg 200w, https:\/\/www.usal.edu.ar\/ead\/wp-content\/uploads\/sites\/5\/2024\/04\/qr_signosele-150x150.jpg 150w\" sizes=\"auto, (max-width: 200px) 100vw, 200px\" \/><\/figure>\n<\/div>\n\n\n\n<div class=\"wp-block-column is-vertically-aligned-top is-layout-flow wp-block-column-is-layout-flow\" style=\"flex-basis:70%\">\n<p>La revista virtual\u00a0<a href=\"https:\/\/p3.usal.edu.ar\/index.php\/ele\" target=\"_blank\" rel=\"noreferrer noopener\"><strong>SIGNOS ELE<\/strong><\/a>\u00a0se propone como un espacio de lectura dedicado al estudio del espa\u00f1ol como lengua extranjera y como segunda lengua, de modo que se interesa tambi\u00e9n por cuestiones susceptibles de ser articuladas con situaciones propias de la comunicaci\u00f3n y las pr\u00e1cticas interculturales.<\/p>\n<\/div>\n<\/div>\n\n\n\n<div class=\"wp-block-columns is-layout-flex wp-container-core-columns-is-layout-87beb0d0 wp-block-columns-is-layout-flex\">\n<div class=\"wp-block-column is-vertically-aligned-center is-layout-flow wp-container-core-column-is-layout-8a368f38 wp-block-column-is-layout-flow\" style=\"flex-basis:15%\"><\/div>\n\n\n\n<div class=\"wp-block-column is-vertically-aligned-center is-layout-flow wp-block-column-is-layout-flow\" style=\"flex-basis:15%\"><\/div>\n\n\n\n<div class=\"wp-block-column is-vertically-aligned-center is-layout-flow wp-block-column-is-layout-flow\" style=\"flex-basis:70%\">\n<p><strong>CONVOCATORIA ABIERTA PARA PUBLICAR EN LAS REVISTAS<\/strong><\/p>\n\n\n\n<p>La recepci\u00f3n de trabajos para ser publicados en las diferentes secciones de las revistas est\u00e1 abierta.&nbsp;<\/p>\n\n\n\n<p>Editora: Salom\u00e9 Iglesias<\/p>\n\n\n\n<p><a href=\"mailto:marysol.bustos@usal.edu.ar?subject=Publicaciones%20Pad\">siglesias@usal.edu.ar<\/a><\/p>\n<\/div>\n<\/div>\n<\/div>\n","protected":false},"excerpt":{"rendered":"<p>La Direcci\u00f3n de Programas de Educaci\u00f3n a Distancia cuenta con dos publicaciones peri\u00f3dicas: La revista\u00a0SIGNOS EAD\u00a0que se propone como un espacio virtual de intercambio y difusi\u00f3n de avances en la investigaci\u00f3n e innovaci\u00f3n del conocimiento en lo que hace a la modalidad a distancia en educaci\u00f3n y a la tecnolog\u00eda educativa, cualquiera sea el \u00e1mbito [&hellip;]<\/p>\n","protected":false},"author":5,"featured_media":0,"parent":0,"menu_order":0,"comment_status":"closed","ping_status":"closed","template":"","meta":{"_acf_changed":false,"footnotes":""},"class_list":["post-289","page","type-page","status-publish","hentry"],"acf":[],"_links":{"self":[{"href":"https:\/\/www.usal.edu.ar\/ead\/wp-json\/wp\/v2\/pages\/289","targetHints":{"allow":["GET"]}}],"collection":[{"href":"https:\/\/www.usal.edu.ar\/ead\/wp-json\/wp\/v2\/pages"}],"about":[{"href":"https:\/\/www.usal.edu.ar\/ead\/wp-json\/wp\/v2\/types\/page"}],"author":[{"embeddable":true,"href":"https:\/\/www.usal.edu.ar\/ead\/wp-json\/wp\/v2\/users\/5"}],"replies":[{"embeddable":true,"href":"https:\/\/www.usal.edu.ar\/ead\/wp-json\/wp\/v2\/comments?post=289"}],"version-history":[{"count":6,"href":"https:\/\/www.usal.edu.ar\/ead\/wp-json\/wp\/v2\/pages\/289\/revisions"}],"predecessor-version":[{"id":301,"href":"https:\/\/www.usal.edu.ar\/ead\/wp-json\/wp\/v2\/pages\/289\/revisions\/301"}],"wp:attachment":[{"href":"https:\/\/www.usal.edu.ar\/ead\/wp-json\/wp\/v2\/media?parent=289"}],"curies":[{"name":"wp","href":"https:\/\/api.w.org\/{rel}","templated":true}]}}