{"id":488,"date":"2024-06-10T12:37:06","date_gmt":"2024-06-10T15:37:06","guid":{"rendered":"https:\/\/www.usal.edu.ar\/ead\/?page_id=488"},"modified":"2024-06-10T12:37:06","modified_gmt":"2024-06-10T15:37:06","slug":"congresos","status":"publish","type":"page","link":"https:\/\/www.usal.edu.ar\/ead\/congresos\/","title":{"rendered":"CONGRESOS"},"content":{"rendered":"\n<p><strong>El SIED-PAD ha organizado congresos sobre la especialidad.&nbsp;<\/strong><\/p>\n\n\n\n<p>Entre los d\u00edas 3 y 5 de noviembre de 2020, se llev\u00f3 a cabo el III Congreso Internacional de Educaci\u00f3n en l\u00ednea: Desaf\u00edos, oportunidades y nuevas intervenciones mediadas por TIC (RR 470\/20), auspiciado por el Ministerio de Educaci\u00f3n de la Naci\u00f3n (EX-2020-70051267). En el marco del Congreso, se conform\u00f3 una Comunidad de Pr\u00e1cticas, en la que se realiz\u00f3 un enriquecedor intercambio de experiencias. M\u00e1s informaci\u00f3n haga click aqu\u00ed<\/p>\n\n\n\n<p>En los d\u00edas 22 y 23&nbsp;de noviembre de 2018, se llev\u00f3 a cabo el&nbsp;IV Congreso Internacional de Ense\u00f1anza de espa\u00f1ol como segunda lengua y extranjera: \u00abLa competencia comunicativa y el nuevo lugar de la gram\u00e1tica en la ense\u00f1anza de ELSE\u00bb&nbsp;(RR 647\/18), declarado de inter\u00e9s educativo por el Ministerio de Educaci\u00f3n de la Naci\u00f3n y auspiciado por el Ministerio de Educaci\u00f3n e Innovaci\u00f3n de CABA.<\/p>\n\n\n\n<p>El 23 y 24 de noviembre de 2017, se llev\u00f3 a cabo el&nbsp;II Congreso Internacional de Educaci\u00f3n a Distancia:&nbsp;\u00abTendencias actuales en educaci\u00f3n a distancia. \u00bfCambios permanentes o la permanencia del cambio?\u00bb&nbsp;tiene como principal objetivo generar espacios de reflexi\u00f3n a partir de la presentaci\u00f3n de experiencias en educaci\u00f3n a distancia e inclusi\u00f3n de tecnolog\u00edas, que aporten l\u00edneas de pensamiento y estrategias para la apertura de nuevos di\u00e1logos entre la Universidad y la sociedad.<\/p>\n\n\n\n<p>Los d\u00edas 7 y 8 de mayo de 2015, el PAD organiz\u00f3 en conjunto con la Universidad Telem\u00e1tica Guglielmo Marconi (Roma) la IX Conferencia GUIDE: educaci\u00f3n y sociedad en red. Los desaf\u00edos de la era digital, en Buenos Aires; en esta oportunidad se cont\u00f3 con la presencia del Dr. Crist\u00f3bal Su\u00e1rez Guerrero (Universidad de Valencia-en videoconferencia), y el Dr. Fernando Santamar\u00eda de la Universidad La Sabana de Colombia.<\/p>\n\n\n\n<p>En los a\u00f1os 2006, 2008 y 2010, se realizaron Jornadas Virtuales en la Plataforma Moodle, con importante asistencia en todos los casos. En 2012: I Congreso Internacional: la educaci\u00f3n a distancia en Am\u00e9rica Latina: desaf\u00edos, alcances y proyecciones, en el cual se le otorg\u00f3 el Doctorado Honoris Causa al Dr. Lorenzo Garc\u00eda Aretio (Rector de la UNED de Espa\u00f1a) y la distinci\u00f3n de Profesor Visitante a Michael Moore, PHD, University of Pennsylvania.<\/p>\n\n\n\n<hr><hr><br><br><br><br><br><br><br><br>\n","protected":false},"excerpt":{"rendered":"<p>El SIED-PAD ha organizado congresos sobre la especialidad.&nbsp; Entre los d\u00edas 3 y 5 de noviembre de 2020, se llev\u00f3 a cabo el III Congreso Internacional de Educaci\u00f3n en l\u00ednea: Desaf\u00edos, oportunidades y nuevas intervenciones mediadas por TIC (RR 470\/20), auspiciado por el Ministerio de Educaci\u00f3n de la Naci\u00f3n (EX-2020-70051267). En el marco del Congreso, [&hellip;]<\/p>\n","protected":false},"author":14,"featured_media":0,"parent":0,"menu_order":0,"comment_status":"closed","ping_status":"closed","template":"","meta":{"_acf_changed":false,"footnotes":""},"class_list":["post-488","page","type-page","status-publish","hentry"],"acf":[],"_links":{"self":[{"href":"https:\/\/www.usal.edu.ar\/ead\/wp-json\/wp\/v2\/pages\/488","targetHints":{"allow":["GET"]}}],"collection":[{"href":"https:\/\/www.usal.edu.ar\/ead\/wp-json\/wp\/v2\/pages"}],"about":[{"href":"https:\/\/www.usal.edu.ar\/ead\/wp-json\/wp\/v2\/types\/page"}],"author":[{"embeddable":true,"href":"https:\/\/www.usal.edu.ar\/ead\/wp-json\/wp\/v2\/users\/14"}],"replies":[{"embeddable":true,"href":"https:\/\/www.usal.edu.ar\/ead\/wp-json\/wp\/v2\/comments?post=488"}],"version-history":[{"count":1,"href":"https:\/\/www.usal.edu.ar\/ead\/wp-json\/wp\/v2\/pages\/488\/revisions"}],"predecessor-version":[{"id":489,"href":"https:\/\/www.usal.edu.ar\/ead\/wp-json\/wp\/v2\/pages\/488\/revisions\/489"}],"wp:attachment":[{"href":"https:\/\/www.usal.edu.ar\/ead\/wp-json\/wp\/v2\/media?parent=488"}],"curies":[{"name":"wp","href":"https:\/\/api.w.org\/{rel}","templated":true}]}}