{"id":493,"date":"2024-06-10T13:43:58","date_gmt":"2024-06-10T16:43:58","guid":{"rendered":"https:\/\/www.usal.edu.ar\/ead\/?page_id=493"},"modified":"2026-03-02T13:14:56","modified_gmt":"2026-03-02T16:14:56","slug":"espanol-para-extranjeros-examen-de-nivel-cambalache","status":"publish","type":"page","link":"https:\/\/www.usal.edu.ar\/ead\/espanol-para-extranjeros-examen-de-nivel-cambalache\/","title":{"rendered":"Espa\u00f1ol para extranjeros &#8211; Examen de Nivel &#8211; Cambalache"},"content":{"rendered":"\n<div class=\"wp-block-group has-global-padding is-layout-constrained wp-container-core-group-is-layout-da70f3a0 wp-block-group-is-layout-constrained\">\n<p><strong>Bienvenido al examen de nivel<\/strong>.<\/p>\n\n\n\n<p>A&nbsp;&nbsp;continuaci\u00f3n, usted encontrar\u00e1 un grupo de ejercicios con los que podremos conocer el nivel de curso de espa\u00f1ol que le corresponde realizar.<\/p>\n\n\n\n<p>A medida que avance, los ejercicios tendr\u00e1n mayor grado de dificultad. Complete todos los que pueda y siga hasta el final, aunque deje ejercicios sin resolver. Para garantizar la fiabilidad del examen, no emplee traductores, diccionarios online o recursos de Inteligencia Artificial. Ser\u00e1 desestimado el examen realizado con ese tipo de herramientas.<\/p>\n\n\n\n<p>Una vez finalizado, env\u00ede el examen pulsando el bot\u00f3n de ENVIAR y, dentro de las siguientes 48 horas, va a ser contactado para hacer la entrevista oral.<\/p>\n\n\n\n<p>Comencemos. Lea el siguiente texto:<\/p>\n<\/div>\n\n\n\n<hr class=\"wp-block-separator has-alpha-channel-opacity is-style-wide\"\/>\n\n\n\n<figure class=\"wp-block-image aligncenter size-full\"><img loading=\"lazy\" decoding=\"async\" width=\"200\" height=\"167\" src=\"https:\/\/www.usal.edu.ar\/ead\/wp-content\/uploads\/sites\/5\/2024\/06\/denfoto1b-1.gif\" alt=\"\" class=\"wp-image-496\"\/><\/figure>\n\n\n\n<p class=\"has-text-align-center\"><strong>Marco Denevi<\/strong><\/p>\n\n\n\n<p><strong>Cuento Policial<\/strong><\/p>\n\n\n\n<p><strong><em>Rumbo a la tienda donde trabajaba como vendedor, un joven pasaba todos los d\u00edas por delante de una casa en cuyo balc\u00f3n una mujer bell\u00edsima le\u00eda un libro. La mujer jam\u00e1s le dedic\u00f3 una mirada.<br>Cierta vez el joven oy\u00f3 en la tienda a dos clientes que hablaban de aquella mujer. Dec\u00edan que viv\u00eda sola, que era muy rica y que guardaba grandes sumas de dinero en su casa, aparte de las joyas y de la plater\u00eda.<br>Una noche, el joven, armado de ganz\u00faa<\/em><\/strong><em><em>[1]<\/em><\/em><strong><em> y de una linterna sorda<\/em><\/strong><em><em><em>[2]<\/em><\/em><\/em><strong><em>, se introdujo sigilosamente en la casa de la mujer. La mujer despert\u00f3, empez\u00f3 a gritar y el joven se vio en la imperiosa necesidad de matarla. Huy\u00f3 sin haber podido robar ni un alfiler, pero con el consuelo de que la polic\u00eda no descubrir\u00eda al autor del crimen.<br>A la ma\u00f1ana siguiente, al entrar en la tienda, la polic\u00eda lo detuvo. Azorado por la incre\u00edble sagacidad policial, confes\u00f3 todo. Despu\u00e9s se enterar\u00eda de que la mujer llevaba un diario \u00edntimo en el que hab\u00eda escrito que el joven vendedor de la tienda de la esquina, buen mozo y de ojos verdes, era su amante y que aquella noche la visitar\u00eda.<\/em><\/strong><\/p>\n\n\n\n<p class=\"has-text-align-right\"><strong>Marco Denevi, en Obras completas, Buenos Aires, Corregidor, 1999.<\/strong><\/p>\n\n\n\n<p class=\"has-x-small-font-size\">[1] Herramienta para abrir cerraduras con violencia cuando no se tiene la llave.<br>[2] Peque\u00f1a l\u00e1mpara de pantalla oscura que oculta la luz, para ver sin ser visto.<\/p>\n\n\n\n<hr class=\"wp-block-separator has-alpha-channel-opacity is-style-wide\"\/>\n\n\n\n<div class=\"wp-block-contact-form-7-contact-form-selector\">\n<div class=\"wpcf7 no-js\" id=\"wpcf7-f498-o1\" lang=\"es-ES\" dir=\"ltr\" data-wpcf7-id=\"498\">\n<div class=\"screen-reader-response\"><p role=\"status\" aria-live=\"polite\" aria-atomic=\"true\"><\/p> <ul><\/ul><\/div>\n<form action=\"\/ead\/wp-json\/wp\/v2\/pages\/493#wpcf7-f498-o1\" method=\"post\" class=\"wpcf7-form init\" aria-label=\"Formulario de contacto\" novalidate=\"novalidate\" data-status=\"init\">\n<fieldset class=\"hidden-fields-container\"><input type=\"hidden\" name=\"_wpcf7\" value=\"498\" \/><input type=\"hidden\" name=\"_wpcf7_version\" value=\"6.1.5\" \/><input type=\"hidden\" name=\"_wpcf7_locale\" value=\"es_ES\" \/><input type=\"hidden\" name=\"_wpcf7_unit_tag\" value=\"wpcf7-f498-o1\" \/><input type=\"hidden\" name=\"_wpcf7_container_post\" value=\"0\" \/><input type=\"hidden\" name=\"_wpcf7_posted_data_hash\" value=\"\" \/><input type=\"hidden\" name=\"redirect_nonce\" value=\"898f0f4849\" \/><input type=\"hidden\" name=\"wpcf7cfpdf_hidden_name\" value=\"examen\" \/><input type=\"hidden\" name=\"wpcf7cfpdf_hidden_reference\" value=\"985e73e6\" \/><input type=\"hidden\" name=\"wpcf7cfpdf_hidden_date\" value=\"23deabrilde2026\" \/><input type=\"hidden\" name=\"_wpcf7_recaptcha_response\" value=\"\" \/>\n<\/fieldset>\n<input class=\"wpcf7-form-control wpcf7-hidden\" value=\"Examen de Nivel - Cambalache\" type=\"hidden\" name=\"your-subject\" \/>\n<div class=\"pad-test-form\">\n\t<p class=\"consigna firstLetter\">A. Responder las siguientes preguntas:\n\t<\/p>\n\t<p>1. \u00bfC\u00f3mo era el joven protagonista de esta historia y qu\u00e9 relaci\u00f3n ten\u00eda con la mujer?\n\t<\/p>\n\t<p><span class=\"wpcf7-form-control-wrap\" data-name=\"a1\"><textarea cols=\"40\" rows=\"4\" maxlength=\"2000\" class=\"wpcf7-form-control wpcf7-textarea\" aria-invalid=\"false\" name=\"a1\"><\/textarea><\/span>\n\t<\/p>\n\t<p>2. \u00bfPor qu\u00e9 decide robar en la casa de la mujer?\n\t<\/p>\n\t<p><span class=\"wpcf7-form-control-wrap\" data-name=\"a2\"><textarea cols=\"40\" rows=\"4\" maxlength=\"2000\" class=\"wpcf7-form-control wpcf7-textarea\" aria-invalid=\"false\" name=\"a2\"><\/textarea><\/span>\n\t<\/p>\n\t<p>3. \u00bfPor qu\u00e9 el joven mata a la mujer?\n\t<\/p>\n\t<p><span class=\"wpcf7-form-control-wrap\" data-name=\"a3\"><textarea cols=\"40\" rows=\"4\" maxlength=\"2000\" class=\"wpcf7-form-control wpcf7-textarea\" aria-invalid=\"false\" name=\"a3\"><\/textarea><\/span>\n\t<\/p>\n\t<p>4. \u00bfQu\u00e9 rob\u00f3 finalmente el joven?\n\t<\/p>\n\t<p><span class=\"wpcf7-form-control-wrap\" data-name=\"a4\"><textarea cols=\"40\" rows=\"4\" maxlength=\"2000\" class=\"wpcf7-form-control wpcf7-textarea\" aria-invalid=\"false\" name=\"a4\"><\/textarea><\/span>\n\t<\/p>\n\t<p>5. \u00bfC\u00f3mo descubre la polic\u00eda al asesino?\n\t<\/p>\n\t<p><span class=\"wpcf7-form-control-wrap\" data-name=\"a5\"><textarea cols=\"40\" rows=\"4\" maxlength=\"2000\" class=\"wpcf7-form-control wpcf7-textarea\" aria-invalid=\"false\" name=\"a5\"><\/textarea><\/span>\n\t<\/p>\n\t<p class=\"consigna firstLetter\">B. Todos los d\u00edas camino al trabajo, ves en el balc\u00f3n de una casa a una mujer. Esta mujer se parece a una amiga de la infancia que no volviste a ver desde los 11 a\u00f1os. No te anim\u00e1s a tocar el timbre\u2026\n\t<\/p>\n\t<p>Redactar una carta para dejar en su puerta, en la que:\n\t<\/p>\n\t<ul>\n\t\t<li>\n\t\t\t<p>cuentes qui\u00e9n sos,\n\t\t\t<\/p>\n\t\t<\/li>\n\t\t<li>\n\t\t\t<p>preguntes si ella es tu amiga de la infancia,\n\t\t\t<\/p>\n\t\t<\/li>\n\t\t<li>\n\t\t\t<p>le propongas (si es as\u00ed) encontrarse para conversar sobre aquellos a\u00f1os,\n\t\t\t<\/p>\n\t\t<\/li>\n\t\t<li>\n\t\t\t<p>dejes tus datos de contacto.\n\t\t\t<\/p>\n\t\t<\/li>\n\t<\/ul>\n\t<p><span class=\"wpcf7-form-control-wrap\" data-name=\"b1\"><textarea cols=\"40\" rows=\"6\" maxlength=\"2000\" class=\"wpcf7-form-control wpcf7-textarea\" aria-invalid=\"false\" name=\"b1\"><\/textarea><\/span>\n\t<\/p>\n\t<p class=\"consigna firstLetter\">C. Escribir la pregunta correspondiente a la respuesta.\n\t<\/p>\n\t<p>1) \u00bf<span class=\"wpcf7-form-control-wrap\" data-name=\"c1\"><input size=\"50\" maxlength=\"400\" class=\"wpcf7-form-control wpcf7-text\" aria-invalid=\"false\" value=\"\" type=\"text\" name=\"c1\" \/><\/span>?<br \/>\n- Ten\u00eda 24 a\u00f1os, cabello oscuro, estatura mediana; soltera, viv\u00eda sola.\n\t<\/p>\n\t<p>2) \u00bf<span class=\"wpcf7-form-control-wrap\" data-name=\"c2\"><input size=\"50\" maxlength=\"400\" class=\"wpcf7-form-control wpcf7-text\" aria-invalid=\"false\" value=\"\" type=\"text\" name=\"c2\" \/><\/span>?<br \/>\n- El joven trabajaba como vendedor en una tienda.\n\t<\/p>\n\t<p>3) \u00bf<span class=\"wpcf7-form-control-wrap\" data-name=\"c3\"><input size=\"50\" maxlength=\"400\" class=\"wpcf7-form-control wpcf7-text\" aria-invalid=\"false\" value=\"\" type=\"text\" name=\"c3\" \/><\/span>?<br \/>\n- A la ma\u00f1ana siguiente, al llegar a la tienda.\n\t<\/p>\n\t<p>4) \u00bf<span class=\"wpcf7-form-control-wrap\" data-name=\"c4\"><input size=\"50\" maxlength=\"400\" class=\"wpcf7-form-control wpcf7-text\" aria-invalid=\"false\" value=\"\" type=\"text\" name=\"c4\" \/><\/span>?<br \/>\n- Muy arrepentido y triste por lo que hizo.\n\t<\/p>\n\t<p class=\"consigna firstLetter\">D. Escribir la pregunta correspondiente a la respuesta.\n\t<\/p>\n\t<p>1. El escritor Marco Denevi naci\u00f3 en S\u00e1enz Pe\u00f1a, Provincia de Buenos Aires, en el a\u00f1o 1922. Curs\u00f3 la secundaria en el Colegio Nacional, y despu\u00e9s <span class=\"wpcf7-form-control-wrap\" data-name=\"d1\"><input size=\"15\" maxlength=\"400\" class=\"wpcf7-form-control wpcf7-text\" aria-invalid=\"false\" value=\"\" type=\"text\" name=\"d1\" \/><\/span> (estudiar) Derecho en la Universidad Nacional de Buenos Aires.\n\t<\/p>\n\t<p>2. Actualmente, la gente lo <span class=\"wpcf7-form-control-wrap\" data-name=\"d2\"><input size=\"15\" maxlength=\"400\" class=\"wpcf7-form-control wpcf7-text\" aria-invalid=\"false\" value=\"\" type=\"text\" name=\"d2\" \/><\/span> (recordar) por su obra m\u00e1s famosa: Rosaura a las diez.\n\t<\/p>\n\t<p>3. Marco Denevi <span class=\"wpcf7-form-control-wrap\" data-name=\"d3\"><input size=\"15\" maxlength=\"400\" class=\"wpcf7-form-control wpcf7-text\" aria-invalid=\"false\" value=\"\" type=\"text\" name=\"d3\" \/><\/span> (morir) el 12 de diciembre de 1998 en Buenos Aires.\n\t<\/p>\n\t<p>4. En 1997, cuando Denevi se convirti\u00f3 en miembro de la Academia Argentina de Letras, <span class=\"wpcf7-form-control-wrap\" data-name=\"d4a\"><input size=\"15\" maxlength=\"400\" class=\"wpcf7-form-control wpcf7-text\" aria-invalid=\"false\" value=\"\" type=\"text\" name=\"d4a\" \/><\/span> (tener) 75 a\u00f1os, y sus padres ya <span class=\"wpcf7-form-control-wrap\" data-name=\"d4b\"><input size=\"15\" maxlength=\"400\" class=\"wpcf7-form-control wpcf7-text\" aria-invalid=\"false\" value=\"\" type=\"text\" name=\"d4b\" \/><\/span> (fallecer).\n\t<\/p>\n\t<p>5. Ma\u00f1ana <span class=\"wpcf7-form-control-wrap\" data-name=\"d5\"><input size=\"15\" maxlength=\"400\" class=\"wpcf7-form-control wpcf7-text\" aria-invalid=\"false\" value=\"\" type=\"text\" name=\"d5\" \/><\/span> (haber) un homenaje a Marco Denevi en la Casa de Cultura de la Municipalidad de la Ciudad de Buenos Aires.\n\t<\/p>\n\t<p class=\"consigna firstLetter\">E. Completar con las preposiciones que faltan:\n\t<\/p>\n\t<p>Marco Denevi vivi\u00f3 <span class=\"wpcf7-form-control-wrap\" data-name=\"e1\"><input size=\"10\" maxlength=\"400\" class=\"wpcf7-form-control wpcf7-text\" aria-invalid=\"false\" value=\"\" type=\"text\" name=\"e1\" \/><\/span> 1922 <span class=\"wpcf7-form-control-wrap\" data-name=\"e2\"><input size=\"10\" maxlength=\"400\" class=\"wpcf7-form-control wpcf7-text\" aria-invalid=\"false\" value=\"\" type=\"text\" name=\"e2\" \/><\/span> 1988. Se encuentra <span class=\"wpcf7-form-control-wrap\" data-name=\"e3\"><input size=\"10\" maxlength=\"400\" class=\"wpcf7-form-control wpcf7-text\" aria-invalid=\"false\" value=\"\" type=\"text\" name=\"e3\" \/><\/span> los escritores m\u00e1s importantes de Argentina. <span class=\"wpcf7-form-control-wrap\" data-name=\"e4\"><input size=\"10\" maxlength=\"400\" class=\"wpcf7-form-control wpcf7-text\" aria-invalid=\"false\" value=\"\" type=\"text\" name=\"e4\" \/><\/span> 1960 recibi\u00f3 el Primer Premio <span class=\"wpcf7-form-control-wrap\" data-name=\"e5\"><input size=\"10\" maxlength=\"400\" class=\"wpcf7-form-control wpcf7-text\" aria-invalid=\"false\" value=\"\" type=\"text\" name=\"e5\" \/><\/span> la revista LIFE <span class=\"wpcf7-form-control-wrap\" data-name=\"e6\"><input size=\"10\" maxlength=\"400\" class=\"wpcf7-form-control wpcf7-text\" aria-invalid=\"false\" value=\"\" type=\"text\" name=\"e6\" \/><\/span> su novela Ceremonia Secreta. <span class=\"wpcf7-form-control-wrap\" data-name=\"e7\"><input size=\"10\" maxlength=\"400\" class=\"wpcf7-form-control wpcf7-text\" aria-invalid=\"false\" value=\"\" type=\"text\" name=\"e7\" \/><\/span> Mar\u00eda Ang\u00e9lica Bosco escribi\u00f3 el gui\u00f3n de un programa de televisi\u00f3n <span class=\"wpcf7-form-control-wrap\" data-name=\"e8\"><input size=\"10\" maxlength=\"400\" class=\"wpcf7-form-control wpcf7-text\" aria-invalid=\"false\" value=\"\" type=\"text\" name=\"e8\" \/><\/span> una divisi\u00f3n policial que se ocupaba <span class=\"wpcf7-form-control-wrap\" data-name=\"e9\"><input size=\"10\" maxlength=\"400\" class=\"wpcf7-form-control wpcf7-text\" aria-invalid=\"false\" value=\"\" type=\"text\" name=\"e9\" \/><\/span> investigar homicidios: \"Divisi\u00f3n homicidios\".\n\t<\/p>\n\t<p>\"Mi mayor ambici\u00f3n es que el acto de la lectura sea de disfrute, de goce\" dijo en una entrevista. \"Escribo <span class=\"wpcf7-form-control-wrap\" data-name=\"e10\"><input size=\"10\" maxlength=\"400\" class=\"wpcf7-form-control wpcf7-text\" aria-invalid=\"false\" value=\"\" type=\"text\" name=\"e10\" \/><\/span> hacer feliz a alguien\".\n\t<\/p>\n\t<p class=\"consigna firstLetter\">F. Reescribir las siguientes oraciones reemplazando las palabras subrayadas por los pronombres correspondientes.\n\t<\/p>\n\t<p>1. El joven miraba <u>a la mujer<\/u> cada vez que pasaba, pero ella no miraba <u>al joven<\/u> nunca.<br \/>\n<span class=\"wpcf7-form-control-wrap\" data-name=\"f1\"><input size=\"90\" maxlength=\"400\" class=\"wpcf7-form-control wpcf7-text\" aria-invalid=\"false\" value=\"\" type=\"text\" name=\"f1\" \/><\/span>\n\t<\/p>\n\t<p>2. El oficial de polic\u00eda guard\u00f3 el diario de la mujer en su despacho. El juez necesitaba leer <u>el diario<\/u>, entonces pidi\u00f3 <u>el diario<\/u>&nbsp;<u>al oficial de polic\u00eda<\/u>.<br \/>\n<span class=\"wpcf7-form-control-wrap\" data-name=\"f2\"><input size=\"90\" maxlength=\"400\" class=\"wpcf7-form-control wpcf7-text\" aria-invalid=\"false\" value=\"\" type=\"text\" name=\"f2\" \/><\/span>\n\t<\/p>\n\t<p class=\"consigna firstLetter\">G. Completar con el verbo entre par\u00e9ntesis.\n\t<\/p>\n\t<p>1) Si el joven no <span class=\"wpcf7-form-control-wrap\" data-name=\"g1\"><input size=\"15\" maxlength=\"400\" class=\"wpcf7-form-control wpcf7-text\" aria-invalid=\"false\" value=\"\" type=\"text\" name=\"g1\" \/><\/span> (intentar) robar a la mujer, ahora estar\u00eda libre.\n\t<\/p>\n\t<p>2) La polic\u00eda le pidi\u00f3 al joven que <span class=\"wpcf7-form-control-wrap\" data-name=\"g2\"><input size=\"15\" maxlength=\"400\" class=\"wpcf7-form-control wpcf7-text\" aria-invalid=\"false\" value=\"\" type=\"text\" name=\"g2\" \/><\/span> (confesar) la verdad de lo ocurrido esa noche.\n\t<\/p>\n\t<p>3) Ma\u00f1ana empieza el juicio. No creo que el joven <span class=\"wpcf7-form-control-wrap\" data-name=\"g3\"><input size=\"15\" maxlength=\"400\" class=\"wpcf7-form-control wpcf7-text\" aria-invalid=\"false\" value=\"\" type=\"text\" name=\"g3\" \/><\/span> (declararse) inocente.\n\t<\/p>\n<hr \/>\n\t<p class=\"consigna\">Complete sus datos:\n\t<\/p>\n\t<p><label>Nombre*: <span class=\"wpcf7-form-control-wrap\" data-name=\"nombre\"><input size=\"20\" maxlength=\"400\" class=\"wpcf7-form-control wpcf7-text wpcf7-validates-as-required\" aria-required=\"true\" aria-invalid=\"false\" value=\"\" type=\"text\" name=\"nombre\" \/><\/span><\/label>\n\t<\/p>\n\t<p><label>Apellido*: <span class=\"wpcf7-form-control-wrap\" data-name=\"apellido\"><input size=\"20\" maxlength=\"400\" class=\"wpcf7-form-control wpcf7-text wpcf7-validates-as-required\" aria-required=\"true\" aria-invalid=\"false\" value=\"\" type=\"text\" name=\"apellido\" \/><\/span><\/label>\n\t<\/p>\n\t<p><label>Modalidad del curso que tomar\u00e1: <span class=\"wpcf7-form-control-wrap\" data-name=\"modalidad\"><select class=\"wpcf7-form-control wpcf7-select\" aria-invalid=\"false\" name=\"modalidad\"><option value=\"\">&#8212;Por favor, elige una opci\u00f3n&#8212;<\/option><option value=\"Cursos a distancia\">Cursos a distancia<\/option><option value=\"Cursos Tradicionales en Buenos Aires\">Cursos Tradicionales en Buenos Aires<\/option><\/select><\/span><\/label>\n\t<\/p>\n\t<p><label>Programa al que pertenece: <span class=\"wpcf7-form-control-wrap\" data-name=\"programa\"><select class=\"wpcf7-form-control wpcf7-select\" aria-invalid=\"false\" name=\"programa\"><option value=\"\">&#8212;Por favor, elige una opci\u00f3n&#8212;<\/option><option value=\"CIE\">CIE<\/option><option value=\"PIC\">PIC<\/option><option value=\"Intercambio\">Intercambio<\/option><option value=\"Otro\">Otro<\/option><\/select><\/span><\/label>\n\t<\/p>\n\t<p><label>Edad: <span class=\"wpcf7-form-control-wrap\" data-name=\"edad\"><input class=\"wpcf7-form-control wpcf7-number wpcf7-validates-as-number\" min=\"14\" max=\"100\" aria-invalid=\"false\" value=\"\" type=\"number\" name=\"edad\" \/><\/span><\/label>\n\t<\/p>\n\t<p><label>E-mail*: <span class=\"wpcf7-form-control-wrap\" data-name=\"your-email\"><input size=\"40\" maxlength=\"400\" class=\"wpcf7-form-control wpcf7-email wpcf7-validates-as-required wpcf7-text wpcf7-validates-as-email\" aria-required=\"true\" aria-invalid=\"false\" value=\"\" type=\"email\" name=\"your-email\" \/><\/span><\/label>\n\t<\/p>\n\t<p><label>Ocupaci\u00f3n: <span class=\"wpcf7-form-control-wrap\" data-name=\"ocupacion\"><input size=\"40\" maxlength=\"400\" class=\"wpcf7-form-control wpcf7-text\" aria-invalid=\"false\" value=\"\" type=\"text\" name=\"ocupacion\" \/><\/span><\/label>\n\t<\/p>\n\t<p><label>Ciudad: <span class=\"wpcf7-form-control-wrap\" data-name=\"ciudad\"><input size=\"30\" maxlength=\"400\" class=\"wpcf7-form-control wpcf7-text\" aria-invalid=\"false\" value=\"\" type=\"text\" name=\"ciudad\" \/><\/span><\/label>\n\t<\/p>\n\t<p><label>Estado: <span class=\"wpcf7-form-control-wrap\" data-name=\"estado\"><input size=\"30\" maxlength=\"400\" class=\"wpcf7-form-control wpcf7-text\" aria-invalid=\"false\" value=\"\" type=\"text\" name=\"estado\" \/><\/span><\/label>\n\t<\/p>\n\t<p><label>Pa\u00eds: <span class=\"wpcf7-form-control-wrap\" data-name=\"pais\"><input size=\"30\" maxlength=\"400\" class=\"wpcf7-form-control wpcf7-text\" aria-invalid=\"false\" value=\"\" type=\"text\" name=\"pais\" \/><\/span><\/label>\n\t<\/p>\n\t<p><label>Tel\u00e9fono: <span class=\"wpcf7-form-control-wrap\" data-name=\"telefono\"><input size=\"20\" maxlength=\"400\" class=\"wpcf7-form-control wpcf7-text\" aria-invalid=\"false\" value=\"\" type=\"text\" name=\"telefono\" \/><\/span><\/label>\n\t<\/p>\n<hr \/>\n\t<p class=\"consigna\" style=\"text-align:center\"><span class=\"wpcf7-form-control-wrap\" data-name=\"aceptacion\"><span class=\"wpcf7-form-control wpcf7-acceptance\"><span class=\"wpcf7-list-item\"><label><input type=\"checkbox\" name=\"aceptacion\" value=\"1\" aria-invalid=\"false\" \/><span class=\"wpcf7-list-item-label\">Al enviar estos datos dejar\u00e1 autom\u00e1ticamente constancia \nde que ha realizado el examen sin ayuda de terceros.<\/span><\/label><\/span><\/span><\/span>\n\t<\/p>\n\t<p class=\"consigna\" style=\"text-align:center\">ATENCI\u00d3N: Todos los campos son requeridos (rev\u00edselo por favor)\n\t<\/p>\n<hr \/>\n\t<div style=\"text-align:center\">\n\t\t<p><input class=\"wpcf7-form-control wpcf7-submit has-spinner\" type=\"submit\" value=\"ACEPTAR Y ENVIAR EL EXAMEN\" \/>\n\t\t<\/p>\n\t<\/div>\n<\/div><div class=\"wpcf7-response-output\" aria-hidden=\"true\"><\/div>\n<\/form>\n<\/div>\n<\/div>\n","protected":false},"excerpt":{"rendered":"<p>Bienvenido al examen de nivel. A&nbsp;&nbsp;continuaci\u00f3n, usted encontrar\u00e1 un grupo de ejercicios con los que podremos conocer el nivel de curso de espa\u00f1ol que le corresponde realizar. A medida que avance, los ejercicios tendr\u00e1n mayor grado de dificultad. Complete todos los que pueda y siga hasta el final, aunque deje ejercicios sin resolver. Para garantizar [&hellip;]<\/p>\n","protected":false},"author":1,"featured_media":0,"parent":0,"menu_order":0,"comment_status":"closed","ping_status":"closed","template":"","meta":{"_acf_changed":false,"footnotes":""},"class_list":["post-493","page","type-page","status-publish","hentry"],"acf":[],"_links":{"self":[{"href":"https:\/\/www.usal.edu.ar\/ead\/wp-json\/wp\/v2\/pages\/493","targetHints":{"allow":["GET"]}}],"collection":[{"href":"https:\/\/www.usal.edu.ar\/ead\/wp-json\/wp\/v2\/pages"}],"about":[{"href":"https:\/\/www.usal.edu.ar\/ead\/wp-json\/wp\/v2\/types\/page"}],"author":[{"embeddable":true,"href":"https:\/\/www.usal.edu.ar\/ead\/wp-json\/wp\/v2\/users\/1"}],"replies":[{"embeddable":true,"href":"https:\/\/www.usal.edu.ar\/ead\/wp-json\/wp\/v2\/comments?post=493"}],"version-history":[{"count":9,"href":"https:\/\/www.usal.edu.ar\/ead\/wp-json\/wp\/v2\/pages\/493\/revisions"}],"predecessor-version":[{"id":4047,"href":"https:\/\/www.usal.edu.ar\/ead\/wp-json\/wp\/v2\/pages\/493\/revisions\/4047"}],"wp:attachment":[{"href":"https:\/\/www.usal.edu.ar\/ead\/wp-json\/wp\/v2\/media?parent=493"}],"curies":[{"name":"wp","href":"https:\/\/api.w.org\/{rel}","templated":true}]}}