{"id":254,"date":"2024-09-04T12:04:44","date_gmt":"2024-09-04T15:04:44","guid":{"rendered":"https:\/\/www.usal.edu.ar\/espacio-francofono\/?page_id=254"},"modified":"2025-08-19T16:36:18","modified_gmt":"2025-08-19T19:36:18","slug":"vivi-francia-con-la-usal-2024","status":"publish","type":"page","link":"https:\/\/www.usal.edu.ar\/espacio-francofono\/vivi-francia-con-la-usal-2024\/","title":{"rendered":"Viv\u00ed Francia con la USAL 2025"},"content":{"rendered":"\n<figure class=\"wp-block-image aligncenter size-large is-resized\"><img loading=\"lazy\" decoding=\"async\" width=\"1024\" height=\"712\" src=\"https:\/\/www.usal.edu.ar\/espacio-francofono\/wp-content\/uploads\/sites\/3\/2025\/08\/Imagen-Vivi-Francia-con-la-USAL-1024x712.png\" alt=\"\" class=\"wp-image-409\" style=\"width:621px;height:auto\" srcset=\"https:\/\/www.usal.edu.ar\/espacio-francofono\/wp-content\/uploads\/sites\/3\/2025\/08\/Imagen-Vivi-Francia-con-la-USAL-1024x712.png 1024w, https:\/\/www.usal.edu.ar\/espacio-francofono\/wp-content\/uploads\/sites\/3\/2025\/08\/Imagen-Vivi-Francia-con-la-USAL-300x209.png 300w, https:\/\/www.usal.edu.ar\/espacio-francofono\/wp-content\/uploads\/sites\/3\/2025\/08\/Imagen-Vivi-Francia-con-la-USAL-768x534.png 768w, https:\/\/www.usal.edu.ar\/espacio-francofono\/wp-content\/uploads\/sites\/3\/2025\/08\/Imagen-Vivi-Francia-con-la-USAL.png 1280w\" sizes=\"auto, (max-width: 1024px) 100vw, 1024px\" \/><\/figure>\n\n\n\n<p><strong><a href=\"https:\/\/vivifrancia.com.ar\/\">Viv\u00ed Francia<\/a><\/strong> es la \u201cSemana Francesa\u201d que la <a href=\"https:\/\/www.ccifa.com.ar\/es.html\"><strong>C\u00e1mara de Comercio e Industria Franco\u2010Argentina (CCI France Argentine)<\/strong><\/a> organiza anualmente desde 2009 y que se desarrollar\u00e1 este a\u00f1o en Buenos Aires del 21\/09\/2024 al 06\/10\/2024.<\/p>\n\n\n\n<p class=\"has-base-background-color has-background\">Durante dos semanas, por medio de este evento, Francia se hace presente en la ciudad de Buenos Aires. La cultura gala se exhibe en todas sus expresiones: negocios, moda, belleza, gastronom\u00eda, vinos, arquitectura, m\u00fasica, cine, entre otros.<\/p>\n\n\n\n<p>La USAL, a trav\u00e9s del Espacio franc\u00f3fono USAL-AUF (CEF\/CNF Buenos Aires) participa activamente a Viv\u00ed Francia.<\/p>\n\n\n\n<p class=\"has-text-align-center has-background\" style=\"background:linear-gradient(135deg,rgb(202,248,128) 0%,rgb(113,206,126) 32%)\"><strong>Descubr\u00ed, inscr\u00edbete y particip\u00e1 en nuestras actividades<\/strong>:<\/p>\n\n\n\n<div class=\"wp-block-media-text is-stacked-on-mobile is-vertically-aligned-top\" style=\"grid-template-columns:59% auto\"><figure class=\"wp-block-media-text__media\"><a href=\"https:\/\/forms.gle\/FFULFwh4wrDuJrF37\" target=\"_blank\" rel=\" noreferrer noopener\"><img loading=\"lazy\" decoding=\"async\" width=\"819\" height=\"1024\" src=\"https:\/\/www.usal.edu.ar\/espacio-francofono\/wp-content\/uploads\/sites\/3\/2025\/08\/FlyerCineDebateGoliath-819x1024.jpg\" alt=\"\" class=\"wp-image-411 size-full\" srcset=\"https:\/\/www.usal.edu.ar\/espacio-francofono\/wp-content\/uploads\/sites\/3\/2025\/08\/FlyerCineDebateGoliath-819x1024.jpg 819w, https:\/\/www.usal.edu.ar\/espacio-francofono\/wp-content\/uploads\/sites\/3\/2025\/08\/FlyerCineDebateGoliath-240x300.jpg 240w, https:\/\/www.usal.edu.ar\/espacio-francofono\/wp-content\/uploads\/sites\/3\/2025\/08\/FlyerCineDebateGoliath-768x960.jpg 768w, https:\/\/www.usal.edu.ar\/espacio-francofono\/wp-content\/uploads\/sites\/3\/2025\/08\/FlyerCineDebateGoliath.jpg 1080w\" sizes=\"auto, (max-width: 819px) 100vw, 819px\" \/><\/a><\/figure><div class=\"wp-block-media-text__content\">\n<p class=\"has-very-light-gray-to-cyan-bluish-gray-gradient-background has-background\"><strong>\ud83d\udcc5 Lunes 22\/09\/2025 a las 17:30hs.<br><\/strong>\ud83c\udfdb\ufe0f Actividad presencial: Espacio franc\u00f3fono USAL-AUF<br><strong>\ud83d\udccdAvenida Callao 660 \u2013 3er Piso (CABA)<br><\/strong>\ud83c\udfa4 Profesional a cargo: Matt\u00e9o Gadiot<br>\ud83c\udfac Organizan: Institut Fran\u00e7ais d&#8217;Argentine, Espacio franc\u00f3fono USAL-AUF y Club Francophone USAL<br>\ud83c\udf7f Pel\u00edcula en franc\u00e9s con subt\u00edtulos en espa\u00f1ol.<br><strong>\ud83c\udd93 Actividad gratuita con inscripci\u00f3n previa obligatoria v\u00eda <a href=\"https:\/\/forms.gle\/FFULFwh4wrDuJrF37\" target=\"_blank\" rel=\"noreferrer noopener\">formulario Web<\/a>: <br>\u26a1 CUPO LIMITADO \u26a1<\/strong><\/p>\n<\/div><\/div>\n\n\n\n<p class=\"has-very-light-gray-to-cyan-bluish-gray-gradient-background has-background\">\ud83c\udfa5 <strong>Sinopsis<\/strong>: France, profesora de educaci\u00f3n f\u00edsica durante el d\u00eda y obrera por la noche, milita activamente contra el uso de pesticidas. Patrick, un abogado parisino oscuro y solitario, es especialista en derecho medioambiental. Mathias, brillante lobista y hombre apresurado, defiende los intereses de un gigante de la agroqu\u00edmica. Tras el acto radical de una desconocida, estos tres destinos, que nunca deber\u00edan haberse cruzado, se ver\u00e1n sacudidos, chocar\u00e1n y se enfrentar\u00e1n.<\/p>\n\n\n\n<div class=\"wp-block-media-text has-media-on-the-right is-stacked-on-mobile is-vertically-aligned-top\" style=\"grid-template-columns:auto 59%\"><div class=\"wp-block-media-text__content\">\n<p class=\"has-very-light-gray-to-cyan-bluish-gray-gradient-background has-background\"><strong>\ud83d\udcc5 Martes 23\/09\/2025 \u2013 17hs-19hs.<br><\/strong>\ud83c\udfdb\ufe0f Actividad presencial: Botica del \u00c1ngel<br><strong>\ud83d\udccd Pres. Luis S\u00e1enz Pe\u00f1a 543 (CABA).<br><\/strong>\ud83c\udfac Organizan: Espacio franc\u00f3fono USAL-AUF y Club Francophone USAL.<br><strong>\ud83c\udd93 Actividad gratuita con inscripci\u00f3n previa obligatoria por <a href=\"https:\/\/forms.gle\/48JjyeNecQSkrxXf6\" target=\"_blank\" rel=\"noreferrer noopener\">formulario Web<\/a>.<\/strong><br><strong>\u26a1 CUPO LIMITADO \u26a1<\/strong><\/p>\n<\/div><figure class=\"wp-block-media-text__media\"><a href=\"https:\/\/forms.gle\/48JjyeNecQSkrxXf6\" target=\"_blank\" rel=\" noreferrer noopener\"><img loading=\"lazy\" decoding=\"async\" width=\"819\" height=\"1024\" src=\"https:\/\/www.usal.edu.ar\/espacio-francofono\/wp-content\/uploads\/sites\/3\/2025\/08\/FlyervisitaGuiadaBoticaAngel-819x1024.jpg\" alt=\"\" class=\"wp-image-413 size-full\" srcset=\"https:\/\/www.usal.edu.ar\/espacio-francofono\/wp-content\/uploads\/sites\/3\/2025\/08\/FlyervisitaGuiadaBoticaAngel-819x1024.jpg 819w, https:\/\/www.usal.edu.ar\/espacio-francofono\/wp-content\/uploads\/sites\/3\/2025\/08\/FlyervisitaGuiadaBoticaAngel-240x300.jpg 240w, https:\/\/www.usal.edu.ar\/espacio-francofono\/wp-content\/uploads\/sites\/3\/2025\/08\/FlyervisitaGuiadaBoticaAngel-768x960.jpg 768w, https:\/\/www.usal.edu.ar\/espacio-francofono\/wp-content\/uploads\/sites\/3\/2025\/08\/FlyervisitaGuiadaBoticaAngel.jpg 1080w\" sizes=\"auto, (max-width: 819px) 100vw, 819px\" \/><\/a><\/figure><\/div>\n\n\n\n<p class=\"has-very-light-gray-to-cyan-bluish-gray-gradient-background has-background\"><strong>Presentaci\u00f3n de la actividad: <\/strong>\u00abAl entrar a la Botica, el espectador se convierte en part\u00edcipe activo del hecho cultural que lo rodea y que en forma casi instant\u00e1nea lo atrapa para producir una uni\u00f3n m\u00e1gica\u00bb (Zelie Coudet).<br>En el Museo de Arte Escenogr\u00e1fico \u201cBotica del \u00c1ngel\u201d se exponen obras de artistas pl\u00e1sticos como Antonio Berni, Carlos Gorriarena, Guillermo Roux, Ra\u00fal Soldi, H\u00e9ctor Borla, entre otros, la historia de la Botica, el Sector \u00abLa Nave\u00bb y \u00abPasillo Di Tella\u00bb. Un recorrido en el que se recuerda la cultura Argentina de los a\u00f1os 60\u00b4 a la actualidad.<\/p>\n\n\n\n<div class=\"wp-block-media-text is-stacked-on-mobile is-vertically-aligned-top\" style=\"grid-template-columns:59% auto\"><figure class=\"wp-block-media-text__media\"><a href=\"https:\/\/forms.gle\/LgN1mK1a6f4o2nqP9\" target=\"_blank\" rel=\" noreferrer noopener\"><img loading=\"lazy\" decoding=\"async\" width=\"819\" height=\"1024\" src=\"https:\/\/www.usal.edu.ar\/espacio-francofono\/wp-content\/uploads\/sites\/3\/2025\/08\/FlyerMusicaLetraFrances-819x1024.jpg\" alt=\"\" class=\"wp-image-416 size-full\" srcset=\"https:\/\/www.usal.edu.ar\/espacio-francofono\/wp-content\/uploads\/sites\/3\/2025\/08\/FlyerMusicaLetraFrances-819x1024.jpg 819w, https:\/\/www.usal.edu.ar\/espacio-francofono\/wp-content\/uploads\/sites\/3\/2025\/08\/FlyerMusicaLetraFrances-240x300.jpg 240w, https:\/\/www.usal.edu.ar\/espacio-francofono\/wp-content\/uploads\/sites\/3\/2025\/08\/FlyerMusicaLetraFrances-768x960.jpg 768w, https:\/\/www.usal.edu.ar\/espacio-francofono\/wp-content\/uploads\/sites\/3\/2025\/08\/FlyerMusicaLetraFrances.jpg 1080w\" sizes=\"auto, (max-width: 819px) 100vw, 819px\" \/><\/a><\/figure><div class=\"wp-block-media-text__content\">\n<p class=\"has-cyan-bluish-gray-background-color has-background\"><strong>\ud83d\udcc5 Mi\u00e9rcoles 24\/09\/2025 a las 17hs.<br><\/strong>\ud83c\udfdb\ufe0f Actividad presencial: Espacio franc\u00f3fono USAL-AUF<br><strong>\ud83d\udccd Avenida Callao 660 \u2013 3er Piso (CABA)<br><\/strong>\ud83c\udfa4 Profesional a cargo: Matt\u00e9o Gadiot<br>\ud83c\udfac Organizan: Espacio franc\u00f3fono USAL-AUF y Club Francophone USAL.<br>\ud83d\udde3\ufe0f Actividad en franc\u00e9s (y un poco en castellano).<br><strong>\ud83c\udd93 Actividad gratuita con inscripci\u00f3n previa obligatoria v\u00eda <a href=\"https:\/\/forms.gle\/LgN1mK1a6f4o2nqP9\" target=\"_blank\" rel=\"noreferrer noopener\">formulario Web<\/a>.<br>\u26a1 CUPO LIMITADO \u26a1<\/strong><\/p>\n<\/div><\/div>\n\n\n\n<p class=\"has-very-light-gray-to-cyan-bluish-gray-gradient-background has-background\"><strong>Presentaci\u00f3n de la actividad: <\/strong>Descubr\u00ed canciones francesas que no suenan como te las imaginas. Primero leemos la letra\u2026 y despu\u00e9s descubrimos el estilo musical.<br>En esta actividad, se presentar\u00e1n letras de canciones francesas de varios estilos musicales (rap, pop, vari\u00e9t\u00e9, etc.). Habr\u00e1 textos con espacios en blanco que los participantes deber\u00e1n completar durante la escucha, pero tambi\u00e9n letras completas sobre las que se hablar\u00e1 de los temas tratados, de asuntos propios de Francia o se compartir\u00e1n reacciones personales.<\/p>\n\n\n\n<div class=\"wp-block-media-text has-media-on-the-right is-stacked-on-mobile is-vertically-aligned-top\" style=\"grid-template-columns:auto 59%\"><div class=\"wp-block-media-text__content\">\n<p class=\"has-cyan-bluish-gray-background-color has-background\"><strong>\ud83d\udcc5 Jueves 25\/09\/2025 a las 18:30hs.<br><\/strong>\ud83c\udfdb\ufe0f Actividad presencial transmitida en directo v\u00eda ZOOM: Espacio franc\u00f3fono USAL-AUF<br><strong>\ud83d\udccd Avenida Callao 660 \u2013 3er Piso (CABA) y \ud83d\udcbb<br><\/strong>\ud83c\udfa4 Profesional a cargo: Mar\u00eda Marta Escalante (CALAF).<br>\ud83c\udfac Organizan: CALAF (Cercle des amis de la langue fran\u00e7aise et de la francophonie), Espacio franc\u00f3fono USAL-AUF y Club Francophone USAL.<br>\ud83d\udde3\ufe0f Actividad en franc\u00e9s.<br><strong>\ud83c\udd93 Actividad gratuita con inscripci\u00f3n previa obligatoria v\u00eda <a href=\"https:\/\/forms.gle\/7NCoYxwNpFkb6bci9\" target=\"_blank\" rel=\"noreferrer noopener\">formulario Web<\/a>.<br>\u26a1 CUPO LIMITADO \u26a1<\/strong><\/p>\n<\/div><figure class=\"wp-block-media-text__media\"><a href=\"https:\/\/forms.gle\/7NCoYxwNpFkb6bci9\" target=\"_blank\" rel=\" noreferrer noopener\"><img loading=\"lazy\" decoding=\"async\" width=\"819\" height=\"1024\" src=\"https:\/\/www.usal.edu.ar\/espacio-francofono\/wp-content\/uploads\/sites\/3\/2025\/08\/FlyerVictoriaOcampo-819x1024.jpg\" alt=\"\" class=\"wp-image-434 size-full\" srcset=\"https:\/\/www.usal.edu.ar\/espacio-francofono\/wp-content\/uploads\/sites\/3\/2025\/08\/FlyerVictoriaOcampo-819x1024.jpg 819w, https:\/\/www.usal.edu.ar\/espacio-francofono\/wp-content\/uploads\/sites\/3\/2025\/08\/FlyerVictoriaOcampo-240x300.jpg 240w, https:\/\/www.usal.edu.ar\/espacio-francofono\/wp-content\/uploads\/sites\/3\/2025\/08\/FlyerVictoriaOcampo-768x960.jpg 768w, https:\/\/www.usal.edu.ar\/espacio-francofono\/wp-content\/uploads\/sites\/3\/2025\/08\/FlyerVictoriaOcampo.jpg 1080w\" sizes=\"auto, (max-width: 819px) 100vw, 819px\" \/><\/a><\/figure><\/div>\n\n\n\n<p class=\"has-very-light-gray-to-cyan-bluish-gray-gradient-background has-background\"><strong>Presentaci\u00f3n de la actividad:<\/strong> Victoria Ocampo construy\u00f3 puentes literarios entre Francia y Argentina. Un recorrido por la vida de una mujer \u00fanica, universal, contestataria, que afirmaba que no pod\u00eda m\u00e1s que expresarse para comunicar con los dem\u00e1s y con ella misma.<\/p>\n\n\n\n<div class=\"wp-block-media-text is-stacked-on-mobile is-vertically-aligned-top\" style=\"grid-template-columns:59% auto\"><figure class=\"wp-block-media-text__media\"><a href=\"https:\/\/forms.gle\/fYR9QzhMsoxF5SEF9\" target=\"_blank\" rel=\" noreferrer noopener\"><img loading=\"lazy\" decoding=\"async\" width=\"819\" height=\"1024\" src=\"https:\/\/www.usal.edu.ar\/espacio-francofono\/wp-content\/uploads\/sites\/3\/2025\/08\/FlyerCineDebateUnMetierSerieux-819x1024.jpg\" alt=\"\" class=\"wp-image-419 size-full\" srcset=\"https:\/\/www.usal.edu.ar\/espacio-francofono\/wp-content\/uploads\/sites\/3\/2025\/08\/FlyerCineDebateUnMetierSerieux-819x1024.jpg 819w, https:\/\/www.usal.edu.ar\/espacio-francofono\/wp-content\/uploads\/sites\/3\/2025\/08\/FlyerCineDebateUnMetierSerieux-240x300.jpg 240w, https:\/\/www.usal.edu.ar\/espacio-francofono\/wp-content\/uploads\/sites\/3\/2025\/08\/FlyerCineDebateUnMetierSerieux-768x960.jpg 768w, https:\/\/www.usal.edu.ar\/espacio-francofono\/wp-content\/uploads\/sites\/3\/2025\/08\/FlyerCineDebateUnMetierSerieux.jpg 1080w\" sizes=\"auto, (max-width: 819px) 100vw, 819px\" \/><\/a><\/figure><div class=\"wp-block-media-text__content\">\n<p class=\"has-very-light-gray-to-cyan-bluish-gray-gradient-background has-background\"><strong>\ud83d\udcc5 Lunes 29\/09\/2025 a las 17:30hs.<br><\/strong>\ud83c\udfdb\ufe0f Actividad presencial: Espacio franc\u00f3fono USAL-AUF<br><strong>\ud83d\udccd Avenida Callao 660 \u2013 3er Piso (CABA)<br><\/strong>\ud83c\udfa4 Profesional a cargo: Matt\u00e9o Gadiot<br>\ud83c\udfac Organizan: Institut Fran\u00e7ais d&#8217;Argentine, Espacio franc\u00f3fono USAL-AUF y Club Francophone USAL<br>\ud83c\udf7f Pel\u00edcula en franc\u00e9s con subt\u00edtulos en espa\u00f1ol.<br><strong>\ud83c\udd93 Actividad gratuita con inscripci\u00f3n previa obligatoria v\u00eda <a href=\"https:\/\/forms.gle\/fYR9QzhMsoxF5SEF9\" target=\"_blank\" rel=\"noreferrer noopener\">formulario Web<\/a>.<br>\u26a1 CUPO LIMITADO \u26a1<\/strong><\/p>\n<\/div><\/div>\n\n\n\n<p class=\"has-very-light-gray-to-cyan-bluish-gray-gradient-background has-background\">\ud83c\udfa5 <strong>Sinopsis<\/strong>: Es el comienzo del nuevo a\u00f1o escolar. Pierre, Meriem, Fouad, Sophie, Sandrine, Alix y Sofiane, un grupo de profesores comprometidos y unidos, se reencuentran en el colegio. A ellos se une Benjamin, un joven profesor suplente sin experiencia que pronto se enfrenta a las dificultades del oficio. En contacto con ellos, descubrir\u00e1 c\u00f3mo la pasi\u00f3n por la ense\u00f1anza sigue viva en una instituci\u00f3n que, sin embargo, se encuentra debilitada.<\/p>\n\n\n\n<div class=\"wp-block-media-text has-media-on-the-right is-stacked-on-mobile is-vertically-aligned-top\" style=\"grid-template-columns:auto 59%\"><div class=\"wp-block-media-text__content\">\n<p class=\"has-cyan-bluish-gray-background-color has-background\"><strong>\ud83d\udcc5 Martes 30\/09\/2025 a las 18hs.<br><\/strong>\ud83c\udfdb\ufe0f Actividad presencial: Espacio franc\u00f3fono USAL-AUF<br><strong>\ud83d\udccd Avenida Callao 660 \u2013 3er Piso (CABA)<br><\/strong>\ud83c\udfa4 Profesional a cargo: Matt\u00e9o Gadiot<br>\ud83c\udfac Organizan: Espacio franc\u00f3fono USAL-AUF y Club Francophone USAL.<br>\ud83d\udde3\ufe0f Actividad en franc\u00e9s (y un poco en castellano).<br><strong>\ud83c\udd93 Actividad gratuita con inscripci\u00f3n previa obligatoria v\u00eda <a href=\"https:\/\/forms.gle\/4eweMLTPLbLNVjSo8\" target=\"_blank\" rel=\"noreferrer noopener\">formulario Web<\/a>.<br>\u26a1 CUPO LIMITADO \u26a1<\/strong><\/p>\n<\/div><figure class=\"wp-block-media-text__media\"><a href=\"https:\/\/forms.gle\/4eweMLTPLbLNVjSo8\" target=\"_blank\" rel=\" noreferrer noopener\"><img loading=\"lazy\" decoding=\"async\" width=\"819\" height=\"1024\" src=\"https:\/\/www.usal.edu.ar\/espacio-francofono\/wp-content\/uploads\/sites\/3\/2025\/08\/FlyerJuegoTeatral-819x1024.jpg\" alt=\"\" class=\"wp-image-421 size-full\" srcset=\"https:\/\/www.usal.edu.ar\/espacio-francofono\/wp-content\/uploads\/sites\/3\/2025\/08\/FlyerJuegoTeatral-819x1024.jpg 819w, https:\/\/www.usal.edu.ar\/espacio-francofono\/wp-content\/uploads\/sites\/3\/2025\/08\/FlyerJuegoTeatral-240x300.jpg 240w, https:\/\/www.usal.edu.ar\/espacio-francofono\/wp-content\/uploads\/sites\/3\/2025\/08\/FlyerJuegoTeatral-768x960.jpg 768w, https:\/\/www.usal.edu.ar\/espacio-francofono\/wp-content\/uploads\/sites\/3\/2025\/08\/FlyerJuegoTeatral.jpg 1080w\" sizes=\"auto, (max-width: 819px) 100vw, 819px\" \/><\/a><\/figure><\/div>\n\n\n\n<p class=\"has-very-light-gray-to-cyan-bluish-gray-gradient-background has-background\"><strong>Presentaci\u00f3n de la actividad<\/strong>: Esta actividad propone que los participantes interpreten personajes en peque\u00f1as escenas cortas inspiradas en la vida cotidiana en Francia, abordando temas culturales o administrativos (el metro, la vida en una colocation, la \u201cCAF\u201d, una cita m\u00e9dica etc.).<\/p>\n\n\n\n<div class=\"wp-block-media-text is-stacked-on-mobile is-vertically-aligned-top\" style=\"grid-template-columns:59% auto\"><figure class=\"wp-block-media-text__media\"><a href=\"https:\/\/forms.gle\/ajW97ZcR8HQPvHCk6\" target=\"_blank\" rel=\" noreferrer noopener\"><img loading=\"lazy\" decoding=\"async\" width=\"819\" height=\"1024\" src=\"https:\/\/www.usal.edu.ar\/espacio-francofono\/wp-content\/uploads\/sites\/3\/2025\/08\/FlyerLePetitParis-819x1024.jpg\" alt=\"\" class=\"wp-image-436 size-full\" srcset=\"https:\/\/www.usal.edu.ar\/espacio-francofono\/wp-content\/uploads\/sites\/3\/2025\/08\/FlyerLePetitParis-819x1024.jpg 819w, https:\/\/www.usal.edu.ar\/espacio-francofono\/wp-content\/uploads\/sites\/3\/2025\/08\/FlyerLePetitParis-240x300.jpg 240w, https:\/\/www.usal.edu.ar\/espacio-francofono\/wp-content\/uploads\/sites\/3\/2025\/08\/FlyerLePetitParis-768x960.jpg 768w, https:\/\/www.usal.edu.ar\/espacio-francofono\/wp-content\/uploads\/sites\/3\/2025\/08\/FlyerLePetitParis.jpg 1080w\" sizes=\"auto, (max-width: 819px) 100vw, 819px\" \/><\/a><\/figure><div class=\"wp-block-media-text__content\">\n<p class=\"has-very-light-gray-to-cyan-bluish-gray-gradient-background has-background\"><strong>\ud83d\udcc5 Mi\u00e9rcoles 01\/10\/2025 a las 18:30hs.<br><\/strong>\ud83c\udfdb\ufe0f Actividad presencial transmitida en directo v\u00eda ZOOM: Espacio franc\u00f3fono USAL-AUF<br><strong>\ud83d\udccd Avenida Callao 660 \u2013 3er Piso (CABA) y \ud83d\udcbb<br><\/strong>\ud83c\udfa4 Profesional a cargo: Marcela Clot (CALAF).<br>\ud83c\udfac Organizan: CALAF (Cercle des amis de la langue fran\u00e7aise et de la francophonie), Espacio franc\u00f3fono USAL-AUF y Club Francophone USAL.<br>\ud83d\udde3\ufe0f Actividad en franc\u00e9s.<br><strong>\ud83c\udd93 Actividad gratuita con inscripci\u00f3n previa obligatoria v\u00eda <a href=\"https:\/\/forms.gle\/ajW97ZcR8HQPvHCk6\" target=\"_blank\" rel=\"noreferrer noopener\">formulario Web<\/a>.<br>\u26a1 CUPO LIMITADO \u26a1<\/strong><\/p>\n<\/div><\/div>\n\n\n\n<p class=\"has-very-light-gray-to-cyan-bluish-gray-gradient-background has-background\"><strong>Presentaci\u00f3n de la actividad<\/strong> <strong>presencial<\/strong>: Descubr\u00ed por qu\u00e9 Buenos Aires es llamada \u201cla peque\u00f1a Par\u00eds de Am\u00e9rica del Sur\u201d en esta charla en franc\u00e9s, a cargo de la arquitecta Marcela Clot. Un recorrido fascinante &#8211; presencial o virtual &#8211; por su arquitectura, historia y encanto europeo en pleno coraz\u00f3n latinoamericano.<\/p>\n\n\n\n<div class=\"wp-block-media-text has-media-on-the-right is-stacked-on-mobile is-vertically-aligned-top\" style=\"grid-template-columns:auto 59%\"><div class=\"wp-block-media-text__content\">\n<p class=\"has-very-light-gray-to-cyan-bluish-gray-gradient-background has-background\"><strong>\ud83d\udcc5 Jueves 02\/10\/2025 a las 17:30hs.<br><\/strong>\ud83c\udfdb\ufe0f Actividad presencial: Espacio franc\u00f3fono USAL-AUF<br><strong>\ud83d\udccd Avenida Callao 660 \u2013 3er Piso (CABA)<br><\/strong>\ud83c\udfa4 Profesional a cargo: Matt\u00e9o Gadiot<br>\ud83c\udfac Organizan: Institut Fran\u00e7ais d&#8217;Argentine, Espacio franc\u00f3fono USAL-AUF y Club Francophone USAL<br>\ud83c\udf7f Pel\u00edcula en franc\u00e9s con subt\u00edtulos en espa\u00f1ol.<br><strong>\ud83c\udd93 Actividad gratuita con inscripci\u00f3n previa obligatoria v\u00eda <a href=\"https:\/\/forms.gle\/urMLkKcqWqDz9Ud97\" target=\"_blank\" rel=\"noreferrer noopener\">formulario Web<\/a>: <br>\u26a1 CUPO LIMITADO \u26a1<\/strong><\/p>\n<\/div><figure class=\"wp-block-media-text__media\"><a href=\"https:\/\/forms.gle\/urMLkKcqWqDz9Ud97\" target=\"_blank\" rel=\" noreferrer noopener\"><img loading=\"lazy\" decoding=\"async\" width=\"819\" height=\"1024\" src=\"https:\/\/www.usal.edu.ar\/espacio-francofono\/wp-content\/uploads\/sites\/3\/2025\/08\/FlyerCineDebateJeVerraiToujoursVosVisages-819x1024.jpg\" alt=\"\" class=\"wp-image-425 size-full\" srcset=\"https:\/\/www.usal.edu.ar\/espacio-francofono\/wp-content\/uploads\/sites\/3\/2025\/08\/FlyerCineDebateJeVerraiToujoursVosVisages-819x1024.jpg 819w, https:\/\/www.usal.edu.ar\/espacio-francofono\/wp-content\/uploads\/sites\/3\/2025\/08\/FlyerCineDebateJeVerraiToujoursVosVisages-240x300.jpg 240w, https:\/\/www.usal.edu.ar\/espacio-francofono\/wp-content\/uploads\/sites\/3\/2025\/08\/FlyerCineDebateJeVerraiToujoursVosVisages-768x960.jpg 768w, https:\/\/www.usal.edu.ar\/espacio-francofono\/wp-content\/uploads\/sites\/3\/2025\/08\/FlyerCineDebateJeVerraiToujoursVosVisages.jpg 1080w\" sizes=\"auto, (max-width: 819px) 100vw, 819px\" \/><\/a><\/figure><\/div>\n\n\n\n<p class=\"has-very-light-gray-to-cyan-bluish-gray-gradient-background has-background\">\ud83c\udfa5 <strong>Sinopsis<\/strong>: Desde 2014, en Francia, la Justicia Restaurativa ofrece a las v\u00edctimas y a los autores de delitos la posibilidad de dialogar en entornos seguros, supervisados por profesionales y voluntarios como Judith, Fanny o Michel. Nassim, Issa y Thomas, condenados por robos con violencia; Gr\u00e9goire, Nawelle y Sabine, v\u00edctimas de entradera, asaltos y robo; y Chlo\u00e9, v\u00edctima de violaciones incestuosas, se comprometen todos ellos con las medidas de justicia restaurativa. En su trayectoria hay ira y esperanza, silencios y palabras, alianzas y desgarros, toma de conciencia y confianza recuperada\u2026 Y al final del camino, a veces, la reparaci\u00f3n\u2026<\/p>\n","protected":false},"excerpt":{"rendered":"<p>Viv\u00ed Francia es la \u201cSemana Francesa\u201d que la C\u00e1mara de Comercio e Industria Franco\u2010Argentina (CCI France Argentine) organiza anualmente desde 2009 y que se desarrollar\u00e1 este a\u00f1o en Buenos Aires del 21\/09\/2024 al 06\/10\/2024. Durante dos semanas, por medio de este evento, Francia se hace presente en la ciudad de Buenos Aires. La cultura gala [&hellip;]<\/p>\n","protected":false},"author":6,"featured_media":0,"parent":0,"menu_order":0,"comment_status":"closed","ping_status":"closed","template":"","meta":{"_acf_changed":false,"footnotes":""},"class_list":["post-254","page","type-page","status-publish","hentry"],"acf":[],"_links":{"self":[{"href":"https:\/\/www.usal.edu.ar\/espacio-francofono\/wp-json\/wp\/v2\/pages\/254","targetHints":{"allow":["GET"]}}],"collection":[{"href":"https:\/\/www.usal.edu.ar\/espacio-francofono\/wp-json\/wp\/v2\/pages"}],"about":[{"href":"https:\/\/www.usal.edu.ar\/espacio-francofono\/wp-json\/wp\/v2\/types\/page"}],"author":[{"embeddable":true,"href":"https:\/\/www.usal.edu.ar\/espacio-francofono\/wp-json\/wp\/v2\/users\/6"}],"replies":[{"embeddable":true,"href":"https:\/\/www.usal.edu.ar\/espacio-francofono\/wp-json\/wp\/v2\/comments?post=254"}],"version-history":[{"count":46,"href":"https:\/\/www.usal.edu.ar\/espacio-francofono\/wp-json\/wp\/v2\/pages\/254\/revisions"}],"predecessor-version":[{"id":437,"href":"https:\/\/www.usal.edu.ar\/espacio-francofono\/wp-json\/wp\/v2\/pages\/254\/revisions\/437"}],"wp:attachment":[{"href":"https:\/\/www.usal.edu.ar\/espacio-francofono\/wp-json\/wp\/v2\/media?parent=254"}],"curies":[{"name":"wp","href":"https:\/\/api.w.org\/{rel}","templated":true}]}}