{"id":379,"date":"2024-12-20T10:39:36","date_gmt":"2024-12-20T13:39:36","guid":{"rendered":"https:\/\/www.usal.edu.ar\/espacio-francofono\/?page_id=379"},"modified":"2025-09-26T07:13:50","modified_gmt":"2025-09-26T10:13:50","slug":"master-parcours-droit-des-affaires-internationales-amerique-latine-europe-usal-delocalise","status":"publish","type":"page","link":"https:\/\/www.usal.edu.ar\/espacio-francofono\/master-parcours-droit-des-affaires-internationales-amerique-latine-europe-usal-delocalise\/","title":{"rendered":"Master 2 parcours \u00abDroit des affaires internationales Am\u00e9rique Latine \/ Europe\u00bb"},"content":{"rendered":"\n<div class=\"wp-block-group alignfull has-global-padding is-layout-constrained wp-block-group-is-layout-constrained\">\n<div class=\"wp-block-cover alignfull is-light\" style=\"margin-top:0;min-height:40vw;aspect-ratio:unset;\"><img decoding=\"async\" class=\"wp-block-cover__image-background wp-image-61\" alt=\"\" src=\"https:\/\/img.rawpixel.com\/s3fs-private\/rawpixel_images\/website_content\/a017-eberhard-cco-the-after-rain.jpg?w=1200&amp;h=1200&amp;fit=clip&amp;crop=default&amp;dpr=1&amp;q=75&amp;vib=3&amp;con=3&amp;usm=15&amp;cs=srgb&amp;bg=F4F4F3&amp;ixlib=js-2.2.1&amp;s=e7b4ca0a0edcc84ba48c1f7ebf02dd5a\" style=\"object-position:50% 50%\" data-object-fit=\"cover\" data-object-position=\"50% 50%\" \/><span aria-hidden=\"true\" class=\"wp-block-cover__background has-black-background-color has-background-dim-0 has-background-dim\"><\/span><div class=\"wp-block-cover__inner-container is-layout-flow wp-block-cover-is-layout-flow\">\n<figure class=\"wp-block-image size-large\"><img loading=\"lazy\" decoding=\"async\" width=\"1024\" height=\"1011\" src=\"https:\/\/www.usal.edu.ar\/espacio-francofono\/wp-content\/uploads\/sites\/3\/2024\/12\/IMG-20241218-WA0003-1024x1011.jpg\" alt=\"\" class=\"wp-image-380\" srcset=\"https:\/\/www.usal.edu.ar\/espacio-francofono\/wp-content\/uploads\/sites\/3\/2024\/12\/IMG-20241218-WA0003-1024x1011.jpg 1024w, https:\/\/www.usal.edu.ar\/espacio-francofono\/wp-content\/uploads\/sites\/3\/2024\/12\/IMG-20241218-WA0003-300x296.jpg 300w, https:\/\/www.usal.edu.ar\/espacio-francofono\/wp-content\/uploads\/sites\/3\/2024\/12\/IMG-20241218-WA0003-768x758.jpg 768w, https:\/\/www.usal.edu.ar\/espacio-francofono\/wp-content\/uploads\/sites\/3\/2024\/12\/IMG-20241218-WA0003.jpg 1080w\" sizes=\"auto, (max-width: 1024px) 100vw, 1024px\" \/><\/figure>\n<\/div><\/div>\n<\/div>\n\n\n\n<p><strong>Master 2 Droit des affaires internationales Am\u00e9rique latine \/ Europe<\/strong><br><em>Fili\u00e8re d\u00e9localis\u00e9e de l&#8217;Universit\u00e9 Paris 1 Panth\u00e9on-Sorbonne, en partenariat avec l\u2019Universit\u00e9 du Salvador (Buenos Aires, Argentine) dans le cadre du Coll\u00e8ge juridique franco-argentin \u00ab&nbsp;La Condamine&nbsp;\u00bb.<\/em><\/p>\n\n\n\n<p><strong>Admission <\/strong>: <strong>Le programme est ouvert aux titulaires d\u2019un Master 1 en droit des affaires, sous r\u00e9serve de s\u00e9lection.<\/strong><\/p>\n\n\n\n<p><strong>Programme du Master 2<\/strong><\/p>\n\n\n\n<p>Ce programme est propos\u00e9 conjointement par l&#8217;Universit\u00e9 du Salvador (USAL) et l&#8217;Universit\u00e9 Paris 1 Panth\u00e9on-Sorbonne. \u00c0 la fin de cette formation d\u2019une ann\u00e9e universitaire, les \u00e9tudiants recevront un dipl\u00f4me de Master d\u00e9livr\u00e9 par l&#8217;Universit\u00e9 Paris&nbsp;1 Panth\u00e9on-Sorbonne, \u00e0 condition d&#8217;avoir valid\u00e9 les cours obligatoires.<\/p>\n\n\n\n<p><strong>Cours dispens\u00e9s en fran\u00e7ais<\/strong><\/p>\n\n\n\n<ul class=\"wp-block-list\">\n<li>Droit des contrats internationaux<\/li>\n\n\n\n<li>Contentieux international<\/li>\n\n\n\n<li>Droit de la concurrence approfondi<\/li>\n\n\n\n<li>Droit europ\u00e9en des droits de l\u2019homme<\/li>\n\n\n\n<li>Responsabilit\u00e9 sociale des entreprises<\/li>\n\n\n\n<li>Droit financier international<\/li>\n<\/ul>\n\n\n\n<p><strong>Cours dispens\u00e9s en anglais<\/strong><\/p>\n\n\n\n<ul class=\"wp-block-list\">\n<li>R\u00e8glement des litiges, arbitrage et juridiction<\/li>\n\n\n\n<li>Organisations internationales am\u00e9ricaines<\/li>\n\n\n\n<li>Droit de la consommation approfondi<\/li>\n\n\n\n<li>Droit international de la propri\u00e9t\u00e9 intellectuelle<\/li>\n\n\n\n<li>Contentieux interam\u00e9ricain des droits de l\u2019homme<\/li>\n\n\n\n<li>Droit des soci\u00e9t\u00e9s approfondi<\/li>\n\n\n\n<li>Droit des transports<\/li>\n<\/ul>\n\n\n\n<p><strong>R\u00e9ponses aux questions fr\u00e9quemment pos\u00e9es<\/strong><\/p>\n\n\n\n<ol class=\"wp-block-list\">\n<li><strong>Possibilit\u00e9 de suivre un double Master 2 simultan\u00e9ment<\/strong><br>Suivre deux Masters 2 en parall\u00e8le, en particulier sur deux continents, est d\u00e9conseill\u00e9 en raison de la complexit\u00e9 et des exigences de chaque programme.<\/li>\n\n\n\n<li><strong>Calendrier acad\u00e9mique<\/strong>\n<ul class=\"wp-block-list\">\n<li><strong>Candidatures (plateforme <a href=\"https:\/\/ecandidat.univ-paris1.fr\/ecandidat\/#!accueilView\" target=\"_blank\" rel=\"noreferrer noopener\">ecandidat<\/a> de l&#8217;Universit\u00e9 Paris 1 Panth\u00e9on-Sorbonne): <\/strong>novembre 2025.<\/li>\n\n\n\n<li><strong>Premier semestre<\/strong> : du 06\/04\/2026 au 26\/06\/2026<\/li>\n\n\n\n<li><strong>P\u00e9riode d&#8217;examen<\/strong> : du 06\/07\/2026 au 24\/07\/2026<\/li>\n\n\n\n<li><strong>Deuxi\u00e8me semestre<\/strong> : du 03\/08\/2026 au 06\/11\/2026<\/li>\n\n\n\n<li><strong>P\u00e9riode d&#8217;examen<\/strong> : du 09\/11\/2026 au 18\/12\/2026<\/li>\n\n\n\n<li><strong>F\u00e9vrier-Mars 202<\/strong>7 : examens de rattrapage et pr\u00e9paration du m\u00e9moire<\/li>\n<\/ul>\n<\/li>\n\n\n\n<li><strong>H\u00e9bergement<\/strong><br>Les \u00e9tudiants doivent trouver leur propre h\u00e9bergement \u00e0 Buenos Aires. La Direction de Coop\u00e9ration internationale de l&#8217;USAL peut les guider dans leurs d\u00e9marches.<\/li>\n\n\n\n<li><strong>Obtention du dipl\u00f4me<\/strong><br>Le parcours initial, mis en place en 2005, propose un programme de la premi\u00e8re ann\u00e9e de Licence jusqu&#8217;\u00e0 la premi\u00e8re ann\u00e9e de Master. En 2024, ce parcours a \u00e9t\u00e9 \u00e9tendu \u00e0 un Master 2 Droit des affaires internationales Am\u00e9rique latine\/Europe toujours d\u00e9localis\u00e9 en Argentine. Apr\u00e8s la validation de leur cinq ann\u00e9es d&#8217;\u00e9tudes (comprenant la cinqui\u00e8me ann\u00e9e de formation d\u2019Avocat argentin et la 2<sup>\u00e8me<\/sup> ann\u00e9e du Master), les \u00e9tudiants qui ont suivi tout leur cursus en Argentine obtiennent un Master en Droit des affaires internationales de Paris 1 et acc\u00e8dent au statut d&#8217;avocat en Argentine (dipl\u00f4me de l&#8217;universit\u00e9 du Salvador, Argentine).<\/li>\n<\/ol>\n\n\n\n<p>Les \u00e9tudiants <strong>ne recevront pas<\/strong> le dipl\u00f4me d&#8217;avocat argentin de l&#8217;Universit\u00e9 du Salvador (USAL) en validant seulement ce Master 2, qui correspond \u00e0 une seule ann\u00e9e d\u2019\u00e9tudes. Dans ce cas, ils obtiendront uniquement un dipl\u00f4me de Master de l&#8217;Universit\u00e9 Paris 1 Panth\u00e9on-Sorbonne.<\/p>\n\n\n\n<ol start=\"5\" class=\"wp-block-list\">\n<li><strong>Premi\u00e8re promotion<\/strong><br>Le programme d\u00e9marrera en avril 2025, ce qui signifie qu&#8217;il n&#8217;existe pas encore de statistiques sur l\u2019insertion professionnelle des dipl\u00f4m\u00e9s. Cependant, le programme offre des d\u00e9bouch\u00e9s solides dans des secteurs tr\u00e8s vari\u00e9s et valoris\u00e9s dans un march\u00e9 du travail globalis\u00e9.<\/li>\n<\/ol>\n\n\n\n<p><strong>Perspectives de carri\u00e8re<\/strong><\/p>\n\n\n\n<p>Les d\u00e9bouch\u00e9s professionnels potentiels pour les dipl\u00f4m\u00e9s de ce programme incluent :<\/p>\n\n\n\n<ul class=\"wp-block-list\">\n<li><strong>Avocat(e) d&#8217;affaires internationales<\/strong> : en cabinets sp\u00e9cialis\u00e9s dans le droit des affaires internationales, en particulier en Europe et en Am\u00e9rique latine.<\/li>\n\n\n\n<li><strong>Juriste d&#8217;entreprise<\/strong> : avec des comp\u00e9tences recherch\u00e9es en droit de la concurrence, droit financier, et responsabilit\u00e9 sociale des entreprises.<\/li>\n\n\n\n<li><strong>Consultant(e) en conformit\u00e9 et r\u00e9gulation<\/strong> : particuli\u00e8rement en droit de la consommation, propri\u00e9t\u00e9 intellectuelle, et r\u00e8glement des litiges.<\/li>\n\n\n\n<li><strong>Carri\u00e8re dans les organisations internationales et ONG<\/strong> : en lien avec des organisations comme l\u2019Organisation des \u00c9tats am\u00e9ricains ou les institutions de l\u2019Union europ\u00e9enne.<\/li>\n\n\n\n<li><strong>Arbitre ou m\u00e9diateur international<\/strong> : les connaissances en arbitrage et r\u00e8glement des litiges facilitent des carri\u00e8res en arbitrage international.<\/li>\n\n\n\n<li><strong>Fonctions acad\u00e9miques et recherche<\/strong> : avec la possibilit\u00e9 de poursuivre en doctorat ou d\u2019enseigner dans des universit\u00e9s d&#8217;Europe et d&#8217;Am\u00e9rique latine.<\/li>\n<\/ul>\n\n\n\n<ol start=\"6\" class=\"wp-block-list\">\n<li><strong>Frais de scolarit\u00e9<\/strong><br>Les \u00e9tudiants doivent s&#8217;acquitter des droits d&#8217;inscription correspondant \u00e0 un Master 2 aupr\u00e8s de Paris 1. Les frais de scolarit\u00e9 pour ce programme sont donc actuellement de 250 euros (correspondant \u00e0 l\u2019inscription \u00e0 l\u2019Universit\u00e9 Paris 1 Panth\u00e9on-Sorbonne), pour les \u00e9tudiants s\u00e9lectionn\u00e9s et inscrits dans le Master 2 \u00abDroit des affaires internationales Am\u00e9rique latine\/Europe\u00bb d\u00e9localis\u00e9 en Argentine. Les \u00e9tudiants fran\u00e7ais devront \u00e9galement r\u00e9gler la CVEC.<\/li>\n\n\n\n<li><strong>Conditions d\u2019admission<\/strong><br>Les candidats doivent avoir valid\u00e9 un Master 1 en Droit pour postuler \u00e0 ce Master 2. Il est compr\u00e9hensible que certains \u00e9tudiants n&#8217;aient pas valid\u00e9 tous les cr\u00e9dits n\u00e9cessaires (240 ECTS) au moment de la candidature.<\/li>\n<\/ol>\n\n\n\n<p><strong>Langues d\u2019enseignement<\/strong><br>Les cours sont dispens\u00e9s en anglais et en fran\u00e7ais : les enseignants argentins donnent les cours en anglais, tandis que les enseignants fran\u00e7ais dispensent les cours en fran\u00e7ais. Un niveau de base en espagnol est recommand\u00e9 pour les \u00e9changes quotidiens \u00e0 Buenos Aires.<\/p>\n","protected":false},"excerpt":{"rendered":"<p>Master 2 Droit des affaires internationales Am\u00e9rique latine \/ EuropeFili\u00e8re d\u00e9localis\u00e9e de l&#8217;Universit\u00e9 Paris 1 Panth\u00e9on-Sorbonne, en partenariat avec l\u2019Universit\u00e9 du Salvador (Buenos Aires, Argentine) dans le cadre du Coll\u00e8ge juridique franco-argentin \u00ab&nbsp;La Condamine&nbsp;\u00bb. Admission : Le programme est ouvert aux titulaires d\u2019un Master 1 en droit des affaires, sous r\u00e9serve de s\u00e9lection. Programme du [&hellip;]<\/p>\n","protected":false},"author":6,"featured_media":0,"parent":0,"menu_order":0,"comment_status":"closed","ping_status":"closed","template":"","meta":{"_acf_changed":false,"footnotes":""},"class_list":["post-379","page","type-page","status-publish","hentry"],"acf":[],"_links":{"self":[{"href":"https:\/\/www.usal.edu.ar\/espacio-francofono\/wp-json\/wp\/v2\/pages\/379","targetHints":{"allow":["GET"]}}],"collection":[{"href":"https:\/\/www.usal.edu.ar\/espacio-francofono\/wp-json\/wp\/v2\/pages"}],"about":[{"href":"https:\/\/www.usal.edu.ar\/espacio-francofono\/wp-json\/wp\/v2\/types\/page"}],"author":[{"embeddable":true,"href":"https:\/\/www.usal.edu.ar\/espacio-francofono\/wp-json\/wp\/v2\/users\/6"}],"replies":[{"embeddable":true,"href":"https:\/\/www.usal.edu.ar\/espacio-francofono\/wp-json\/wp\/v2\/comments?post=379"}],"version-history":[{"count":12,"href":"https:\/\/www.usal.edu.ar\/espacio-francofono\/wp-json\/wp\/v2\/pages\/379\/revisions"}],"predecessor-version":[{"id":446,"href":"https:\/\/www.usal.edu.ar\/espacio-francofono\/wp-json\/wp\/v2\/pages\/379\/revisions\/446"}],"wp:attachment":[{"href":"https:\/\/www.usal.edu.ar\/espacio-francofono\/wp-json\/wp\/v2\/media?parent=379"}],"curies":[{"name":"wp","href":"https:\/\/api.w.org\/{rel}","templated":true}]}}