{"id":392,"date":"2025-02-26T09:43:50","date_gmt":"2025-02-26T12:43:50","guid":{"rendered":"https:\/\/www.usal.edu.ar\/espacio-francofono\/?page_id=392"},"modified":"2025-02-26T09:43:50","modified_gmt":"2025-02-26T12:43:50","slug":"ofit-observatoire-francophone-dinnovation-et-de-technologie","status":"publish","type":"page","link":"https:\/\/www.usal.edu.ar\/espacio-francofono\/ofit-observatoire-francophone-dinnovation-et-de-technologie\/","title":{"rendered":"OFIT &#8211; Observatoire Francophone d&#8217;innovation et de technologie"},"content":{"rendered":"\n<div class=\"wp-block-group has-global-padding is-layout-constrained wp-container-core-group-is-layout-a35945ca wp-block-group-is-layout-constrained\" style=\"padding-top:var(--wp--preset--spacing--30);padding-right:var(--wp--preset--spacing--30);padding-bottom:var(--wp--preset--spacing--30);padding-left:var(--wp--preset--spacing--30)\">\n<div class=\"wp-block-columns is-not-stacked-on-mobile is-layout-flex wp-container-core-columns-is-layout-28f84493 wp-block-columns-is-layout-flex\">\n<div class=\"wp-block-column is-vertically-aligned-center is-layout-flow wp-block-column-is-layout-flow\" style=\"padding-top:0;padding-bottom:0;flex-basis:33.33%\">\n<figure class=\"wp-block-image aligncenter size-medium has-custom-border\"><img loading=\"lazy\" decoding=\"async\" width=\"300\" height=\"291\" src=\"https:\/\/www.usal.edu.ar\/espacio-francofono\/wp-content\/uploads\/sites\/3\/2024\/12\/Bouton-OFIT-300x291.png\" alt=\"\" class=\"wp-image-368\" srcset=\"https:\/\/www.usal.edu.ar\/espacio-francofono\/wp-content\/uploads\/sites\/3\/2024\/12\/Bouton-OFIT-300x291.png 300w, https:\/\/www.usal.edu.ar\/espacio-francofono\/wp-content\/uploads\/sites\/3\/2024\/12\/Bouton-OFIT-1024x994.png 1024w, https:\/\/www.usal.edu.ar\/espacio-francofono\/wp-content\/uploads\/sites\/3\/2024\/12\/Bouton-OFIT-768x745.png 768w, https:\/\/www.usal.edu.ar\/espacio-francofono\/wp-content\/uploads\/sites\/3\/2024\/12\/Bouton-OFIT.png 1280w\" sizes=\"auto, (max-width: 300px) 100vw, 300px\" \/><\/figure>\n<\/div>\n\n\n\n<div class=\"wp-block-column is-vertically-aligned-center is-layout-flow wp-container-core-column-is-layout-2bac12ba wp-block-column-is-layout-flow\" style=\"padding-top:var(--wp--preset--spacing--30);padding-right:var(--wp--preset--spacing--30);padding-bottom:var(--wp--preset--spacing--30);padding-left:var(--wp--preset--spacing--30);flex-basis:66.66%\">\n<p>El OFIT es un espacio de an\u00e1lisis y discusi\u00f3n sobre las nuevas tecnolog\u00edas, su impacto en la sociedad y la econom\u00eda, y las implicaciones \u00e9ticas que estas conllevan.<br>Las actividades del OFIT incluyen la realizaci\u00f3n de estudios e investigaciones, la organizaci\u00f3n de seminarios y conferencias, la publicaci\u00f3n de informes y boletines, y la realizaci\u00f3n de actividades de formaci\u00f3n y actualizaci\u00f3n en el campo de las nuevas tecnolog\u00edas y la \u00e9tica.<br>El observatorio tambi\u00e9n busca establecer colaboraciones con otras instituciones y organizaciones interesadas en el campo de las nuevas tecnolog\u00edas y la \u00e9tica, tanto en el \u00e1mbito franc\u00f3fono como a nivel internacional.<\/p>\n<\/div>\n<\/div>\n<\/div>\n\n\n\n<div class=\"wp-block-group form-contacto has-global-padding is-layout-constrained wp-container-core-group-is-layout-f19b9970 wp-block-group-is-layout-constrained\" style=\"margin-top:var(--wp--preset--spacing--30);margin-bottom:var(--wp--preset--spacing--30);padding-top:var(--wp--preset--spacing--30);padding-right:var(--wp--preset--spacing--30);padding-bottom:var(--wp--preset--spacing--30);padding-left:var(--wp--preset--spacing--30)\">\n<h3 class=\"wp-block-heading has-text-align-center\" style=\"font-style:normal;font-weight:600;letter-spacing:-2px\">Art\u00edculos de prensa<\/h3>\n\n\n\n<hr class=\"wp-block-separator has-text-color has-primary-color has-alpha-channel-opacity has-primary-background-color has-background linea-base-titulo\" style=\"margin-bottom:var(--wp--preset--spacing--30)\" \/>\n<\/div>\n\n\n\n<div class=\"wp-block-cover\"><span aria-hidden=\"true\" class=\"wp-block-cover__background has-background-dim\"><\/span><img loading=\"lazy\" decoding=\"async\" width=\"1024\" height=\"448\" class=\"wp-block-cover__image-background wp-image-395\" alt=\"\" src=\"https:\/\/www.usal.edu.ar\/espacio-francofono\/wp-content\/uploads\/sites\/3\/2025\/02\/Dron-1024x448.webp\" data-object-fit=\"cover\" srcset=\"https:\/\/www.usal.edu.ar\/espacio-francofono\/wp-content\/uploads\/sites\/3\/2025\/02\/Dron-1024x448.webp 1024w, https:\/\/www.usal.edu.ar\/espacio-francofono\/wp-content\/uploads\/sites\/3\/2025\/02\/Dron-300x131.webp 300w, https:\/\/www.usal.edu.ar\/espacio-francofono\/wp-content\/uploads\/sites\/3\/2025\/02\/Dron-768x336.webp 768w, https:\/\/www.usal.edu.ar\/espacio-francofono\/wp-content\/uploads\/sites\/3\/2025\/02\/Dron.webp 1200w\" sizes=\"auto, (max-width: 1024px) 100vw, 1024px\" \/><div class=\"wp-block-cover__inner-container is-layout-flow wp-block-cover-is-layout-flow\">\n<p class=\"has-text-align-center has-base-color has-text-color has-link-color has-large-font-size wp-elements-90f52a81a7b673215b2867b92a200abc\"><a href=\"https:\/\/www.dw.com\/es\/drones-al-servicio-de-la-criminalidad-carrera-sin-freno\/a-71705997\" target=\"_blank\" rel=\"noreferrer noopener\">\u00bfDrones al servicio de la criminalidad: \u00bfcarrera sin freno?<\/a><\/p>\n\n\n\n<p><\/p>\n\n\n\n<p style=\"margin-top:0;margin-right:var(--wp--preset--spacing--50);margin-bottom:0;margin-left:var(--wp--preset--spacing--50)\">21\/02\/2025 &#8211; DW<\/p>\n<\/div><\/div>\n","protected":false},"excerpt":{"rendered":"<p>El OFIT es un espacio de an\u00e1lisis y discusi\u00f3n sobre las nuevas tecnolog\u00edas, su impacto en la sociedad y la econom\u00eda, y las implicaciones \u00e9ticas que estas conllevan.Las actividades del OFIT incluyen la realizaci\u00f3n de estudios e investigaciones, la organizaci\u00f3n de seminarios y conferencias, la publicaci\u00f3n de informes y boletines, y la realizaci\u00f3n de actividades [&hellip;]<\/p>\n","protected":false},"author":6,"featured_media":0,"parent":0,"menu_order":0,"comment_status":"closed","ping_status":"closed","template":"","meta":{"_acf_changed":false,"footnotes":""},"class_list":["post-392","page","type-page","status-publish","hentry"],"acf":[],"_links":{"self":[{"href":"https:\/\/www.usal.edu.ar\/espacio-francofono\/wp-json\/wp\/v2\/pages\/392","targetHints":{"allow":["GET"]}}],"collection":[{"href":"https:\/\/www.usal.edu.ar\/espacio-francofono\/wp-json\/wp\/v2\/pages"}],"about":[{"href":"https:\/\/www.usal.edu.ar\/espacio-francofono\/wp-json\/wp\/v2\/types\/page"}],"author":[{"embeddable":true,"href":"https:\/\/www.usal.edu.ar\/espacio-francofono\/wp-json\/wp\/v2\/users\/6"}],"replies":[{"embeddable":true,"href":"https:\/\/www.usal.edu.ar\/espacio-francofono\/wp-json\/wp\/v2\/comments?post=392"}],"version-history":[{"count":4,"href":"https:\/\/www.usal.edu.ar\/espacio-francofono\/wp-json\/wp\/v2\/pages\/392\/revisions"}],"predecessor-version":[{"id":398,"href":"https:\/\/www.usal.edu.ar\/espacio-francofono\/wp-json\/wp\/v2\/pages\/392\/revisions\/398"}],"wp:attachment":[{"href":"https:\/\/www.usal.edu.ar\/espacio-francofono\/wp-json\/wp\/v2\/media?parent=392"}],"curies":[{"name":"wp","href":"https:\/\/api.w.org\/{rel}","templated":true}]}}