{"id":43,"date":"2023-09-13T05:44:03","date_gmt":"2023-09-13T03:44:03","guid":{"rendered":"https:\/\/www.usal.edu.ar\/centrofrancofono\/?page_id=43"},"modified":"2025-02-24T09:21:57","modified_gmt":"2025-02-24T12:21:57","slug":"recursos-frances","status":"publish","type":"page","link":"https:\/\/www.usal.edu.ar\/espacio-francofono\/recursos-frances\/","title":{"rendered":"Recursos ling\u00fc\u00edsticos para aprender franc\u00e9s"},"content":{"rendered":"\n<div class=\"wp-block-group has-global-padding is-layout-constrained wp-block-group-is-layout-constrained\">\n<div id=\"presentacion\" class=\"wp-block-group is-layout-flow wp-container-core-group-is-layout-06ec7e87 wp-block-group-is-layout-flow\" style=\"margin-top:0;margin-bottom:0;padding-top:var(--wp--preset--spacing--30);padding-right:var(--wp--preset--spacing--30);padding-bottom:var(--wp--preset--spacing--30);padding-left:var(--wp--preset--spacing--30)\">\n<h5 class=\"wp-block-heading\">Presentaci\u00f3n de la p\u00e1gina<\/h5>\n\n\n\n<p>Plataforma para aprender o mejorar tu franc\u00e9s, aqu\u00ed encontrar\u00e1s todo tipo de ejercicios, diccionarios, expresiones, vocabulario y mucho m\u00e1s!<\/p>\n\n\n\n<p>Luego, te hemos organizado varios tipos de ejercicios divididos por niveles, desde el m\u00e1s b\u00e1sico A1 hasta el nivel B2.&nbsp;<\/p>\n\n\n\n<p>Estas dos plataformas son completamente gratuitas as\u00ed que aprovecha y anim\u00e1te a mejorar tu franc\u00e9s cotidianamente de manera m\u00e1s r\u00e1pida !&nbsp;<\/p>\n\n\n\n<p class=\"has-text-align-left\"><a href=\"https:\/\/padlet.com\/nataliavessova\/recursos-ling-sticos-para-aprender-el-franc-s-cfgnf4z7swxgr73l\" target=\"_blank\" rel=\"noreferrer noopener\"><strong>Haz click ac\u00e1&nbsp;<\/strong><\/a><strong>: Te da acceso a una plataforma donde encontrar\u00e1s varios tipos de ejercicios de todos los niveles para poder entrenarte y mejorar tu \ud83c\uddeb\ud83c\uddf7 cada d\u00eda<\/strong><\/p>\n<\/div>\n\n\n\n<div id=\"a1\" class=\"wp-block-group has-base-background-color has-background has-global-padding is-content-justification-center is-layout-constrained wp-container-core-group-is-layout-37c214c9 wp-block-group-is-layout-constrained\" style=\"padding-top:var(--wp--preset--spacing--30);padding-right:var(--wp--preset--spacing--30);padding-bottom:var(--wp--preset--spacing--30);padding-left:var(--wp--preset--spacing--30)\">\n<h5 class=\"wp-block-heading has-text-align-left\">NIVEL A1<\/h5>\n\n\n\n<div class=\"wp-block-group is-layout-flow wp-block-group-is-layout-flow\">\n<p><strong>Competencias esperadas<\/strong>: Es capaz de comprender y utilizar expresiones cotidianas de uso muy frecuente, as\u00ed como, frases sencillas destinadas a satisfacer necesidades de tipo inmediato.<\/p>\n\n\n\n<p>Puede presentarse a s\u00ed mismo y a otros, pedir y dar informaci\u00f3n personal b\u00e1sica sobre su domicilio, sus pertenencias y las personas que conoce. <\/p>\n\n\n\n<p>Puede relacionarse de forma elemental siempre que su interlocutor hable despacio y con claridad y est\u00e9 dispuesto a cooperar.<\/p>\n<\/div>\n\n\n\n<p class=\"has-text-align-left\"><strong><a rel=\"noreferrer noopener\" href=\"https:\/\/www.france-education-international.fr\/document\/delf-dalf-a1-tp-candidat-coll-sujet-demo\" target=\"_blank\">Ejemplo de evaluaci\u00f3n de nivel A1<\/a>.<\/strong><\/p>\n\n\n\n<div class=\"wp-block-group is-content-justification-center is-layout-flex wp-container-core-group-is-layout-7b773eaf wp-block-group-is-layout-flex\">\n<div class=\"wp-block-group is-vertical is-content-justification-center is-layout-flex wp-container-core-group-is-layout-ce155fab wp-block-group-is-layout-flex\">\n<p><strong>Compr\u00e9hension Orale<\/strong><\/p>\n\n\n\n<ul class=\"wp-block-list\" style=\"font-size:14px\">\n<li><a rel=\"noreferrer noopener\" href=\"http:\/\/www.lepointdufle.net\/p\/comprehensionaudio.htm#A1A2\" target=\"_blank\">Varios ejercicios para mejorar tu comprehensi\u00f3n oral<\/a><\/li>\n\n\n\n<li><a rel=\"noreferrer noopener\" href=\"https:\/\/apprendre.tv5monde.com\/fr\/exercices\/a1-debutant\" target=\"_blank\">Varios ejercicios para mejorar tu comprensi\u00f3n oral 2<\/a><\/li>\n\n\n\n<li><a rel=\"noreferrer noopener\" href=\"https:\/\/www.fun-mooc.fr\/fr\/cours\/vivre-en-france-a1\/\" target=\"_blank\">Un video sobre el tema de \u00abVivir en Francia\u00bb<\/a><\/li>\n<\/ul>\n<\/div>\n\n\n\n<div class=\"wp-block-group is-vertical is-content-justification-center is-layout-flex wp-container-core-group-is-layout-ce155fab wp-block-group-is-layout-flex\">\n<p class=\"has-text-align-center\"><strong>Compr\u00e9hension Ecrite<\/strong><\/p>\n\n\n\n<ul class=\"wp-block-list\" style=\"font-size:14px\">\n<li><a rel=\"noreferrer noopener\" href=\"https:\/\/www.lepointdufle.net\/ressources_fle\/comprendre_un_texte_3.htm\" target=\"_blank\">Ejercicio sobre la comprehensi\u00f3n de una postal<\/a><\/li>\n\n\n\n<li><a rel=\"noreferrer noopener\" href=\"https:\/\/didier-equipereussite.com\/ressources\/exercices\/saison\/saison_01\/site_saison_1_u1\/site_saison_1_u1-quz-0008.html\" target=\"_blank\">Ejercicio sobre el tema de los objetos<\/a><\/li>\n\n\n\n<li><a rel=\"noreferrer noopener\" href=\"https:\/\/lepetitscribe.com\/2018\/02\/10\/visite-du-musee-du-louvre-fle\/\" target=\"_blank\">Ejercicio sobre una visita en el Museo de Louvres<\/a><\/li>\n<\/ul>\n<\/div>\n\n\n\n<div class=\"wp-block-group is-vertical is-content-justification-center is-layout-flex wp-container-core-group-is-layout-ce155fab wp-block-group-is-layout-flex\">\n<p><strong>Production Orale<\/strong><\/p>\n\n\n\n<ul class=\"wp-block-list\" style=\"font-size:14px\">\n<li><a rel=\"noreferrer noopener\" href=\"https:\/\/wordwall.net\/fr\/resource\/606932\/se-pr%C3%A9senter-fle-a1\" target=\"_blank\">Ejercicio para poder presentarse en franc\u00e9s<\/a><\/li>\n\n\n\n<li><a href=\"https:\/\/transformingfsl.ca\/wp-content\/uploads\/2015\/12\/PO_Exemple_1_A1.pdf\" data-type=\"link\" data-id=\"https:\/\/transformingfsl.ca\/wp-content\/uploads\/2015\/12\/PO_Exemple_1_A1.pdf\">Ejemplo de una producci\u00f3n oral corregida&nbsp;DELF &#8211; A1<\/a><\/li>\n<\/ul>\n<\/div>\n\n\n\n<div class=\"wp-block-group is-vertical is-content-justification-center is-layout-flex wp-container-core-group-is-layout-ce155fab wp-block-group-is-layout-flex\">\n<p><strong>Production Ecrite<\/strong><\/p>\n\n\n\n<ul class=\"wp-block-list\" style=\"font-size:14px\">\n<li><a rel=\"noreferrer noopener\" href=\"http:\/\/delffacile.weebly.com\/la-carte-postale.html\" target=\"_blank\">Ejercicio para entrenarse a escribir una postal<\/a><\/li>\n\n\n\n<li><a rel=\"noreferrer noopener\" href=\"https:\/\/www.lepointdufle.net\/apprendre_a_lire\/dictees.htm#vo\" target=\"_blank\">Dictado de palabras<\/a><\/li>\n\n\n\n<li><a rel=\"noreferrer noopener\" href=\"https:\/\/www.lepointdufle.net\/apprendre_a_lire\/dictees.htm#gr\" target=\"_blank\">Dictado de frases<\/a><\/li>\n<\/ul>\n<\/div>\n<\/div>\n<\/div>\n\n\n\n<div id=\"a2\" class=\"wp-block-group has-background is-layout-flow wp-container-core-group-is-layout-ada9b331 wp-block-group-is-layout-flow\" style=\"background-color:#e5ebe9;padding-top:var(--wp--preset--spacing--30);padding-right:var(--wp--preset--spacing--30);padding-bottom:var(--wp--preset--spacing--30);padding-left:var(--wp--preset--spacing--30)\">\n<h5 class=\"wp-block-heading has-text-align-left\">NIVEL A2<\/h5>\n\n\n\n<div class=\"wp-block-group is-layout-flow wp-block-group-is-layout-flow\">\n<p><strong>Competencias esperadas<\/strong>: Es capaz de comprender frases y expresiones de uso frecuente relacionadas con \u00e1reas de experiencia que le son especialmente relevantes (informaci\u00f3n b\u00e1sica sobre s\u00ed mismo y su familia, compras, lugares de inter\u00e9s, ocupaciones etc).<\/p>\n\n\n\n<p>Sabe comunicarte a la hora de llevar a cabo tareas simples y cotidianas que no requieran mas que intercambios sencillos y directos de informaci\u00f3n sobre cuestiones que le son conocidos o habituales.&nbsp;<\/p>\n\n\n\n<p>Sabe describir en t\u00e9rminos sencillos aspectos de su pasado y su entorno, as\u00ed como cuestiones relacionadas con sus necesidades inmediatas.&nbsp;<\/p>\n<\/div>\n\n\n\n<p class=\"has-text-align-left\"><a rel=\"noreferrer noopener\" href=\"https:\/\/www.france-education-international.fr\/document\/delf-a2-tp-candidat-coll-exemple10\" target=\"_blank\"><strong>Ejemplo de evaluaci\u00f3n de nivel A2<\/strong><\/a>.<\/p>\n\n\n\n<div class=\"wp-block-group is-content-justification-center is-layout-flex wp-container-core-group-is-layout-7b773eaf wp-block-group-is-layout-flex\">\n<div class=\"wp-block-group is-vertical is-content-justification-center is-layout-flex wp-container-core-group-is-layout-ce155fab wp-block-group-is-layout-flex\">\n<p><strong>Compr\u00e9hension Orale<\/strong><\/p>\n\n\n\n<ul class=\"wp-block-list\" style=\"font-size:14px\">\n<li><a rel=\"noreferrer noopener\" href=\"https:\/\/www.lepointdufle.net\/p\/comprehensionaudio.htm#A1A2\" target=\"_blank\">Varios ejercicios para mejorar tu comprehensi\u00f3n oral<\/a><\/li>\n\n\n\n<li><a rel=\"noreferrer noopener\" href=\"https:\/\/apprendre.tv5monde.com\/fr\/exercices\/a2-elementaire\" target=\"_blank\">Varios ejercicios para mejorar tu comprensi\u00f3n oral 2<\/a><\/li>\n\n\n\n<li><a rel=\"noreferrer noopener\" href=\"https:\/\/www.fun-mooc.fr\/fr\/cours\/vivre-en-france-a2\/\" target=\"_blank\">Un video sobre el tema de \u00abVivir en Francia\u00bb<\/a>&nbsp;A2<\/li>\n\n\n\n<li><a rel=\"noreferrer noopener\" href=\"https:\/\/www.fun-mooc.fr\/fr\/cours\/travailler-en-france-a2-b1\/\" target=\"_blank\">Un video sobre el tema de \u00abTrabajar en Francia\u00bb<\/a><\/li>\n<\/ul>\n<\/div>\n\n\n\n<div class=\"wp-block-group is-vertical is-content-justification-center is-layout-flex wp-container-core-group-is-layout-ce155fab wp-block-group-is-layout-flex\">\n<p class=\"has-text-align-center\"><strong>Compr\u00e9hension Ecrite<\/strong><\/p>\n\n\n\n<ul class=\"wp-block-list\" style=\"font-size:14px\">\n<li><a rel=\"noreferrer noopener\" href=\"https:\/\/www.bruxellesfle.be\/objets-trouves-stib\/\" target=\"_blank\">Ejercicio sobre el tema de \u00abObjetos encontrados\u00bb<\/a><\/li>\n\n\n\n<li><a rel=\"noreferrer noopener\" href=\"https:\/\/didier-equipereussite.com\/ressources\/exercices\/atelier\/A2\/atelier_a2_mn_unite5_site\/atelier_a2_mn_unite5_site-quz-0005.html\" target=\"_blank\">Ejercicio sobre el tema siguiente: <\/a><br><a rel=\"noreferrer noopener\" href=\"https:\/\/didier-equipereussite.com\/ressources\/exercices\/atelier\/A2\/atelier_a2_mn_unite5_site\/atelier_a2_mn_unite5_site-quz-0005.html\" target=\"_blank\">\u00ab\u00a1tengo que anunciarte una grande noticia!\u00bb<\/a><\/li>\n\n\n\n<li><a rel=\"noreferrer noopener\" href=\"https:\/\/didier-equipereussite.com\/ressources\/exercices\/saison\/saison_01\/site_saison_1_u6\/site_saison_1_u6-quz-0013.html\" target=\"_blank\">Ejercicio sobre el tema de los viajes<\/a><\/li>\n\n\n\n<li><a rel=\"noreferrer noopener\" href=\"https:\/\/didier-equipereussite.com\/ressources\/exercices\/saison\/saison_02\/site_saison_2_u1\/site_saison_2_u1-quz-0008.html\" target=\"_blank\">Ejercicio sobre el tema de la creaci\u00f3n de un club<\/a><\/li>\n<\/ul>\n<\/div>\n\n\n\n<div class=\"wp-block-group is-vertical is-content-justification-center is-layout-flex wp-container-core-group-is-layout-ce155fab wp-block-group-is-layout-flex\">\n<p><strong>Production Orale<\/strong><\/p>\n\n\n\n<ul class=\"wp-block-list\" style=\"font-size:14px\">\n<li><a rel=\"noreferrer noopener\" href=\"https:\/\/transformingfsl.ca\/wp-content\/uploads\/2015\/12\/PO_Exemple_2_A2.pdf\" target=\"_blank\">Ejemplo de una producci\u00f3n oral corregida<\/a><\/li>\n\n\n\n<li><a rel=\"noreferrer noopener\" href=\"https:\/\/lacroiseefr.wordpress.com\/2010\/06\/10\/les-exposes-oraux\/\" target=\"_blank\">Consejos para preparar una presentaci\u00f3n oral<\/a><\/li>\n\n\n\n<li><a rel=\"noreferrer noopener\" href=\"https:\/\/wordwall.net\/fr\/resource\/15829162\/fr-parlons-francais\" target=\"_blank\">Juego de la \u00abrueda aleatoria\u00bb<\/a><\/li>\n<\/ul>\n<\/div>\n\n\n\n<div class=\"wp-block-group is-vertical is-content-justification-center is-layout-flex wp-container-core-group-is-layout-ce155fab wp-block-group-is-layout-flex\">\n<p><strong>Production Ecrite<\/strong><\/p>\n\n\n\n<ul class=\"wp-block-list\" style=\"font-size:14px\">\n<li><a rel=\"noreferrer noopener\" href=\"https:\/\/transformingfsl.ca\/wp-content\/uploads\/2015\/12\/PE_Exemple_2_A2.pdf\" target=\"_blank\">Ejemplo de producci\u00f3n escrita corregida<\/a><\/li>\n\n\n\n<li><a rel=\"noreferrer noopener\" href=\"https:\/\/www.linstit.com\/exercice-francais-dictee.html\" target=\"_blank\">Dictados<\/a><\/li>\n\n\n\n<li><a href=\"https:\/\/www.francaisfacile.com\/exercices\/exercice-francais-2\/exercice-francais-6391.php\" target=\"_blank\" rel=\"noreferrer noopener\">Ejercicios de ortograf\u00eda<\/a><\/li>\n\n\n\n<li><a rel=\"noreferrer noopener\" href=\"http:\/\/www.voyagesenfrancais.fr\/?rubrique11\" target=\"_blank\">Sitio web para construir tus propias postales<\/a><\/li>\n<\/ul>\n<\/div>\n<\/div>\n<\/div>\n\n\n\n<div id=\"b1\" class=\"wp-block-group has-base-background-color has-background has-global-padding is-content-justification-center is-layout-constrained wp-container-core-group-is-layout-37c214c9 wp-block-group-is-layout-constrained\" style=\"padding-top:var(--wp--preset--spacing--30);padding-right:var(--wp--preset--spacing--30);padding-bottom:var(--wp--preset--spacing--30);padding-left:var(--wp--preset--spacing--30)\">\n<h5 class=\"wp-block-heading has-text-align-left\">NIVEL B1<\/h5>\n\n\n\n<div class=\"wp-block-group is-layout-flow wp-block-group-is-layout-flow\">\n<p><strong>Competencias esperadas: <\/strong>Es capaz de comprender los puntos principales de textos claros y en lengua est\u00e1ndar si tratan sobre cuestiones que le son conocidas, ya sea en situaciones de trabajo, de estudio o de ocio.&nbsp;<\/p>\n\n\n\n<p>Sabe desenvolverse en la mayor parte de las situaciones que pueden surgir durante un viaje por zonas donde se utiliza la lengua.&nbsp;<\/p>\n\n\n\n<p>Es capaz de producir textos sencillos y coherentes sobre temas que le son familiares o en los que tiene un inter\u00e9s personal.&nbsp;<\/p>\n\n\n\n<p>Puede describir experiencias, acontecimientos, deseos y aspiraciones, as\u00ed como justificar brevemente sus opiniones o explicar sus planes.&nbsp;<\/p>\n<\/div>\n\n\n\n<p class=\"has-text-align-left\"><a rel=\"noreferrer noopener\" href=\"https:\/\/www.france-education-international.fr\/document\/delf-a2-tp-candidat-coll-exemple10\" target=\"_blank\"><\/a><strong><a rel=\"noreferrer noopener\" href=\"https:\/\/www.france-education-international.fr\/document\/delf-b1-tp-candidat-coll-exemple1\" target=\"_blank\">Ejemplo de evaluaci\u00f3n de nivel B1<\/a><\/strong>.<\/p>\n\n\n\n<div class=\"wp-block-group is-content-justification-center is-layout-flex wp-container-core-group-is-layout-7b773eaf wp-block-group-is-layout-flex\">\n<div class=\"wp-block-group is-vertical is-content-justification-center is-layout-flex wp-container-core-group-is-layout-ce155fab wp-block-group-is-layout-flex\">\n<p><strong>Compr\u00e9hension Orale<\/strong><\/p>\n\n\n\n<ul class=\"wp-block-list\" style=\"font-size:14px\">\n<li><a rel=\"noreferrer noopener\" href=\"https:\/\/www.lepointdufle.net\/p\/comprehensionaudio.htm#B1B2\" target=\"_blank\">Varios ejercicios para mejorar tu comprehensi\u00f3n oral<\/a><\/li>\n\n\n\n<li><a rel=\"noreferrer noopener\" href=\"https:\/\/apprendre.tv5monde.com\/fr\/exercices\/b1-intermediaire\" target=\"_blank\">Varios ejercicios para mejorar tu comprensi\u00f3n oral<\/a><\/li>\n\n\n\n<li><a rel=\"noreferrer noopener\" href=\"https:\/\/www.fun-mooc.fr\/fr\/cours\/vivre-en-france-b1\/\" target=\"_blank\">Un video sobre el tema de \u00abVivir en Francia\u00bb<\/a><\/li>\n<\/ul>\n<\/div>\n\n\n\n<div class=\"wp-block-group is-vertical is-content-justification-center is-layout-flex wp-container-core-group-is-layout-ce155fab wp-block-group-is-layout-flex\">\n<p class=\"has-text-align-center\"><strong>Compr\u00e9hension Ecrite<\/strong><\/p>\n\n\n\n<ul class=\"wp-block-list\" style=\"font-size:14px\">\n<li><a rel=\"noreferrer noopener\" href=\"https:\/\/communfrancais.com\/2021\/11\/03\/articles-delf-b1\/\" target=\"_blank\">Preparar su examen DELF &#8211; B1<\/a><\/li>\n\n\n\n<li><a rel=\"noreferrer noopener\" href=\"https:\/\/didier-equipereussite.com\/ressources\/exercices\/saison\/saison_03\/site_saison_3_u8\/site_saison_3_u8-quz-0014.html\" target=\"_blank\">Un tipo de ejercicio de comprehensi\u00f3n escrita<\/a><\/li>\n\n\n\n<li><a rel=\"noreferrer noopener\" href=\"https:\/\/didier-equipereussite.com\/ressources\/exercices\/saison\/saison_04\/site_saison_4_u2\/site_saison_4_u2-quz-0008.html\" target=\"_blank\">Un tipo de ejericico de comprehensi\u00f3n escrita 2<\/a><\/li>\n<\/ul>\n<\/div>\n\n\n\n<div class=\"wp-block-group is-vertical is-content-justification-center is-layout-flex wp-container-core-group-is-layout-ce155fab wp-block-group-is-layout-flex\">\n<p><strong>Production Orale<\/strong><\/p>\n\n\n\n<ul class=\"wp-block-list\" style=\"font-size:14px\">\n<li><a rel=\"noreferrer noopener\" href=\"https:\/\/transformingfsl.ca\/wp-content\/uploads\/2015\/12\/PO_Exemple_4_B1.pdf\" target=\"_blank\">Ejemplo de producci\u00f3n oral coregida<\/a>&nbsp;<\/li>\n\n\n\n<li><a rel=\"noreferrer noopener\" href=\"https:\/\/wordwall.net\/fr\/resource\/9245037\/faisons-connaissance-\" target=\"_blank\">El juego de la rueda aleatoria<\/a><\/li>\n<\/ul>\n<\/div>\n\n\n\n<div class=\"wp-block-group is-vertical is-content-justification-center is-layout-flex wp-container-core-group-is-layout-ce155fab wp-block-group-is-layout-flex\">\n<p><strong>Production Ecrite<\/strong><\/p>\n\n\n\n<ul class=\"wp-block-list\" style=\"font-size:14px\">\n<li><a rel=\"noreferrer noopener\" href=\"https:\/\/transformingfsl.ca\/wp-content\/uploads\/2015\/12\/PE_Exemple_4_B1.pdf\" target=\"_blank\">Ejemplo de producci\u00f3n escrita corregida<\/a><\/li>\n\n\n\n<li><a rel=\"noreferrer noopener\" href=\"https:\/\/www.francepodcasts.com\/2022\/09\/26\/decouverte-dune-nouvelle-planete\/\" target=\"_blank\">Ejercicio sobre el descubrimiento de un nuevo planeta<\/a>&nbsp;<\/li>\n\n\n\n<li><a rel=\"noreferrer noopener\" href=\"https:\/\/www.oqlf.gouv.qc.ca\/ressources\/auto_eval\/\" target=\"_blank\">Dictados<\/a>&nbsp;<\/li>\n<\/ul>\n<\/div>\n<\/div>\n<\/div>\n\n\n\n<div id=\"b2\" class=\"wp-block-group has-background is-layout-flow wp-container-core-group-is-layout-ada9b331 wp-block-group-is-layout-flow\" style=\"background-color:#e5ebe9;padding-top:var(--wp--preset--spacing--30);padding-right:var(--wp--preset--spacing--30);padding-bottom:var(--wp--preset--spacing--30);padding-left:var(--wp--preset--spacing--30)\">\n<h5 class=\"wp-block-heading has-text-align-left\">NIVEL B2<\/h5>\n\n\n\n<div class=\"wp-block-group is-layout-flow wp-block-group-is-layout-flow\">\n<p><strong>Competencias esperadas: <\/strong>Es capaz de entender las ideas principales de textos complejos que traten de temas tanto concretos como abstractos, incluso si son de car\u00e1cter t\u00e9cnico, siempre que est\u00e9n dentro de su campo de especializaci\u00f3n.&nbsp;<\/p>\n\n\n\n<p>Puede relacionarse con hablantes nativos con un grado suficiente de fluidez y naturalidad, de modo que la comunicaci\u00f3n se realice sin esfuerzo por parte de los interlocutores.&nbsp;<\/p>\n\n\n\n<p>Puede producir textos claros y detallados sobre temas diversos, as\u00ed como defender un punto de vista sobre temas generales, indic\u00e1ndolos pros y los contras de las distintas opciones.&nbsp;<\/p>\n<\/div>\n\n\n\n<p class=\"has-text-align-left\"><a rel=\"noreferrer noopener\" href=\"https:\/\/www.france-education-international.fr\/document\/delf-a2-tp-candidat-coll-exemple10\" target=\"_blank\"><\/a><strong><a rel=\"noreferrer noopener\" href=\"https:\/\/www.france-education-international.fr\/document\/delf-b1-tp-candidat-coll-exemple1\" target=\"_blank\"><\/a><a rel=\"noreferrer noopener\" href=\"https:\/\/www.france-education-international.fr\/document\/delf-b2-tp-candidat-coll-exemple1\" target=\"_blank\">Ejemplo de evaluaci\u00f3n de nivel B2<\/a><\/strong>.<\/p>\n\n\n\n<div class=\"wp-block-group is-content-justification-center is-layout-flex wp-container-core-group-is-layout-7b773eaf wp-block-group-is-layout-flex\">\n<div class=\"wp-block-group is-vertical is-content-justification-center is-layout-flex wp-container-core-group-is-layout-ce155fab wp-block-group-is-layout-flex\">\n<p><strong>Compr\u00e9hension Orale<\/strong><\/p>\n\n\n\n<ul class=\"wp-block-list\" style=\"font-size:14px\">\n<li><a rel=\"noreferrer noopener\" href=\"https:\/\/www.fun-mooc.fr\/fr\/cours\/preparer-et-reussir-le-delf-b2-et-le-dalf-c1\/\" target=\"_blank\">Preparar su DELF B2<\/a><\/li>\n\n\n\n<li><a rel=\"noreferrer noopener\" href=\"https:\/\/apprendre.tv5monde.com\/fr\/exercices\/b2-avance\" target=\"_blank\">Varios ejercicios para mejorar tu comprensi\u00f3n oral<\/a><\/li>\n<\/ul>\n<\/div>\n\n\n\n<div class=\"wp-block-group is-vertical is-content-justification-center is-layout-flex wp-container-core-group-is-layout-ce155fab wp-block-group-is-layout-flex\">\n<p class=\"has-text-align-center\"><strong>Compr\u00e9hension Ecrite<\/strong><\/p>\n\n\n\n<ul class=\"wp-block-list\" style=\"font-size:14px\">\n<li><a rel=\"noreferrer noopener\" href=\"https:\/\/courstoujours.be\/Lecture\/Sommaire.htm\" target=\"_blank\">Varios ejercicios para mejorar tu comprensi\u00f3n escrita<\/a><\/li>\n\n\n\n<li><a rel=\"noreferrer noopener\" href=\"https:\/\/lepetitscribe.com\/2018\/03\/03\/jeunes-accros-info-fle\/\" target=\"_blank\">Tipo de ejercicio de comprensi\u00f3n escrita<\/a><\/li>\n\n\n\n<li><a rel=\"noreferrer noopener\" href=\"http:\/\/ecole.toussaint.free.fr\/lafouine\/lafouine.htm\" target=\"_blank\">Juego de comprensi\u00f3n escrita<\/a><\/li>\n<\/ul>\n<\/div>\n\n\n\n<div class=\"wp-block-group is-vertical is-content-justification-center is-layout-flex wp-container-core-group-is-layout-ce155fab wp-block-group-is-layout-flex\">\n<p><strong>Production Orale<\/strong><\/p>\n\n\n\n<ul class=\"wp-block-list\" style=\"font-size:14px\">\n<li><a rel=\"noreferrer noopener\" href=\"http:\/\/www.delfdalf.fr\/exemple-sujet-delf-b2-tous-publics.html\" target=\"_blank\">Varios ejercicios para mejorar tu producci\u00f3n oral<\/a><\/li>\n\n\n\n<li><a rel=\"noreferrer noopener\" href=\"https:\/\/transformingfsl.ca\/wp-content\/uploads\/2015\/12\/PO_Exemple_6_B2.pdf\" target=\"_blank\">Ejemplo de producci\u00f3n oral corregida<\/a><\/li>\n<\/ul>\n<\/div>\n\n\n\n<div class=\"wp-block-group is-vertical is-content-justification-center is-layout-flex wp-container-core-group-is-layout-ce155fab wp-block-group-is-layout-flex\">\n<p><strong>Production Ecrite<\/strong><\/p>\n\n\n\n<ul class=\"wp-block-list\" style=\"font-size:14px\">\n<li><a rel=\"noreferrer noopener\" href=\"https:\/\/transformingfsl.ca\/wp-content\/uploads\/2015\/12\/PE_Exemple_6_B2.pdf\" target=\"_blank\">Ejemplo de producci\u00f3n escrita corregida<\/a><\/li>\n\n\n\n<li><a rel=\"noreferrer noopener\" href=\"https:\/\/communfrancais.com\/2017\/03\/26\/lettre-de-protestation-au-delf-b2\/\" target=\"_blank\">Ejercicio sobre una carta de protestaci\u00f3n<\/a>&nbsp;<\/li>\n\n\n\n<li><a rel=\"noreferrer noopener\" href=\"https:\/\/communfrancais.com\/category\/production-ecrite\/\" target=\"_blank\">Preparar su DELF B2<\/a><\/li>\n<\/ul>\n<\/div>\n<\/div>\n<\/div>\n<\/div>\n","protected":false},"excerpt":{"rendered":"<p>Presentaci\u00f3n de la p\u00e1gina Plataforma para aprender o mejorar tu franc\u00e9s, aqu\u00ed encontrar\u00e1s todo tipo de ejercicios, diccionarios, expresiones, vocabulario y mucho m\u00e1s! Luego, te hemos organizado varios tipos de ejercicios divididos por niveles, desde el m\u00e1s b\u00e1sico A1 hasta el nivel B2.&nbsp; Estas dos plataformas son completamente gratuitas as\u00ed que aprovecha y anim\u00e1te a [&hellip;]<\/p>\n","protected":false},"author":5,"featured_media":157,"parent":0,"menu_order":0,"comment_status":"closed","ping_status":"closed","template":"","meta":{"_acf_changed":false,"footnotes":""},"class_list":["post-43","page","type-page","status-publish","has-post-thumbnail","hentry"],"acf":[],"_links":{"self":[{"href":"https:\/\/www.usal.edu.ar\/espacio-francofono\/wp-json\/wp\/v2\/pages\/43","targetHints":{"allow":["GET"]}}],"collection":[{"href":"https:\/\/www.usal.edu.ar\/espacio-francofono\/wp-json\/wp\/v2\/pages"}],"about":[{"href":"https:\/\/www.usal.edu.ar\/espacio-francofono\/wp-json\/wp\/v2\/types\/page"}],"author":[{"embeddable":true,"href":"https:\/\/www.usal.edu.ar\/espacio-francofono\/wp-json\/wp\/v2\/users\/5"}],"replies":[{"embeddable":true,"href":"https:\/\/www.usal.edu.ar\/espacio-francofono\/wp-json\/wp\/v2\/comments?post=43"}],"version-history":[{"count":10,"href":"https:\/\/www.usal.edu.ar\/espacio-francofono\/wp-json\/wp\/v2\/pages\/43\/revisions"}],"predecessor-version":[{"id":391,"href":"https:\/\/www.usal.edu.ar\/espacio-francofono\/wp-json\/wp\/v2\/pages\/43\/revisions\/391"}],"wp:featuredmedia":[{"embeddable":true,"href":"https:\/\/www.usal.edu.ar\/espacio-francofono\/wp-json\/wp\/v2\/media\/157"}],"wp:attachment":[{"href":"https:\/\/www.usal.edu.ar\/espacio-francofono\/wp-json\/wp\/v2\/media?parent=43"}],"curies":[{"name":"wp","href":"https:\/\/api.w.org\/{rel}","templated":true}]}}