{"id":7,"date":"2023-09-12T21:14:26","date_gmt":"2023-09-12T19:14:26","guid":{"rendered":"https:\/\/www.usal.edu.ar\/centrofrancofono\/?page_id=7"},"modified":"2025-08-14T09:21:02","modified_gmt":"2025-08-14T12:21:02","slug":"centro-francofono","status":"publish","type":"page","link":"https:\/\/www.usal.edu.ar\/espacio-francofono\/","title":{"rendered":"Espacio Franc\u00f3fono"},"content":{"rendered":"\n<div class=\"wp-block-group has-global-padding is-layout-constrained wp-block-group-is-layout-constrained\">\n<div class=\"wp-block-group has-background is-layout-flow wp-container-core-group-is-layout-976111d9 wp-block-group-is-layout-flow\" style=\"background-color:#ffffff1a;padding-top:0;padding-right:var(--wp--preset--spacing--30);padding-bottom:0;padding-left:var(--wp--preset--spacing--30)\">\n<div class=\"wp-block-group has-border-color has-background is-layout-flow wp-container-core-group-is-layout-f53edf0b wp-block-group-is-layout-flow\" style=\"border-color:#abb8c3;border-width:1px;border-radius:5px;background-color:#ffffff5c;min-height:300px;margin-top:var(--wp--preset--spacing--30);margin-bottom:var(--wp--preset--spacing--30);padding-top:var(--wp--preset--spacing--30);padding-right:var(--wp--preset--spacing--30);padding-bottom:var(--wp--preset--spacing--30);padding-left:var(--wp--preset--spacing--30)\">\n<div class=\"wp-block-media-text is-stacked-on-mobile\" style=\"grid-template-columns:37% auto\"><figure class=\"wp-block-media-text__media\"><img loading=\"lazy\" decoding=\"async\" width=\"715\" height=\"267\" src=\"https:\/\/www.usal.edu.ar\/espacio-francofono\/wp-content\/uploads\/sites\/3\/2024\/09\/LOGO-CNF_CEF-BUENOS-AIRES-OK.png\" alt=\"\" class=\"wp-image-311 size-full\" srcset=\"https:\/\/www.usal.edu.ar\/espacio-francofono\/wp-content\/uploads\/sites\/3\/2024\/09\/LOGO-CNF_CEF-BUENOS-AIRES-OK.png 715w, https:\/\/www.usal.edu.ar\/espacio-francofono\/wp-content\/uploads\/sites\/3\/2024\/09\/LOGO-CNF_CEF-BUENOS-AIRES-OK-300x112.png 300w\" sizes=\"auto, (max-width: 715px) 100vw, 715px\" \/><\/figure><div class=\"wp-block-media-text__content\">\n<p>En 2023, el <a href=\"https:\/\/cef.auf.org\/CEF%20de%20Buenos%20Aires\">Centro de Empleabilidad Franc\u00f3fono y el Campus Digital Franc\u00f3fono de Buenos Aires<\/a> fueron creados en la USAL por iniciativa de la AUF (Agencia Universitaria de la Francofon\u00eda).<\/p>\n\n\n\n<p>El espacio franc\u00f3fono USAL-AUF se integra en la red mundial de estos centros. <a href=\"https:\/\/cef.auf.org\/\">Es una red dentro de la red de la AUF<\/a>.<\/p>\n\n\n\n<p>En este marco, acompa\u00f1amos a los estudiantes en su trayectoria para una mejor inserci\u00f3n acad\u00e9mica y profesional, organizando, entre otras iniciativas, actividades en colaboraci\u00f3n con las instituciones franc\u00f3fonas de Argentina.<\/p>\n<\/div><\/div>\n<\/div>\n<\/div>\n\n\n\n<div class=\"wp-block-group titulo1 has-global-padding is-layout-constrained wp-block-group-is-layout-constrained\" style=\"margin-top:var(--wp--preset--spacing--30);margin-bottom:var(--wp--preset--spacing--30)\">\n<hr class=\"wp-block-separator has-text-color has-primary-color has-alpha-channel-opacity has-primary-background-color has-background linea-base-titulo\" style=\"margin-bottom:var(--wp--preset--spacing--30)\" \/>\n<\/div>\n\n\n\n<div class=\"wp-block-group is-layout-flow wp-block-group-is-layout-flow\" style=\"margin-top:var(--wp--preset--spacing--30);margin-bottom:var(--wp--preset--spacing--30)\">\n<div class=\"wp-block-group is-vertical is-content-justification-stretch is-layout-flex wp-container-core-group-is-layout-787e25d3 wp-block-group-is-layout-flex\" style=\"margin-top:var(--wp--preset--spacing--30);margin-bottom:var(--wp--preset--spacing--30);padding-right:var(--wp--preset--spacing--30);padding-left:var(--wp--preset--spacing--30)\">\n<div class=\"wp-block-columns is-layout-flex wp-container-core-columns-is-layout-87beb0d0 wp-block-columns-is-layout-flex\">\n<div class=\"wp-block-column is-layout-flow wp-block-column-is-layout-flow\" style=\"flex-basis:33.34%\">\n<div class=\"wp-block-cover is-light has-custom-content-position is-position-bottom-center container-propuesta\" style=\"border-radius:10px;min-height:250px;aspect-ratio:unset;\"><img loading=\"lazy\" decoding=\"async\" width=\"1280\" height=\"1242\" class=\"wp-block-cover__image-background wp-image-305\" alt=\"\" src=\"https:\/\/www.usal.edu.ar\/espacio-francofono\/wp-content\/uploads\/sites\/3\/2024\/09\/Parler-FR.png\" data-object-fit=\"cover\" srcset=\"https:\/\/www.usal.edu.ar\/espacio-francofono\/wp-content\/uploads\/sites\/3\/2024\/09\/Parler-FR.png 1280w, https:\/\/www.usal.edu.ar\/espacio-francofono\/wp-content\/uploads\/sites\/3\/2024\/09\/Parler-FR-300x291.png 300w, https:\/\/www.usal.edu.ar\/espacio-francofono\/wp-content\/uploads\/sites\/3\/2024\/09\/Parler-FR-1024x994.png 1024w, https:\/\/www.usal.edu.ar\/espacio-francofono\/wp-content\/uploads\/sites\/3\/2024\/09\/Parler-FR-768x745.png 768w\" sizes=\"auto, (max-width: 1280px) 100vw, 1280px\" \/><span aria-hidden=\"true\" class=\"wp-block-cover__background has-background-dim-0 has-background-dim\" style=\"background-color:#e6e2e7\"><\/span><div class=\"wp-block-cover__inner-container has-global-padding is-layout-constrained wp-block-cover-is-layout-constrained\">\n<div class=\"wp-block-buttons is-content-justification-center is-layout-flex wp-container-core-buttons-is-layout-a89b3969 wp-block-buttons-is-layout-flex\">\n<div class=\"wp-block-button boton-tipo-propuesta\"><a class=\"wp-block-button__link has-primary-color has-base-background-color has-text-color has-background has-small-font-size has-text-align-center has-custom-font-size wp-element-button\" href=\"\/espacio-francofono\/recursos-frances\/\" style=\"border-radius:5px;font-style:normal;font-weight:700\">Aprender franc\u00e9s<\/a><\/div>\n<\/div>\n<\/div><\/div>\n<\/div>\n\n\n\n<div class=\"wp-block-column is-layout-flow wp-block-column-is-layout-flow\" style=\"flex-basis:33.34%\">\n<div class=\"wp-block-cover is-light has-custom-content-position is-position-bottom-center container-propuesta\" style=\"border-radius:10px;min-height:250px;aspect-ratio:unset;\"><img loading=\"lazy\" decoding=\"async\" width=\"1024\" height=\"994\" class=\"wp-block-cover__image-background wp-image-432 size-large\" alt=\"\" src=\"https:\/\/www.usal.edu.ar\/espacio-francofono\/wp-content\/uploads\/sites\/3\/2025\/08\/Boton-vivi-francia-2025-1024x994.png\" data-object-fit=\"cover\" srcset=\"https:\/\/www.usal.edu.ar\/espacio-francofono\/wp-content\/uploads\/sites\/3\/2025\/08\/Boton-vivi-francia-2025-1024x994.png 1024w, https:\/\/www.usal.edu.ar\/espacio-francofono\/wp-content\/uploads\/sites\/3\/2025\/08\/Boton-vivi-francia-2025-300x291.png 300w, https:\/\/www.usal.edu.ar\/espacio-francofono\/wp-content\/uploads\/sites\/3\/2025\/08\/Boton-vivi-francia-2025-768x745.png 768w, https:\/\/www.usal.edu.ar\/espacio-francofono\/wp-content\/uploads\/sites\/3\/2025\/08\/Boton-vivi-francia-2025.png 1280w\" sizes=\"auto, (max-width: 1024px) 100vw, 1024px\" \/><span aria-hidden=\"true\" class=\"wp-block-cover__background has-background-dim-0 has-background-dim\" style=\"background-color:#ededed\"><\/span><div class=\"wp-block-cover__inner-container has-global-padding is-layout-constrained wp-block-cover-is-layout-constrained\">\n<div class=\"wp-block-buttons is-content-justification-center is-layout-flex wp-container-core-buttons-is-layout-a89b3969 wp-block-buttons-is-layout-flex\">\n<div class=\"wp-block-button boton-tipo-propuesta\"><a class=\"wp-block-button__link has-primary-color has-base-background-color has-text-color has-background has-small-font-size has-text-align-center has-custom-font-size wp-element-button\" href=\"https:\/\/www.usal.edu.ar\/espacio-francofono\/vivi-francia-con-la-usal-2024\/\" style=\"border-radius:5px;font-style:normal;font-weight:700\">Viv\u00ed Francia 2025<\/a><\/div>\n<\/div>\n<\/div><\/div>\n<\/div>\n\n\n\n<div class=\"wp-block-column is-layout-flow wp-block-column-is-layout-flow\" style=\"flex-basis:33.33%\">\n<div class=\"wp-block-cover is-light has-custom-content-position is-position-bottom-center container-propuesta\" style=\"border-radius:10px;min-height:250px;aspect-ratio:unset;\"><img loading=\"lazy\" decoding=\"async\" width=\"1280\" height=\"1242\" class=\"wp-block-cover__image-background wp-image-307\" alt=\"\" src=\"https:\/\/www.usal.edu.ar\/espacio-francofono\/wp-content\/uploads\/sites\/3\/2024\/09\/AUF.png\" data-object-fit=\"cover\" srcset=\"https:\/\/www.usal.edu.ar\/espacio-francofono\/wp-content\/uploads\/sites\/3\/2024\/09\/AUF.png 1280w, https:\/\/www.usal.edu.ar\/espacio-francofono\/wp-content\/uploads\/sites\/3\/2024\/09\/AUF-300x291.png 300w, https:\/\/www.usal.edu.ar\/espacio-francofono\/wp-content\/uploads\/sites\/3\/2024\/09\/AUF-1024x994.png 1024w, https:\/\/www.usal.edu.ar\/espacio-francofono\/wp-content\/uploads\/sites\/3\/2024\/09\/AUF-768x745.png 768w\" sizes=\"auto, (max-width: 1280px) 100vw, 1280px\" \/><span aria-hidden=\"true\" class=\"wp-block-cover__background has-background-dim-0 has-background-dim\" style=\"background-color:#f8f4f4\"><\/span><div class=\"wp-block-cover__inner-container has-global-padding is-layout-constrained wp-block-cover-is-layout-constrained\">\n<div class=\"wp-block-buttons is-content-justification-center is-layout-flex wp-container-core-buttons-is-layout-a89b3969 wp-block-buttons-is-layout-flex\">\n<div class=\"wp-block-button boton-tipo-propuesta\"><a class=\"wp-block-button__link has-primary-color has-base-background-color has-text-color has-background has-small-font-size has-text-align-center has-custom-font-size wp-element-button\" href=\"https:\/\/www.auf.org\/\" style=\"border-radius:5px;font-style:normal;font-weight:700\">Agence Universitaire de la Francophonie<\/a><\/div>\n<\/div>\n<\/div><\/div>\n<\/div>\n<\/div>\n\n\n\n<div class=\"wp-block-columns is-layout-flex wp-container-core-columns-is-layout-87beb0d0 wp-block-columns-is-layout-flex\">\n<div class=\"wp-block-column is-layout-flow wp-block-column-is-layout-flow\" style=\"flex-basis:33.34%\">\n<div class=\"wp-block-cover is-light has-custom-content-position is-position-bottom-center container-propuesta\" style=\"border-radius:10px;min-height:250px;aspect-ratio:unset;\"><img loading=\"lazy\" decoding=\"async\" width=\"1280\" height=\"1242\" class=\"wp-block-cover__image-background wp-image-308\" alt=\"\" src=\"https:\/\/www.usal.edu.ar\/espacio-francofono\/wp-content\/uploads\/sites\/3\/2024\/09\/Club-francophone.png\" data-object-fit=\"cover\" srcset=\"https:\/\/www.usal.edu.ar\/espacio-francofono\/wp-content\/uploads\/sites\/3\/2024\/09\/Club-francophone.png 1280w, https:\/\/www.usal.edu.ar\/espacio-francofono\/wp-content\/uploads\/sites\/3\/2024\/09\/Club-francophone-300x291.png 300w, https:\/\/www.usal.edu.ar\/espacio-francofono\/wp-content\/uploads\/sites\/3\/2024\/09\/Club-francophone-1024x994.png 1024w, https:\/\/www.usal.edu.ar\/espacio-francofono\/wp-content\/uploads\/sites\/3\/2024\/09\/Club-francophone-768x745.png 768w\" sizes=\"auto, (max-width: 1280px) 100vw, 1280px\" \/><span aria-hidden=\"true\" class=\"wp-block-cover__background has-background-dim-0 has-background-dim\" style=\"background-color:#f0edef\"><\/span><div class=\"wp-block-cover__inner-container has-global-padding is-layout-constrained wp-block-cover-is-layout-constrained\">\n<div class=\"wp-block-buttons is-content-justification-center is-layout-flex wp-container-core-buttons-is-layout-a89b3969 wp-block-buttons-is-layout-flex\">\n<div class=\"wp-block-button boton-tipo-propuesta\"><a class=\"wp-block-button__link has-primary-color has-base-background-color has-text-color has-background has-small-font-size has-text-align-center has-custom-font-size wp-element-button\" href=\"https:\/\/ar.linkedin.com\/company\/club-francofono-usal\" style=\"border-radius:5px;font-style:normal;font-weight:700\">Club francophone<\/a><\/div>\n<\/div>\n<\/div><\/div>\n<\/div>\n\n\n\n<div class=\"wp-block-column is-layout-flow wp-block-column-is-layout-flow\" style=\"flex-basis:33.34%\">\n<div class=\"wp-block-cover is-light has-custom-content-position is-position-bottom-center container-propuesta\" style=\"border-radius:10px;min-height:250px;aspect-ratio:unset;\"><img loading=\"lazy\" decoding=\"async\" width=\"1280\" height=\"1242\" class=\"wp-block-cover__image-background wp-image-310\" alt=\"\" src=\"https:\/\/www.usal.edu.ar\/espacio-francofono\/wp-content\/uploads\/sites\/3\/2024\/09\/Aprender-y-Emprender.png\" data-object-fit=\"cover\" srcset=\"https:\/\/www.usal.edu.ar\/espacio-francofono\/wp-content\/uploads\/sites\/3\/2024\/09\/Aprender-y-Emprender.png 1280w, https:\/\/www.usal.edu.ar\/espacio-francofono\/wp-content\/uploads\/sites\/3\/2024\/09\/Aprender-y-Emprender-300x291.png 300w, https:\/\/www.usal.edu.ar\/espacio-francofono\/wp-content\/uploads\/sites\/3\/2024\/09\/Aprender-y-Emprender-1024x994.png 1024w, https:\/\/www.usal.edu.ar\/espacio-francofono\/wp-content\/uploads\/sites\/3\/2024\/09\/Aprender-y-Emprender-768x745.png 768w\" sizes=\"auto, (max-width: 1280px) 100vw, 1280px\" \/><span aria-hidden=\"true\" class=\"wp-block-cover__background has-background-dim-0 has-background-dim\" style=\"background-color:#f6f2f4\"><\/span><div class=\"wp-block-cover__inner-container has-global-padding is-layout-constrained wp-block-cover-is-layout-constrained\">\n<div class=\"wp-block-buttons is-content-justification-center is-layout-flex wp-container-core-buttons-is-layout-a89b3969 wp-block-buttons-is-layout-flex\">\n<div class=\"wp-block-button boton-tipo-propuesta\"><a class=\"wp-block-button__link has-primary-color has-base-background-color has-text-color has-background has-small-font-size has-text-align-center has-custom-font-size wp-element-button\" style=\"border-radius:5px;font-style:normal;font-weight:700\">Disertar y Emprender<\/a><\/div>\n<\/div>\n<\/div><\/div>\n<\/div>\n\n\n\n<div class=\"wp-block-column is-layout-flow wp-block-column-is-layout-flow\" style=\"flex-basis:33.34%\">\n<div class=\"wp-block-cover is-light has-custom-content-position is-position-bottom-center container-propuesta\" style=\"border-radius:10px;min-height:250px;aspect-ratio:unset;\"><img loading=\"lazy\" decoding=\"async\" width=\"1280\" height=\"1242\" class=\"wp-block-cover__image-background wp-image-368\" alt=\"\" src=\"https:\/\/www.usal.edu.ar\/espacio-francofono\/wp-content\/uploads\/sites\/3\/2024\/12\/Bouton-OFIT.png\" data-object-fit=\"cover\" srcset=\"https:\/\/www.usal.edu.ar\/espacio-francofono\/wp-content\/uploads\/sites\/3\/2024\/12\/Bouton-OFIT.png 1280w, https:\/\/www.usal.edu.ar\/espacio-francofono\/wp-content\/uploads\/sites\/3\/2024\/12\/Bouton-OFIT-300x291.png 300w, https:\/\/www.usal.edu.ar\/espacio-francofono\/wp-content\/uploads\/sites\/3\/2024\/12\/Bouton-OFIT-1024x994.png 1024w, https:\/\/www.usal.edu.ar\/espacio-francofono\/wp-content\/uploads\/sites\/3\/2024\/12\/Bouton-OFIT-768x745.png 768w\" sizes=\"auto, (max-width: 1280px) 100vw, 1280px\" \/><span aria-hidden=\"true\" class=\"wp-block-cover__background has-background-dim-0 has-background-dim\" style=\"background-color:#68687d\"><\/span><div class=\"wp-block-cover__inner-container has-global-padding is-layout-constrained wp-block-cover-is-layout-constrained\">\n<div class=\"wp-block-buttons is-content-justification-center is-layout-flex wp-container-core-buttons-is-layout-a89b3969 wp-block-buttons-is-layout-flex\">\n<div class=\"wp-block-button boton-tipo-propuesta\"><a class=\"wp-block-button__link has-primary-color has-base-background-color has-text-color has-background has-small-font-size has-text-align-center has-custom-font-size wp-element-button\" href=\"https:\/\/www.usal.edu.ar\/espacio-francofono\/ofit-observatoire-francophone-dinnovation-et-de-technologie\/\" style=\"border-radius:5px;font-style:normal;font-weight:700\">OFIT<\/a><\/div>\n<\/div>\n<\/div><\/div>\n<\/div>\n<\/div>\n<\/div>\n<\/div>\n\n\n\n<div style=\"height:0px\" aria-hidden=\"true\" class=\"wp-block-spacer\"><\/div>\n\n\n\n<h3 class=\"wp-block-heading has-text-align-center\" style=\"font-style:normal;font-weight:600;letter-spacing:-1.5px\">Novedades<\/h3>\n\n\n\n<hr class=\"wp-block-separator has-text-color has-primary-color has-alpha-channel-opacity has-primary-background-color has-background linea-base-titulo\" style=\"margin-bottom:var(--wp--preset--spacing--30)\" \/>\n\n\n\n<figure class=\"wp-block-image size-large\"><a href=\"https:\/\/www.usal.edu.ar\/espacio-francofono\/master-parcours-droit-des-affaires-internationales-amerique-latine-europe-usal-delocalise\/\"><img loading=\"lazy\" decoding=\"async\" width=\"1024\" height=\"1011\" src=\"https:\/\/www.usal.edu.ar\/espacio-francofono\/wp-content\/uploads\/sites\/3\/2024\/12\/IMG-20241218-WA0003-1024x1011.jpg\" alt=\"\" class=\"wp-image-380\" srcset=\"https:\/\/www.usal.edu.ar\/espacio-francofono\/wp-content\/uploads\/sites\/3\/2024\/12\/IMG-20241218-WA0003-1024x1011.jpg 1024w, https:\/\/www.usal.edu.ar\/espacio-francofono\/wp-content\/uploads\/sites\/3\/2024\/12\/IMG-20241218-WA0003-300x296.jpg 300w, https:\/\/www.usal.edu.ar\/espacio-francofono\/wp-content\/uploads\/sites\/3\/2024\/12\/IMG-20241218-WA0003-768x758.jpg 768w, https:\/\/www.usal.edu.ar\/espacio-francofono\/wp-content\/uploads\/sites\/3\/2024\/12\/IMG-20241218-WA0003.jpg 1080w\" sizes=\"auto, (max-width: 1024px) 100vw, 1024px\" \/><\/a><\/figure>\n\n\n\n<hr class=\"wp-block-separator has-text-color has-primary-color has-alpha-channel-opacity has-primary-background-color has-background linea-base-titulo\" style=\"margin-bottom:var(--wp--preset--spacing--30)\" \/>\n\n\n\n<figure class=\"wp-block-image aligncenter size-large is-resized\"><a href=\"https:\/\/forms.gle\/V9jGENVLnXeaZp7Z6\"><img loading=\"lazy\" decoding=\"async\" width=\"724\" height=\"1024\" src=\"https:\/\/www.usal.edu.ar\/espacio-francofono\/wp-content\/uploads\/sites\/3\/2024\/12\/Flyer-verano-frances-1-1-724x1024.png\" alt=\"\" class=\"wp-image-372\" style=\"width:550px;height:auto\" srcset=\"https:\/\/www.usal.edu.ar\/espacio-francofono\/wp-content\/uploads\/sites\/3\/2024\/12\/Flyer-verano-frances-1-1-724x1024.png 724w, https:\/\/www.usal.edu.ar\/espacio-francofono\/wp-content\/uploads\/sites\/3\/2024\/12\/Flyer-verano-frances-1-1-212x300.png 212w, https:\/\/www.usal.edu.ar\/espacio-francofono\/wp-content\/uploads\/sites\/3\/2024\/12\/Flyer-verano-frances-1-1-768x1087.png 768w, https:\/\/www.usal.edu.ar\/espacio-francofono\/wp-content\/uploads\/sites\/3\/2024\/12\/Flyer-verano-frances-1-1-1086x1536.png 1086w, https:\/\/www.usal.edu.ar\/espacio-francofono\/wp-content\/uploads\/sites\/3\/2024\/12\/Flyer-verano-frances-1-1-1447x2048.png 1447w, https:\/\/www.usal.edu.ar\/espacio-francofono\/wp-content\/uploads\/sites\/3\/2024\/12\/Flyer-verano-frances-1-1.png 1492w\" sizes=\"auto, (max-width: 724px) 100vw, 724px\" \/><\/a><\/figure>\n<\/div>\n\n\n\n<p>\u200b\u26a1\ud83d\udce3El&nbsp;<strong>CNF\/CEF Buenos Aires (Espacio franc\u00f3fono USAL-AUF),<\/strong>&nbsp;en colaboraci\u00f3n con la&nbsp;<strong>Agencia Universitaria de la Francofon\u00eda (AUF)<\/strong>, invita a estudiantes de universidades argentinas con nivel de franc\u00e9s&nbsp;<strong>DELF A2 o B1<\/strong>&nbsp;a participar en un curso intensivo dise\u00f1ado especialmente para mejorar sus habilidades en el idioma durante el verano.<\/p>\n\n\n\n<p class=\"has-text-align-center\">\u203c\ufe0f&nbsp;<strong><a href=\"https:\/\/forms.gle\/V9jGENVLnXeaZp7Z6\">No pierdas esta oportunidad de avanzar en tu dominio del franc\u00e9s y de conectarte con la comunidad franc\u00f3fona<\/a><\/strong>\u203c\ufe0f<\/p>\n","protected":false},"excerpt":{"rendered":"<p>En 2023, el Centro de Empleabilidad Franc\u00f3fono y el Campus Digital Franc\u00f3fono de Buenos Aires fueron creados en la USAL por iniciativa de la AUF (Agencia Universitaria de la Francofon\u00eda). El espacio franc\u00f3fono USAL-AUF se integra en la red mundial de estos centros. Es una red dentro de la red de la AUF. En este [&hellip;]<\/p>\n","protected":false},"author":5,"featured_media":0,"parent":0,"menu_order":0,"comment_status":"closed","ping_status":"closed","template":"","meta":{"_acf_changed":false,"footnotes":""},"class_list":["post-7","page","type-page","status-publish","hentry"],"acf":[],"_links":{"self":[{"href":"https:\/\/www.usal.edu.ar\/espacio-francofono\/wp-json\/wp\/v2\/pages\/7","targetHints":{"allow":["GET"]}}],"collection":[{"href":"https:\/\/www.usal.edu.ar\/espacio-francofono\/wp-json\/wp\/v2\/pages"}],"about":[{"href":"https:\/\/www.usal.edu.ar\/espacio-francofono\/wp-json\/wp\/v2\/types\/page"}],"author":[{"embeddable":true,"href":"https:\/\/www.usal.edu.ar\/espacio-francofono\/wp-json\/wp\/v2\/users\/5"}],"replies":[{"embeddable":true,"href":"https:\/\/www.usal.edu.ar\/espacio-francofono\/wp-json\/wp\/v2\/comments?post=7"}],"version-history":[{"count":51,"href":"https:\/\/www.usal.edu.ar\/espacio-francofono\/wp-json\/wp\/v2\/pages\/7\/revisions"}],"predecessor-version":[{"id":433,"href":"https:\/\/www.usal.edu.ar\/espacio-francofono\/wp-json\/wp\/v2\/pages\/7\/revisions\/433"}],"wp:attachment":[{"href":"https:\/\/www.usal.edu.ar\/espacio-francofono\/wp-json\/wp\/v2\/media?parent=7"}],"curies":[{"name":"wp","href":"https:\/\/api.w.org\/{rel}","templated":true}]}}