{"id":28,"date":"2024-11-14T22:48:56","date_gmt":"2024-11-15T01:48:56","guid":{"rendered":"https:\/\/www.usal.edu.ar\/extension\/?page_id=28"},"modified":"2026-04-06T13:25:41","modified_gmt":"2026-04-06T16:25:41","slug":"equipo-de-trabajo","status":"publish","type":"page","link":"https:\/\/www.usal.edu.ar\/extension\/equipo-de-trabajo\/","title":{"rendered":"Equipo de trabajo"},"content":{"rendered":"\n<div id=\"equipo\" class=\"wp-block-group has-global-padding is-layout-constrained wp-block-group-is-layout-constrained\" style=\"margin-top:var(--wp--preset--spacing--40);margin-bottom:var(--wp--preset--spacing--40)\">\n<div class=\"wp-block-columns is-layout-flex wp-container-core-columns-is-layout-28f84493 wp-block-columns-is-layout-flex\">\n<div class=\"wp-block-column has-global-padding is-layout-constrained wp-block-column-is-layout-constrained\" style=\"flex-basis:150px\">\n<div class=\"wp-block-group sidebar-botones has-global-padding is-layout-constrained wp-container-core-group-is-layout-b841997e wp-block-group-is-layout-constrained\" style=\"padding-right:5px;padding-left:5px\">\n<div class=\"wp-block-group boton-main has-base-color has-primary-background-color has-text-color has-background has-link-color wp-elements-68bb9c02efe7d2e54ab76f4308397553 has-global-padding is-layout-constrained wp-container-core-group-is-layout-6b03352a wp-block-group-is-layout-constrained\" style=\"margin-top:5px;margin-bottom:5px;padding-top:10px;padding-right:10px;padding-bottom:10px;padding-left:10px\">\n<p class=\"has-text-align-center\"><a href=\"#resenia\" data-type=\"internal\" data-id=\"#carta-del-rector\">Rese\u00f1a<\/a><\/p>\n<\/div>\n\n\n\n<div class=\"wp-block-group boton-main has-base-color has-primary-background-color has-text-color has-background has-link-color wp-elements-58bb3468d1d108863040207bf320f05d has-global-padding is-layout-constrained wp-container-core-group-is-layout-6b03352a wp-block-group-is-layout-constrained\" style=\"margin-top:5px;margin-bottom:5px;padding-top:10px;padding-right:10px;padding-bottom:10px;padding-left:10px\">\n<p class=\"has-text-align-center\"><a href=\"#objetivos_funciones\" data-type=\"internal\" data-id=\"#carta-del-rector\">Objetivos y funciones<\/a><\/p>\n<\/div>\n<\/div>\n\n\n\n<div class=\"wp-block-buttons alignfull is-content-justification-space-between is-layout-flex wp-container-core-buttons-is-layout-b2891da8 wp-block-buttons-is-layout-flex\">\n<div class=\"wp-block-button is-style-fill\"><a class=\"wp-block-button__link has-text-align-center wp-element-button\">Portal de Referentes USAL<\/a><\/div>\n<\/div>\n<\/div>\n\n\n\n<div class=\"wp-block-column is-vertically-aligned-top is-layout-flow wp-block-column-is-layout-flow\" style=\"padding-right:var(--wp--preset--spacing--30);padding-left:var(--wp--preset--spacing--30)\">\n<div class=\"wp-block-group has-global-padding is-layout-constrained wp-block-group-is-layout-constrained\">\n<div class=\"wp-block-columns is-layout-flex wp-container-core-columns-is-layout-28f84493 wp-block-columns-is-layout-flex\">\n<div class=\"wp-block-column is-layout-flow wp-block-column-is-layout-flow\">\n<p class=\"has-text-align-center\"><strong>Lic. Mariana Bricchi<\/strong><br>Secretaria<\/p>\n\n\n\n<p class=\"has-text-align-center\"><strong>Dra. Mar\u00eda Eugenia Barreyro<\/strong><\/p>\n\n\n\n<p class=\"has-text-align-center\">Colaboradora<\/p>\n<\/div>\n\n\n\n<div class=\"wp-block-column is-layout-flow wp-block-column-is-layout-flow\">\n<p class=\"has-text-align-center\"><strong>Lic. Jazm\u00edn Osorio<\/strong><br>Colaboradora<\/p>\n\n\n\n<p class=\"has-text-align-center\"><strong>Tec. Andrea D&#8217;Alessio<br><\/strong>Colaboradora<\/p>\n\n\n\n<p><\/p>\n<\/div>\n<\/div>\n\n\n\n<p class=\"has-text-align-center\"><strong>Colaboradores y Referentes de Extensi\u00f3n de las Facultades y \u00c1reas<\/strong><img loading=\"lazy\" decoding=\"async\" width=\"1224\" height=\"826\" class=\"wp-image-226\" style=\"width: 700px\" src=\"https:\/\/www.usal.edu.ar\/extension\/wp-content\/uploads\/sites\/18\/2025\/07\/Referentes-de-Extension.jpg\" alt=\"\" srcset=\"https:\/\/www.usal.edu.ar\/extension\/wp-content\/uploads\/sites\/18\/2025\/07\/Referentes-de-Extension.jpg 1224w, https:\/\/www.usal.edu.ar\/extension\/wp-content\/uploads\/sites\/18\/2025\/07\/Referentes-de-Extension-300x202.jpg 300w, https:\/\/www.usal.edu.ar\/extension\/wp-content\/uploads\/sites\/18\/2025\/07\/Referentes-de-Extension-1024x691.jpg 1024w, https:\/\/www.usal.edu.ar\/extension\/wp-content\/uploads\/sites\/18\/2025\/07\/Referentes-de-Extension-768x518.jpg 768w\" sizes=\"auto, (max-width: 1224px) 100vw, 1224px\" \/><\/p>\n<\/div>\n\n\n\n<p><\/p>\n\n\n\n<div class=\"wp-block-group titulo1 has-global-padding is-layout-constrained wp-block-group-is-layout-constrained\" style=\"margin-top:var(--wp--preset--spacing--30);margin-bottom:var(--wp--preset--spacing--30)\">\n<h1 class=\"wp-block-heading has-text-align-center\" id=\"resenia\" style=\"font-size:clamp(1.743rem, 1.743rem + ((1vw - 0.2rem) * 2.285), 3rem);font-style:normal;font-weight:600;letter-spacing:-1.5px\">Rese\u00f1a<\/h1>\n\n\n\n<hr class=\"wp-block-separator has-text-color has-primary-color has-alpha-channel-opacity has-primary-background-color has-background linea-base-titulo\" style=\"margin-bottom:var(--wp--preset--spacing--30)\" \/>\n\n\n\n<div class=\"wp-block-group has-global-padding is-layout-constrained wp-container-core-group-is-layout-92b9201d wp-block-group-is-layout-constrained\">\n<p>Desde sus or\u00edgenes, la Universidad del Salvador ha tenido en su misi\u00f3n, visi\u00f3n y valores el desaf\u00edo de la formaci\u00f3n integral de la persona en sus dimensiones intelectual y \u00e9tica, en una continua actitud reflexiva y cr\u00edtica frente a la realidad social y, a la vez, comprometida, implicada, consciente y al servicio de las necesidades de su comunidad.<\/p>\n\n\n\n<p>En palabras del R.P Camargo S.J. \u2013 Rector de la Universidad del Salvador (1973-1975) \u201c\u2026 En su relaci\u00f3n con la sociedad, la opci\u00f3n por la caridad significa que queremos que esta Universidad oriente su investigaci\u00f3n, docencia y extensi\u00f3n cultural a resolver las necesidades m\u00e1s urgentes de los hombres de nuestro tiempo\u2026\u2019\u2019 (Universidad del Salvador, Historia de Ciencia y Fe. Ediciones. Universidad del Salvador. 1998)<\/p>\n\n\n\n<p>Desde entonces, la docencia, la investigaci\u00f3n y la extensi\u00f3n se desarrollan en di\u00e1logo permanente y acci\u00f3n articulada con tales necesidades. As\u00ed lo reflejan el Estatuto, la Carta de Principios Historia y Cambio, -escrita oportunamente por quien hoy es Su Santidad, el Papa Francisco- y cada uno de los proyectos institucionales en los que se propicia que cada miembro de la comunidad USAL (alumnos, docentes, graduados, administrativos y acad\u00e9micos) en su desarrollo personal y profesional trascienden la b\u00fasqueda del \u00e9xito individual, y tiendan a promover el bien com\u00fan.<\/p>\n\n\n\n<p>En el a\u00f1o 2013, y ante el gran crecimiento de la Extensi\u00f3n en la USAL, se cre\u00f3 la Secretar\u00eda de Extensi\u00f3n como \u00e1rea estrat\u00e9gica y de colaboraci\u00f3n con las diferentes Facultades, carreras y dependencias centrales para el desarrollo sostenido de programas y actividades relevantes a las necesidades de la comunidad convocando, para ello, tanto la participaci\u00f3n de la comunidad universitaria como la de la sociedad en general.<\/p>\n\n\n\n<p>Siendo parte del Vicerrectorado de Investigaci\u00f3n y Desarrollo, la Secretar\u00eda de Extensi\u00f3n es la responsable de&nbsp;generar las pol\u00edticas para el desarrollo&nbsp; de las actividades de extensi\u00f3n en orden a los fines, misi\u00f3n y objetivos de la USAL.<\/p>\n\n\n\n<p>En diciembre de 2022, con la aprobaci\u00f3n del nuevo Reglamento General de Actividades de Extensi\u00f3n, la USAL renueva, una vez m\u00e1s, su compromiso a trav\u00e9s de una Extensi\u00f3n Universitaria que supone nuevos paradigmas en la acci\u00f3n, en la formaci\u00f3n y en la producci\u00f3n de conocimientos en vinculaci\u00f3n directa con la comunidad.<\/p>\n\n\n\n<p>A\u00f1o tras a\u00f1o, la USAL desarrolla propuestas extensionistas que contin\u00faan estrechando el v\u00ednculo y el encuentro entre la sociedad y una universidad comprometida con el desarrollo integral de aquella.<\/p>\n<\/div>\n<\/div>\n\n\n\n<p><\/p>\n\n\n\n<p><\/p>\n\n\n\n<div class=\"wp-block-group titulo1 has-global-padding is-layout-constrained wp-block-group-is-layout-constrained\" style=\"margin-top:var(--wp--preset--spacing--30);margin-bottom:var(--wp--preset--spacing--30)\">\n<h3 class=\"wp-block-heading has-text-align-center\" id=\"objetivos_funciones\" style=\"font-style:normal;font-weight:600;letter-spacing:-1.5px\">Objetivos y funciones<\/h3>\n\n\n\n<hr class=\"wp-block-separator has-text-color has-primary-color has-alpha-channel-opacity has-primary-background-color has-background linea-base-titulo\" style=\"margin-bottom:var(--wp--preset--spacing--30)\" \/>\n\n\n\n<div class=\"wp-block-group has-global-padding is-layout-constrained wp-container-core-group-is-layout-92b9201d wp-block-group-is-layout-constrained\">\n<p>Promover el desarrollo y difusi\u00f3n cultural; la transferencia y divulgaci\u00f3n cient\u00edfica y tecnol\u00f3gica y toda actividad tendiente a consolidar la relaci\u00f3n entre la Universidad y la Sociedad en la que est\u00e1 inmersa.<\/p>\n\n\n\n<p>Funciones espec\u00edficas:<\/p>\n\n\n\n<ul class=\"wp-block-list\">\n<li>Promover el desarrollo de programas y actividades que convoquen la participaci\u00f3n de la comunidad universitaria y de la sociedad puertas afuera.<\/li>\n\n\n\n<li>Asistir y asesorar integralmente a las Unidades Acad\u00e9micas y \u00c1reas centrales para concretar actividades relevantes a las necesidades de la comunidad.<\/li>\n\n\n\n<li>Pautar lineamientos para la elaboraci\u00f3n y ejecuci\u00f3n de proyectos.<\/li>\n\n\n\n<li>Actualizar y supervisar circuitos y protocolos de gesti\u00f3n atendiendo a las cuestiones formales reglamentarias, acad\u00e9micas y presupuestarias.<\/li>\n\n\n\n<li>Promover acciones de vinculaci\u00f3n con entidades p\u00fablicas y privadas que puedan resultar en la concreci\u00f3n de actividades de extensi\u00f3n conjuntas.<\/li>\n<\/ul>\n\n\n\n<figure class=\"wp-block-gallery has-nested-images columns-default is-cropped wp-block-gallery-2 is-layout-flex wp-block-gallery-is-layout-flex\"><\/figure>\n<\/div>\n<\/div>\n<\/div>\n<\/div>\n<\/div>\n","protected":false},"excerpt":{"rendered":"<p>Rese\u00f1a Objetivos y funciones Lic. Mariana BricchiSecretaria Dra. Mar\u00eda Eugenia Barreyro Colaboradora Lic. Jazm\u00edn OsorioColaboradora Tec. Andrea D&#8217;AlessioColaboradora Colaboradores y Referentes de Extensi\u00f3n de las Facultades y \u00c1reas Rese\u00f1a Desde sus or\u00edgenes, la Universidad del Salvador ha tenido en su misi\u00f3n, visi\u00f3n y valores el desaf\u00edo de la formaci\u00f3n integral de la persona en sus [&hellip;]<\/p>\n","protected":false},"author":5,"featured_media":0,"parent":0,"menu_order":1,"comment_status":"closed","ping_status":"closed","template":"","meta":{"footnotes":""},"class_list":["post-28","page","type-page","status-publish","hentry"],"_links":{"self":[{"href":"https:\/\/www.usal.edu.ar\/extension\/wp-json\/wp\/v2\/pages\/28","targetHints":{"allow":["GET"]}}],"collection":[{"href":"https:\/\/www.usal.edu.ar\/extension\/wp-json\/wp\/v2\/pages"}],"about":[{"href":"https:\/\/www.usal.edu.ar\/extension\/wp-json\/wp\/v2\/types\/page"}],"author":[{"embeddable":true,"href":"https:\/\/www.usal.edu.ar\/extension\/wp-json\/wp\/v2\/users\/5"}],"replies":[{"embeddable":true,"href":"https:\/\/www.usal.edu.ar\/extension\/wp-json\/wp\/v2\/comments?post=28"}],"version-history":[{"count":54,"href":"https:\/\/www.usal.edu.ar\/extension\/wp-json\/wp\/v2\/pages\/28\/revisions"}],"predecessor-version":[{"id":267,"href":"https:\/\/www.usal.edu.ar\/extension\/wp-json\/wp\/v2\/pages\/28\/revisions\/267"}],"wp:attachment":[{"href":"https:\/\/www.usal.edu.ar\/extension\/wp-json\/wp\/v2\/media?parent=28"}],"curies":[{"name":"wp","href":"https:\/\/api.w.org\/{rel}","templated":true}]}}