{"id":36,"date":"2024-11-14T22:50:07","date_gmt":"2024-11-15T01:50:07","guid":{"rendered":"https:\/\/www.usal.edu.ar\/extension\/?page_id=36"},"modified":"2025-12-04T09:51:19","modified_gmt":"2025-12-04T12:51:19","slug":"lineas-de-extension-institucionales","status":"publish","type":"page","link":"https:\/\/www.usal.edu.ar\/extension\/lineas-de-extension-institucionales\/","title":{"rendered":"L\u00edneas de Extensi\u00f3n Institucionales"},"content":{"rendered":"\n<div id=\"Lineas\" class=\"wp-block-group has-global-padding is-layout-constrained wp-container-core-group-is-layout-19e250f3 wp-block-group-is-layout-constrained\">\n<div class=\"wp-block-group has-global-padding is-layout-constrained wp-container-core-group-is-layout-e7a8db7c wp-block-group-is-layout-constrained\" style=\"margin-top:0;margin-bottom:0\">\n<p>La extensi\u00f3n universitaria constituye un eje fundamental en la articulaci\u00f3n entre la universidad y la sociedad, promoviendo un compromiso activo con las problem\u00e1ticas comunitarias a nivel local y global. A trav\u00e9s de diversas l\u00edneas principales de extensi\u00f3n, la universidad canaliza su aporte al desarrollo social, cultural, tecnol\u00f3gico y ambiental, fomentando la vinculaci\u00f3n con organizaciones, la transferencia de conocimientos y la promoci\u00f3n de derechos.<\/p>\n\n\n\n<p>Estas l\u00edneas orientan la creaci\u00f3n de Programas de Extensi\u00f3n, garantizando iniciativas sostenibles que responden a necesidades concretas, fortalecen la formaci\u00f3n integral de docentes y estudiantes, e impulsan la construcci\u00f3n colectiva del conocimiento con la comunidad.<\/p>\n\n\n\n<ul class=\"wp-block-list\">\n<li>CUIDADO DE LA SALUD<\/li>\n\n\n\n<li>MEDIO AMBIENTE y SUSTENTABILIDAD<\/li>\n\n\n\n<li>INNOVACI\u00d3N Y TECNOLOG\u00cdA &#8211; INTELIGENCIA ARTIFICIAL<\/li>\n\n\n\n<li>LENGUAS Y CULTURAS<\/li>\n\n\n\n<li>INCLUSI\u00d3N y PROMOCI\u00d3N DE DERECHOS<\/li>\n\n\n\n<li>EDUCACI\u00d3N Y FORMACI\u00d3N CONTINUA<\/li>\n\n\n\n<li>ECONOM\u00cdA Y FINANZAS<\/li>\n<\/ul>\n\n\n\n<p>Los Programas de Extensi\u00f3n constituyen una estrategia integral a trav\u00e9s de la cual la universidad organiza y proyecta su acci\u00f3n en el territorio, abordando las necesidades y<br>abriendo di\u00e1logo con la comunidad de manera sostenida.<\/p>\n\n\n\n<p>Los Programas de Extensi\u00f3n son dise\u00f1ados a partir de las l\u00edneas principales y en ellos se articulan diversas actividades disciplinares, multi e interdisciplinarias que comparten<br>afinidad tem\u00e1tica y objetivos generales, asegurando coherencia y continuidad en el tiempo.<\/p>\n\n\n\n<p>Esta estrategia fortalece la vinculaci\u00f3n con la comunidad, la transferencia de conocimientos y el aprendizaje colaborativo, promoviendo intervenciones de impacto que<br>favorecen el desarrollo social, cultural, productivo y ambiental en contextos locales y globales.<br><\/p>\n<\/div>\n<\/div>\n\n\n\n<div class=\"wp-block-group titulo1 has-global-padding is-layout-constrained wp-container-core-group-is-layout-0323a4a3 wp-block-group-is-layout-constrained\" style=\"margin-top:var(--wp--preset--spacing--30);margin-bottom:var(--wp--preset--spacing--30)\">\n<h3 class=\"wp-block-heading has-text-align-center\" id=\"programas\" style=\"font-style:normal;font-weight:600;letter-spacing:-1.5px\">Programas de Extensi\u00f3n<\/h3>\n\n\n\n<hr class=\"wp-block-separator has-text-color has-primary-color has-alpha-channel-opacity has-primary-background-color has-background linea-base-titulo\" style=\"margin-bottom:var(--wp--preset--spacing--30)\" \/>\n\n\n\n<div class=\"wp-block-group has-global-padding is-layout-constrained wp-container-core-group-is-layout-92b9201d wp-block-group-is-layout-constrained\">\n<p>Algunos de los Programas vigentes son:<\/p>\n\n\n\n<ul class=\"wp-block-list\">\n<li>Programa de Promoci\u00f3n de la Salud y h\u00e1bitos de vida Saludables<\/li>\n\n\n\n<li>Programa para la Primera Infancia<\/li>\n\n\n\n<li>Programa Seguridad del Paciente<\/li>\n\n\n\n<li>UNA SALUD y Bienestar<\/li>\n\n\n\n<li>Programa de Educaci\u00f3n Ambiental<\/li>\n\n\n\n<li>Programa de Gesti\u00f3n y Producci\u00f3n Sustentable<\/li>\n\n\n\n<li>Programa de transferencia y divulgaci\u00f3n cient\u00edfica y tecnol\u00f3gica UTSyCA y ARSET- FCAyV.<\/li>\n\n\n\n<li>Casa de las Artes Cristina Santander<\/li>\n\n\n\n<li>Programa Cultural de Arte Dram\u00e1tico<\/li>\n\n\n\n<li>Programa General de Extensi\u00f3n del Espacio Franc\u00f3fono USAL \u2013 AUF para el desarrollo cient\u00edfico y cultural.<\/li>\n\n\n\n<li>Programa de Capacitaci\u00f3n USAL-Fundaci\u00f3n Pescar Educando Para el Trabajo<\/li>\n\n\n\n<li>Programa de Acompa\u00f1amiento a Instituciones Educativas <\/li>\n<\/ul>\n<\/div>\n<\/div>\n\n\n\n<p class=\"has-text-align-right\"><strong><mark style=\"background-color:#b2edd9\" class=\"has-inline-color has-contrast-color\"><em>Para m\u00e1s informaci\u00f3n escribinos a extension@usal.edu.ar<\/em><\/mark><\/strong><\/p>\n","protected":false},"excerpt":{"rendered":"<p>La extensi\u00f3n universitaria constituye un eje fundamental en la articulaci\u00f3n entre la universidad y la sociedad, promoviendo un compromiso activo con las problem\u00e1ticas comunitarias a nivel local y global. A trav\u00e9s de diversas l\u00edneas principales de extensi\u00f3n, la universidad canaliza su aporte al desarrollo social, cultural, tecnol\u00f3gico y ambiental, fomentando la vinculaci\u00f3n con organizaciones, la [&hellip;]<\/p>\n","protected":false},"author":5,"featured_media":0,"parent":0,"menu_order":0,"comment_status":"closed","ping_status":"closed","template":"","meta":{"footnotes":""},"class_list":["post-36","page","type-page","status-publish","hentry"],"_links":{"self":[{"href":"https:\/\/www.usal.edu.ar\/extension\/wp-json\/wp\/v2\/pages\/36","targetHints":{"allow":["GET"]}}],"collection":[{"href":"https:\/\/www.usal.edu.ar\/extension\/wp-json\/wp\/v2\/pages"}],"about":[{"href":"https:\/\/www.usal.edu.ar\/extension\/wp-json\/wp\/v2\/types\/page"}],"author":[{"embeddable":true,"href":"https:\/\/www.usal.edu.ar\/extension\/wp-json\/wp\/v2\/users\/5"}],"replies":[{"embeddable":true,"href":"https:\/\/www.usal.edu.ar\/extension\/wp-json\/wp\/v2\/comments?post=36"}],"version-history":[{"count":8,"href":"https:\/\/www.usal.edu.ar\/extension\/wp-json\/wp\/v2\/pages\/36\/revisions"}],"predecessor-version":[{"id":239,"href":"https:\/\/www.usal.edu.ar\/extension\/wp-json\/wp\/v2\/pages\/36\/revisions\/239"}],"wp:attachment":[{"href":"https:\/\/www.usal.edu.ar\/extension\/wp-json\/wp\/v2\/media?parent=36"}],"curies":[{"name":"wp","href":"https:\/\/api.w.org\/{rel}","templated":true}]}}