{"id":42,"date":"2024-11-14T22:50:48","date_gmt":"2024-11-15T01:50:48","guid":{"rendered":"https:\/\/www.usal.edu.ar\/extension\/?page_id=42"},"modified":"2026-04-14T10:41:14","modified_gmt":"2026-04-14T13:41:14","slug":"proyectos-de-curricularizacion","status":"publish","type":"page","link":"https:\/\/www.usal.edu.ar\/extension\/proyectos-de-curricularizacion\/","title":{"rendered":"Curricularizaci\u00f3n"},"content":{"rendered":"\n<div id=\"Proyectos\" class=\"wp-block-group has-global-padding is-layout-constrained wp-block-group-is-layout-constrained\">\n<div class=\"wp-block-group has-global-padding is-layout-constrained wp-container-core-group-is-layout-92b9201d wp-block-group-is-layout-constrained\">\n<p>La curricularizaci\u00f3n de la extensi\u00f3n integra la funci\u00f3n extensionista al curr\u00edculo universitario, dejando de ser una actividad opcional para convertirse en una parte esencial de la formaci\u00f3n acad\u00e9mica.<\/p>\n\n\n\n<p>Su principal objetivo es generar oportunidades para que los estudiantes se involucren en la resoluci\u00f3n de problem\u00e1ticas comunitarias, desarrollando tanto conocimientos disciplinares como habilidades relacionales y metacognitivas. Adem\u00e1s, fomenta experiencias de aprendizaje multidireccionales, donde universidad y comunidad articulan saberes en un proceso colaborativo.<\/p>\n\n\n\n<p>Su implementaci\u00f3n puede darse mediante asignaturas con contenido extensionista o actividades concretas dentro del plan de estudios. Este enfoque<br>fortalece la formaci\u00f3n integral de los estudiantes, promoviendo la producci\u00f3n de conocimiento desde un abordaje interdisciplinario, interinstitucional y<br>participativo.<\/p>\n\n\n\n<p>Son objetivos de las propuestas de curricularizaci\u00f3n:<\/p>\n\n\n\n<ul class=\"wp-block-list\">\n<li>Involucrar a estudiantes con las necesidades de la comunidad y los problemas reales.<\/li>\n\n\n\n<li>Promover el desarrollo de habilidades vinculadas a lo relacional, lo vincular y lo metacognitivo.<\/li>\n\n\n\n<li>Promover experiencias multidireccionales de ense\u00f1anza y aprendizaje.<\/li>\n<\/ul>\n\n\n\n<p>Desde la Universidad del Salvador, por su origen, misi\u00f3n y valores, muchas de las carreras de pregrado, grado y posgrado, contemplan en su curr\u00edcula actividades de formaci\u00f3n con una clara orientaci\u00f3n extensionista.<\/p>\n\n\n\n<p>Algunos proyectos:<\/p>\n\n\n\n<ul class=\"wp-block-list\">\n<li>Jornadas de acompa\u00f1amiento a los centros de primera infancia &#8211; Fundaci\u00f3n FE y ALEGR\u00cdA 2025<\/li>\n\n\n\n<li>Huertas escolares y huertas urbanas agroecol\u00f3gicas<\/li>\n\n\n\n<li>Formaci\u00f3n de l\u00edderes comunitarios por la Paz<\/li>\n\n\n\n<li>Seminario ARCA: N\u00facleos de Asistencia Fiscal<\/li>\n\n\n\n<li>Promoci\u00f3n Comunitaria de la salud bucal. Fundaci\u00f3n Juanito &#8211; Escuela de Odontolog\u00eda USAL-AOA<\/li>\n<\/ul>\n<\/div>\n<\/div>\n\n\n\n<p><\/p>\n\n\n\n<p><\/p>\n\n\n\n<p><\/p>\n\n\n\n<div id=\"AYSS\" class=\"wp-block-group titulo1 has-global-padding is-layout-constrained wp-block-group-is-layout-constrained\" style=\"margin-top:var(--wp--preset--spacing--30);margin-bottom:var(--wp--preset--spacing--30)\">\n<h3 class=\"wp-block-heading has-text-align-center\" style=\"font-style:normal;font-weight:600;letter-spacing:-1.5px\">Aprendizaje y Servicio USAL (AySU)<\/h3>\n\n\n\n<hr class=\"wp-block-separator has-text-color has-primary-color has-alpha-channel-opacity has-primary-background-color has-background linea-base-titulo\" style=\"margin-bottom:var(--wp--preset--spacing--30)\" \/>\n\n\n\n<div class=\"wp-block-group has-global-padding is-layout-constrained wp-container-core-group-is-layout-92b9201d wp-block-group-is-layout-constrained\">\n<p>Dentro de las estrategias de curricularizaci\u00f3n de la extensi\u00f3n, el&nbsp;<strong>Aprendizaje y Servicio USAL (AySU)<\/strong>&nbsp;se destaca por su enfoque integrador, que combina la formaci\u00f3n acad\u00e9mica con el compromiso social.<\/p>\n\n\n\n<p>A trav\u00e9s de esta metodolog\u00eda, los estudiantes aplican sus conocimientos en contextos reales, respondiendo a necesidades comunitarias mediante proyectos concretos. Sus beneficios son m\u00faltiples: favorece un aprendizaje significativo al vincular teor\u00eda y pr\u00e1ctica, fortalece el sentido de responsabilidad social y el trabajo en equipo, y promueve la construcci\u00f3n de conocimientos de manera colaborativa entre la universidad y la comunidad.<\/p>\n\n\n\n<p>Adem\u00e1s, estimula el desarrollo de habilidades interpersonales, \u00e9ticas y ciudadanas, esenciales para la formaci\u00f3n integral de los futuros profesionales. Desde una perspectiva interdisciplinaria y participativa, el aprendizaje y servicio solidario potencia el impacto de la extensi\u00f3n universitaria, consolidando su rol en la transformaci\u00f3n<br>social y el desarrollo sostenible, alineado con los valores y misi\u00f3n institucionales.<\/p>\n\n\n\n<p>En la USAL estamos trabajando en seguir sumando propuesta de extensi\u00f3n que profundicen en esta Pedagog\u00eda.<\/p>\n\n\n\n<figure class=\"wp-block-image alignleft size-large is-resized\"><img loading=\"lazy\" decoding=\"async\" width=\"1024\" height=\"1024\" src=\"https:\/\/www.usal.edu.ar\/extension\/wp-content\/uploads\/sites\/18\/2025\/12\/Logo-AySU-1024x1024.jpeg\" alt=\"\" class=\"wp-image-237\" style=\"width:179px;height:auto\" srcset=\"https:\/\/www.usal.edu.ar\/extension\/wp-content\/uploads\/sites\/18\/2025\/12\/Logo-AySU-1024x1024.jpeg 1024w, https:\/\/www.usal.edu.ar\/extension\/wp-content\/uploads\/sites\/18\/2025\/12\/Logo-AySU-300x300.jpeg 300w, https:\/\/www.usal.edu.ar\/extension\/wp-content\/uploads\/sites\/18\/2025\/12\/Logo-AySU-150x150.jpeg 150w, https:\/\/www.usal.edu.ar\/extension\/wp-content\/uploads\/sites\/18\/2025\/12\/Logo-AySU-768x768.jpeg 768w, https:\/\/www.usal.edu.ar\/extension\/wp-content\/uploads\/sites\/18\/2025\/12\/Logo-AySU.jpeg 1080w\" sizes=\"auto, (max-width: 1024px) 100vw, 1024px\" \/><\/figure>\n\n\n\n<p>En 2024, se implement\u00f3 por primera vez el <a href=\"https:\/\/noticias.usal.edu.ar\/es\/cierre-del-curso-sobre-aprendizaje-y-servicio-solidario-en-la-usal\">Curso de RSU Y EXTENSI\u00d3N UNIVERSITARIA: APRENDIZAJE Y SERVICIO SOLIDARIO PARA EL BIEN COM\u00daN<\/a> que tiene por objetivo poder brindar los conocimientos y las herramientas sobre la metodolog\u00eda de aprendizaje y servicio solidario para el dise\u00f1o e implementaci\u00f3n de proyectos de extensi\u00f3n que aborden problem\u00e1ticas locales o regionales, con impacto social significativo y sostenible, y que contemplen la participaci\u00f3n activa tanto de los estudiantes como de los dem\u00e1s actores institucionales.<\/p>\n\n\n\n<p class=\"has-text-align-right\"><strong><em>Para conocer m\u00e1s sobre estas experiencias contactate con <mark style=\"background-color:#b2edd9\" class=\"has-inline-color\">formacionaysu@usal.edu.ar<\/mark><\/em><\/strong><\/p>\n<\/div>\n<\/div>\n","protected":false},"excerpt":{"rendered":"<p>La curricularizaci\u00f3n de la extensi\u00f3n integra la funci\u00f3n extensionista al curr\u00edculo universitario, dejando de ser una actividad opcional para convertirse en una parte esencial de la formaci\u00f3n acad\u00e9mica. Su principal objetivo es generar oportunidades para que los estudiantes se involucren en la resoluci\u00f3n de problem\u00e1ticas comunitarias, desarrollando tanto conocimientos disciplinares como habilidades relacionales y metacognitivas. [&hellip;]<\/p>\n","protected":false},"author":5,"featured_media":0,"parent":0,"menu_order":0,"comment_status":"closed","ping_status":"closed","template":"","meta":{"footnotes":""},"class_list":["post-42","page","type-page","status-publish","hentry"],"_links":{"self":[{"href":"https:\/\/www.usal.edu.ar\/extension\/wp-json\/wp\/v2\/pages\/42","targetHints":{"allow":["GET"]}}],"collection":[{"href":"https:\/\/www.usal.edu.ar\/extension\/wp-json\/wp\/v2\/pages"}],"about":[{"href":"https:\/\/www.usal.edu.ar\/extension\/wp-json\/wp\/v2\/types\/page"}],"author":[{"embeddable":true,"href":"https:\/\/www.usal.edu.ar\/extension\/wp-json\/wp\/v2\/users\/5"}],"replies":[{"embeddable":true,"href":"https:\/\/www.usal.edu.ar\/extension\/wp-json\/wp\/v2\/comments?post=42"}],"version-history":[{"count":12,"href":"https:\/\/www.usal.edu.ar\/extension\/wp-json\/wp\/v2\/pages\/42\/revisions"}],"predecessor-version":[{"id":449,"href":"https:\/\/www.usal.edu.ar\/extension\/wp-json\/wp\/v2\/pages\/42\/revisions\/449"}],"wp:attachment":[{"href":"https:\/\/www.usal.edu.ar\/extension\/wp-json\/wp\/v2\/media?parent=42"}],"curies":[{"name":"wp","href":"https:\/\/api.w.org\/{rel}","templated":true}]}}