{"id":100,"date":"2024-07-12T20:42:39","date_gmt":"2024-07-12T23:42:39","guid":{"rendered":"https:\/\/www.usal.edu.ar\/fcayv\/?page_id=100"},"modified":"2025-09-05T11:25:13","modified_gmt":"2025-09-05T14:25:13","slug":"hospital-escuela","status":"publish","type":"page","link":"https:\/\/www.usal.edu.ar\/fcayv\/hospital-escuela\/","title":{"rendered":"Hospital Escuela"},"content":{"rendered":"\n<p>El Hospital Veterinario Escuela \u00abSan Francisco de As\u00eds\u00bb ubicado en el Campus Nuestra Se\u00f1ora de Pilar cumple un rol fundamental en la formaci\u00f3n de nuestros futuros profesionales en Medicina Veterinaria. Con una dimensi\u00f3n de 1.600 m2, distribuidos en dos plantas, el Hospital Veterinario (HV \u2013 USAL) brinda un servicio a la ense\u00f1anza de los futuros veterinarios (a trav\u00e9s de asistencia y rotaciones), y se encuentra integrado con la actividad acad\u00e9mica a trav\u00e9s de los espacios del quir\u00f3fano escuela.<\/p>\n\n\n\n<figure class=\"wp-block-image alignleft size-full is-resized\"><img loading=\"lazy\" decoding=\"async\" width=\"480\" height=\"640\" src=\"https:\/\/www.usal.edu.ar\/fcayv\/wp-content\/uploads\/sites\/12\/2024\/08\/IMG_6771.jpg\" alt=\"\" class=\"wp-image-3057\" style=\"width:321px;height:auto\" srcset=\"https:\/\/www.usal.edu.ar\/fcayv\/wp-content\/uploads\/sites\/12\/2024\/08\/IMG_6771.jpg 480w, https:\/\/www.usal.edu.ar\/fcayv\/wp-content\/uploads\/sites\/12\/2024\/08\/IMG_6771-225x300.jpg 225w, https:\/\/www.usal.edu.ar\/fcayv\/wp-content\/uploads\/sites\/12\/2024\/08\/IMG_6771-50x67.jpg 50w\" sizes=\"auto, (max-width: 480px) 100vw, 480px\" \/><\/figure>\n\n\n\n<p>A partir de cuarto a\u00f1o, los estudiantes de la carrera de veterinaria tienen la posibilidad de realizar rotaciones cl\u00ednicas guiados por los m\u00e9dicos veterinarios especialistas que ofrecen atenci\u00f3n en el \u00e1mbito del Hospital Veterinario. Tambi\u00e9n tienen la posibilidad de participar de actividades extracurriculares no rentadas y pr\u00e1cticas finales orientadas.<\/p>\n\n\n\n<figure class=\"wp-block-gallery has-nested-images columns-default is-cropped wp-block-gallery-1 is-layout-flex wp-block-gallery-is-layout-flex\">\n<figure class=\"wp-block-image size-full\"><img loading=\"lazy\" decoding=\"async\" width=\"640\" height=\"480\" data-id=\"3060\" src=\"https:\/\/www.usal.edu.ar\/fcayv\/wp-content\/uploads\/sites\/12\/2024\/08\/IMG_6758-2.jpg\" alt=\"\" class=\"wp-image-3060\" srcset=\"https:\/\/www.usal.edu.ar\/fcayv\/wp-content\/uploads\/sites\/12\/2024\/08\/IMG_6758-2.jpg 640w, https:\/\/www.usal.edu.ar\/fcayv\/wp-content\/uploads\/sites\/12\/2024\/08\/IMG_6758-2-300x225.jpg 300w, https:\/\/www.usal.edu.ar\/fcayv\/wp-content\/uploads\/sites\/12\/2024\/08\/IMG_6758-2-50x38.jpg 50w\" sizes=\"auto, (max-width: 640px) 100vw, 640px\" \/><\/figure>\n\n\n\n<figure class=\"wp-block-image size-full\"><img loading=\"lazy\" decoding=\"async\" width=\"640\" height=\"480\" data-id=\"3062\" src=\"https:\/\/www.usal.edu.ar\/fcayv\/wp-content\/uploads\/sites\/12\/2024\/08\/IMG_6761.jpg\" alt=\"\" class=\"wp-image-3062\" srcset=\"https:\/\/www.usal.edu.ar\/fcayv\/wp-content\/uploads\/sites\/12\/2024\/08\/IMG_6761.jpg 640w, https:\/\/www.usal.edu.ar\/fcayv\/wp-content\/uploads\/sites\/12\/2024\/08\/IMG_6761-300x225.jpg 300w, https:\/\/www.usal.edu.ar\/fcayv\/wp-content\/uploads\/sites\/12\/2024\/08\/IMG_6761-50x38.jpg 50w\" sizes=\"auto, (max-width: 640px) 100vw, 640px\" \/><\/figure>\n\n\n\n<figure class=\"wp-block-image size-full\"><img loading=\"lazy\" decoding=\"async\" width=\"640\" height=\"480\" data-id=\"3063\" src=\"https:\/\/www.usal.edu.ar\/fcayv\/wp-content\/uploads\/sites\/12\/2024\/08\/IMG_6767.jpg\" alt=\"\" class=\"wp-image-3063\" srcset=\"https:\/\/www.usal.edu.ar\/fcayv\/wp-content\/uploads\/sites\/12\/2024\/08\/IMG_6767.jpg 640w, https:\/\/www.usal.edu.ar\/fcayv\/wp-content\/uploads\/sites\/12\/2024\/08\/IMG_6767-300x225.jpg 300w, https:\/\/www.usal.edu.ar\/fcayv\/wp-content\/uploads\/sites\/12\/2024\/08\/IMG_6767-50x38.jpg 50w\" sizes=\"auto, (max-width: 640px) 100vw, 640px\" \/><\/figure>\n<\/figure>\n\n\n\n<p>Para conocer en mayor detalle nuestro Hospital, haga click aqu\u00ed: <a href=\"https:\/\/hvusal.fundacionhospitaldelsalvador.org.ar\/hospital-veterinario\/\" data-type=\"link\" data-id=\"https:\/\/hvusal.fundacionhospitaldelsalvador.org.ar\/hospital-veterinario\/\">https:\/\/hvusal.fundacionhospitaldelsalvador.org.ar\/hospital-veterinario\/<\/a><\/p>\n\n\n\n<p><\/p>\n","protected":false},"excerpt":{"rendered":"<p>El Hospital Veterinario Escuela \u00abSan Francisco de As\u00eds\u00bb ubicado en el Campus Nuestra Se\u00f1ora de Pilar cumple un rol fundamental en la formaci\u00f3n de nuestros futuros profesionales en Medicina Veterinaria. Con una dimensi\u00f3n de 1.600 m2, distribuidos en dos plantas, el Hospital Veterinario (HV \u2013 USAL) brinda un servicio a la ense\u00f1anza de los futuros [&hellip;]<\/p>\n","protected":false},"author":5,"featured_media":0,"parent":0,"menu_order":0,"comment_status":"closed","ping_status":"closed","template":"","meta":{"_acf_changed":false,"footnotes":""},"class_list":["post-100","page","type-page","status-publish","hentry"],"acf":[],"_links":{"self":[{"href":"https:\/\/www.usal.edu.ar\/fcayv\/wp-json\/wp\/v2\/pages\/100","targetHints":{"allow":["GET"]}}],"collection":[{"href":"https:\/\/www.usal.edu.ar\/fcayv\/wp-json\/wp\/v2\/pages"}],"about":[{"href":"https:\/\/www.usal.edu.ar\/fcayv\/wp-json\/wp\/v2\/types\/page"}],"author":[{"embeddable":true,"href":"https:\/\/www.usal.edu.ar\/fcayv\/wp-json\/wp\/v2\/users\/5"}],"replies":[{"embeddable":true,"href":"https:\/\/www.usal.edu.ar\/fcayv\/wp-json\/wp\/v2\/comments?post=100"}],"version-history":[{"count":7,"href":"https:\/\/www.usal.edu.ar\/fcayv\/wp-json\/wp\/v2\/pages\/100\/revisions"}],"predecessor-version":[{"id":4980,"href":"https:\/\/www.usal.edu.ar\/fcayv\/wp-json\/wp\/v2\/pages\/100\/revisions\/4980"}],"wp:attachment":[{"href":"https:\/\/www.usal.edu.ar\/fcayv\/wp-json\/wp\/v2\/media?parent=100"}],"curies":[{"name":"wp","href":"https:\/\/api.w.org\/{rel}","templated":true}]}}