{"id":3047,"date":"2024-08-22T13:26:38","date_gmt":"2024-08-22T16:26:38","guid":{"rendered":"https:\/\/www.usal.edu.ar\/fcayv\/?page_id=3047"},"modified":"2025-07-02T15:53:45","modified_gmt":"2025-07-02T18:53:45","slug":"unidad-simulacion-veterinaria","status":"publish","type":"page","link":"https:\/\/www.usal.edu.ar\/fcayv\/unidad-simulacion-veterinaria\/","title":{"rendered":"Unidad Simulaci\u00f3n Veterinaria"},"content":{"rendered":"\n<p>La <strong>Facultad de Ciencias Agrarias y Veterinarias<\/strong> tiene el agrado de anunciar la apertura de la <strong>Unidad de Simulaci\u00f3n Veterinaria<\/strong>, una propuesta acad\u00e9mica \u00fanica en su tipo en nuestro pa\u00eds. <\/p>\n\n\n\n<figure class=\"wp-block-video\"><video height=\"480\" style=\"aspect-ratio: 848 \/ 480;\" width=\"848\" autoplay controls muted src=\"https:\/\/www.usal.edu.ar\/fcayv\/wp-content\/uploads\/sites\/12\/2025\/07\/VIDEO-2025-06-06-19-19-33.mp4\"><\/video><\/figure>\n\n\n\n<div class=\"wp-block-group is-nowrap is-layout-flex wp-container-core-group-is-layout-6c531013 wp-block-group-is-layout-flex\">\n<p>Para conocer en profundidad la propuesta en <strong>Simulaci\u00f3n Veterinaria<\/strong>, descarg\u00e1 nuestro folleto informativo.<\/p>\n\n\n\n<figure class=\"wp-block-image size-large\"><a href=\"https:\/\/www.usal.edu.ar\/fcayv\/wp-content\/uploads\/sites\/12\/2025\/03\/FolletoUnidadSimulacionVeterinaria.pdf\" target=\"_blank\" rel=\"noreferrer noopener\"><img loading=\"lazy\" decoding=\"async\" width=\"740\" height=\"1024\" src=\"https:\/\/www.usal.edu.ar\/fcayv\/wp-content\/uploads\/sites\/12\/2025\/03\/image0-3-740x1024.jpeg\" alt=\"\" class=\"wp-image-4657\" srcset=\"https:\/\/www.usal.edu.ar\/fcayv\/wp-content\/uploads\/sites\/12\/2025\/03\/image0-3-740x1024.jpeg 740w, https:\/\/www.usal.edu.ar\/fcayv\/wp-content\/uploads\/sites\/12\/2025\/03\/image0-3-217x300.jpeg 217w, https:\/\/www.usal.edu.ar\/fcayv\/wp-content\/uploads\/sites\/12\/2025\/03\/image0-3-768x1063.jpeg 768w, https:\/\/www.usal.edu.ar\/fcayv\/wp-content\/uploads\/sites\/12\/2025\/03\/image0-3-1110x1536.jpeg 1110w, https:\/\/www.usal.edu.ar\/fcayv\/wp-content\/uploads\/sites\/12\/2025\/03\/image0-3-50x69.jpeg 50w, https:\/\/www.usal.edu.ar\/fcayv\/wp-content\/uploads\/sites\/12\/2025\/03\/image0-3.jpeg 1284w\" sizes=\"auto, (max-width: 740px) 100vw, 740px\" \/><\/a><\/figure>\n<\/div>\n\n\n\n<div class=\"wp-block-group has-global-padding is-layout-constrained wp-block-group-is-layout-constrained\">\n<h2 class=\"wp-block-heading has-text-align-center has-large-font-size\"><strong>\u00bfQu\u00e9 es el aprendizaje por simulaci\u00f3n?<\/strong><\/h2>\n<\/div>\n\n\n\n<p>El aprendizaje por simulaci\u00f3n es una estrategia educativa que recrea la realidad de un paciente en un entorno lo m\u00e1s similar posible a su contexto real (consultorio, hospital o campo). Su objetivo es permitir que estudiantes y profesionales adquieran y perfeccionen habilidades t\u00e9cnicas y no t\u00e9cnicas en un ambiente seguro y controlado, siempre respetando los principios de Bienestar Animal.<\/p>\n\n\n\n<div class=\"wp-block-group has-global-padding is-layout-constrained wp-block-group-is-layout-constrained\">\n<p><\/p>\n\n\n\n<p><strong>\u00bfC\u00f3mo est\u00e1 equipada?<\/strong><\/p>\n\n\n\n<p>La Unidad de Simulaci\u00f3n Veterinaria cuenta con:<\/p>\n\n\n\n<p>\u2022&nbsp;M\u00e1s de 20 simuladores de peque\u00f1os y grandes animales, importados directamente desde Canad\u00e1.<\/p>\n\n\n\n<p>\u2022&nbsp;Un espacio quir\u00fargico, compuesto por un quir\u00f3fano escuela y un \u00e1rea de simulaci\u00f3n para peque\u00f1os animales.<\/p>\n\n\n\n<p>\u2022&nbsp;Un \u00e1rea de maniobras cl\u00ednicas para la simulaci\u00f3n en grandes animales.<\/p>\n\n\n\n<p>\u2022&nbsp;Equipamiento de alta fidelidad para recrear escenarios realistas.<\/p>\n\n\n\n<p>\u2022&nbsp;Un equipo docente especializado en el dise\u00f1o e implementaci\u00f3n de pr\u00e1cticas en simulaci\u00f3n cl\u00ednica.<\/p>\n<\/div>\n\n\n<div id=\"gutenslider-fd55yuja4\" class=\"wp-block-eedee-block-gutenslider gs-frontend content-change alignnone arrow-style-1 arrow-position-sides arrow-mb-none arrows-lg arrows-md arrows-sm dot-style-1 dots-lg dots-md dots-sm dot-position-bottom is-position-center-center mb-none wrap-auto-height\" data-parallax-direction=\"down\" data-parallax-amount=\"1.3\" data-lg-transition=\"lg-slide\" data-hash=\"\" ><div class=\"eedee-swiper-outer\" style=\"--gutenslider-min-height: 50vh;--gutenslider-arrow-size: 30px;--gutenslider-dot-size: 25px;--gutenslider-arrow-color: #ffffff;--gutenslider-dot-color: #ffffff;--gutenslider-padding-y-mobile: 40px;--gutenslider-padding-x-mobile: 40px;--gutenslider-padding-y-tablet: 40px;--gutenslider-padding-x-tablet: 40px;--gutenslider-padding-y-desktop: 40px;--gutenslider-padding-x-desktop: 40px;--gutenslider-bg-image: url();--gutenslider-min-height-md: 50vh;--gutenslider-min-height-sm: 50vh;--gutenslider-padding-x: 40px;--gutenslider-padding-x-md: 40px;--gutenslider-padding-x-sm: 20px;--gutenslider-padding-y: 40px;--gutenslider-padding-y-md: 40px;--gutenslider-padding-y-sm: 20px;--gutenslider-arrow-size-md: 30px;--gutenslider-arrow-size-sm: 30px;--gutenslider-dot-size-md: 25px;--gutenslider-dot-size-sm: 25px;--gutenslider-arrow-bg-color: transparent;--gutenslider-arrow-hover-color: #eeeeee;--gutenslider-arrow-bg-hover-color: transparent;--gutenslider-arrow-x-offset: 10px;--gutenslider-arrow-x-offset-md: 10px;--gutenslider-arrow-x-offset-sm: 10px;--gutenslider-arrow-y-offset: 0px;--gutenslider-arrow-y-offset-md: 0px;--gutenslider-arrow-y-offset-sm: 0px;--gutenslider-arrow-x-spacing: 0px;--gutenslider-dot-y-offset: 10px;--gutenslider-dot-y-offset-md: 10px;--gutenslider-dot-y-offset-sm: 10px;--gutenslider-margin-x: 0px;--gutenslider-margin-x-md: 0px;--gutenslider-margin-x-sm: 0px;--gutenslider-margin-y: 0px;--gutenslider-margin-y-md: 0px;--gutenslider-margin-y-sm: 0px;--gutenslider-divider-top: 60px;--gutenslider-divider-bottom: 60px;--gutenslider-lightgallery-bg: #ffffff;--gutenslider-lightgallery-font: #000000;--gs-first-pos: 50% 50%;--gs-gap-vertical: var( --wp--style--gallery-gap-default, var( --gallery-block--gutter-size, var( --wp--style--block-gap, 0.5em ) ) );--gs-gap-horizontal: var( --wp--style--gallery-gap-default, var( --gallery-block--gutter-size, var( --wp--style--block-gap, 0.5em ) ) );\"><div class=\"gutenslider-divider-top\" style=\"color:#fff;\"><\/div><div class=\"swiper\" data-settings='{\"autoplay\":{\"delay\":3000,\"pauseOnMouseEnter\":true,\"disableOnInteraction\":false},\"speed\":700,\"direction\":\"horizontal\",\"autoHeight\":\"\",\"loop\":true,\"centeredSlides\":true,\"spaceBetween\":0,\"slidesPerView\":1,\"slidesPerGroup\":1,\"effect\":\"slide\",\"coverflowEffect\":{\"rotate\":30,\"slideShadows\":false,\"depth\":100,\"stretch\":50,\"modifier\":1},\"fadeEffect\":{\"crossFade\":true},\"zoom\":\"\",\"navigation\":{\"nextEl\":\"#gutenslider-fd55yuja4 .eedee-gutenslider-next\",\"prevEl\":\"#gutenslider-fd55yuja4 .eedee-gutenslider-prev\"},\"pagination\":{\"type\":\"bullets\",\"clickable\":true,\"dynamicBullets\":false,\"el\":\"#gutenslider-fd55yuja4 .eedee-gutenslider-pagination\"},\"pauseOnHover\":\"1\",\"watchSlidesProgress\":true,\"watchSlidesVisibility\":true,\"settingsMd\":{\"autoHeight\":\"\",\"slidesPerView\":1,\"slidesPerGroup\":1,\"spaceBetween\":0,\"loop\":true},\"settingsLg\":{\"autoHeight\":\"\",\"slidesPerView\":1,\"slidesPerGroup\":1,\"spaceBetween\":0,\"loop\":true},\"hasLg\":false,\"hasLgCounter\":true,\"isFullScreen\":false,\"arrowsFollowMouse\":false,\"lgTitle\":\"none\",\"lgCaption\":\"none\",\"lgThumbnails\":true,\"lgZoomEnabled\":false,\"keyboard\":{\"keyboard\":{\"enabled\":true,\"onlyInViewport\":true}},\"hashNavigation\":false,\"dividers\":false}'><div class=\"swiper-wrapper\">\n<div class=\"swiper-slide wp-block-eedee-block-gutenslide is-position-center-center ed-bg-image\" style=\"--ed-vw:300;--ed-vh:225;\" data-hash=\"\"><div class=\"eedee-background-div bg-image\"><img loading=\"lazy\" width=\"1024\" height=\"768\" class=\"wp-image-4670\" src=\"https:\/\/www.usal.edu.ar\/fcayv\/wp-content\/uploads\/sites\/12\/2025\/03\/image4-1024x768.jpeg\" alt=\"\" decoding=\"async\" style=\"object-fit: cover; object-position: 50% 50%;\"  data-title=\"image4\" srcset=\"https:\/\/www.usal.edu.ar\/fcayv\/wp-content\/uploads\/sites\/12\/2025\/03\/image4-1024x768.jpeg 1024w, https:\/\/www.usal.edu.ar\/fcayv\/wp-content\/uploads\/sites\/12\/2025\/03\/image4-300x225.jpeg 300w, https:\/\/www.usal.edu.ar\/fcayv\/wp-content\/uploads\/sites\/12\/2025\/03\/image4-768x576.jpeg 768w, https:\/\/www.usal.edu.ar\/fcayv\/wp-content\/uploads\/sites\/12\/2025\/03\/image4-1536x1153.jpeg 1536w, https:\/\/www.usal.edu.ar\/fcayv\/wp-content\/uploads\/sites\/12\/2025\/03\/image4-50x38.jpeg 50w, https:\/\/www.usal.edu.ar\/fcayv\/wp-content\/uploads\/sites\/12\/2025\/03\/image4.jpeg 1599w\" sizes=\"auto, (max-width: 1024px) 100vw, 1024px\" \/><div class=\"eedee-background-div__overlay\" style=\"opacity:1;\"><\/div><\/div><div class=\"slide-content\">\n\n<p class=\"has-text-align-center gutenslider-content-initial has-larger-font-size\"><\/p>\n\n<\/div><\/div>\n\n<div class=\"swiper-slide wp-block-eedee-block-gutenslide is-position-center-center ed-bg-image\" style=\"--ed-vw:225;--ed-vh:300;\" data-hash=\"\"><div class=\"eedee-background-div bg-image\"><img loading=\"lazy\" width=\"480\" height=\"640\" class=\"wp-image-4671\" src=\"https:\/\/www.usal.edu.ar\/fcayv\/wp-content\/uploads\/sites\/12\/2025\/03\/image2-rotated.jpeg\" alt=\"\" decoding=\"async\" style=\"object-fit: cover; object-position: 50% 50%;\"  data-title=\"image2\" srcset=\"https:\/\/www.usal.edu.ar\/fcayv\/wp-content\/uploads\/sites\/12\/2025\/03\/image2-rotated.jpeg 480w, https:\/\/www.usal.edu.ar\/fcayv\/wp-content\/uploads\/sites\/12\/2025\/03\/image2-225x300.jpeg 225w, https:\/\/www.usal.edu.ar\/fcayv\/wp-content\/uploads\/sites\/12\/2025\/03\/image2-50x67.jpeg 50w\" sizes=\"auto, (max-width: 480px) 100vw, 480px\" \/><div class=\"eedee-background-div__overlay\" style=\"opacity:1;\"><\/div><\/div><div class=\"slide-content\">\n\n<p class=\"has-text-align-center gutenslider-content-initial has-larger-font-size\"><\/p>\n\n<\/div><\/div>\n<\/div><\/div><button class=\"eedee-gutenslider-nav eedee-gutenslider-prev\"><svg xmlns=\"http:\/\/www.w3.org\/2000\/svg\" viewBox=\"0 0 24 24\" width=\"24\" height=\"24\"><circle class=\"bg\" cx=\"13\" cy=\"12\" r=\"11\" \/><path fill=\"none\" d=\"M0 0h24v24H0z\"\/><path class=\"arrow\" d=\"M10.828 12l4.95 4.95-1.414 1.414L8 12l6.364-6.364 1.414 1.414z\"\/><\/svg><\/button><button class=\"eedee-gutenslider-nav eedee-gutenslider-next\"><svg xmlns=\"http:\/\/www.w3.org\/2000\/svg\" viewBox=\"0 0 24 24\" width=\"24\" height=\"24\"><circle class=\"bg\" cx=\"11\" cy=\"12\" r=\"11\" \/><path fill=\"none\" d=\"M0 0h24v24H0z\"\/><path class=\"arrow\" d=\"M13.172 12l-4.95-4.95 1.414-1.414L16 12l-6.364 6.364-1.414-1.414z\"\/><\/svg><\/button><div class=\"eedee-gutenslider-pagination\"><\/div><div class=\"gutenslider-divider-bottom \" style=\"color:#fff;\"><\/div><\/div><\/div>\n\n\n<p>Gracias a estos recursos, la Unidad de Simulaci\u00f3n Veterinaria se posiciona como un referente nacional y regional en la educaci\u00f3n veterinaria, integrando simulaciones de alta fidelidad para la formaci\u00f3n acad\u00e9mica y continua.<\/p>\n\n\n\n<div class=\"wp-block-group has-global-padding is-layout-constrained wp-block-group-is-layout-constrained\">\n<p><strong>\u00bfCuales son los objetivos de la simulaci\u00f3n?<\/strong><\/p>\n\n\n\n<p>1.&nbsp;Capacitar a los estudiantes de Veterinaria y Zootecnia para que practiquen de manera deliberada, continua y a su propio ritmo las maniobras esenciales para su profesi\u00f3n desde el primer d\u00eda.<\/p>\n\n\n\n<p>2.&nbsp;Brindar un espacio de aprendizaje seguro, donde el error sea parte del proceso de ense\u00f1anza.<\/p>\n\n\n\n<p>3.&nbsp;Fomentar el intercambio de ideas y el desarrollo de habilidades blandas y trabajo en equipo.<\/p>\n\n\n\n<p>4.&nbsp;Ofrecer apoyo a las c\u00e1tedras que deseen incorporar la simulaci\u00f3n en su propuesta pedag\u00f3gica.<\/p>\n\n\n\n<p>5.&nbsp;Liderar los avances en Bienestar Animal, promoviendo m\u00e9todos educativos innovadores que reduzcan el uso de animales sanos en la ense\u00f1anza veterinaria.<\/p>\n<\/div>\n\n\n<div id=\"gutenslider-q9z3q7fd6\" class=\"wp-block-eedee-block-gutenslider gs-frontend content-change alignnone arrow-style-1 arrow-position-sides arrow-mb-none arrows-lg arrows-md arrows-sm dot-style-1 dots-lg dots-md dots-sm dot-position-bottom is-position-center-center mb-none wrap-auto-height\" data-parallax-direction=\"down\" data-parallax-amount=\"1.3\" data-lg-transition=\"lg-slide\" data-hash=\"\" ><div class=\"eedee-swiper-outer\" style=\"--gutenslider-min-height: 50vh;--gutenslider-arrow-size: 30px;--gutenslider-dot-size: 25px;--gutenslider-arrow-color: #ffffff;--gutenslider-dot-color: #ffffff;--gutenslider-padding-y-mobile: 40px;--gutenslider-padding-x-mobile: 40px;--gutenslider-padding-y-tablet: 40px;--gutenslider-padding-x-tablet: 40px;--gutenslider-padding-y-desktop: 40px;--gutenslider-padding-x-desktop: 40px;--gutenslider-bg-image: url();--gutenslider-min-height-md: 50vh;--gutenslider-min-height-sm: 50vh;--gutenslider-padding-x: 40px;--gutenslider-padding-x-md: 40px;--gutenslider-padding-x-sm: 20px;--gutenslider-padding-y: 40px;--gutenslider-padding-y-md: 40px;--gutenslider-padding-y-sm: 20px;--gutenslider-arrow-size-md: 30px;--gutenslider-arrow-size-sm: 30px;--gutenslider-dot-size-md: 25px;--gutenslider-dot-size-sm: 25px;--gutenslider-arrow-bg-color: transparent;--gutenslider-arrow-hover-color: #eeeeee;--gutenslider-arrow-bg-hover-color: transparent;--gutenslider-arrow-x-offset: 10px;--gutenslider-arrow-x-offset-md: 10px;--gutenslider-arrow-x-offset-sm: 10px;--gutenslider-arrow-y-offset: 0px;--gutenslider-arrow-y-offset-md: 0px;--gutenslider-arrow-y-offset-sm: 0px;--gutenslider-arrow-x-spacing: 0px;--gutenslider-dot-y-offset: 10px;--gutenslider-dot-y-offset-md: 10px;--gutenslider-dot-y-offset-sm: 10px;--gutenslider-margin-x: 0px;--gutenslider-margin-x-md: 0px;--gutenslider-margin-x-sm: 0px;--gutenslider-margin-y: 0px;--gutenslider-margin-y-md: 0px;--gutenslider-margin-y-sm: 0px;--gutenslider-divider-top: 60px;--gutenslider-divider-bottom: 60px;--gutenslider-lightgallery-bg: #ffffff;--gutenslider-lightgallery-font: #000000;--gs-first-pos: 50% 50%;--gs-gap-vertical: var( --wp--style--gallery-gap-default, var( --gallery-block--gutter-size, var( --wp--style--block-gap, 0.5em ) ) );--gs-gap-horizontal: var( --wp--style--gallery-gap-default, var( --gallery-block--gutter-size, var( --wp--style--block-gap, 0.5em ) ) );\"><div class=\"gutenslider-divider-top\" style=\"color:#fff;\"><\/div><div class=\"swiper\" data-settings='{\"autoplay\":{\"delay\":3000,\"pauseOnMouseEnter\":true,\"disableOnInteraction\":false},\"speed\":700,\"direction\":\"horizontal\",\"autoHeight\":\"\",\"loop\":true,\"centeredSlides\":true,\"spaceBetween\":0,\"slidesPerView\":1,\"slidesPerGroup\":1,\"effect\":\"slide\",\"coverflowEffect\":{\"rotate\":30,\"slideShadows\":false,\"depth\":100,\"stretch\":50,\"modifier\":1},\"fadeEffect\":{\"crossFade\":true},\"zoom\":\"\",\"navigation\":{\"nextEl\":\"#gutenslider-q9z3q7fd6 .eedee-gutenslider-next\",\"prevEl\":\"#gutenslider-q9z3q7fd6 .eedee-gutenslider-prev\"},\"pagination\":{\"type\":\"bullets\",\"clickable\":true,\"dynamicBullets\":false,\"el\":\"#gutenslider-q9z3q7fd6 .eedee-gutenslider-pagination\"},\"pauseOnHover\":\"1\",\"watchSlidesProgress\":true,\"watchSlidesVisibility\":true,\"settingsMd\":{\"autoHeight\":\"\",\"slidesPerView\":1,\"slidesPerGroup\":1,\"spaceBetween\":0,\"loop\":true},\"settingsLg\":{\"autoHeight\":\"\",\"slidesPerView\":1,\"slidesPerGroup\":1,\"spaceBetween\":0,\"loop\":true},\"hasLg\":false,\"hasLgCounter\":true,\"isFullScreen\":false,\"arrowsFollowMouse\":false,\"lgTitle\":\"none\",\"lgCaption\":\"none\",\"lgThumbnails\":true,\"lgZoomEnabled\":false,\"keyboard\":{\"keyboard\":{\"enabled\":true,\"onlyInViewport\":true}},\"hashNavigation\":false,\"dividers\":false}'><div class=\"swiper-wrapper\">\n<div class=\"swiper-slide wp-block-eedee-block-gutenslide is-position-center-center ed-bg-image\" style=\"--ed-vw:225;--ed-vh:300;\" data-hash=\"\"><div class=\"eedee-background-div bg-image\"><img loading=\"lazy\" width=\"768\" height=\"1024\" class=\"wp-image-4667\" src=\"https:\/\/www.usal.edu.ar\/fcayv\/wp-content\/uploads\/sites\/12\/2025\/03\/image1-768x1024.jpeg\" alt=\"\" decoding=\"async\" style=\"object-fit: cover; object-position: 50% 50%;\"  data-title=\"image1\" srcset=\"https:\/\/www.usal.edu.ar\/fcayv\/wp-content\/uploads\/sites\/12\/2025\/03\/image1-768x1024.jpeg 768w, https:\/\/www.usal.edu.ar\/fcayv\/wp-content\/uploads\/sites\/12\/2025\/03\/image1-225x300.jpeg 225w, https:\/\/www.usal.edu.ar\/fcayv\/wp-content\/uploads\/sites\/12\/2025\/03\/image1-50x67.jpeg 50w, https:\/\/www.usal.edu.ar\/fcayv\/wp-content\/uploads\/sites\/12\/2025\/03\/image1.jpeg 960w\" sizes=\"auto, (max-width: 768px) 100vw, 768px\" \/><div class=\"eedee-background-div__overlay\" style=\"opacity:1;\"><\/div><\/div><div class=\"slide-content\">\n\n<p class=\"has-text-align-center gutenslider-content-initial has-larger-font-size\"><\/p>\n\n<\/div><\/div>\n\n<div class=\"swiper-slide wp-block-eedee-block-gutenslide is-position-center-center ed-bg-image\" style=\"--ed-vw:300;--ed-vh:225;\" data-hash=\"\"><div class=\"eedee-background-div bg-image\"><img loading=\"lazy\" width=\"640\" height=\"480\" class=\"wp-image-4666\" src=\"https:\/\/www.usal.edu.ar\/fcayv\/wp-content\/uploads\/sites\/12\/2025\/03\/image3.jpeg\" alt=\"\" decoding=\"async\" style=\"object-fit: cover; object-position: 50% 50%;\"  data-title=\"image3\" srcset=\"https:\/\/www.usal.edu.ar\/fcayv\/wp-content\/uploads\/sites\/12\/2025\/03\/image3.jpeg 640w, https:\/\/www.usal.edu.ar\/fcayv\/wp-content\/uploads\/sites\/12\/2025\/03\/image3-300x225.jpeg 300w, https:\/\/www.usal.edu.ar\/fcayv\/wp-content\/uploads\/sites\/12\/2025\/03\/image3-50x38.jpeg 50w\" sizes=\"auto, (max-width: 640px) 100vw, 640px\" \/><div class=\"eedee-background-div__overlay\" style=\"opacity:1;\"><\/div><\/div><div class=\"slide-content\">\n\n<p class=\"has-text-align-center gutenslider-content-initial has-larger-font-size\"><\/p>\n\n<\/div><\/div>\n<\/div><\/div><button class=\"eedee-gutenslider-nav eedee-gutenslider-prev\"><svg xmlns=\"http:\/\/www.w3.org\/2000\/svg\" viewBox=\"0 0 24 24\" width=\"24\" height=\"24\"><circle class=\"bg\" cx=\"13\" cy=\"12\" r=\"11\" \/><path fill=\"none\" d=\"M0 0h24v24H0z\"\/><path class=\"arrow\" d=\"M10.828 12l4.95 4.95-1.414 1.414L8 12l6.364-6.364 1.414 1.414z\"\/><\/svg><\/button><button class=\"eedee-gutenslider-nav eedee-gutenslider-next\"><svg xmlns=\"http:\/\/www.w3.org\/2000\/svg\" viewBox=\"0 0 24 24\" width=\"24\" height=\"24\"><circle class=\"bg\" cx=\"11\" cy=\"12\" r=\"11\" \/><path fill=\"none\" d=\"M0 0h24v24H0z\"\/><path class=\"arrow\" d=\"M13.172 12l-4.95-4.95 1.414-1.414L16 12l-6.364 6.364-1.414-1.414z\"\/><\/svg><\/button><div class=\"eedee-gutenslider-pagination\"><\/div><div class=\"gutenslider-divider-bottom \" style=\"color:#fff;\"><\/div><\/div><\/div>\n\n\n<div class=\"wp-block-group has-global-padding is-layout-constrained wp-block-group-is-layout-constrained\">\n<p><strong>\u00bfEn qu\u00e9 sedes se encuentra la Unidad de Simulaci\u00f3n?<\/strong><\/p>\n\n\n\n<p>La Unidad de Simulaci\u00f3n de la Facultad de Ciencias Agrarias y Veterinarias cuenta con presencia en 2 sedes:&nbsp;<a href=\"https:\/\/www.usal.edu.ar\/fcayv\/sedes\/\" data-type=\"link\" data-id=\"https:\/\/www.usal.edu.ar\/fcayv\/sedes\/\" target=\"_blank\" rel=\"noreferrer noopener\">PILAR (BUENOS AIRES) Y VIRASORO (CORRIENTES)<\/a><\/p>\n\n\n\n<p><\/p>\n\n\n\n<p>En cada sede, cuenta con:<\/p>\n\n\n\n<p>\u2022 Equipo propio de docentes para guiar a los estudiantes y colaborar con las c\u00e1tedras.<\/p>\n\n\n\n<p>\u2022 Simuladores comerciales (o de alta fidelidad) y simuladores de bajo costo.<\/p>\n<\/div>\n\n\n\n<p class=\"has-text-align-left\"><strong>CONTACTO:<\/strong><\/p>\n\n\n\n<p class=\"has-text-align-left\">Si sos docente, acad\u00e9mico o alumno y dese\u00e1s ponerte en contacto con el equipo de la Unidad de Simulaci\u00f3n Veterinaria, envianos un mail a:<strong>&nbsp;<a href=\"mailto:simulacionfcayv@usal.edu.ar\" target=\"_blank\" rel=\"noreferrer noopener\">simulacionfcayv@usal.edu.ar<\/a><\/strong><\/p>\n\n\n\n<p class=\"has-text-align-left\">Tambi\u00e9n pod\u00e9s escribirnos si sos externo y est\u00e1s interesado en una capacitaci\u00f3n utilizando simulaci\u00f3n.<\/p>\n\n\n\n<p class=\"has-text-align-center\"><strong>\u00a1Los esperamos!<\/strong><\/p>\n","protected":false},"excerpt":{"rendered":"<p>La Facultad de Ciencias Agrarias y Veterinarias tiene el agrado de anunciar la apertura de la Unidad de Simulaci\u00f3n Veterinaria, una propuesta acad\u00e9mica \u00fanica en su tipo en nuestro pa\u00eds. Para conocer en profundidad la propuesta en Simulaci\u00f3n Veterinaria, descarg\u00e1 nuestro folleto informativo. \u00bfQu\u00e9 es el aprendizaje por simulaci\u00f3n? El aprendizaje por simulaci\u00f3n es una [&hellip;]<\/p>\n","protected":false},"author":5,"featured_media":0,"parent":0,"menu_order":0,"comment_status":"closed","ping_status":"closed","template":"","meta":{"_acf_changed":false,"footnotes":""},"class_list":["post-3047","page","type-page","status-publish","hentry"],"acf":[],"_links":{"self":[{"href":"https:\/\/www.usal.edu.ar\/fcayv\/wp-json\/wp\/v2\/pages\/3047","targetHints":{"allow":["GET"]}}],"collection":[{"href":"https:\/\/www.usal.edu.ar\/fcayv\/wp-json\/wp\/v2\/pages"}],"about":[{"href":"https:\/\/www.usal.edu.ar\/fcayv\/wp-json\/wp\/v2\/types\/page"}],"author":[{"embeddable":true,"href":"https:\/\/www.usal.edu.ar\/fcayv\/wp-json\/wp\/v2\/users\/5"}],"replies":[{"embeddable":true,"href":"https:\/\/www.usal.edu.ar\/fcayv\/wp-json\/wp\/v2\/comments?post=3047"}],"version-history":[{"count":30,"href":"https:\/\/www.usal.edu.ar\/fcayv\/wp-json\/wp\/v2\/pages\/3047\/revisions"}],"predecessor-version":[{"id":4885,"href":"https:\/\/www.usal.edu.ar\/fcayv\/wp-json\/wp\/v2\/pages\/3047\/revisions\/4885"}],"wp:attachment":[{"href":"https:\/\/www.usal.edu.ar\/fcayv\/wp-json\/wp\/v2\/media?parent=3047"}],"curies":[{"name":"wp","href":"https:\/\/api.w.org\/{rel}","templated":true}]}}