{"id":89,"date":"2024-07-12T20:40:44","date_gmt":"2024-07-12T23:40:44","guid":{"rendered":"https:\/\/www.usal.edu.ar\/fcayv\/?page_id=89"},"modified":"2024-09-02T11:05:43","modified_gmt":"2024-09-02T14:05:43","slug":"resena","status":"publish","type":"page","link":"https:\/\/www.usal.edu.ar\/fcayv\/resena\/","title":{"rendered":"Bienvenidos a la Facultad de Ciencias Agrarias y Veterinarias"},"content":{"rendered":"\n<p class=\"has-text-align-center\">El entorno globalizado y de total interconexi\u00f3n entre seres humanos, animales y medio ambiente hace imprescindible una nueva perspectiva en la formaci\u00f3n profesional. Desde esta visi\u00f3n integral, en el a\u00f1o 2020 se crea la Facultad de Ciencias Agrarias y Veterinarias de la Universidad del Salvador, fruto de la fusi\u00f3n de las Escuelas de Agronom\u00eda y Veterinaria.<\/p>\n\n\n\n<figure class=\"wp-block-gallery has-nested-images columns-default is-cropped wp-block-gallery-1 is-layout-flex wp-block-gallery-is-layout-flex\">\n<figure class=\"wp-block-image size-large\"><img loading=\"lazy\" decoding=\"async\" width=\"640\" height=\"480\" data-id=\"3069\" src=\"https:\/\/www.usal.edu.ar\/fcayv\/wp-content\/uploads\/sites\/12\/2024\/08\/IMG_5356.jpg\" alt=\"\" class=\"wp-image-3069\" srcset=\"https:\/\/www.usal.edu.ar\/fcayv\/wp-content\/uploads\/sites\/12\/2024\/08\/IMG_5356.jpg 640w, https:\/\/www.usal.edu.ar\/fcayv\/wp-content\/uploads\/sites\/12\/2024\/08\/IMG_5356-300x225.jpg 300w, https:\/\/www.usal.edu.ar\/fcayv\/wp-content\/uploads\/sites\/12\/2024\/08\/IMG_5356-50x38.jpg 50w\" sizes=\"auto, (max-width: 640px) 100vw, 640px\" \/><\/figure>\n\n\n\n<figure class=\"wp-block-image size-large\"><img loading=\"lazy\" decoding=\"async\" width=\"1024\" height=\"768\" data-id=\"3070\" src=\"https:\/\/www.usal.edu.ar\/fcayv\/wp-content\/uploads\/sites\/12\/2024\/08\/IMG_1264-1-1-1024x768.jpeg\" alt=\"\" class=\"wp-image-3070\" srcset=\"https:\/\/www.usal.edu.ar\/fcayv\/wp-content\/uploads\/sites\/12\/2024\/08\/IMG_1264-1-1-1024x768.jpeg 1024w, https:\/\/www.usal.edu.ar\/fcayv\/wp-content\/uploads\/sites\/12\/2024\/08\/IMG_1264-1-1-300x225.jpeg 300w, https:\/\/www.usal.edu.ar\/fcayv\/wp-content\/uploads\/sites\/12\/2024\/08\/IMG_1264-1-1-768x576.jpeg 768w, https:\/\/www.usal.edu.ar\/fcayv\/wp-content\/uploads\/sites\/12\/2024\/08\/IMG_1264-1-1-1536x1152.jpeg 1536w, https:\/\/www.usal.edu.ar\/fcayv\/wp-content\/uploads\/sites\/12\/2024\/08\/IMG_1264-1-1-2048x1536.jpeg 2048w, https:\/\/www.usal.edu.ar\/fcayv\/wp-content\/uploads\/sites\/12\/2024\/08\/IMG_1264-1-1-50x38.jpeg 50w, https:\/\/www.usal.edu.ar\/fcayv\/wp-content\/uploads\/sites\/12\/2024\/08\/IMG_1264-1-1-1600x1200.jpeg 1600w\" sizes=\"auto, (max-width: 1024px) 100vw, 1024px\" \/><\/figure>\n\n\n\n<figure class=\"wp-block-image size-full\"><img loading=\"lazy\" decoding=\"async\" width=\"640\" height=\"480\" data-id=\"3073\" src=\"https:\/\/www.usal.edu.ar\/fcayv\/wp-content\/uploads\/sites\/12\/2024\/08\/IMG_5358.jpg\" alt=\"\" class=\"wp-image-3073\" srcset=\"https:\/\/www.usal.edu.ar\/fcayv\/wp-content\/uploads\/sites\/12\/2024\/08\/IMG_5358.jpg 640w, https:\/\/www.usal.edu.ar\/fcayv\/wp-content\/uploads\/sites\/12\/2024\/08\/IMG_5358-300x225.jpg 300w, https:\/\/www.usal.edu.ar\/fcayv\/wp-content\/uploads\/sites\/12\/2024\/08\/IMG_5358-50x38.jpg 50w\" sizes=\"auto, (max-width: 640px) 100vw, 640px\" \/><\/figure>\n<\/figure>\n\n\n\n<p class=\"has-text-align-center\">Con sedes en Pilar (Buenos Aires) y Gdor. Virasoro (Corrientes), la integraci\u00f3n de nuestras carreras brinda a nuestros estudiantes la oportunidad de interactuar de manera interdiscplinaria, prepar\u00e1ndolos para ser agentes de cambio en sus comunidades. Nos proyectamos tanto a nivel nacional como internacional, con un fuerte enfoque en la responsabilidad social para satisfacer las necesidades actuales y futuras. Esto incluye la formaci\u00f3n y actualizaci\u00f3n de graduados l\u00edderes y emprendedores, as\u00ed como la investigaci\u00f3n, desarrollo e innovaci\u00f3n a trav\u00e9s de nuestro Instituto de Investigaci\u00f3n en Ciencias Agrarias y Veterinarias, abarcando \u00e1reas estrat\u00e9gicas para el desarrollo sustentable del pa\u00eds.<\/p>\n\n\n\n<figure class=\"wp-block-gallery has-nested-images columns-default is-cropped wp-block-gallery-2 is-layout-flex wp-block-gallery-is-layout-flex\">\n<figure class=\"wp-block-image size-large\"><img loading=\"lazy\" decoding=\"async\" width=\"640\" height=\"480\" data-id=\"3076\" src=\"https:\/\/www.usal.edu.ar\/fcayv\/wp-content\/uploads\/sites\/12\/2024\/08\/IMG_3486-1.jpg\" alt=\"\" class=\"wp-image-3076\" srcset=\"https:\/\/www.usal.edu.ar\/fcayv\/wp-content\/uploads\/sites\/12\/2024\/08\/IMG_3486-1.jpg 640w, https:\/\/www.usal.edu.ar\/fcayv\/wp-content\/uploads\/sites\/12\/2024\/08\/IMG_3486-1-300x225.jpg 300w, https:\/\/www.usal.edu.ar\/fcayv\/wp-content\/uploads\/sites\/12\/2024\/08\/IMG_3486-1-50x38.jpg 50w\" sizes=\"auto, (max-width: 640px) 100vw, 640px\" \/><\/figure>\n\n\n\n<figure class=\"wp-block-image size-large\"><img loading=\"lazy\" decoding=\"async\" width=\"1024\" height=\"768\" data-id=\"3078\" src=\"https:\/\/www.usal.edu.ar\/fcayv\/wp-content\/uploads\/sites\/12\/2024\/08\/IMG_3139-1024x768.jpg\" alt=\"\" class=\"wp-image-3078\" srcset=\"https:\/\/www.usal.edu.ar\/fcayv\/wp-content\/uploads\/sites\/12\/2024\/08\/IMG_3139-1024x768.jpg 1024w, https:\/\/www.usal.edu.ar\/fcayv\/wp-content\/uploads\/sites\/12\/2024\/08\/IMG_3139-300x225.jpg 300w, https:\/\/www.usal.edu.ar\/fcayv\/wp-content\/uploads\/sites\/12\/2024\/08\/IMG_3139-768x576.jpg 768w, https:\/\/www.usal.edu.ar\/fcayv\/wp-content\/uploads\/sites\/12\/2024\/08\/IMG_3139-1536x1152.jpg 1536w, https:\/\/www.usal.edu.ar\/fcayv\/wp-content\/uploads\/sites\/12\/2024\/08\/IMG_3139-2048x1536.jpg 2048w, https:\/\/www.usal.edu.ar\/fcayv\/wp-content\/uploads\/sites\/12\/2024\/08\/IMG_3139-50x38.jpg 50w, https:\/\/www.usal.edu.ar\/fcayv\/wp-content\/uploads\/sites\/12\/2024\/08\/IMG_3139-1600x1200.jpg 1600w\" sizes=\"auto, (max-width: 1024px) 100vw, 1024px\" \/><\/figure>\n\n\n\n<figure class=\"wp-block-image size-large\"><img loading=\"lazy\" decoding=\"async\" width=\"640\" height=\"480\" data-id=\"3080\" src=\"https:\/\/www.usal.edu.ar\/fcayv\/wp-content\/uploads\/sites\/12\/2024\/08\/IMG_6758-3.jpg\" alt=\"\" class=\"wp-image-3080\" srcset=\"https:\/\/www.usal.edu.ar\/fcayv\/wp-content\/uploads\/sites\/12\/2024\/08\/IMG_6758-3.jpg 640w, https:\/\/www.usal.edu.ar\/fcayv\/wp-content\/uploads\/sites\/12\/2024\/08\/IMG_6758-3-300x225.jpg 300w, https:\/\/www.usal.edu.ar\/fcayv\/wp-content\/uploads\/sites\/12\/2024\/08\/IMG_6758-3-50x38.jpg 50w\" sizes=\"auto, (max-width: 640px) 100vw, 640px\" \/><\/figure>\n<\/figure>\n\n\n\n<p class=\"has-text-align-center\">A trav\u00e9s de nuestro enfoque centrado en la persona, formamos profesionales de excelencia comprometidos con el desarrollo agropecuario sostenible, la utilizaci\u00f3n racional de los recursos, las buenas pr\u00e1cticas de producci\u00f3n y el respeto por el bienestar animal. Buscamos lograr un equilibrio entre la salud humana, animal y ambiental bajo el concepto de \u00abUna Salud\u00bb.<\/p>\n\n\n\n<figure class=\"wp-block-gallery has-nested-images columns-default is-cropped wp-block-gallery-3 is-layout-flex wp-block-gallery-is-layout-flex\">\n<figure class=\"wp-block-image size-large\"><img loading=\"lazy\" decoding=\"async\" width=\"1024\" height=\"654\" data-id=\"3081\" src=\"https:\/\/www.usal.edu.ar\/fcayv\/wp-content\/uploads\/sites\/12\/2024\/08\/Imagen2-1024x654.jpg\" alt=\"\" class=\"wp-image-3081\" srcset=\"https:\/\/www.usal.edu.ar\/fcayv\/wp-content\/uploads\/sites\/12\/2024\/08\/Imagen2-1024x654.jpg 1024w, https:\/\/www.usal.edu.ar\/fcayv\/wp-content\/uploads\/sites\/12\/2024\/08\/Imagen2-300x192.jpg 300w, https:\/\/www.usal.edu.ar\/fcayv\/wp-content\/uploads\/sites\/12\/2024\/08\/Imagen2-768x491.jpg 768w, https:\/\/www.usal.edu.ar\/fcayv\/wp-content\/uploads\/sites\/12\/2024\/08\/Imagen2-1536x981.jpg 1536w, https:\/\/www.usal.edu.ar\/fcayv\/wp-content\/uploads\/sites\/12\/2024\/08\/Imagen2-2048x1309.jpg 2048w, https:\/\/www.usal.edu.ar\/fcayv\/wp-content\/uploads\/sites\/12\/2024\/08\/Imagen2-50x32.jpg 50w, https:\/\/www.usal.edu.ar\/fcayv\/wp-content\/uploads\/sites\/12\/2024\/08\/Imagen2-1600x1022.jpg 1600w\" sizes=\"auto, (max-width: 1024px) 100vw, 1024px\" \/><\/figure>\n\n\n\n<figure class=\"wp-block-image size-large\"><img loading=\"lazy\" decoding=\"async\" width=\"1024\" height=\"683\" data-id=\"3082\" src=\"https:\/\/www.usal.edu.ar\/fcayv\/wp-content\/uploads\/sites\/12\/2024\/08\/Imagen1-1-1024x683.jpg\" alt=\"\" class=\"wp-image-3082\" srcset=\"https:\/\/www.usal.edu.ar\/fcayv\/wp-content\/uploads\/sites\/12\/2024\/08\/Imagen1-1-1024x683.jpg 1024w, https:\/\/www.usal.edu.ar\/fcayv\/wp-content\/uploads\/sites\/12\/2024\/08\/Imagen1-1-300x200.jpg 300w, https:\/\/www.usal.edu.ar\/fcayv\/wp-content\/uploads\/sites\/12\/2024\/08\/Imagen1-1-768x512.jpg 768w, https:\/\/www.usal.edu.ar\/fcayv\/wp-content\/uploads\/sites\/12\/2024\/08\/Imagen1-1-1536x1024.jpg 1536w, https:\/\/www.usal.edu.ar\/fcayv\/wp-content\/uploads\/sites\/12\/2024\/08\/Imagen1-1-50x33.jpg 50w, https:\/\/www.usal.edu.ar\/fcayv\/wp-content\/uploads\/sites\/12\/2024\/08\/Imagen1-1-1600x1067.jpg 1600w, https:\/\/www.usal.edu.ar\/fcayv\/wp-content\/uploads\/sites\/12\/2024\/08\/Imagen1-1.jpg 2028w\" sizes=\"auto, (max-width: 1024px) 100vw, 1024px\" \/><\/figure>\n\n\n\n<figure class=\"wp-block-image size-large\"><img loading=\"lazy\" decoding=\"async\" width=\"1024\" height=\"683\" data-id=\"3083\" src=\"https:\/\/www.usal.edu.ar\/fcayv\/wp-content\/uploads\/sites\/12\/2024\/08\/Imagen3-1024x683.jpg\" alt=\"\" class=\"wp-image-3083\" srcset=\"https:\/\/www.usal.edu.ar\/fcayv\/wp-content\/uploads\/sites\/12\/2024\/08\/Imagen3-1024x683.jpg 1024w, https:\/\/www.usal.edu.ar\/fcayv\/wp-content\/uploads\/sites\/12\/2024\/08\/Imagen3-300x200.jpg 300w, https:\/\/www.usal.edu.ar\/fcayv\/wp-content\/uploads\/sites\/12\/2024\/08\/Imagen3-768x512.jpg 768w, https:\/\/www.usal.edu.ar\/fcayv\/wp-content\/uploads\/sites\/12\/2024\/08\/Imagen3-1536x1024.jpg 1536w, https:\/\/www.usal.edu.ar\/fcayv\/wp-content\/uploads\/sites\/12\/2024\/08\/Imagen3-50x33.jpg 50w, https:\/\/www.usal.edu.ar\/fcayv\/wp-content\/uploads\/sites\/12\/2024\/08\/Imagen3-1600x1067.jpg 1600w, https:\/\/www.usal.edu.ar\/fcayv\/wp-content\/uploads\/sites\/12\/2024\/08\/Imagen3.jpg 2028w\" sizes=\"auto, (max-width: 1024px) 100vw, 1024px\" \/><\/figure>\n<\/figure>\n","protected":false},"excerpt":{"rendered":"<p>El entorno globalizado y de total interconexi\u00f3n entre seres humanos, animales y medio ambiente hace imprescindible una nueva perspectiva en la formaci\u00f3n profesional. Desde esta visi\u00f3n integral, en el a\u00f1o 2020 se crea la Facultad de Ciencias Agrarias y Veterinarias de la Universidad del Salvador, fruto de la fusi\u00f3n de las Escuelas de Agronom\u00eda y [&hellip;]<\/p>\n","protected":false},"author":5,"featured_media":0,"parent":0,"menu_order":0,"comment_status":"closed","ping_status":"closed","template":"","meta":{"_acf_changed":false,"footnotes":""},"class_list":["post-89","page","type-page","status-publish","hentry"],"acf":[],"_links":{"self":[{"href":"https:\/\/www.usal.edu.ar\/fcayv\/wp-json\/wp\/v2\/pages\/89","targetHints":{"allow":["GET"]}}],"collection":[{"href":"https:\/\/www.usal.edu.ar\/fcayv\/wp-json\/wp\/v2\/pages"}],"about":[{"href":"https:\/\/www.usal.edu.ar\/fcayv\/wp-json\/wp\/v2\/types\/page"}],"author":[{"embeddable":true,"href":"https:\/\/www.usal.edu.ar\/fcayv\/wp-json\/wp\/v2\/users\/5"}],"replies":[{"embeddable":true,"href":"https:\/\/www.usal.edu.ar\/fcayv\/wp-json\/wp\/v2\/comments?post=89"}],"version-history":[{"count":23,"href":"https:\/\/www.usal.edu.ar\/fcayv\/wp-json\/wp\/v2\/pages\/89\/revisions"}],"predecessor-version":[{"id":3240,"href":"https:\/\/www.usal.edu.ar\/fcayv\/wp-json\/wp\/v2\/pages\/89\/revisions\/3240"}],"wp:attachment":[{"href":"https:\/\/www.usal.edu.ar\/fcayv\/wp-json\/wp\/v2\/media?parent=89"}],"curies":[{"name":"wp","href":"https:\/\/api.w.org\/{rel}","templated":true}]}}