{"id":91,"date":"2024-07-12T20:40:50","date_gmt":"2024-07-12T23:40:50","guid":{"rendered":"https:\/\/www.usal.edu.ar\/fcayv\/?page_id=91"},"modified":"2026-03-09T10:17:44","modified_gmt":"2026-03-09T13:17:44","slug":"autoridades","status":"publish","type":"page","link":"https:\/\/www.usal.edu.ar\/fcayv\/autoridades\/","title":{"rendered":"Autoridades"},"content":{"rendered":"\n<div class=\"wp-block-group alignwide has-global-padding is-layout-constrained wp-block-group-is-layout-constrained\">\n<div class=\"wp-block-columns alignwide is-layout-flex wp-container-core-columns-is-layout-bd33f0e5 wp-block-columns-is-layout-flex\" style=\"padding-top:0;padding-right:0;padding-bottom:0;padding-left:0\">\n<div class=\"wp-block-column is-vertically-aligned-top has-global-padding is-layout-constrained wp-block-column-is-layout-constrained\">\n<div class=\"wp-block-group is-vertical is-content-justification-center is-layout-flex wp-container-core-group-is-layout-7128f10e wp-block-group-is-layout-flex\" style=\"border-radius:5px\">\n<figure class=\"wp-block-image size-full is-resized is-style-rounded img-mini-autoridad\"><img loading=\"lazy\" decoding=\"async\" width=\"2021\" height=\"2560\" src=\"https:\/\/www.usal.edu.ar\/fcayv\/wp-content\/uploads\/sites\/12\/2024\/08\/MS-scaled.jpg\" alt=\"\" class=\"wp-image-2973\" style=\"aspect-ratio:1;object-fit:cover;width:118px;height:auto\" srcset=\"https:\/\/www.usal.edu.ar\/fcayv\/wp-content\/uploads\/sites\/12\/2024\/08\/MS-scaled.jpg 2021w, https:\/\/www.usal.edu.ar\/fcayv\/wp-content\/uploads\/sites\/12\/2024\/08\/MS-237x300.jpg 237w, https:\/\/www.usal.edu.ar\/fcayv\/wp-content\/uploads\/sites\/12\/2024\/08\/MS-808x1024.jpg 808w, https:\/\/www.usal.edu.ar\/fcayv\/wp-content\/uploads\/sites\/12\/2024\/08\/MS-768x973.jpg 768w, https:\/\/www.usal.edu.ar\/fcayv\/wp-content\/uploads\/sites\/12\/2024\/08\/MS-1213x1536.jpg 1213w, https:\/\/www.usal.edu.ar\/fcayv\/wp-content\/uploads\/sites\/12\/2024\/08\/MS-1617x2048.jpg 1617w, https:\/\/www.usal.edu.ar\/fcayv\/wp-content\/uploads\/sites\/12\/2024\/08\/MS-50x63.jpg 50w, https:\/\/www.usal.edu.ar\/fcayv\/wp-content\/uploads\/sites\/12\/2024\/08\/MS-1600x2027.jpg 1600w\" sizes=\"auto, (max-width: 2021px) 100vw, 2021px\" \/><\/figure>\n\n\n\n<p class=\"has-text-align-center has-x-small-font-size\"><strong>Decana<\/strong><\/p>\n\n\n\n<p>Dra. Marina Sansi\u00f1ena<\/p>\n<\/div>\n<\/div>\n<\/div>\n\n\n\n<div class=\"wp-block-columns alignwide is-layout-flex wp-container-core-columns-is-layout-b920a999 wp-block-columns-is-layout-flex\" style=\"padding-top:var(--wp--preset--spacing--30);padding-right:0;padding-bottom:var(--wp--preset--spacing--30);padding-left:0\">\n<div class=\"wp-block-column is-vertically-aligned-top is-vertical is-content-justification-center is-layout-flex wp-container-core-column-is-layout-7128f10e wp-block-column-is-layout-flex\" style=\"border-radius:5px\">\n<div class=\"wp-block-group is-vertical is-content-justification-center is-layout-flex wp-container-core-group-is-layout-7128f10e wp-block-group-is-layout-flex\" style=\"border-radius:5px\">\n<figure class=\"wp-block-image size-full is-resized is-style-rounded img-mini-autoridad\"><img loading=\"lazy\" decoding=\"async\" width=\"1489\" height=\"1393\" src=\"https:\/\/www.usal.edu.ar\/fcayv\/wp-content\/uploads\/sites\/12\/2024\/08\/20240805_160358.jpg\" alt=\"\" class=\"wp-image-3014\" style=\"width:116px;height:auto\" srcset=\"https:\/\/www.usal.edu.ar\/fcayv\/wp-content\/uploads\/sites\/12\/2024\/08\/20240805_160358.jpg 1489w, https:\/\/www.usal.edu.ar\/fcayv\/wp-content\/uploads\/sites\/12\/2024\/08\/20240805_160358-300x281.jpg 300w, https:\/\/www.usal.edu.ar\/fcayv\/wp-content\/uploads\/sites\/12\/2024\/08\/20240805_160358-1024x958.jpg 1024w, https:\/\/www.usal.edu.ar\/fcayv\/wp-content\/uploads\/sites\/12\/2024\/08\/20240805_160358-768x718.jpg 768w, https:\/\/www.usal.edu.ar\/fcayv\/wp-content\/uploads\/sites\/12\/2024\/08\/20240805_160358-50x47.jpg 50w\" sizes=\"auto, (max-width: 1489px) 100vw, 1489px\" \/><\/figure>\n\n\n\n<p class=\"has-text-align-center has-x-small-font-size\"><strong><strong>Secretario Acad\u00e9mico<\/strong><\/strong><\/p>\n\n\n\n<div class=\"wp-block-group alignwide has-text-color has-link-color wp-elements-def3dde624206e8d8eb5c0cd032f26c5 wp-container-content-9cfa9a5a is-content-justification-center is-nowrap is-layout-flex wp-container-core-group-is-layout-23441af8 wp-block-group-is-layout-flex\" style=\"color:#3f3f3f\">\n<p class=\"has-text-align-center has-text-color has-link-color wp-elements-d5c5960b31eb5d70a11ba3c703697499\" style=\"color:#3f3f3f\">Ing. Agr. Carlos Dami\u00e1n Cohn<\/p>\n<\/div>\n<\/div>\n<\/div>\n<\/div>\n\n\n\n<div class=\"wp-block-group alignwide has-global-padding is-layout-constrained wp-container-core-group-is-layout-92b9201d wp-block-group-is-layout-constrained\">\n<h5 class=\"wp-block-heading has-text-align-center has-contrast-color has-text-color has-link-color wp-elements-e62b917f435ded0c4b1a1ee1f1dc9df7\" style=\"margin-top:var(--wp--preset--spacing--30);margin-bottom:var(--wp--preset--spacing--30);text-transform:none\">Colaboradores Acad\u00e9micos<\/h5>\n\n\n\n<div class=\"wp-block-columns alignwide is-layout-flex wp-container-core-columns-is-layout-08c01c1c wp-block-columns-is-layout-flex\">\n<div class=\"wp-block-column is-vertically-aligned-top has-global-padding is-layout-constrained wp-block-column-is-layout-constrained\">\n<div class=\"wp-block-group is-vertical is-content-justification-center is-layout-flex wp-container-core-group-is-layout-7128f10e wp-block-group-is-layout-flex\" style=\"border-radius:5px\">\n<figure class=\"wp-block-image size-full is-resized is-style-rounded img-mini-autoridad\"><img loading=\"lazy\" decoding=\"async\" width=\"2267\" height=\"2383\" src=\"https:\/\/www.usal.edu.ar\/fcayv\/wp-content\/uploads\/sites\/12\/2024\/08\/Leda-2.jpg\" alt=\"\" class=\"wp-image-3002\" style=\"width:100px\" srcset=\"https:\/\/www.usal.edu.ar\/fcayv\/wp-content\/uploads\/sites\/12\/2024\/08\/Leda-2.jpg 2267w, https:\/\/www.usal.edu.ar\/fcayv\/wp-content\/uploads\/sites\/12\/2024\/08\/Leda-2-285x300.jpg 285w, https:\/\/www.usal.edu.ar\/fcayv\/wp-content\/uploads\/sites\/12\/2024\/08\/Leda-2-974x1024.jpg 974w, https:\/\/www.usal.edu.ar\/fcayv\/wp-content\/uploads\/sites\/12\/2024\/08\/Leda-2-768x807.jpg 768w, https:\/\/www.usal.edu.ar\/fcayv\/wp-content\/uploads\/sites\/12\/2024\/08\/Leda-2-1461x1536.jpg 1461w, https:\/\/www.usal.edu.ar\/fcayv\/wp-content\/uploads\/sites\/12\/2024\/08\/Leda-2-1948x2048.jpg 1948w, https:\/\/www.usal.edu.ar\/fcayv\/wp-content\/uploads\/sites\/12\/2024\/08\/Leda-2-50x53.jpg 50w, https:\/\/www.usal.edu.ar\/fcayv\/wp-content\/uploads\/sites\/12\/2024\/08\/Leda-2-1600x1682.jpg 1600w\" sizes=\"auto, (max-width: 2267px) 100vw, 2267px\" \/><\/figure>\n\n\n\n<p class=\"has-text-align-center has-text-color has-link-color wp-elements-ec105fa2e3755a4fab519310486b3475\" style=\"color:#3f3f3f\">Med. Vet. Leda Rosso Lastra&nbsp;<\/p>\n<\/div>\n<\/div>\n\n\n\n<div class=\"wp-block-column has-global-padding is-layout-constrained wp-container-core-column-is-layout-19e250f3 wp-block-column-is-layout-constrained\">\n<div class=\"wp-block-group is-vertical is-content-justification-center is-layout-flex wp-container-core-group-is-layout-7128f10e wp-block-group-is-layout-flex\" style=\"border-radius:5px\">\n<figure class=\"wp-block-image size-full is-resized is-style-rounded img-mini-autoridad\"><img loading=\"lazy\" decoding=\"async\" width=\"576\" height=\"554\" src=\"https:\/\/www.usal.edu.ar\/fcayv\/wp-content\/uploads\/sites\/12\/2025\/07\/IMG_7805-1.jpg\" alt=\"\" class=\"wp-image-4877\" style=\"width:105px\" srcset=\"https:\/\/www.usal.edu.ar\/fcayv\/wp-content\/uploads\/sites\/12\/2025\/07\/IMG_7805-1.jpg 576w, https:\/\/www.usal.edu.ar\/fcayv\/wp-content\/uploads\/sites\/12\/2025\/07\/IMG_7805-1-300x289.jpg 300w, https:\/\/www.usal.edu.ar\/fcayv\/wp-content\/uploads\/sites\/12\/2025\/07\/IMG_7805-1-50x48.jpg 50w\" sizes=\"auto, (max-width: 576px) 100vw, 576px\" \/><\/figure>\n\n\n\n<div class=\"wp-block-group alignwide has-text-color has-link-color wp-elements-ec0482a18b0a16c915e6063d9a77b0cd wp-container-content-9cfa9a5a is-content-justification-center is-nowrap is-layout-flex wp-container-core-group-is-layout-23441af8 wp-block-group-is-layout-flex\" style=\"color:#3f3f3f\">\n<p class=\"has-text-align-center has-text-color has-link-color wp-elements-71792e439465e64887ed40ab50c0514d\" style=\"color:#3f3f3f\">Med. Vet. Micaela Von Meyeren<\/p>\n<\/div>\n<\/div>\n<\/div>\n<\/div>\n\n\n\n<h5 class=\"wp-block-heading has-text-align-center\">Directores de Carrera<\/h5>\n\n\n\n<div class=\"wp-block-columns alignwide are-vertically-aligned-top is-layout-flex wp-container-core-columns-is-layout-28f84493 wp-block-columns-is-layout-flex\">\n<div class=\"wp-block-column is-vertically-aligned-top has-global-padding is-layout-constrained wp-block-column-is-layout-constrained\">\n<div class=\"wp-block-group is-vertical is-content-justification-center is-layout-flex wp-container-core-group-is-layout-7128f10e wp-block-group-is-layout-flex\" style=\"border-radius:5px\">\n<figure class=\"wp-block-image size-full is-resized is-style-rounded img-mini-autoridad\"><img loading=\"lazy\" decoding=\"async\" width=\"2560\" height=\"2476\" src=\"https:\/\/www.usal.edu.ar\/fcayv\/wp-content\/uploads\/sites\/12\/2024\/08\/BR-1-scaled.jpg\" alt=\"\" class=\"wp-image-2984\" style=\"width:100px\" srcset=\"https:\/\/www.usal.edu.ar\/fcayv\/wp-content\/uploads\/sites\/12\/2024\/08\/BR-1-scaled.jpg 2560w, https:\/\/www.usal.edu.ar\/fcayv\/wp-content\/uploads\/sites\/12\/2024\/08\/BR-1-300x290.jpg 300w, https:\/\/www.usal.edu.ar\/fcayv\/wp-content\/uploads\/sites\/12\/2024\/08\/BR-1-1024x990.jpg 1024w, https:\/\/www.usal.edu.ar\/fcayv\/wp-content\/uploads\/sites\/12\/2024\/08\/BR-1-768x743.jpg 768w, https:\/\/www.usal.edu.ar\/fcayv\/wp-content\/uploads\/sites\/12\/2024\/08\/BR-1-1536x1485.jpg 1536w, https:\/\/www.usal.edu.ar\/fcayv\/wp-content\/uploads\/sites\/12\/2024\/08\/BR-1-2048x1981.jpg 2048w, https:\/\/www.usal.edu.ar\/fcayv\/wp-content\/uploads\/sites\/12\/2024\/08\/BR-1-50x48.jpg 50w, https:\/\/www.usal.edu.ar\/fcayv\/wp-content\/uploads\/sites\/12\/2024\/08\/BR-1-1600x1547.jpg 1600w\" sizes=\"auto, (max-width: 2560px) 100vw, 2560px\" \/><\/figure>\n\n\n\n<p class=\"has-text-align-center has-x-small-font-size\"><strong>Agronom\u00eda Virasoro<\/strong><\/p>\n\n\n\n<div class=\"wp-block-group alignwide has-text-color has-link-color wp-elements-d62f16b35c370f4f106116e9d2ea3a74 wp-container-content-9cfa9a5a is-content-justification-center is-nowrap is-layout-flex wp-container-core-group-is-layout-23441af8 wp-block-group-is-layout-flex\" style=\"color:#3f3f3f\">\n<p class=\"has-text-align-center has-text-color has-link-color wp-elements-191d5f2cb780dd0d1a69185acc496470\" style=\"color:#3f3f3f\">Ing. Agr. Mar\u00eda Bel\u00e9n Rossner<\/p>\n<\/div>\n<\/div>\n<\/div>\n\n\n\n<div class=\"wp-block-column is-layout-flow wp-block-column-is-layout-flow\">\n<div class=\"wp-block-group is-vertical is-content-justification-center is-layout-flex wp-container-core-group-is-layout-7128f10e wp-block-group-is-layout-flex\" style=\"border-radius:5px\">\n<figure class=\"wp-block-image size-full is-resized is-style-rounded img-mini-autoridad\"><img loading=\"lazy\" decoding=\"async\" width=\"647\" height=\"622\" src=\"https:\/\/www.usal.edu.ar\/fcayv\/wp-content\/uploads\/sites\/12\/2025\/07\/15c1a3a4-154b-430c-9f39-8f38083ab454.jpg\" alt=\"\" class=\"wp-image-4876\" style=\"width:100px\" srcset=\"https:\/\/www.usal.edu.ar\/fcayv\/wp-content\/uploads\/sites\/12\/2025\/07\/15c1a3a4-154b-430c-9f39-8f38083ab454.jpg 647w, https:\/\/www.usal.edu.ar\/fcayv\/wp-content\/uploads\/sites\/12\/2025\/07\/15c1a3a4-154b-430c-9f39-8f38083ab454-300x288.jpg 300w, https:\/\/www.usal.edu.ar\/fcayv\/wp-content\/uploads\/sites\/12\/2025\/07\/15c1a3a4-154b-430c-9f39-8f38083ab454-50x48.jpg 50w\" sizes=\"auto, (max-width: 647px) 100vw, 647px\" \/><\/figure>\n\n\n\n<p class=\"has-text-align-center has-x-small-font-size\"><strong>Agronom\u00eda Pilar<\/strong><\/p>\n\n\n\n<div class=\"wp-block-group alignwide has-text-color has-link-color wp-elements-e187fa91ae6524f3d0da6636d66da342 wp-container-content-9cfa9a5a is-content-justification-center is-nowrap is-layout-flex wp-container-core-group-is-layout-23441af8 wp-block-group-is-layout-flex\" style=\"color:#3f3f3f\">\n<p class=\"has-text-align-center has-text-color has-link-color wp-elements-6ae941d90bed81738ab4bac89a9f30fa\" style=\"color:#3f3f3f\">Ing. Prod. Agrop. Magdalena Zingoni<\/p>\n<\/div>\n<\/div>\n<\/div>\n<\/div>\n\n\n\n<div class=\"wp-block-columns alignwide is-layout-flex wp-container-core-columns-is-layout-28f84493 wp-block-columns-is-layout-flex\">\n<div class=\"wp-block-column is-vertically-aligned-top has-global-padding is-layout-constrained wp-block-column-is-layout-constrained\" style=\"flex-basis:50%\">\n<div class=\"wp-block-group is-vertical is-content-justification-center is-layout-flex wp-container-core-group-is-layout-7128f10e wp-block-group-is-layout-flex\" style=\"border-radius:5px\">\n<figure class=\"wp-block-image size-full is-resized is-style-rounded img-mini-autoridad\"><img loading=\"lazy\" decoding=\"async\" width=\"1021\" height=\"1032\" src=\"https:\/\/www.usal.edu.ar\/fcayv\/wp-content\/uploads\/sites\/12\/2024\/08\/Myriam.jpg\" alt=\"\" class=\"wp-image-3028\" style=\"width:100px\" srcset=\"https:\/\/www.usal.edu.ar\/fcayv\/wp-content\/uploads\/sites\/12\/2024\/08\/Myriam.jpg 1021w, https:\/\/www.usal.edu.ar\/fcayv\/wp-content\/uploads\/sites\/12\/2024\/08\/Myriam-297x300.jpg 297w, https:\/\/www.usal.edu.ar\/fcayv\/wp-content\/uploads\/sites\/12\/2024\/08\/Myriam-1013x1024.jpg 1013w, https:\/\/www.usal.edu.ar\/fcayv\/wp-content\/uploads\/sites\/12\/2024\/08\/Myriam-768x776.jpg 768w, https:\/\/www.usal.edu.ar\/fcayv\/wp-content\/uploads\/sites\/12\/2024\/08\/Myriam-50x51.jpg 50w\" sizes=\"auto, (max-width: 1021px) 100vw, 1021px\" \/><\/figure>\n\n\n\n<p class=\"has-text-align-center has-x-small-font-size\"><strong>Veterinaria Virasoro<\/strong><\/p>\n\n\n\n<div class=\"wp-block-group alignwide has-text-color has-link-color wp-elements-4f820f1c178f544910e03abf24f6daa6 wp-container-content-9cfa9a5a is-content-justification-center is-nowrap is-layout-flex wp-container-core-group-is-layout-23441af8 wp-block-group-is-layout-flex\" style=\"color:#3f3f3f\">\n<p class=\"has-text-align-center has-text-color has-link-color wp-elements-aab4a0f8330c70794c2e760c3fed4b0b wp-container-content-9cfa9a5a\" style=\"color:#3f3f3f\">Med. Vet. Myriam Rojas<\/p>\n<\/div>\n<\/div>\n<\/div>\n\n\n\n<div class=\"wp-block-column is-vertically-aligned-top has-global-padding is-layout-constrained wp-block-column-is-layout-constrained\" style=\"flex-basis:50%\">\n<div class=\"wp-block-group is-vertical is-content-justification-center is-layout-flex wp-container-core-group-is-layout-7128f10e wp-block-group-is-layout-flex\" style=\"border-radius:5px\">\n<figure class=\"wp-block-image size-full is-resized is-style-rounded img-mini-autoridad\"><img loading=\"lazy\" decoding=\"async\" width=\"1043\" height=\"1043\" src=\"https:\/\/www.usal.edu.ar\/fcayv\/wp-content\/uploads\/sites\/12\/2025\/09\/FAyV.jpg\" alt=\"\" class=\"wp-image-4992\" style=\"width:100px\" srcset=\"https:\/\/www.usal.edu.ar\/fcayv\/wp-content\/uploads\/sites\/12\/2025\/09\/FAyV.jpg 1043w, https:\/\/www.usal.edu.ar\/fcayv\/wp-content\/uploads\/sites\/12\/2025\/09\/FAyV-300x300.jpg 300w, https:\/\/www.usal.edu.ar\/fcayv\/wp-content\/uploads\/sites\/12\/2025\/09\/FAyV-1024x1024.jpg 1024w, https:\/\/www.usal.edu.ar\/fcayv\/wp-content\/uploads\/sites\/12\/2025\/09\/FAyV-150x150.jpg 150w, https:\/\/www.usal.edu.ar\/fcayv\/wp-content\/uploads\/sites\/12\/2025\/09\/FAyV-768x768.jpg 768w, https:\/\/www.usal.edu.ar\/fcayv\/wp-content\/uploads\/sites\/12\/2025\/09\/FAyV-50x50.jpg 50w\" sizes=\"auto, (max-width: 1043px) 100vw, 1043px\" \/><\/figure>\n\n\n\n<p class=\"has-text-align-center has-x-small-font-size\"><strong>Veterinaria Pilar<\/strong><\/p>\n\n\n\n<div class=\"wp-block-group alignwide has-text-color has-link-color wp-elements-c2ce976d00ccc44481122d584a443e20 wp-container-content-9cfa9a5a is-content-justification-center is-nowrap is-layout-flex wp-container-core-group-is-layout-23441af8 wp-block-group-is-layout-flex\" style=\"color:#3f3f3f\">\n<p class=\"has-text-align-center has-text-color has-link-color wp-elements-6312968106ffcee8056f0e6d4788b18e wp-container-content-9cfa9a5a\" style=\"color:#3f3f3f\">Med. Vet. Ver\u00f3nica Pereira Su\u00e1rez<\/p>\n<\/div>\n<\/div>\n<\/div>\n<\/div>\n<\/div>\n<\/div>\n\n\n\n<div class=\"wp-block-group has-global-padding is-layout-constrained wp-block-group-is-layout-constrained\">\n<p class=\"has-text-align-center\"><strong>Instituto unificado de Investigaci\u00f3n en Ciencias Agrarias y Veterinarias unificado por Resoluci\u00f3n Rectoral 317\/24.<\/strong><\/p>\n\n\n\n<div class=\"wp-block-columns is-layout-flex wp-container-core-columns-is-layout-28f84493 wp-block-columns-is-layout-flex\">\n<div class=\"wp-block-column is-layout-flow wp-block-column-is-layout-flow\">\n<p class=\"has-text-align-center\">Direcci\u00f3n de Investigaci\u00f3n-VRID.<\/p>\n<\/div>\n<\/div>\n<\/div>\n","protected":false},"excerpt":{"rendered":"<p>Decana Dra. Marina Sansi\u00f1ena Secretario Acad\u00e9mico Ing. Agr. Carlos Dami\u00e1n Cohn Colaboradores Acad\u00e9micos Med. Vet. Leda Rosso Lastra&nbsp; Med. Vet. Micaela Von Meyeren Directores de Carrera Agronom\u00eda Virasoro Ing. Agr. Mar\u00eda Bel\u00e9n Rossner Agronom\u00eda Pilar Ing. Prod. Agrop. Magdalena Zingoni Veterinaria Virasoro Med. Vet. Myriam Rojas Veterinaria Pilar Med. Vet. Ver\u00f3nica Pereira Su\u00e1rez Instituto unificado [&hellip;]<\/p>\n","protected":false},"author":5,"featured_media":0,"parent":0,"menu_order":0,"comment_status":"closed","ping_status":"closed","template":"","meta":{"_acf_changed":false,"footnotes":""},"class_list":["post-91","page","type-page","status-publish","hentry"],"acf":[],"_links":{"self":[{"href":"https:\/\/www.usal.edu.ar\/fcayv\/wp-json\/wp\/v2\/pages\/91","targetHints":{"allow":["GET"]}}],"collection":[{"href":"https:\/\/www.usal.edu.ar\/fcayv\/wp-json\/wp\/v2\/pages"}],"about":[{"href":"https:\/\/www.usal.edu.ar\/fcayv\/wp-json\/wp\/v2\/types\/page"}],"author":[{"embeddable":true,"href":"https:\/\/www.usal.edu.ar\/fcayv\/wp-json\/wp\/v2\/users\/5"}],"replies":[{"embeddable":true,"href":"https:\/\/www.usal.edu.ar\/fcayv\/wp-json\/wp\/v2\/comments?post=91"}],"version-history":[{"count":26,"href":"https:\/\/www.usal.edu.ar\/fcayv\/wp-json\/wp\/v2\/pages\/91\/revisions"}],"predecessor-version":[{"id":5143,"href":"https:\/\/www.usal.edu.ar\/fcayv\/wp-json\/wp\/v2\/pages\/91\/revisions\/5143"}],"wp:attachment":[{"href":"https:\/\/www.usal.edu.ar\/fcayv\/wp-json\/wp\/v2\/media?parent=91"}],"curies":[{"name":"wp","href":"https:\/\/api.w.org\/{rel}","templated":true}]}}