{"id":462,"date":"2024-02-29T20:09:44","date_gmt":"2024-02-29T23:09:44","guid":{"rendered":"https:\/\/www.usal.edu.ar\/fceye\/?page_id=462"},"modified":"2024-05-03T17:10:10","modified_gmt":"2024-05-03T20:10:10","slug":"archivo-instituto-de-investigacion-en-ciencias-de-la-administracion-2003-2015","status":"publish","type":"page","link":"https:\/\/www.usal.edu.ar\/fceye\/investigacion\/archivos-historicos-2003-2015\/archivo-instituto-de-investigacion-en-ciencias-de-la-administracion-2003-2015\/","title":{"rendered":"Archivo &#8211; Instituto de Investigaci\u00f3n en Ciencias de la Administraci\u00f3n (2003-2015)"},"content":{"rendered":"\n<div class=\"wp-block-group has-global-padding is-layout-constrained wp-container-core-group-is-layout-51e8bfd8 wp-block-group-is-layout-constrained\" style=\"margin-top:var(--wp--preset--spacing--30);margin-bottom:var(--wp--preset--spacing--30);padding-top:0;padding-bottom:0\">\n<p class=\"has-text-align-center has-base-color has-primary-background-color has-text-color has-background has-link-color has-x-small-font-size wp-elements-5e966370570c52b74c8f64372587335f\"><strong><strong>Instituto de Investigaci\u00f3n en Ciencias de la Administraci\u00f3n (RR 572\/12)<\/strong><\/strong><br>Director: a\/c Sr. Decano,\u00a0<strong>Lic. H\u00e9ctor Dama, MBA<\/strong><\/p>\n\n\n\n<div class=\"wp-block-group has-global-padding is-layout-constrained wp-block-group-is-layout-constrained\">\n<div class=\"wp-block-group is-vertical is-content-justification-stretch is-layout-flex wp-container-core-group-is-layout-d275371d wp-block-group-is-layout-flex\">\n<div class=\"wp-block-group has-base-background-color has-background is-vertical is-content-justification-stretch is-layout-flex wp-container-core-group-is-layout-427e81aa wp-block-group-is-layout-flex\" style=\"min-height:0px;padding-top:var(--wp--preset--spacing--30);padding-right:var(--wp--preset--spacing--30);padding-bottom:var(--wp--preset--spacing--30);padding-left:var(--wp--preset--spacing--30)\">\n<h3 class=\"wp-block-heading has-text-align-center has-contrast-color has-text-color has-link-color has-medium-font-size wp-elements-a34040c8d0cc0802142e3709602759b3\"><strong><strong>Proyectos<\/strong><\/strong><\/h3>\n\n\n\n<p class=\"has-text-align-left has-contrast-color has-text-color has-link-color wp-elements-c88d50c990d512ec2a07067885967e54\">En conjunto con la Direcci\u00f3n de Cooperaci\u00f3n Internacional (DCI) de la Universidad, la Facultad genera v\u00ednculos y espacios interinstitucionales a nivel internacional, a favor del desarrollo, la capacitaci\u00f3n y el trabajo conjunto, destinado a estudiantes de Grado, Postgrado, graduados, docentes e investigadores.<\/p>\n\n\n\n<ul style=\"margin-top:var(--wp--preset--spacing--30);margin-right:var(--wp--preset--spacing--30);margin-bottom:var(--wp--preset--spacing--30);margin-left:var(--wp--preset--spacing--30);padding-top:0;padding-right:0;padding-bottom:0;padding-left:0\" class=\"has-contrast-color has-text-color has-link-color wp-block-list wp-elements-f81a81f0366ba679548a7795498cb120\">\n<li>Campora, Jorge Alberto; Depine, Santos \u00c1ngel; Urchipia, Gabriel Omar; L\u00f3pez, Andrea; Schiavo, Valeria; Feinmann, David Guillermo.&nbsp;<strong><a href=\"http:\/\/servicios.usal.edu.ar\/proyectos\/2013\/2013_1546.html\">Competencias gen\u00e9ricas transversales: Aplicaci\u00f3n de las competencias genericas transversales en la gesti\u00f3n organizacional.<\/a><\/strong>&nbsp;(2013).&nbsp;<em>Instituto de Investigaci\u00f3n en Ciencias de la Administraci\u00f3n, ** Facultad de Ciencias de la Administraci\u00f3n<\/em>.<\/li>\n\n\n\n<li>Daldin, Graciela Susana; L\u00f3pez Pasar\u00f3n, Cristi\u00e1n; Vazquez, Victor Manuel; Mon\u00eda, Sebasti\u00e1n; Porta, Stefan\u00eda.&nbsp;<strong><a href=\"http:\/\/servicios.usal.edu.ar\/proyectos\/2013\/2013_1580.html\">Ejecuci\u00f3n simb\u00f3lica: Una forma de asegurar la creaci\u00f3n de c\u00f3digo desde el inicio en la etapa de dasarrollo.<\/a><\/strong>&nbsp;(2013).&nbsp;<em>Instituto de Investigaci\u00f3n en Ciencias de la Administraci\u00f3n, ** Facultad de Ciencias de la Administraci\u00f3n<\/em>.<\/li>\n\n\n\n<li>Depine, Santos \u00c1ngel; Campora, Jorge Alberto; Casanova, Ricardo Miguel; Castillo, Gustavo; Rago, Mar\u00eda Mercedes.&nbsp;<strong><a href=\"http:\/\/servicios.usal.edu.ar\/proyectos\/2013\/2013_1273.html\">Incremento de la Eficiencia de los Equipos Humanos en los Centros de Di\u00e1lisis, incorporando Competencias Comunicacionales para la Coordinaci\u00f3n de Acciones.<\/a><\/strong>&nbsp;(2010-2013).&nbsp;<em>Instituto de Investigaci\u00f3n en Ciencias de la Administraci\u00f3n, ** Facultad de Ciencias de la Administraci\u00f3n<\/em>.<\/li>\n\n\n\n<li>Depine, Santos \u00c1ngel; Campora, Jorge Alberto; Cattarossi, Mariano; Rago, Mar\u00eda Mercedes.<strong><a href=\"http:\/\/servicios.usal.edu.ar\/proyectos\/2013\/2013_1562.html\">Organizaciones saludables y eficiencia laboral.<\/a><\/strong>&nbsp;(2013).&nbsp;<em>Instituto de Investigaci\u00f3n en Ciencias de la Administraci\u00f3n, ** Facultad de Ciencias de la Administraci\u00f3n<\/em>.<\/li>\n\n\n\n<li>Diomede, H\u00e9ctor ; Flores, Claudio Marcelo; Poletti, Andr\u00e9s.&nbsp;<strong><a href=\"http:\/\/servicios.usal.edu.ar\/proyectos\/2013\/2013_1536.html\">Los valores sociolaborales en estudiantes de grado y posgrado de la Facultad de Ciencias de la Administraci\u00f3n, USAL.<\/a><\/strong>(2013).&nbsp;<em>Instituto de Investigaci\u00f3n en Ciencias de la Administraci\u00f3n, ** Facultad de Ciencias de la Administraci\u00f3n<\/em>.<\/li>\n\n\n\n<li>Fisher, Nicholas.&nbsp;<strong><a href=\"http:\/\/servicios.usal.edu.ar\/proyectos\/2013\/2013_1611.html\">El liderazgo de la empresa multinacional m\u00e1s all\u00e1 de la casa matriz: una perspectiva argentina.<\/a><\/strong>&nbsp;(2013).&nbsp;<em>Facultad de Ciencias de la Administraci\u00f3n<\/em>.<\/li>\n\n\n\n<li>Greco, Carlos; L\u00f3pez, Ana Mar\u00eda; Caminos, Antonio Andr\u00e9s; Rodr\u00edguez, Roberto Ra\u00fal; De Riz, Liliana.&nbsp;<strong><a href=\"http:\/\/servicios.usal.edu.ar\/proyectos\/2013\/2013_1279.html\">Medici\u00f3n de los niveles de \u00e9tica en Organizaciones.<\/a><\/strong>&nbsp;(2012-2013).&nbsp;<em>Instituto de Investigaci\u00f3n en Ciencias de la Administraci\u00f3n, ** Facultad de Ciencias de la Administraci\u00f3n<\/em>.<\/li>\n\n\n\n<li>Laveglia, Eduardo Augusto; Arostegui, H\u00e9ctor; Iglesias, Daniel ; Vanelli, Mat\u00edas .&nbsp;<strong><a href=\"http:\/\/servicios.usal.edu.ar\/proyectos\/2013\/2013_1044.html\">Canales Preferidos de Contacto con Empresas de Servicio. H\u00e1bitos y Costumbres.<\/a><\/strong>&nbsp;(2010-2013).<em>Instituto de Investigaci\u00f3n en Ciencias de la Administraci\u00f3n, ** Facultad de Ciencias de la Administraci\u00f3n. Facultad de Ciencias de la Administraci\u00f3n<\/em>.<\/li>\n\n\n\n<li>Laveglia, Eduardo Augusto; Arostegui, H\u00e9ctor; Sanna, Domingo.&nbsp;<strong><a href=\"http:\/\/servicios.usal.edu.ar\/proyectos\/2013\/2013_1274.html\">El Modelo de Ecuaciones Estructurales Aplicadas a Determinar las Preferencias de Elecci\u00f3n de los Clientes de Cadenas de Cafeter\u00eda en el AMBA.<\/a><\/strong>&nbsp;(2012-2013).&nbsp;<em>Instituto de Investigaci\u00f3n en Ciencias de la Administraci\u00f3n, ** Facultad de Ciencias de la Administraci\u00f3n. Facultad de Ciencias de la Administraci\u00f3n<\/em>.<\/li>\n\n\n\n<li>L\u00f3pez, Ana Mar\u00eda; Rodr\u00edguez, Roberto Ra\u00fal.&nbsp;<strong><a href=\"http:\/\/servicios.usal.edu.ar\/proyectos\/2013\/2013_1285.html\">Sistemas de Gesti\u00f3n de la Calidad en Empresas Peque\u00f1as y Medianas en Argentina.<\/a><\/strong>&nbsp;(2011-2013).&nbsp;<em>Instituto de Investigaci\u00f3n en Ciencias de la Administraci\u00f3n, ** Facultad de Ciencias de la Administraci\u00f3n<\/em>.<\/li>\n\n\n\n<li>L\u00f3pez, Ana Mar\u00eda; Sanguineti, N\u00e9stor Oscar.&nbsp;<strong><a href=\"http:\/\/servicios.usal.edu.ar\/proyectos\/2013\/2013_1395.html\">Construcci\u00f3n de un \u00edndice estad\u00edstico de satisfacci\u00f3n de clientes utilizando An\u00e1lisis Factorial Exploratorio \u2013 M\u00e9todo de los Componentes Principales.<\/a><\/strong>&nbsp;(2013).&nbsp;<em>Instituto de Investigaci\u00f3n en Ciencias de la Administraci\u00f3n, ** Facultad de Ciencias de la Administraci\u00f3n<\/em>.<\/li>\n\n\n\n<li>L\u00f3pez, Ana Mar\u00eda; Sanguineti, N\u00e9stor Oscar.&nbsp;<strong><a href=\"http:\/\/servicios.usal.edu.ar\/proyectos\/2013\/2013_1396.html\">T\u00e9cnicas de an\u00e1lisis de datos e interpretaci\u00f3n de informaci\u00f3n asociados a la calidad mediante la utilizaci\u00f3n de paquetes de software.<\/a><\/strong>&nbsp;(2013).<em>Instituto de Investigaci\u00f3n en Ciencias de la Administraci\u00f3n, ** Facultad de Ciencias de la Administraci\u00f3n<\/em>.<\/li>\n\n\n\n<li>Mazza, N\u00e9stor Hugo; Bender, Adri\u00e1n; Nicolet, Santiago.&nbsp;<strong><a href=\"http:\/\/servicios.usal.edu.ar\/proyectos\/2013\/2013_1290.html\">Agentes Virtuales en Atenci\u00f3n a Clientes &#8211; 2013.<\/a><\/strong>&nbsp;(2013).&nbsp;<em>Instituto de Investigaci\u00f3n en Ciencias de la Administraci\u00f3n, ** Facultad de Ciencias de la Administraci\u00f3n<\/em>.<\/li>\n\n\n\n<li>Piuzzi, Guillermo Abel; Salaverry, Juan Angel; Bendersky, Eduardo.&nbsp;<strong><a href=\"http:\/\/servicios.usal.edu.ar\/proyectos\/2013\/2013_1587.html\">Identificaci\u00f3n de metodolog\u00edas de costeo aplicadas en empresas de servicios log\u00edsticos y en los sectores log\u00edsticos de empresas de otros rubros.<\/a><\/strong>&nbsp;(2013).&nbsp;<em>Instituto de Investigaci\u00f3n en Ciencias de la Administraci\u00f3n, ** Facultad de Ciencias de la Administraci\u00f3n<\/em>.<\/li>\n\n\n\n<li>Rodriguez Esquivel, Walter Oscar; Lloret, Natal\u00ed; Leikis, Romina ; Delfino, Victoria; Rodriguez, Mar\u00eda Celeste.&nbsp;<strong><a href=\"http:\/\/servicios.usal.edu.ar\/proyectos\/2013\/2013_1604.html\">Programas alternativos de desarrollo profesional para la formaci\u00f3n de agentes p\u00fablicos.<\/a><\/strong>&nbsp;(2013).&nbsp;<em>Instituto de Investigaci\u00f3n en Ciencias de la Administraci\u00f3n, ** Facultad de Ciencias de la Administraci\u00f3n<\/em>.<\/li>\n\n\n\n<li>Salimbeni, Sergio ; Barboza, Mar\u00eda de Luj\u00e1n; Aquaro, Julieta; Torres, Eliane ; Ranieri, Mar\u00eda Soledad.&nbsp;<strong><a href=\"http:\/\/servicios.usal.edu.ar\/proyectos\/2013\/2013_1568.html\">Planeaci\u00f3n estrat\u00e9gica, evaluaci\u00f3n y control de riesgos empresariales.<\/a><\/strong>&nbsp;(2013).<em>Facultad de Ciencias de la Administraci\u00f3n<\/em>.<\/li>\n\n\n\n<li>Tobias Calafell, Juan Pablo; Caminos, Antonio Andr\u00e9s; Carfagna, Ver\u00f3nica Cecilia; Dembinski, Hern\u00e1n Santiago.&nbsp;<strong><a href=\"http:\/\/servicios.usal.edu.ar\/proyectos\/2013\/2013_1389.html\">Determinaci\u00f3n de una Tasa de Descuento para las inversiones en Pa\u00edses Emergentes.<\/a><\/strong>&nbsp;(2013).&nbsp;<em>Instituto de Investigaci\u00f3n en Ciencias de la Administraci\u00f3n, ** Facultad de Ciencias de la Administraci\u00f3n<\/em>.<\/li>\n\n\n\n<li>Armando Landucci, Mar\u00eda Elina Altgelt, Mar\u00eda Gabriela Razeto, Mario Amarilla, Claudio Flores, Nadia Salinas.&nbsp;<strong><u>Competencias y valores que requieren las empresas de las j\u00f3venes que ingresan al mercado laboral<\/u><\/strong>(2015). Instituto de Investigaci\u00f3n en Ciencias de la Administraci\u00f3n, **Facultad de Ciencias de la Administraci\u00f3n.<\/li>\n\n\n\n<li>Liliana Mar\u00eda Rubio de Ducass\u00e9,&nbsp; Nancy Mar\u00eda Valazza.&nbsp;<strong><u>Aprendizaje organizacional en empresas recuperadas<\/u><\/strong>&nbsp;(2015). Instituto de Investigaci\u00f3n en Ciencias de la Administraci\u00f3n, **Facultad de Ciencias de la Administraci\u00f3n.<\/li>\n\n\n\n<li>Ana Mar\u00eda L\u00f3pez, Guillermo Piuzzi, Roberto Rodriguez, Juan Edmundo Perot,&nbsp; Mart\u00edn Papalla.&nbsp;<strong><u>Costos de la no calidad<\/u><\/strong>&nbsp;(2015). Instituto de Investigaci\u00f3n en Ciencias de la Administraci\u00f3n, **Facultad de Ciencias de la Administraci\u00f3n.<\/li>\n\n\n\n<li>Carlos Greco, Claudio Menoyo, Fernando Zangari, Gustavo Echevarr\u00eda.&nbsp;<strong><u>El valor que aportan los Servicios en la Nube (Cloud Service)<\/u><\/strong>(2015). Instituto de Investigaci\u00f3n en Ciencias de la Administraci\u00f3n, **Facultad de Ciencias de la Administraci\u00f3n.<\/li>\n\n\n\n<li>Eduardo Laveglia, H\u00e9ctor Arostegui,&nbsp; Daniel Iglesias.&nbsp;<strong><u>Principales aspectos que explican la interacci\u00f3n con empresas a trav\u00e9s de medios sociales inform\u00e1ticos, desde la perspectiva de los usuarios.<\/u><\/strong>&nbsp;(2015). Instituto de Investigaci\u00f3n en Ciencias de la Administraci\u00f3n, **Facultad de Ciencias de la Administraci\u00f3n.<\/li>\n\n\n\n<li>Sergio Salimbeni, Barboza Mar\u00eda de Luj\u00e1n.&nbsp;<strong><u>Relaci\u00f3n entre el talento humano, las competencias laborales y la rentabilidad en la PyME Argentina.<\/u><\/strong>(2015). Instituto de Investigaci\u00f3n en Ciencias de la Administraci\u00f3n, **Facultad de Ciencias de la Administraci\u00f3n.<\/li>\n\n\n\n<li>&nbsp;Jorge C\u00e1mpora, Santos Depine, David Feinmann, Br\u00edgida Lanzani.&nbsp;<strong><u>Gesti\u00f3n del conocimiento en el \u00e1mbito de las organizaciones.<\/u><\/strong>&nbsp;(2015). Instituto de Investigaci\u00f3n en Ciencias de la Administraci\u00f3n, **Facultad de Ciencias de la Administraci\u00f3n.<\/li>\n\n\n\n<li>Carlos Greco, Ana Mar\u00eda L\u00f3pez,&nbsp; Roberto Ra\u00fal Rodriguez.&nbsp;<strong><u>Tutor\u00eda en la educaci\u00f3n a distancia empresarial<\/u>&nbsp;(2015)<\/strong>. Instituto de Investigaci\u00f3n en Ciencias de la Administraci\u00f3n, **Facultad de Ciencias de la Administraci\u00f3n.<\/li>\n<\/ul>\n<\/div>\n<\/div>\n<\/div>\n<\/div>\n","protected":false},"excerpt":{"rendered":"<p>Instituto de Investigaci\u00f3n en Ciencias de la Administraci\u00f3n (RR 572\/12)Director: a\/c Sr. Decano,\u00a0Lic. H\u00e9ctor Dama, MBA Proyectos En conjunto con la Direcci\u00f3n de Cooperaci\u00f3n Internacional (DCI) de la Universidad, la Facultad genera v\u00ednculos y espacios interinstitucionales a nivel internacional, a favor del desarrollo, la capacitaci\u00f3n y el trabajo conjunto, destinado a estudiantes de Grado, Postgrado, [&hellip;]<\/p>\n","protected":false},"author":17,"featured_media":940,"parent":939,"menu_order":0,"comment_status":"closed","ping_status":"closed","template":"","meta":{"_acf_changed":false,"footnotes":""},"class_list":["post-462","page","type-page","status-publish","has-post-thumbnail","hentry"],"acf":[],"_links":{"self":[{"href":"https:\/\/www.usal.edu.ar\/fceye\/wp-json\/wp\/v2\/pages\/462","targetHints":{"allow":["GET"]}}],"collection":[{"href":"https:\/\/www.usal.edu.ar\/fceye\/wp-json\/wp\/v2\/pages"}],"about":[{"href":"https:\/\/www.usal.edu.ar\/fceye\/wp-json\/wp\/v2\/types\/page"}],"author":[{"embeddable":true,"href":"https:\/\/www.usal.edu.ar\/fceye\/wp-json\/wp\/v2\/users\/17"}],"replies":[{"embeddable":true,"href":"https:\/\/www.usal.edu.ar\/fceye\/wp-json\/wp\/v2\/comments?post=462"}],"version-history":[{"count":5,"href":"https:\/\/www.usal.edu.ar\/fceye\/wp-json\/wp\/v2\/pages\/462\/revisions"}],"predecessor-version":[{"id":947,"href":"https:\/\/www.usal.edu.ar\/fceye\/wp-json\/wp\/v2\/pages\/462\/revisions\/947"}],"up":[{"embeddable":true,"href":"https:\/\/www.usal.edu.ar\/fceye\/wp-json\/wp\/v2\/pages\/939"}],"wp:featuredmedia":[{"embeddable":true,"href":"https:\/\/www.usal.edu.ar\/fceye\/wp-json\/wp\/v2\/media\/940"}],"wp:attachment":[{"href":"https:\/\/www.usal.edu.ar\/fceye\/wp-json\/wp\/v2\/media?parent=462"}],"curies":[{"name":"wp","href":"https:\/\/api.w.org\/{rel}","templated":true}]}}