{"id":517,"date":"2024-03-04T19:00:14","date_gmt":"2024-03-04T22:00:14","guid":{"rendered":"https:\/\/www.usal.edu.ar\/fceye\/?page_id=517"},"modified":"2024-04-08T14:19:51","modified_gmt":"2024-04-08T17:19:51","slug":"posgrados","status":"publish","type":"page","link":"https:\/\/www.usal.edu.ar\/fceye\/posgrados\/","title":{"rendered":"Carreras de Posgrado"},"content":{"rendered":"\n<div class=\"wp-block-group has-global-padding is-layout-constrained wp-block-group-is-layout-constrained\"><div class=\"propuestas-wrapper\" style=\"background-color: 0F;\"><div class=\"propuesta-item clickeable\"><div class=\"propuesta_nombre\"><a href=\"https:\/\/www.usal.edu.ar\/fceye\/propuesta\/especializacion-en-comercio-internacional-a-distancia\/\" target=\"_blank\">Especializaci\u00f3n en Comercio Internacional (A DISTANCIA)<\/a><\/div><div class='propuesta_tipos'> <svg xmlns=\"http:\/\/www.w3.org\/2000\/svg\" class=\"icon icon-tabler icon-tabler-device-imac\" width=\"22\" height=\"22\" viewBox=\"0 0 24 24\" stroke-width=\"1.5\" stroke=\"#6F6F6F\" fill=\"none\" stroke-linecap=\"round\" stroke-linejoin=\"round\">\r\n\t<title>A Distancia<\/title>\r\n\t<desc>Propuesta modalidad a distancia<\/desc>\r\n\t<path stroke=\"none\" d=\"M0 0h24v24H0z\" fill=\"none\" \/>\r\n\t\t<path d=\"M3 4a1 1 0 0 1 1 -1h16a1 1 0 0 1 1 1v12a1 1 0 0 1 -1 1h-16a1 1 0 0 1 -1 -1v-12z\" \/><path d=\"M3 13h18\" \/> <path d=\"M8 21h8\" \/><path d=\"M10 17l-.5 4\" \/><path d=\"M14 17l.5 4\" \/><\/svg>  <\/div><\/div><div class=\"propuesta-item clickeable\"><div class=\"propuesta_nombre\"><a href=\"https:\/\/www.usal.edu.ar\/fceye\/propuesta\/especializacion-en-gestion-de-logistica-integrada-faculty-georgetown-university-of-washington\/\" target=\"_blank\">Especializaci\u00f3n en Gesti\u00f3n de Log\u00edstica Integrada<\/a><\/div><div class='propuesta_tipos'> <svg xmlns=\"http:\/\/www.w3.org\/2000\/svg\" class=\"icon icon-tabler icon-tabler-device-imac\" width=\"22\" height=\"22\" viewBox=\"0 0 24 24\" stroke-width=\"1.5\" stroke=\"#6F6F6F\" fill=\"none\" stroke-linecap=\"round\" stroke-linejoin=\"round\">\r\n\t<title>A Distancia<\/title>\r\n\t<desc>Propuesta modalidad a distancia<\/desc>\r\n\t<path stroke=\"none\" d=\"M0 0h24v24H0z\" fill=\"none\" \/>\r\n\t\t<path d=\"M3 4a1 1 0 0 1 1 -1h16a1 1 0 0 1 1 1v12a1 1 0 0 1 -1 1h-16a1 1 0 0 1 -1 -1v-12z\" \/><path d=\"M3 13h18\" \/> <path d=\"M8 21h8\" \/><path d=\"M10 17l-.5 4\" \/><path d=\"M14 17l.5 4\" \/><\/svg> <svg xmlns=\"http:\/\/www.w3.org\/2000\/svg\" class=\"icon icon-tabler icon-tabler-world\" width=\"22\" height=\"22\" viewBox=\"0 0 24 24\" stroke-width=\"1.5\" stroke=\"#6F6F6F\" fill=\"none\" stroke-linecap=\"round\" stroke-linejoin=\"round\">\r\n\t<title>Internacional<\/title>\r\n\t<desc>Propuesta con programa internacional<\/desc>\r\n\t<path stroke=\"none\" d=\"M0 0h24v24H0z\" fill=\"none\" \/> <path d=\"M3 12a9 9 0 1 0 18 0a9 9 0 0 0 -18 0\" \/> <path d=\"M3.6 9h16.8\" \/> <path d=\"M3.6 15h16.8\" \/> <path d=\"M11.5 3a17 17 0 0 0 0 18\" \/> <path d=\"M12.5 3a17 17 0 0 1 0 18\" \/><\/svg> <\/div><\/div><div class=\"propuesta-item clickeable\"><div class=\"propuesta_nombre\"><a href=\"https:\/\/www.usal.edu.ar\/fceye\/propuesta\/especializacion-en-gestion-de-marketing-cooperacion-academica-state-university-of-new-york-modalidad-a-distancia\/\" target=\"_blank\">Especializaci\u00f3n En Gesti\u00f3n De Marketing - A Distancia<\/a><\/div><div class='propuesta_tipos'> <svg xmlns=\"http:\/\/www.w3.org\/2000\/svg\" class=\"icon icon-tabler icon-tabler-device-imac\" width=\"22\" height=\"22\" viewBox=\"0 0 24 24\" stroke-width=\"1.5\" stroke=\"#6F6F6F\" fill=\"none\" stroke-linecap=\"round\" stroke-linejoin=\"round\">\r\n\t<title>A Distancia<\/title>\r\n\t<desc>Propuesta modalidad a distancia<\/desc>\r\n\t<path stroke=\"none\" d=\"M0 0h24v24H0z\" fill=\"none\" \/>\r\n\t\t<path d=\"M3 4a1 1 0 0 1 1 -1h16a1 1 0 0 1 1 1v12a1 1 0 0 1 -1 1h-16a1 1 0 0 1 -1 -1v-12z\" \/><path d=\"M3 13h18\" \/> <path d=\"M8 21h8\" \/><path d=\"M10 17l-.5 4\" \/><path d=\"M14 17l.5 4\" \/><\/svg> <svg xmlns=\"http:\/\/www.w3.org\/2000\/svg\" class=\"icon icon-tabler icon-tabler-world\" width=\"22\" height=\"22\" viewBox=\"0 0 24 24\" stroke-width=\"1.5\" stroke=\"#6F6F6F\" fill=\"none\" stroke-linecap=\"round\" stroke-linejoin=\"round\">\r\n\t<title>Internacional<\/title>\r\n\t<desc>Propuesta con programa internacional<\/desc>\r\n\t<path stroke=\"none\" d=\"M0 0h24v24H0z\" fill=\"none\" \/> <path d=\"M3 12a9 9 0 1 0 18 0a9 9 0 0 0 -18 0\" \/> <path d=\"M3.6 9h16.8\" \/> <path d=\"M3.6 15h16.8\" \/> <path d=\"M11.5 3a17 17 0 0 0 0 18\" \/> <path d=\"M12.5 3a17 17 0 0 1 0 18\" \/><\/svg> <\/div><\/div><div class=\"propuesta-item clickeable\"><div class=\"propuesta_nombre\"><a href=\"https:\/\/www.usal.edu.ar\/fceye\/propuesta\/especializacion-en-gestion-de-negocios-electronicos-faculty-convenio-georgetown-university-at-washington-dc\/\" target=\"_blank\">Especializaci\u00f3n en Gesti\u00f3n de Negocios Electr\u00f3nicos - A distancia<\/a><\/div><div class='propuesta_tipos'> <svg xmlns=\"http:\/\/www.w3.org\/2000\/svg\" class=\"icon icon-tabler icon-tabler-device-imac\" width=\"22\" height=\"22\" viewBox=\"0 0 24 24\" stroke-width=\"1.5\" stroke=\"#6F6F6F\" fill=\"none\" stroke-linecap=\"round\" stroke-linejoin=\"round\">\r\n\t<title>A Distancia<\/title>\r\n\t<desc>Propuesta modalidad a distancia<\/desc>\r\n\t<path stroke=\"none\" d=\"M0 0h24v24H0z\" fill=\"none\" \/>\r\n\t\t<path d=\"M3 4a1 1 0 0 1 1 -1h16a1 1 0 0 1 1 1v12a1 1 0 0 1 -1 1h-16a1 1 0 0 1 -1 -1v-12z\" \/><path d=\"M3 13h18\" \/> <path d=\"M8 21h8\" \/><path d=\"M10 17l-.5 4\" \/><path d=\"M14 17l.5 4\" \/><\/svg>  <\/div><\/div><div class=\"propuesta-item clickeable\"><div class=\"propuesta_nombre\"><a href=\"https:\/\/www.usal.edu.ar\/fceye\/propuesta\/especializacion-en-gestion-de-recursos-humanos-state-university-of-new-york-2\/\" target=\"_blank\">Especializaci\u00f3n en Gesti\u00f3n de Recursos Humanos<\/a><\/div><div class='propuesta_tipos'> <svg xmlns=\"http:\/\/www.w3.org\/2000\/svg\" class=\"icon icon-tabler icon-tabler-device-imac\" width=\"22\" height=\"22\" viewBox=\"0 0 24 24\" stroke-width=\"1.5\" stroke=\"#6F6F6F\" fill=\"none\" stroke-linecap=\"round\" stroke-linejoin=\"round\">\r\n\t<title>A Distancia<\/title>\r\n\t<desc>Propuesta modalidad a distancia<\/desc>\r\n\t<path stroke=\"none\" d=\"M0 0h24v24H0z\" fill=\"none\" \/>\r\n\t\t<path d=\"M3 4a1 1 0 0 1 1 -1h16a1 1 0 0 1 1 1v12a1 1 0 0 1 -1 1h-16a1 1 0 0 1 -1 -1v-12z\" \/><path d=\"M3 13h18\" \/> <path d=\"M8 21h8\" \/><path d=\"M10 17l-.5 4\" \/><path d=\"M14 17l.5 4\" \/><\/svg> <svg xmlns=\"http:\/\/www.w3.org\/2000\/svg\" class=\"icon icon-tabler icon-tabler-world\" width=\"22\" height=\"22\" viewBox=\"0 0 24 24\" stroke-width=\"1.5\" stroke=\"#6F6F6F\" fill=\"none\" stroke-linecap=\"round\" stroke-linejoin=\"round\">\r\n\t<title>Internacional<\/title>\r\n\t<desc>Propuesta con programa internacional<\/desc>\r\n\t<path stroke=\"none\" d=\"M0 0h24v24H0z\" fill=\"none\" \/> <path d=\"M3 12a9 9 0 1 0 18 0a9 9 0 0 0 -18 0\" \/> <path d=\"M3.6 9h16.8\" \/> <path d=\"M3.6 15h16.8\" \/> <path d=\"M11.5 3a17 17 0 0 0 0 18\" \/> <path d=\"M12.5 3a17 17 0 0 1 0 18\" \/><\/svg> <\/div><\/div><div class=\"propuesta-item clickeable\"><div class=\"propuesta_nombre\"><a href=\"https:\/\/www.usal.edu.ar\/fceye\/propuesta\/especializacion-en-liderazgo-y-desarrollo-personal\/\" target=\"_blank\">Especializaci\u00f3n en Liderazgo y Desarrollo Personal - Modalidad Online<\/a><\/div><div class='propuesta_tipos'> <svg xmlns=\"http:\/\/www.w3.org\/2000\/svg\" class=\"icon icon-tabler icon-tabler-device-imac\" width=\"22\" height=\"22\" viewBox=\"0 0 24 24\" stroke-width=\"1.5\" stroke=\"#6F6F6F\" fill=\"none\" stroke-linecap=\"round\" stroke-linejoin=\"round\">\r\n\t<title>A Distancia<\/title>\r\n\t<desc>Propuesta modalidad a distancia<\/desc>\r\n\t<path stroke=\"none\" d=\"M0 0h24v24H0z\" fill=\"none\" \/>\r\n\t\t<path d=\"M3 4a1 1 0 0 1 1 -1h16a1 1 0 0 1 1 1v12a1 1 0 0 1 -1 1h-16a1 1 0 0 1 -1 -1v-12z\" \/><path d=\"M3 13h18\" \/> <path d=\"M8 21h8\" \/><path d=\"M10 17l-.5 4\" \/><path d=\"M14 17l.5 4\" \/><\/svg>  <\/div><\/div><div class=\"propuesta-item clickeable\"><div class=\"propuesta_nombre\"><a href=\"https:\/\/www.usal.edu.ar\/fceye\/propuesta\/especializacion-en-seguros\/\" target=\"_blank\">Especializaci\u00f3n en Seguros<\/a><\/div><div class='propuesta_tipos'>   <\/div><\/div><div class=\"propuesta-item clickeable\"><div class=\"propuesta_nombre\"><a href=\"https:\/\/www.usal.edu.ar\/fceye\/propuesta\/especializacion-en-tributacion\/\" target=\"_blank\">Especializaci\u00f3n en Tributaci\u00f3n<\/a><\/div><div class='propuesta_tipos'>   <\/div><\/div><div class=\"propuesta-item clickeable\"><div class=\"propuesta_nombre\"><a href=\"https:\/\/www.usal.edu.ar\/fceye\/propuesta\/maestria-en-administracion-de-negocios-con-orientacion-en-direccion-de-logistica-integrada\/\" target=\"_blank\">Maestr\u00eda en Administraci\u00f3n de Negocios con orientaci\u00f3n en Direcci\u00f3n de Log\u00edstica Integrada<\/a><\/div><div class='propuesta_tipos'>   <\/div><\/div><div class=\"propuesta-item clickeable\"><div class=\"propuesta_nombre\"><a href=\"https:\/\/www.usal.edu.ar\/fceye\/propuesta\/maestria-en-administracion-de-negocios-con-orientacion-en-direccion-de-marketing-state-university-of-new-york\/\" target=\"_blank\">Maestr\u00eda en Administraci\u00f3n de Negocios con Orientaci\u00f3n en Direcci\u00f3n de Marketing<\/a><\/div><div class='propuesta_tipos'>  <svg xmlns=\"http:\/\/www.w3.org\/2000\/svg\" class=\"icon icon-tabler icon-tabler-world\" width=\"22\" height=\"22\" viewBox=\"0 0 24 24\" stroke-width=\"1.5\" stroke=\"#6F6F6F\" fill=\"none\" stroke-linecap=\"round\" stroke-linejoin=\"round\">\r\n\t<title>Internacional<\/title>\r\n\t<desc>Propuesta con programa internacional<\/desc>\r\n\t<path stroke=\"none\" d=\"M0 0h24v24H0z\" fill=\"none\" \/> <path d=\"M3 12a9 9 0 1 0 18 0a9 9 0 0 0 -18 0\" \/> <path d=\"M3.6 9h16.8\" \/> <path d=\"M3.6 15h16.8\" \/> <path d=\"M11.5 3a17 17 0 0 0 0 18\" \/> <path d=\"M12.5 3a17 17 0 0 1 0 18\" \/><\/svg> <\/div><\/div><div class=\"propuesta-item clickeable\"><div class=\"propuesta_nombre\"><a href=\"https:\/\/www.usal.edu.ar\/fceye\/propuesta\/maestria-en-administracion-de-negocios-con-orientacion-en-direccion-de-recursos-humanos-state-university-of-new-york\/\" target=\"_blank\">Maestr\u00eda en Administraci\u00f3n de Negocios con Orientaci\u00f3n en Direcci\u00f3n de Recursos Humanos<\/a><\/div><div class='propuesta_tipos'>  <svg xmlns=\"http:\/\/www.w3.org\/2000\/svg\" class=\"icon icon-tabler icon-tabler-world\" width=\"22\" height=\"22\" viewBox=\"0 0 24 24\" stroke-width=\"1.5\" stroke=\"#6F6F6F\" fill=\"none\" stroke-linecap=\"round\" stroke-linejoin=\"round\">\r\n\t<title>Internacional<\/title>\r\n\t<desc>Propuesta con programa internacional<\/desc>\r\n\t<path stroke=\"none\" d=\"M0 0h24v24H0z\" fill=\"none\" \/> <path d=\"M3 12a9 9 0 1 0 18 0a9 9 0 0 0 -18 0\" \/> <path d=\"M3.6 9h16.8\" \/> <path d=\"M3.6 15h16.8\" \/> <path d=\"M11.5 3a17 17 0 0 0 0 18\" \/> <path d=\"M12.5 3a17 17 0 0 1 0 18\" \/><\/svg> <\/div><\/div><div class=\"propuesta-item clickeable\"><div class=\"propuesta_nombre\"><a href=\"https:\/\/www.usal.edu.ar\/fceye\/propuesta\/maestria-en-administracion-publica\/\" target=\"_blank\">Maestr\u00eda en Administraci\u00f3n P\u00fablica - Modalidad a  Distancia<\/a><\/div><div class='propuesta_tipos'> <svg xmlns=\"http:\/\/www.w3.org\/2000\/svg\" class=\"icon icon-tabler icon-tabler-device-imac\" width=\"22\" height=\"22\" viewBox=\"0 0 24 24\" stroke-width=\"1.5\" stroke=\"#6F6F6F\" fill=\"none\" stroke-linecap=\"round\" stroke-linejoin=\"round\">\r\n\t<title>A Distancia<\/title>\r\n\t<desc>Propuesta modalidad a distancia<\/desc>\r\n\t<path stroke=\"none\" d=\"M0 0h24v24H0z\" fill=\"none\" \/>\r\n\t\t<path d=\"M3 4a1 1 0 0 1 1 -1h16a1 1 0 0 1 1 1v12a1 1 0 0 1 -1 1h-16a1 1 0 0 1 -1 -1v-12z\" \/><path d=\"M3 13h18\" \/> <path d=\"M8 21h8\" \/><path d=\"M10 17l-.5 4\" \/><path d=\"M14 17l.5 4\" \/><\/svg>  <\/div><\/div><div class=\"propuesta-item clickeable\"><div class=\"propuesta_nombre\"><a href=\"https:\/\/www.usal.edu.ar\/fceye\/propuesta\/maestria-en-coaching-y-cambio-organizacional\/\" target=\"_blank\">Maestr\u00eda en Coaching y Cambio Organizacional - Modalidad Online<\/a><\/div><div class='propuesta_tipos'> <svg xmlns=\"http:\/\/www.w3.org\/2000\/svg\" class=\"icon icon-tabler icon-tabler-device-imac\" width=\"22\" height=\"22\" viewBox=\"0 0 24 24\" stroke-width=\"1.5\" stroke=\"#6F6F6F\" fill=\"none\" stroke-linecap=\"round\" stroke-linejoin=\"round\">\r\n\t<title>A Distancia<\/title>\r\n\t<desc>Propuesta modalidad a distancia<\/desc>\r\n\t<path stroke=\"none\" d=\"M0 0h24v24H0z\" fill=\"none\" \/>\r\n\t\t<path d=\"M3 4a1 1 0 0 1 1 -1h16a1 1 0 0 1 1 1v12a1 1 0 0 1 -1 1h-16a1 1 0 0 1 -1 -1v-12z\" \/><path d=\"M3 13h18\" \/> <path d=\"M8 21h8\" \/><path d=\"M10 17l-.5 4\" \/><path d=\"M14 17l.5 4\" \/><\/svg>  <\/div><\/div><div class=\"propuesta-item clickeable\"><div class=\"propuesta_nombre\"><a href=\"https:\/\/www.usal.edu.ar\/fceye\/propuesta\/maestria-en-direccion-de-empresas-mba-modalidad-a-distancia\/\" target=\"_blank\">Maestr\u00eda en Direcci\u00f3n de Empresas - A Distancia<\/a><\/div><div class='propuesta_tipos'> <svg xmlns=\"http:\/\/www.w3.org\/2000\/svg\" class=\"icon icon-tabler icon-tabler-device-imac\" width=\"22\" height=\"22\" viewBox=\"0 0 24 24\" stroke-width=\"1.5\" stroke=\"#6F6F6F\" fill=\"none\" stroke-linecap=\"round\" stroke-linejoin=\"round\">\r\n\t<title>A Distancia<\/title>\r\n\t<desc>Propuesta modalidad a distancia<\/desc>\r\n\t<path stroke=\"none\" d=\"M0 0h24v24H0z\" fill=\"none\" \/>\r\n\t\t<path d=\"M3 4a1 1 0 0 1 1 -1h16a1 1 0 0 1 1 1v12a1 1 0 0 1 -1 1h-16a1 1 0 0 1 -1 -1v-12z\" \/><path d=\"M3 13h18\" \/> <path d=\"M8 21h8\" \/><path d=\"M10 17l-.5 4\" \/><path d=\"M14 17l.5 4\" \/><\/svg>  <\/div><\/div><div class=\"leyendas\"><div class=\"leyenda\"><svg xmlns=\"http:\/\/www.w3.org\/2000\/svg\" class=\"icon icon-tabler icon-tabler-device-imac\" width=\"22\" height=\"22\" viewBox=\"0 0 24 24\" stroke-width=\"1.5\" stroke=\"#6F6F6F\" fill=\"none\" stroke-linecap=\"round\" stroke-linejoin=\"round\">\r\n\t<title>A Distancia<\/title>\r\n\t<desc>Propuesta modalidad a distancia<\/desc>\r\n\t<path stroke=\"none\" d=\"M0 0h24v24H0z\" fill=\"none\" \/>\r\n\t\t<path d=\"M3 4a1 1 0 0 1 1 -1h16a1 1 0 0 1 1 1v12a1 1 0 0 1 -1 1h-16a1 1 0 0 1 -1 -1v-12z\" \/><path d=\"M3 13h18\" \/> <path d=\"M8 21h8\" \/><path d=\"M10 17l-.5 4\" \/><path d=\"M14 17l.5 4\" \/><\/svg><div class=\"text\">Modalidad a Distancia<\/div><\/div><div class=\"leyenda\"><svg xmlns=\"http:\/\/www.w3.org\/2000\/svg\" class=\"icon icon-tabler icon-tabler-world\" width=\"22\" height=\"22\" viewBox=\"0 0 24 24\" stroke-width=\"1.5\" stroke=\"#6F6F6F\" fill=\"none\" stroke-linecap=\"round\" stroke-linejoin=\"round\">\r\n\t<title>Internacional<\/title>\r\n\t<desc>Propuesta con programa internacional<\/desc>\r\n\t<path stroke=\"none\" d=\"M0 0h24v24H0z\" fill=\"none\" \/> <path d=\"M3 12a9 9 0 1 0 18 0a9 9 0 0 0 -18 0\" \/> <path d=\"M3.6 9h16.8\" \/> <path d=\"M3.6 15h16.8\" \/> <path d=\"M11.5 3a17 17 0 0 0 0 18\" \/> <path d=\"M12.5 3a17 17 0 0 1 0 18\" \/><\/svg><div class=\"text\">Programa Internacional<\/div><\/div><\/div><\/div>\n<\/div>\n","protected":false},"excerpt":{"rendered":"","protected":false},"author":1,"featured_media":64,"parent":0,"menu_order":0,"comment_status":"closed","ping_status":"closed","template":"","meta":{"_acf_changed":false,"footnotes":""},"class_list":["post-517","page","type-page","status-publish","has-post-thumbnail","hentry"],"acf":[],"_links":{"self":[{"href":"https:\/\/www.usal.edu.ar\/fceye\/wp-json\/wp\/v2\/pages\/517","targetHints":{"allow":["GET"]}}],"collection":[{"href":"https:\/\/www.usal.edu.ar\/fceye\/wp-json\/wp\/v2\/pages"}],"about":[{"href":"https:\/\/www.usal.edu.ar\/fceye\/wp-json\/wp\/v2\/types\/page"}],"author":[{"embeddable":true,"href":"https:\/\/www.usal.edu.ar\/fceye\/wp-json\/wp\/v2\/users\/1"}],"replies":[{"embeddable":true,"href":"https:\/\/www.usal.edu.ar\/fceye\/wp-json\/wp\/v2\/comments?post=517"}],"version-history":[{"count":6,"href":"https:\/\/www.usal.edu.ar\/fceye\/wp-json\/wp\/v2\/pages\/517\/revisions"}],"predecessor-version":[{"id":1562,"href":"https:\/\/www.usal.edu.ar\/fceye\/wp-json\/wp\/v2\/pages\/517\/revisions\/1562"}],"wp:featuredmedia":[{"embeddable":true,"href":"https:\/\/www.usal.edu.ar\/fceye\/wp-json\/wp\/v2\/media\/64"}],"wp:attachment":[{"href":"https:\/\/www.usal.edu.ar\/fceye\/wp-json\/wp\/v2\/media?parent=517"}],"curies":[{"name":"wp","href":"https:\/\/api.w.org\/{rel}","templated":true}]}}