{"id":761,"date":"2024-03-19T16:19:30","date_gmt":"2024-03-19T19:19:30","guid":{"rendered":"https:\/\/www.usal.edu.ar\/fceye\/?page_id=761"},"modified":"2026-03-03T18:47:18","modified_gmt":"2026-03-03T21:47:18","slug":"reglamentos","status":"publish","type":"page","link":"https:\/\/www.usal.edu.ar\/fceye\/reglamentos\/","title":{"rendered":"Reglamentos de la Facultad"},"content":{"rendered":"\n<div class=\"wp-block-group has-global-padding is-layout-constrained wp-container-core-group-is-layout-92b9201d wp-block-group-is-layout-constrained\">\n<ul style=\"letter-spacing:-0.7px;line-height:2.3\" class=\"wp-block-list has-x-small-font-size\">\n<li><a href=\"https:\/\/www.usal.edu.ar\/fceye\/wp-content\/uploads\/sites\/6\/2024\/03\/18_-_dd168-20_-_aprobacion_reglamento_de_elaboracion_del_trabajo_final_integrador_para_especializacion.pdf\" data-type=\"attachment\" data-id=\"762\" target=\"_blank\" rel=\"noreferrer noopener\">18 &#8211; DD168-20 APROBACION REGLAMENTO DE ELABORACION DEL TRABAJO FINAL INTEGRADOR PARA ESPECIALIZACION.pdf<\/a><\/li>\n\n\n\n<li><a href=\"https:\/\/www.usal.edu.ar\/fceye\/wp-content\/uploads\/sites\/6\/2024\/03\/18_-_dd169-20_-_aprobacion_reglamento_de_elaboracion_del_trabajo_final_integrador_para_maestrias.pdf\" data-type=\"attachment\" data-id=\"785\" target=\"_blank\" rel=\"noreferrer noopener\">18 &#8211; DD169-20 APROBACION REGLAMENTO DE ELABORACION DEL TRABAJO FINAL INTEGRADOR PARA MAESTRIAS.pdf<\/a><\/li>\n\n\n\n<li><a href=\"https:\/\/www.usal.edu.ar\/fceye\/wp-content\/uploads\/sites\/6\/2024\/03\/18_-_dd_115-23_-_aprobacion_reglamento_de_especializacion_en_comercio_internacional.pdf\" data-type=\"attachment\" data-id=\"784\" target=\"_blank\" rel=\"noreferrer noopener\">18 &#8211; DD0032 APROBACION REGLAMENTO DE LA ESPECIALIZACION EN COMERCIO INTERNACIONAL.pdf<\/a><\/li>\n\n\n\n<li><a href=\"https:\/\/www.usal.edu.ar\/fceye\/wp-content\/uploads\/sites\/6\/2024\/03\/18_-_dd_111-23_-_aprobacion_reglamento_de_especializacion_en_tributacion.pdf\" data-type=\"attachment\" data-id=\"783\" target=\"_blank\" rel=\"noreferrer noopener\">18 &#8211; DD125-15 APROBACION REGLAMENTO DE ESPECIALIZACION EN TRIBUTACION.pdf<\/a><\/li>\n\n\n\n<li><a href=\"https:\/\/www.usal.edu.ar\/fceye\/wp-content\/uploads\/sites\/6\/2024\/03\/18_-_dd170-20_-_aprobacion_reglamento_de_especializacion_en_gestion_de_sistemas_de_informacion_rgfdfceye14817072020_0.pdf\" data-type=\"attachment\" data-id=\"782\" target=\"_blank\" rel=\"noreferrer noopener\">18 &#8211; DD170-20 APROBACION REGLAMENTO DE ESPECIALIZACION EN GESTION DE SISTEMAS DE INFORMACION.pdf<\/a><\/li>\n\n\n\n<li><a href=\"https:\/\/www.usal.edu.ar\/fceye\/wp-content\/uploads\/sites\/6\/2024\/03\/18_-_dd172-20_-_aprobacion_reglamento_de_especializacion_en_gestion_de_recursos_humanos_rgfdfceye15017072020.pdf\" data-type=\"attachment\" data-id=\"781\" target=\"_blank\" rel=\"noreferrer noopener\">18 &#8211; DD172-20 APROBACION REGLAMENTO DE ESPECIALIZACION EN GESTION DE RECURSOS HUMANOS.pdf<\/a><\/li>\n\n\n\n<li><a href=\"https:\/\/www.usal.edu.ar\/fceye\/wp-content\/uploads\/sites\/6\/2024\/03\/18_-_dd178-20_-_aprobacion_reglamento_de_especializacion_en_gestion_de_negocios_electronicos_rgfdfceye15821072020_compressed.pdf\" data-type=\"attachment\" data-id=\"780\" target=\"_blank\" rel=\"noreferrer noopener\">18 &#8211; DD178-20 APROBACION REGLAMENTO DE ESPECIALIZACION EN GESTION DE NEGOCIOS ELECTRONICOS.pdf<\/a><\/li>\n\n\n\n<li><a href=\"https:\/\/www.usal.edu.ar\/fceye\/wp-content\/uploads\/sites\/6\/2024\/03\/18_-_dd189-18_-_aprobacion_reglamento_de_especializacion_en_liderazgo_y_desarrollo_personal.pdf\" data-type=\"attachment\" data-id=\"779\" target=\"_blank\" rel=\"noreferrer noopener\">18 &#8211; DD189-18 APROBACION REGLAMENTO DE ESPECIALIZACION EN LIDERAZGO Y DESARROLLO PERSONAL.pdf<\/a><\/li>\n\n\n\n<li><a href=\"https:\/\/www.usal.edu.ar\/fceye\/wp-content\/uploads\/sites\/6\/2024\/03\/18_-_dd_384-21_-_aprobacion_reglamento_de_liderazgo_y_desarrollo_personal_a_distancia_-_rr_321-21.pdf\" data-type=\"attachment\" data-id=\"778\">18 &#8211; DD384-21 ESPECIALIZACI\u00d3N EN LIDERAZGO Y DESARROLLO PERSONAL (MODALIDAD A DISTANCIA)<\/a><\/li>\n\n\n\n<li><a href=\"https:\/\/www.usal.edu.ar\/fceye\/wp-content\/uploads\/sites\/6\/2024\/03\/18_-_dd_110-23_-_aprobacion_reglamento_de_especializacion_en_gestion_de_logistica_integrada.pdf\" data-type=\"attachment\" data-id=\"777\">18 &#8211; DD110-23 &#8211; APROBACION REGLAMENTO DE ESPECIALIZACI\u00d3N EN GESTI\u00d3N DE LOG\u00cdSTICA INTEGRADA<\/a><\/li>\n\n\n\n<li><a href=\"https:\/\/www.usal.edu.ar\/fceye\/wp-content\/uploads\/sites\/6\/2024\/03\/18_-_dd397-19_-_aprobacion_reglamento_de_especializacion_en_gestion_de_marketing.pdf\" data-type=\"attachment\" data-id=\"776\" target=\"_blank\" rel=\"noreferrer noopener\">18 &#8211; DD397-19 APROBACION REGLAMENTO DE ESPECIALIZACION EN GESTION DE MARKETING.pdf<\/a><\/li>\n\n\n\n<li><a href=\"https:\/\/www.usal.edu.ar\/fceye\/wp-content\/uploads\/sites\/6\/2024\/03\/18_-_dd_114-23_-_aprobacion_reglamento_de_especializacion_en_seguros.pdf\" data-type=\"attachment\" data-id=\"775\" target=\"_blank\" rel=\"noreferrer noopener\">18 &#8211; DD463-16 APROBACION REGLAMENTO DE ESPECIALIZACION EN SEGUROS.pdf<\/a><\/li>\n\n\n\n<li><a href=\"https:\/\/www.usal.edu.ar\/fceye\/wp-content\/uploads\/sites\/6\/2024\/03\/18_-_dd171-20_-_aprobacion_reglamento_de_maestria_en_administracion_de_negocios_con_orientacion_en_direccion_de_recursos_humanos_rgfdfceye14917072020.pdf\" data-type=\"attachment\" data-id=\"774\" target=\"_blank\" rel=\"noreferrer noopener\">18 &#8211; DD171-20 APROBACION REGLAMENTO DE MAESTRIA EN ADMINISTRACION DE NEGOCIOS CON ORIENTACION EN DIRECCION DE RECURSOS HUMANOS.pdf<\/a><\/li>\n\n\n\n<li><a href=\"https:\/\/www.usal.edu.ar\/fceye\/wp-content\/uploads\/sites\/6\/2024\/03\/18__-_dd_114-22_-_aprobacion_reglamento_de_maestria_en_direccion_de_empresas_a_distancia_v1_1.pdf\" data-type=\"attachment\" data-id=\"773\" target=\"_blank\" rel=\"noreferrer noopener\">18 &#8211; DD114\/22&nbsp;APROBACION REGLAMENTO DE MAESTRIA EN DIRECCION DE EMPRESAS.pdf<\/a><\/li>\n\n\n\n<li><a href=\"https:\/\/www.usal.edu.ar\/fceye\/wp-content\/uploads\/sites\/6\/2024\/03\/18_-_dd181-20_-_aprobacion_reglamento_de_maestria_en_administracion_de_negocios_con_orientacion_en_direccion_de_logistica_integrada_rgfdfceye16123072_compressed.pdf\" data-type=\"attachment\" data-id=\"772\" target=\"_blank\" rel=\"noreferrer noopener\">18 &#8211; DD181-20 APROBACION REGLAMENTO DE MAESTRIA EN ADMINISTRACION DE NEGOCIOS CON ORIENTACION EN DIRECCION DE LOGISTICA INTEGRADA.pdf<\/a><\/li>\n\n\n\n<li><a href=\"https:\/\/www.usal.edu.ar\/fceye\/wp-content\/uploads\/sites\/6\/2024\/03\/18-DD199-19-APROBACION-REGLAMENTO-DE-MAESTRIA-EN-COACHING-Y-CAMBIO-ORGANIZACIONAL.pdf\" data-type=\"attachment\" data-id=\"771\" target=\"_blank\" rel=\"noreferrer noopener\">18 &#8211; DD199-19 APROBACION REGLAMENTO DE MAESTRIA EN COACHING Y CAMBIO ORGANIZACIONAL.pdf<\/a><\/li>\n\n\n\n<li><a href=\"https:\/\/www.usal.edu.ar\/fceye\/wp-content\/uploads\/sites\/6\/2024\/03\/18_-_dd319-19_-_aprobacion_reglamento_de_maestria_en_administracion_publica.pdf\" data-type=\"attachment\" data-id=\"770\" target=\"_blank\" rel=\"noreferrer noopener\">18 &#8211; DD319-19 APROBACION REGLAMENTO DE MAESTRIA EN ADMINISTRACION PUBLICA.pdf<\/a><\/li>\n\n\n\n<li><a href=\"https:\/\/www.usal.edu.ar\/fceye\/wp-content\/uploads\/sites\/6\/2024\/03\/18_-_dd381-19_-_aprobacion_reglamento_de_maestria_en_administracion_de_negocios_con_orientacion_en_direccion_de_marketing.pdf\" data-type=\"attachment\" data-id=\"769\" target=\"_blank\" rel=\"noreferrer noopener\">18 &#8211; DD381-19 APROBACION REGLAMENTO DE MAESTRIA EN ADMINISTRACION DE NEGOCIOS CON ORIENTACION EN DIRECCION DE MARKETING.pdf<\/a><\/li>\n\n\n\n<li><a href=\"https:\/\/www.usal.edu.ar\/fceye\/wp-content\/uploads\/sites\/6\/2024\/03\/180033_reglamento_de_maestria_en_contabilidad_y_auditoria.pdf\" data-type=\"attachment\" data-id=\"768\" target=\"_blank\" rel=\"noreferrer noopener\">18 &#8211; DD0033 APROBACION REGLAMENTO DE LA MAESTRIA EN CONTABILIDAD Y AUDITORIA.pdf<\/a><\/li>\n\n\n\n<li><a href=\"https:\/\/servicios.usal.edu.ar\/Noticias\/fceye\/file\/CUADERNILLOS%20Y%20CALENDARIOS\/2026\/18%20-%20CUADERNILLO%20ALUMNOS%20-%20GRADO%20-%202026-2027-VF.pdf\" target=\"_blank\" rel=\"noreferrer noopener\">CALENDARIO ACAD\u00c9MICO Y CUADERNILLO DE NORMAS Y PROCEDIMIENTOS 2026 &#8211; ALUMNOS GRADO<\/a><\/li>\n\n\n\n<li><a href=\"https:\/\/servicios.usal.edu.ar\/Noticias\/fceye\/file\/CUADERNILLOS%20Y%20CALENDARIOS\/2026\/18%20-%20CUADERNILLO%20DOCENTE%20-%20GRADO%20-%202026-2027-VF_.pdf\" target=\"_blank\" rel=\"noreferrer noopener\">CALENDARIO ACAD\u00c9MICO Y CUADERNILLO DE NORMAS Y PROCEDIMIENTOS 2026 &#8211; DOCENTES\u00a0GRADO<\/a><\/li>\n\n\n\n<li><a href=\"https:\/\/servicios.usal.edu.ar\/Noticias\/fceye\/file\/CUADERNILLOS%20Y%20CALENDARIOS\/2026\/18%20-%20CUADERNILLO%20POSTGRADOS%202026-2027-VF.pdf\" target=\"_blank\" rel=\"noreferrer noopener\">CALENDARIO ACAD\u00c9MICO Y CUADERNILLO DE NORMAS Y PROCEDIMIENTOS 2026 &#8211; POSGRADO<\/a><\/li>\n<\/ul>\n<\/div>\n\n\n\n<p><\/p>\n","protected":false},"excerpt":{"rendered":"","protected":false},"author":17,"featured_media":0,"parent":0,"menu_order":0,"comment_status":"closed","ping_status":"closed","template":"","meta":{"_acf_changed":false,"footnotes":""},"class_list":["post-761","page","type-page","status-publish","hentry"],"acf":[],"_links":{"self":[{"href":"https:\/\/www.usal.edu.ar\/fceye\/wp-json\/wp\/v2\/pages\/761","targetHints":{"allow":["GET"]}}],"collection":[{"href":"https:\/\/www.usal.edu.ar\/fceye\/wp-json\/wp\/v2\/pages"}],"about":[{"href":"https:\/\/www.usal.edu.ar\/fceye\/wp-json\/wp\/v2\/types\/page"}],"author":[{"embeddable":true,"href":"https:\/\/www.usal.edu.ar\/fceye\/wp-json\/wp\/v2\/users\/17"}],"replies":[{"embeddable":true,"href":"https:\/\/www.usal.edu.ar\/fceye\/wp-json\/wp\/v2\/comments?post=761"}],"version-history":[{"count":11,"href":"https:\/\/www.usal.edu.ar\/fceye\/wp-json\/wp\/v2\/pages\/761\/revisions"}],"predecessor-version":[{"id":14863,"href":"https:\/\/www.usal.edu.ar\/fceye\/wp-json\/wp\/v2\/pages\/761\/revisions\/14863"}],"wp:attachment":[{"href":"https:\/\/www.usal.edu.ar\/fceye\/wp-json\/wp\/v2\/media?parent=761"}],"curies":[{"name":"wp","href":"https:\/\/api.w.org\/{rel}","templated":true}]}}