{"id":36,"date":"2024-12-09T22:10:13","date_gmt":"2024-12-10T01:10:13","guid":{"rendered":"https:\/\/www.usal.edu.ar\/fcseyc\/?page_id=36"},"modified":"2024-12-09T22:14:01","modified_gmt":"2024-12-10T01:14:01","slug":"posgrado","status":"publish","type":"page","link":"https:\/\/www.usal.edu.ar\/fcseyc\/carreras\/posgrado\/","title":{"rendered":"Posgrado"},"content":{"rendered":"<div class=\"propuestas-wrapper\" style=\"background-color: 0F;\"><div class=\"propuesta-item clickeable\"><div class=\"propuesta_nombre\"><a href=\"https:\/\/www.usal.edu.ar\/fcseyc\/propuesta\/doctorado-en-ciencia-politica\/\" target=\"_blank\">Doctorado en Ciencia Pol\u00edtica<\/a><\/div><div class='propuesta_tipos'>   <\/div><\/div><div class=\"propuesta-item clickeable\"><div class=\"propuesta_nombre\"><a href=\"https:\/\/www.usal.edu.ar\/fcseyc\/propuesta\/doctorado-en-educacion\/\" target=\"_blank\">Doctorado en Educaci\u00f3n<\/a><\/div><div class='propuesta_tipos'>   <\/div><\/div><div class=\"propuesta-item clickeable\"><div class=\"propuesta_nombre\"><a href=\"https:\/\/www.usal.edu.ar\/fcseyc\/propuesta\/doctorado-en-estudios-globales\/\" target=\"_blank\">Doctorado en Estudios Globales<\/a><\/div><div class='propuesta_tipos'>  <svg xmlns=\"http:\/\/www.w3.org\/2000\/svg\" class=\"icon icon-tabler icon-tabler-world\" width=\"22\" height=\"22\" viewBox=\"0 0 24 24\" stroke-width=\"1.5\" stroke=\"#6F6F6F\" fill=\"none\" stroke-linecap=\"round\" stroke-linejoin=\"round\">\r\n\t<title>Internacional<\/title>\r\n\t<desc>Propuesta con programa internacional<\/desc>\r\n\t<path stroke=\"none\" d=\"M0 0h24v24H0z\" fill=\"none\" \/> <path d=\"M3 12a9 9 0 1 0 18 0a9 9 0 0 0 -18 0\" \/> <path d=\"M3.6 9h16.8\" \/> <path d=\"M3.6 15h16.8\" \/> <path d=\"M11.5 3a17 17 0 0 0 0 18\" \/> <path d=\"M12.5 3a17 17 0 0 1 0 18\" \/><\/svg> <\/div><\/div><div class=\"propuesta-item clickeable\"><div class=\"propuesta_nombre\"><a href=\"https:\/\/www.usal.edu.ar\/fcseyc\/propuesta\/doctorado-en-relaciones-internacionales\/\" target=\"_blank\">Doctorado en Relaciones Internacionales<\/a><\/div><div class='propuesta_tipos'>   <\/div><\/div><div class=\"propuesta-item clickeable\"><div class=\"propuesta_nombre\"><a href=\"https:\/\/www.usal.edu.ar\/fcseyc\/propuesta\/maestria-en-comercializacion-y-comunicacion-publicitaria\/\" target=\"_blank\">Maestr\u00eda en Comercializaci\u00f3n y Comunicaci\u00f3n Publicitaria<\/a><\/div><div class='propuesta_tipos'>   <\/div><\/div><div class=\"propuesta-item clickeable\"><div class=\"propuesta_nombre\"><a href=\"https:\/\/www.usal.edu.ar\/fcseyc\/propuesta\/maestria-en-comunicacion-corporativa-e-institucional\/\" target=\"_blank\">Maestr\u00eda en Comunicaci\u00f3n Corporativa e Institucional<\/a><\/div><div class='propuesta_tipos'>   <\/div><\/div><div class=\"propuesta-item clickeable\"><div class=\"propuesta_nombre\"><a href=\"https:\/\/www.usal.edu.ar\/fcseyc\/propuesta\/maestria-en-direccion-de-instituciones-educativas\/\" target=\"_blank\">Maestr\u00eda en Direcci\u00f3n de Instituciones Educativas<\/a><\/div><div class='propuesta_tipos'> <svg xmlns=\"http:\/\/www.w3.org\/2000\/svg\" class=\"icon icon-tabler icon-tabler-device-imac\" width=\"22\" height=\"22\" viewBox=\"0 0 24 24\" stroke-width=\"1.5\" stroke=\"#6F6F6F\" fill=\"none\" stroke-linecap=\"round\" stroke-linejoin=\"round\">\r\n\t<title>A Distancia<\/title>\r\n\t<desc>Propuesta modalidad a distancia<\/desc>\r\n\t<path stroke=\"none\" d=\"M0 0h24v24H0z\" fill=\"none\" \/>\r\n\t\t<path d=\"M3 4a1 1 0 0 1 1 -1h16a1 1 0 0 1 1 1v12a1 1 0 0 1 -1 1h-16a1 1 0 0 1 -1 -1v-12z\" \/><path d=\"M3 13h18\" \/> <path d=\"M8 21h8\" \/><path d=\"M10 17l-.5 4\" \/><path d=\"M14 17l.5 4\" \/><\/svg>  <\/div><\/div><div class=\"propuesta-item clickeable\"><div class=\"propuesta_nombre\"><a href=\"https:\/\/www.usal.edu.ar\/fcseyc\/propuesta\/maestria-en-estudios-coreano\/\" target=\"_blank\">Maestr\u00eda en Estudios Coreano A DISTANCIA<\/a><\/div><div class='propuesta_tipos'> <svg xmlns=\"http:\/\/www.w3.org\/2000\/svg\" class=\"icon icon-tabler icon-tabler-device-imac\" width=\"22\" height=\"22\" viewBox=\"0 0 24 24\" stroke-width=\"1.5\" stroke=\"#6F6F6F\" fill=\"none\" stroke-linecap=\"round\" stroke-linejoin=\"round\">\r\n\t<title>A Distancia<\/title>\r\n\t<desc>Propuesta modalidad a distancia<\/desc>\r\n\t<path stroke=\"none\" d=\"M0 0h24v24H0z\" fill=\"none\" \/>\r\n\t\t<path d=\"M3 4a1 1 0 0 1 1 -1h16a1 1 0 0 1 1 1v12a1 1 0 0 1 -1 1h-16a1 1 0 0 1 -1 -1v-12z\" \/><path d=\"M3 13h18\" \/> <path d=\"M8 21h8\" \/><path d=\"M10 17l-.5 4\" \/><path d=\"M14 17l.5 4\" \/><\/svg>  <\/div><\/div><div class=\"propuesta-item clickeable\"><div class=\"propuesta_nombre\"><a href=\"https:\/\/www.usal.edu.ar\/ingreso\/propuesta\/maestria-en-marketing-politico\/\" target=\"_blank\">Maestr\u00eda en Marketing Pol\u00edtico<\/a><\/div><div class='propuesta_tipos'>   <\/div><\/div><div class=\"propuesta-item clickeable\"><div class=\"propuesta_nombre\"><a href=\"https:\/\/www.usal.edu.ar\/fcseyc\/propuesta\/maestria-en-periodismo-de-investigacion\/\" target=\"_blank\">Maestr\u00eda en Periodismo de Investigaci\u00f3n<\/a><\/div><div class='propuesta_tipos'>   <\/div><\/div><div class=\"propuesta-item clickeable\"><div class=\"propuesta_nombre\"><a href=\"https:\/\/www.usal.edu.ar\/fcseyc\/propuesta\/maestria-en-relaciones-internacionales\/\" target=\"_blank\">Maestr\u00eda en Relaciones Internacionales<\/a><\/div><div class='propuesta_tipos'>   <\/div><\/div><div class=\"propuesta-item\" style=\"visibility: hidden;\"><\/div><div class=\"leyendas\"><div class=\"leyenda\"><svg xmlns=\"http:\/\/www.w3.org\/2000\/svg\" class=\"icon icon-tabler icon-tabler-device-imac\" width=\"22\" height=\"22\" viewBox=\"0 0 24 24\" stroke-width=\"1.5\" stroke=\"#6F6F6F\" fill=\"none\" stroke-linecap=\"round\" stroke-linejoin=\"round\">\r\n\t<title>A Distancia<\/title>\r\n\t<desc>Propuesta modalidad a distancia<\/desc>\r\n\t<path stroke=\"none\" d=\"M0 0h24v24H0z\" fill=\"none\" \/>\r\n\t\t<path d=\"M3 4a1 1 0 0 1 1 -1h16a1 1 0 0 1 1 1v12a1 1 0 0 1 -1 1h-16a1 1 0 0 1 -1 -1v-12z\" \/><path d=\"M3 13h18\" \/> <path d=\"M8 21h8\" \/><path d=\"M10 17l-.5 4\" \/><path d=\"M14 17l.5 4\" \/><\/svg><div class=\"text\">Modalidad a Distancia<\/div><\/div><div class=\"leyenda\"><svg xmlns=\"http:\/\/www.w3.org\/2000\/svg\" class=\"icon icon-tabler icon-tabler-world\" width=\"22\" height=\"22\" viewBox=\"0 0 24 24\" stroke-width=\"1.5\" stroke=\"#6F6F6F\" fill=\"none\" stroke-linecap=\"round\" stroke-linejoin=\"round\">\r\n\t<title>Internacional<\/title>\r\n\t<desc>Propuesta con programa internacional<\/desc>\r\n\t<path stroke=\"none\" d=\"M0 0h24v24H0z\" fill=\"none\" \/> <path d=\"M3 12a9 9 0 1 0 18 0a9 9 0 0 0 -18 0\" \/> <path d=\"M3.6 9h16.8\" \/> <path d=\"M3.6 15h16.8\" \/> <path d=\"M11.5 3a17 17 0 0 0 0 18\" \/> <path d=\"M12.5 3a17 17 0 0 1 0 18\" \/><\/svg><div class=\"text\">Programa Internacional<\/div><\/div><\/div><\/div>\n","protected":false},"excerpt":{"rendered":"","protected":false},"author":5,"featured_media":0,"parent":32,"menu_order":0,"comment_status":"closed","ping_status":"closed","template":"","meta":{"_acf_changed":false,"footnotes":""},"class_list":["post-36","page","type-page","status-publish","hentry"],"acf":[],"_links":{"self":[{"href":"https:\/\/www.usal.edu.ar\/fcseyc\/wp-json\/wp\/v2\/pages\/36","targetHints":{"allow":["GET"]}}],"collection":[{"href":"https:\/\/www.usal.edu.ar\/fcseyc\/wp-json\/wp\/v2\/pages"}],"about":[{"href":"https:\/\/www.usal.edu.ar\/fcseyc\/wp-json\/wp\/v2\/types\/page"}],"author":[{"embeddable":true,"href":"https:\/\/www.usal.edu.ar\/fcseyc\/wp-json\/wp\/v2\/users\/5"}],"replies":[{"embeddable":true,"href":"https:\/\/www.usal.edu.ar\/fcseyc\/wp-json\/wp\/v2\/comments?post=36"}],"version-history":[{"count":2,"href":"https:\/\/www.usal.edu.ar\/fcseyc\/wp-json\/wp\/v2\/pages\/36\/revisions"}],"predecessor-version":[{"id":44,"href":"https:\/\/www.usal.edu.ar\/fcseyc\/wp-json\/wp\/v2\/pages\/36\/revisions\/44"}],"up":[{"embeddable":true,"href":"https:\/\/www.usal.edu.ar\/fcseyc\/wp-json\/wp\/v2\/pages\/32"}],"wp:attachment":[{"href":"https:\/\/www.usal.edu.ar\/fcseyc\/wp-json\/wp\/v2\/media?parent=36"}],"curies":[{"name":"wp","href":"https:\/\/api.w.org\/{rel}","templated":true}]}}