{"id":46,"date":"2024-12-09T22:15:14","date_gmt":"2024-12-10T01:15:14","guid":{"rendered":"https:\/\/www.usal.edu.ar\/fcseyc\/?page_id=46"},"modified":"2025-01-16T16:08:35","modified_gmt":"2025-01-16T19:08:35","slug":"resena","status":"publish","type":"page","link":"https:\/\/www.usal.edu.ar\/fcseyc\/resena\/","title":{"rendered":"Rese\u00f1a"},"content":{"rendered":"\n<div class=\"wp-block-group has-global-padding is-layout-constrained wp-block-group-is-layout-constrained\">\n<p>La <strong>Facultad de Ciencias Sociales, Educaci\u00f3n y Comunicaci\u00f3n <\/strong>nace el 1\u00b0 de enero de 2025, integrando dos facultades hist\u00f3ricas de la Universidad del Salvador: la Facultad de Ciencias Sociales y la Facultad de Ciencias de la Educaci\u00f3n y de la Comunicaci\u00f3n Social.<\/p>\n<\/div>\n\n\n\n<p><\/p>\n\n\n\n<div class=\"wp-block-group has-global-padding is-layout-constrained wp-block-group-is-layout-constrained\">\n<p>La <strong>Facultad de Ciencias Sociales <\/strong>se remonta al antiguo instituto de Ciencia Pol\u00edtica, creado a comienzos de 1957. Desde aquel momento se propuso una intensa labor investigativa y formativa que atendiera a los aspectos sociales y pol\u00edticos de la vida en sociedad.<br>En 1960 se implement\u00f3 el primer plan de estudios de Ciencia Pol\u00edtica y Sociolog\u00eda, con una formaci\u00f3n com\u00fan. En 1961 se crea la Escuela de Diplomacia, un a\u00f1o despu\u00e9s la Escuela de Sociolog\u00eda, y en 1964, los doctorados en Ciencia Pol\u00edtica y en Relaciones Internacionales.<br>El Instituto se eleva al rango de Facultad de Ciencia Pol\u00edtica en 1968, y en diciembre, la Escuela de Diplomacia se convierte en Escuela de Relaciones Internacionales.<br>Como consecuencia de los nuevos planes de estudio, las licenciaturas de Ciencia Pol\u00edtica, Econom\u00eda y Sociolog\u00eda se inician con un primer a\u00f1o en com\u00fan, diferenci\u00e1ndose cada una de ellas a partir del segundo. La carrera de Relaciones Internacionales ten\u00eda car\u00e1cter de posgrado y una duraci\u00f3n de dos a\u00f1os.<br>En 1971, la Facultad de Ciencia Pol\u00edtica y la escuela de Administraci\u00f3n P\u00fablica cambian su denominaci\u00f3n por la actual Facultad de Ciencias Sociales.<br>Creado en 1973, el Instituto ECLA (Estudio de la Ciencia Latinoamericana) pasa a depender org\u00e1nicamente y funcionalmente de la Facultad de Ciencias Sociales en 1981. Un a\u00f1o m\u00e1s tarde, cambia su denominaci\u00f3n por la de Instituto de Investigaci\u00f3n en Ciencias Sociales -IDICSO- constituy\u00e9ndose definitivamente en el \u00e1mbito de investigaci\u00f3n de la Facultad.<br>La Facultad inicia su actividad en la sede Pilar de la Universidad en 1994, con el dictado de las Licenciaturas de Ciencia Pol\u00edtica y Relaciones Internacionales y, desde 1995, con el nuevo plan de estudio, desarrolla el Bachillerato en Ciencias Sociales con sus cuatro orientaciones (Ciencia Pol\u00edtica, Relaciones Internacionales, Servicio Social y Sociolog\u00eda).<\/p>\n\n\n\n<p>En el a\u00f1o 2002 se implement\u00f3 un nuevo Plan de Estudio cuya duraci\u00f3n es de cuatro a\u00f1os.<br>La Facultad participa del Programa de Intercambio Internacional de Estudiantes. Recibe alumnos provenientes de los diferentes Programas Internacionales. Asimismo, participan del intercambio en el exterior, alumnos de las cuatro carreras de la Facultad.<br>A trav\u00e9s del Instituto de Investigaci\u00f3n en Ciencias Sociales (IDICSO), la Facultad de Ciencias Sociales constituye un \u00e1mbito de articulaci\u00f3n de la docencia y la investigaci\u00f3n, adem\u00e1s atiende demandas institucionales de organismos p\u00fablicos, privados y del tercer sector en proyectos de investigaci\u00f3n y asistencia.<\/p>\n<\/div>\n\n\n\n<p><\/p>\n\n\n\n<div class=\"wp-block-group has-global-padding is-layout-constrained wp-block-group-is-layout-constrained\">\n<p>La historia de la <strong>Facultad de Ciencias de la Educaci\u00f3n y de la Comunicaci\u00f3n Social (FCECS) <\/strong>comienza a finales de la d\u00e9cada de 1950, con la fundaci\u00f3n y desarrollo del Instituto Filmol\u00f3gico de la USAL, dedicado al estudio y formaci\u00f3n en artes audiovisuales.<br>A fines de 1965 se crea el Departamento de Ciencias de la Educaci\u00f3n, destac\u00e1ndose la instituci\u00f3n de su Ciclo Pedag\u00f3gico Universitario (CPU), propuesto y dise\u00f1ado por quien fuera rector de la Universidad, el Padre Ismael Quiles S.J., y en el cual \u00e9ste desarrollar\u00e1 su memorable c\u00e1tedra de Filosof\u00eda de la Educaci\u00f3n.<br>En 1967 la Universidad crea su Escuela de Televisi\u00f3n, cuyo primer director fuera uno de los m\u00e1s destacados impulsores del desarrollo de este medio en la Argentina, el Padre H\u00e9ctor Grandinetti S.J.<br>El 20 de febrero de 1973 se integran el Departamento de Ciencias de la Educaci\u00f3n, la Escuela de Televisi\u00f3n y la Escuela de Artes y T\u00e9cnicas Publicitarias en la pionera Escuela de Educaci\u00f3n y Comunicaci\u00f3n Social que, finalmente, el 6 de octubre de 1976, se convierte en la Facultad de Ciencias de la Educaci\u00f3n y de la Comunicaci\u00f3n Social. La Prof. Mar\u00eda Mercedes Terr\u00e9n asume como primera Decana.<br>El 5 de abril de 1979 se crea la Carrera de Periodismo y, a fines del mismo a\u00f1o, el Instituto de Teleducaci\u00f3n, cuyos objetivos eran la investigaci\u00f3n y la extensi\u00f3n universitaria. La denominaci\u00f3n actual del mismo es \u201cInstituto de Investigaci\u00f3n en Ciencias de la Educaci\u00f3n y de la Comunicaci\u00f3n Social\u201d. Posteriormente, se abren las especializaciones en Publicidad y en Periodismo para alcanzar los respectivos grados acad\u00e9micos de Licenciado.<br>Excediendo los l\u00edmites edilicios de la zona centro, la Facultad se proyecta hacia el campus universitario de la USAL \u201cNuestra Se\u00f1ora del Pilar\u201d en 1992. Y ese mismo a\u00f1o, la unidad acad\u00e9mica presenta el primer Doctorado en Comunicaci\u00f3n Social de Am\u00e9rica Latina.<br>A partir del a\u00f1o 2002 comienza un segundo momento de la unidad acad\u00e9mica, marcado por la modificaci\u00f3n de su oferta curricular, llevando la duraci\u00f3n de las carreras a cuatro a\u00f1os. Adem\u00e1s, a diez a\u00f1os de su concepci\u00f3n, se actualiza la curr\u00edcula del Doctorado en Ciencias de la Comunicaci\u00f3n Social y se crean la Maestr\u00eda en Periodismo de Investigaci\u00f3n y la Maestr\u00eda en Marketing Pol\u00edtico, ambas pioneras en el \u00e1mbito latinoamericano.<br>En este mismo a\u00f1o, la Facultad lanza el proyecto de realizaci\u00f3n de una publicaci\u00f3n gr\u00e1fica en formato taller, en donde se canalicen las producciones period\u00edsticas de los alumnos: la Revista Asterisco, que a la fecha cuenta con m\u00e1s de diez a\u00f1os de vida y que ha ganado m\u00faltiples premios a nivel nacional.<br>La actualizaci\u00f3n curricular de la unidad contin\u00faa con la reformulaci\u00f3n de la Maestr\u00eda en Comercializaci\u00f3n y Comunicaci\u00f3n Social, cuya reforma determina como resultado, en 2004, la concepci\u00f3n de la Maestr\u00eda en Comercializaci\u00f3n y Comunicaci\u00f3n Publicitaria. Ese a\u00f1o tambi\u00e9n se crea la Licenciatura en Relaciones P\u00fablicas.<br>Finalmente, en un a\u00f1o de gran intensidad, se ofrece el primer n\u00famero de El Equilibrista, primera revista acad\u00e9mica de la FCECS, que integra las producciones intelectuales m\u00e1s importantes de los docentes, investigadores y tesistas del \u00e1rea de educaci\u00f3n y comunicaci\u00f3n. Tambi\u00e9n se consolida el Instituto de Investigaci\u00f3n de la Facultad, defini\u00e9ndose coordinadores y l\u00edneas de investigaci\u00f3n por \u00e1rea; as\u00ed como los primeros proyectos de investigaci\u00f3n aplicada, conjuntamente con instituciones externas.<br>En 2014 se acredita la Maestr\u00eda en Comunicaci\u00f3n Corporativa e Institucional, y comienzan a dictarse en la FCECS el Doctorado en Ciencia de la Educaci\u00f3n y el Post\u00edtulo en Direcci\u00f3n de Instituciones Educativas. Asimismo, se crea una nueva Licenciatura en Ciencias de la Comunicaci\u00f3n, con un recorrido acad\u00e9mico de alto nivel de optatividad, que permite la generaci\u00f3n de orientaciones espec\u00edficas en el campo de la comunicaci\u00f3n; y se lanza el Ciclo Pedag\u00f3gico Semi-Presencial, el primer programa de la unidad organizado parcialmente a distancia, y basado en entornos virtuales.<br>Tambi\u00e9n se lanza el primer programa de doble titulaci\u00f3n internacional en la historia de la FCECS, conjuntamente entre la Maestr\u00eda en Marketing Pol\u00edtico y la Escuela de Gobierno de la Universidad Camilo Jos\u00e9 Cela de Madrid.<br>Algunos a\u00f1os despu\u00e9s comienza a dictarse la Maestr\u00eda en Direcci\u00f3n de Instituciones Educativas -primero de forma presencial y en la actualidad completamente virtual-, y la Licenciatura en Periodismo Deportivo, dos opciones que se suman a la amplia oferta acad\u00e9mica.<\/p>\n<\/div>\n\n\n\n<p><\/p>\n\n\n\n<div class=\"wp-block-group has-global-padding is-layout-constrained wp-block-group-is-layout-constrained\">\n<p>La <strong>Facultad de Ciencias Sociales, Educaci\u00f3n y Comunicaci\u00f3n <\/strong>privilegia, en la capacitaci\u00f3n te\u00f3rica y t\u00e9cnica de sus estudiantes, una formaci\u00f3n \u00e9tica y en valores que permite a los futuros profesionales enfrentar los complejos dilemas que se pronuncian hoy en el vasto campo social, de la educaci\u00f3n y de las comunicaciones integradas.<\/p>\n<\/div>\n","protected":false},"excerpt":{"rendered":"<p>La Facultad de Ciencias Sociales, Educaci\u00f3n y Comunicaci\u00f3n nace el 1\u00b0 de enero de 2025, integrando dos facultades hist\u00f3ricas de la Universidad del Salvador: la Facultad de Ciencias Sociales y la Facultad de Ciencias de la Educaci\u00f3n y de la Comunicaci\u00f3n Social. La Facultad de Ciencias Sociales se remonta al antiguo instituto de Ciencia Pol\u00edtica, [&hellip;]<\/p>\n","protected":false},"author":5,"featured_media":0,"parent":0,"menu_order":0,"comment_status":"closed","ping_status":"closed","template":"","meta":{"_acf_changed":false,"footnotes":""},"class_list":["post-46","page","type-page","status-publish","hentry"],"acf":[],"_links":{"self":[{"href":"https:\/\/www.usal.edu.ar\/fcseyc\/wp-json\/wp\/v2\/pages\/46","targetHints":{"allow":["GET"]}}],"collection":[{"href":"https:\/\/www.usal.edu.ar\/fcseyc\/wp-json\/wp\/v2\/pages"}],"about":[{"href":"https:\/\/www.usal.edu.ar\/fcseyc\/wp-json\/wp\/v2\/types\/page"}],"author":[{"embeddable":true,"href":"https:\/\/www.usal.edu.ar\/fcseyc\/wp-json\/wp\/v2\/users\/5"}],"replies":[{"embeddable":true,"href":"https:\/\/www.usal.edu.ar\/fcseyc\/wp-json\/wp\/v2\/comments?post=46"}],"version-history":[{"count":4,"href":"https:\/\/www.usal.edu.ar\/fcseyc\/wp-json\/wp\/v2\/pages\/46\/revisions"}],"predecessor-version":[{"id":1005,"href":"https:\/\/www.usal.edu.ar\/fcseyc\/wp-json\/wp\/v2\/pages\/46\/revisions\/1005"}],"wp:attachment":[{"href":"https:\/\/www.usal.edu.ar\/fcseyc\/wp-json\/wp\/v2\/media?parent=46"}],"curies":[{"name":"wp","href":"https:\/\/api.w.org\/{rel}","templated":true}]}}