{"id":499,"date":"2024-09-02T10:52:10","date_gmt":"2024-09-02T13:52:10","guid":{"rendered":"https:\/\/www.usal.edu.ar\/fhleo\/?page_id=499"},"modified":"2025-06-25T11:36:57","modified_gmt":"2025-06-25T14:36:57","slug":"centro-de-ediciones-y-estudios-criticos-de-literatura-argentina-cecla","status":"publish","type":"page","link":"https:\/\/www.usal.edu.ar\/fhleo\/centro-de-ediciones-y-estudios-criticos-de-literatura-argentina-cecla\/","title":{"rendered":"Centro de Ediciones y Estudios Cr\u00edticos de Literatura Argentina (CECLA)"},"content":{"rendered":"\n<p><\/p>\n\n\n\n<p>Fundado en agosto de 2016, el CECLA tiene a su cargo las actividades extracurriculares de esta \u00e1rea disciplinar: publicaciones, comunicaciones, encuentros y debates abiertos a la comunidad acad\u00e9mica nacional e internacional.<br>Entre sus propuestas recurrentes, organiza, cada dos a\u00f1os, las Jornadas de Literatura Argentina y, anualmente, la publicaci\u00f3n de vol\u00famenes de la Colecci\u00f3n CECLA por la editorial de la USAL.<\/p>\n\n\n\n<p class=\"has-text-align-center\"><strong><a href=\"https:\/\/www.usal.edu.ar\/fhleo\/wp-content\/uploads\/sites\/16\/2025\/06\/Dra.-Maria-Rosa-Lojo-CV.pdf\" target=\"_blank\" rel=\"noreferrer noopener\">Direcci\u00f3n Acad\u00e9mica: Dra. Mar\u00eda Rosa Lojo<\/a><\/strong><\/p>\n\n\n\n<figure class=\"wp-block-image aligncenter size-full\"><img loading=\"lazy\" decoding=\"async\" width=\"190\" height=\"126\" src=\"https:\/\/www.usal.edu.ar\/fhleo\/wp-content\/uploads\/sites\/16\/2024\/09\/Dra.-Maria-Rosa-Lojo.png\" alt=\"\" class=\"wp-image-501\" \/><\/figure>\n\n\n\n<p class=\"has-text-align-center\"><strong><a href=\"https:\/\/www.usal.edu.ar\/fhleo\/wp-content\/uploads\/sites\/16\/2025\/06\/Dra.-Marcela-Crespo-Buituron-CV.pdf\" target=\"_blank\" rel=\"noreferrer noopener\">Direcci\u00f3n Ejecutiva: Dra. Marcela Crespo Buitur\u00f3n<\/a><\/strong><\/p>\n\n\n\n<figure class=\"wp-block-image aligncenter size-full is-resized\"><img loading=\"lazy\" decoding=\"async\" width=\"259\" height=\"438\" src=\"https:\/\/www.usal.edu.ar\/fhleo\/wp-content\/uploads\/sites\/16\/2025\/06\/image2.jpg\" alt=\"\" class=\"wp-image-2594\" style=\"width:187px;height:auto\" srcset=\"https:\/\/www.usal.edu.ar\/fhleo\/wp-content\/uploads\/sites\/16\/2025\/06\/image2.jpg 259w, https:\/\/www.usal.edu.ar\/fhleo\/wp-content\/uploads\/sites\/16\/2025\/06\/image2-177x300.jpg 177w\" sizes=\"auto, (max-width: 259px) 100vw, 259px\" \/><\/figure>\n\n\n\n<div style=\"height:27px\" aria-hidden=\"true\" class=\"wp-block-spacer\"><\/div>\n\n\n\n<p class=\"has-text-align-center\"><strong>Contacto<\/strong><\/p>\n\n\n\n<p>Direcci\u00f3n postal: Tucum\u00e1n 1845 &#8211; C\u00f3digo Postal: C1050AAK&nbsp;&#8211; Ciudad Aut\u00f3noma de Buenos Aires&nbsp;<\/p>\n\n\n\n<p>Tel\u00e9fono: +54 11 3754 7950&nbsp;&nbsp;Correo electr\u00f3nico:&nbsp;<a href=\"mailto:cecla@usal.edu.ar\"><strong>cecla@usal.edu.ar<\/strong><\/a><\/p>\n\n\n\n<div style=\"height:60px\" aria-hidden=\"true\" class=\"wp-block-spacer\"><\/div>\n\n\n\n<p class=\"has-text-align-center\"><strong>COLECCI\u00d3N DE EDICIONES Y ESTUDIOS CR\u00cdTICOS DE LITERATURA ARGENTINA<\/strong><\/p>\n\n\n\n<div style=\"height:15px\" aria-hidden=\"true\" class=\"wp-block-spacer\"><\/div>\n\n\n\n<p class=\"has-text-align-center\"><strong>COMIT\u00c9 DE REFERATO<\/strong><\/p>\n\n\n\n<p class=\"has-text-align-center\">Graciela Batticuore (Universidad de Buenos Aires \u2013 CONICET)<br>Elisa Calabrese (Universidad Nacional de Mar del Plata, Argentina)<br>Antonio Roberto Esteves (Universidad Estadual Paulista, Brasil)<br>Rosa Mar\u00eda Grillo (Universidad de Salerno)<br>Claudia Hammerschmidt (Universidad de Jena)<br>Javier de Navascu\u00e9s (Universidad de Navarra)<br>Cristina Pi\u00f1a (Universidad Nacional de Mar del Plata, Argentina)<br>Tania Diz (Universidad de Buenos Aires \u2013 CONICET)<\/p>\n\n\n\n<div style=\"height:34px\" aria-hidden=\"true\" class=\"wp-block-spacer\"><\/div>\n\n\n\n<p><strong>Sistema de evaluaci\u00f3n de manuscritos<\/strong><\/p>\n\n\n\n<p>Los textos ser\u00e1n sometidos a un&nbsp;proceso de evaluaci\u00f3n&nbsp;con la&nbsp;modalidad \u00abdoble ciego\u00bb:&nbsp;ser\u00e1n entregados simult\u00e1neamente a un evaluador interno y a otro externo, de car\u00e1cter an\u00f3nimo, que, sin intercambiar sus opiniones, emitir\u00e1n un veredicto al Comit\u00e9 de Redacci\u00f3n. Los resultados pueden ser tres: que el texto sea aceptado sin condicionamientos; que sea aceptado pero sometido a un per\u00edodo de revisi\u00f3n y enmienda para adecuarlo al formato de publicaci\u00f3n de la colecci\u00f3n; que sea rechazado por no cumplir con los requisitos o con el objeto de la misma.<\/p>\n\n\n\n<p><strong>Normas de Publicaci\u00f3n<\/strong><\/p>\n\n\n\n<p>Para los env\u00edos, se deben respetar las normativas APA. Los\/as autores\/as pueden consultar un resumen de las mismas en la p\u00e1gina de la revista <em>Gramma<\/em>: <a href=\"https:\/\/p3.usal.edu.ar\/index.php\/gramma\/about\/submissions\">https:\/\/p3.usal.edu.ar\/index.php\/gramma\/about\/submissions<\/a>&nbsp;Los env\u00edos se realizar\u00e1n a la direcci\u00f3n del centro: <a href=\"mailto:cecla@usal.edu.ar\">cecla@usal.edu.ar<\/a><\/p>\n\n\n\n<div style=\"height:36px\" aria-hidden=\"true\" class=\"wp-block-spacer\"><\/div>\n\n\n\n<p class=\"has-text-align-center\"><strong>EDICIONES Y ESTUDIOS CR\u00cdTICOS \u2013 SIGLO XIX<\/strong><\/p>\n\n\n\n<p><strong>Editora a cargo: Dra. Marina L. Guidotti<\/strong><\/p>\n\n\n\n<div data-wp-interactive=\"core\/file\" class=\"wp-block-file\"><object data-wp-bind--hidden=\"!state.hasPdfPreview\" hidden class=\"wp-block-file__embed\" data=\"https:\/\/www.usal.edu.ar\/fhleo\/wp-content\/uploads\/sites\/16\/2024\/09\/Ediciones-Criticas-de-Literatura-Argentina_Actualizacion-Septiembre-2024.pdf\" type=\"application\/pdf\" style=\"width:100%;height:600px\" aria-label=\"Incrustado de Ediciones-Criticas-de-Literatura-Argentina_Actualizacion-Septiembre-2024.\"><\/object><a id=\"wp-block-file--media-753a3596-8eb2-44b0-a310-37ddb7ea8908\" href=\"https:\/\/www.usal.edu.ar\/fhleo\/wp-content\/uploads\/sites\/16\/2024\/09\/Ediciones-Criticas-de-Literatura-Argentina_Actualizacion-Septiembre-2024.pdf\">Ediciones-Criticas-de-Literatura-Argentina_Actualizacion-Septiembre-2024<\/a><a href=\"https:\/\/www.usal.edu.ar\/fhleo\/wp-content\/uploads\/sites\/16\/2024\/09\/Ediciones-Criticas-de-Literatura-Argentina_Actualizacion-Septiembre-2024.pdf\" class=\"wp-block-file__button wp-element-button\" download aria-describedby=\"wp-block-file--media-753a3596-8eb2-44b0-a310-37ddb7ea8908\">Descarga<\/a><\/div>\n\n\n\n<div style=\"height:36px\" aria-hidden=\"true\" class=\"wp-block-spacer\"><\/div>\n\n\n\n<p class=\"has-text-align-center\"><strong>ESTUDIOS CR\u00cdTICOS DE LITERATURA ARGENTINA \u2013 SIGLOS XX y XXI<\/strong><\/p>\n\n\n\n<p><strong>Editora a cargo: Dra. Marcela Crespo Buitur\u00f3n.<\/strong><\/p>\n\n\n\n<div data-wp-interactive=\"core\/file\" class=\"wp-block-file\"><object data-wp-bind--hidden=\"!state.hasPdfPreview\" hidden class=\"wp-block-file__embed\" data=\"https:\/\/www.usal.edu.ar\/fhleo\/wp-content\/uploads\/sites\/16\/2024\/09\/Estudios-Criticos-de-Literatura-Argentina_Actualizacion-Septiembre-2024.pdf\" type=\"application\/pdf\" style=\"width:100%;height:600px\" aria-label=\"Incrustado de Estudios-Criticos-de-Literatura-Argentina_Actualizacion-Septiembre-2024.\"><\/object><a id=\"wp-block-file--media-ea8494b4-10d0-4f27-9851-ebc688e024e9\" href=\"https:\/\/www.usal.edu.ar\/fhleo\/wp-content\/uploads\/sites\/16\/2024\/09\/Estudios-Criticos-de-Literatura-Argentina_Actualizacion-Septiembre-2024.pdf\">Estudios-Criticos-de-Literatura-Argentina_Actualizacion-Septiembre-2024<\/a><a href=\"https:\/\/www.usal.edu.ar\/fhleo\/wp-content\/uploads\/sites\/16\/2024\/09\/Estudios-Criticos-de-Literatura-Argentina_Actualizacion-Septiembre-2024.pdf\" class=\"wp-block-file__button wp-element-button\" download aria-describedby=\"wp-block-file--media-ea8494b4-10d0-4f27-9851-ebc688e024e9\">Descarga<\/a><\/div>\n\n\n\n<div style=\"height:36px\" aria-hidden=\"true\" class=\"wp-block-spacer\"><\/div>\n\n\n\n<p class=\"has-text-align-center\">&nbsp;<strong>JORNADAS DE LITERATURA ARGENTINA<\/strong><\/p>\n\n\n\n<p class=\"has-text-align-center\"><strong>Investigadora Responsable: Dra. Marcela Crespo Buitur\u00f3n<\/strong><\/p>\n\n\n\n<p>Las Jornadas de Literatura Argentina vienen organiz\u00e1ndose en la Escuela de Letras desde 2006, bajo el lema <em>Identidad cultural y memoria hist\u00f3rica. <\/em>Desde entonces, le siguieron:<em> Encuentro de culturas en la literatura argentina<\/em>, en 2010; <em>Del centro a los m\u00e1rgenes: nuevos abordajes a la figura del marginal en la literatura argentina<\/em>, en 2012; <em>Escrituras h\u00edbridas en la literatura argentina. Abordajes actuales de la teor\u00eda y cr\u00edtica literarias<\/em>, en 2015; <em>Voces invisibles, plumas silentes: escritores argentinos olvidados o poco transitados por la cr\u00edtica<\/em>, en 2017; <em>Argentina transatl\u00e1ntica<\/em> (en colaboraci\u00f3n con el Transatlantic Project de la Brown University, dirigido por Julio Ortega), en 2019; <em>Tierra y terror. los horrores de la literatura argentina<\/em>, en 2022; y <em>Literaturas resilientes. Relatos de resistencia pol\u00edtica, social y ecol\u00f3gica<\/em>, en 2024.<\/p>\n\n\n\n<p class=\"has-text-align-center\"><strong>Comit\u00e9 Cient\u00edfico Nacional<\/strong><\/p>\n\n\n\n<p class=\"has-text-align-center\">Dra. Ana Benda, Universidad del Salvador<br>Dr. Jorge Alejandro Bracamonte, Universidad Nacional de C\u00f3rdoba \/ CONICET<br>Dra. Elisa Calabrese, Universidad Nacional de Mar del Plata \/ CELEHIS<br>Dr. Juan Jos\u00e9 Delaney, Universidad del Salvador<br>Dra. Marina Guidotti, Universidad del Salvador<br>Mag. Beatriz Hern\u00e1ndez, Universidad del Salvador<br>Dra. Mar\u00eda Rosa Lojo, Universidad del Salvador<br>Dra. Hebe Beatriz Molina, Universidad Nacional de Cuyo \/ CONICET<br>Dra. Alicia Lidia Sisca, Universidad del Salvador<br>Dra. Ana Mar\u00eda Zubieta, Universidad de Buenos Aires<\/p>\n\n\n\n<p class=\"has-text-align-center\"><strong>Comit\u00e9 de Referato Internacional<\/strong><\/p>\n\n\n\n<p class=\"has-text-align-center\">Dr. Manuel Aznar Soler, Universitat Aut\u00f2noma de Barcelona, Espa\u00f1a<br>Dra. Camila Cattarulla, Universit\u00e0 degli Studi Roma Tre, Italia<br>Dra. Malva Filer, Brooklyn College, Estados Unidos<br>Dra. Rosa Mar\u00eda Grillo, Universidad de Salerno, Italia<br>Dr. Karl Kohut, Universidad de Eichst\u00e4tt, Alemania<br>Dr. Javier de Navascu\u00e9s, Universidad de Navarra, Espa\u00f1a<br>Dra. Silvia Sauter, Kansas State University, Estados Unidos<br>Dra. Cynthia Tompkins, Arizona State University, Estados Unidos<\/p>\n\n\n\n<p><strong>La memoria de cada encuentro est\u00e1 disponible en:<\/strong><\/p>\n\n\n\n<p><a href=\"https:\/\/www.cervantesvirtual.com\/portales\/escrituras_fronterizas_literatura_argentina\/extension\">https:\/\/www.cervantesvirtual.com\/portales\/escrituras_fronterizas_literatura_argentina\/extension<\/a><\/p>\n","protected":false},"excerpt":{"rendered":"<p>Fundado en agosto de 2016, el CECLA tiene a su cargo las actividades extracurriculares de esta \u00e1rea disciplinar: publicaciones, comunicaciones, encuentros y debates abiertos a la comunidad acad\u00e9mica nacional e internacional.Entre sus propuestas recurrentes, organiza, cada dos a\u00f1os, las Jornadas de Literatura Argentina y, anualmente, la publicaci\u00f3n de vol\u00famenes de la Colecci\u00f3n CECLA por la [&hellip;]<\/p>\n","protected":false},"author":40,"featured_media":0,"parent":0,"menu_order":0,"comment_status":"closed","ping_status":"closed","template":"","meta":{"_acf_changed":false,"footnotes":""},"class_list":["post-499","page","type-page","status-publish","hentry"],"acf":[],"_links":{"self":[{"href":"https:\/\/www.usal.edu.ar\/fhleo\/wp-json\/wp\/v2\/pages\/499","targetHints":{"allow":["GET"]}}],"collection":[{"href":"https:\/\/www.usal.edu.ar\/fhleo\/wp-json\/wp\/v2\/pages"}],"about":[{"href":"https:\/\/www.usal.edu.ar\/fhleo\/wp-json\/wp\/v2\/types\/page"}],"author":[{"embeddable":true,"href":"https:\/\/www.usal.edu.ar\/fhleo\/wp-json\/wp\/v2\/users\/40"}],"replies":[{"embeddable":true,"href":"https:\/\/www.usal.edu.ar\/fhleo\/wp-json\/wp\/v2\/comments?post=499"}],"version-history":[{"count":35,"href":"https:\/\/www.usal.edu.ar\/fhleo\/wp-json\/wp\/v2\/pages\/499\/revisions"}],"predecessor-version":[{"id":2618,"href":"https:\/\/www.usal.edu.ar\/fhleo\/wp-json\/wp\/v2\/pages\/499\/revisions\/2618"}],"wp:attachment":[{"href":"https:\/\/www.usal.edu.ar\/fhleo\/wp-json\/wp\/v2\/media?parent=499"}],"curies":[{"name":"wp","href":"https:\/\/api.w.org\/{rel}","templated":true}]}}