{"id":5,"date":"2024-07-06T14:56:14","date_gmt":"2024-07-06T17:56:14","guid":{"rendered":"https:\/\/www.usal.edu.ar\/fhleo\/?page_id=5"},"modified":"2024-08-14T16:13:21","modified_gmt":"2024-08-14T19:13:21","slug":"facultad-de-filosofia-historia-letras-y-estudios-orientales","status":"publish","type":"page","link":"https:\/\/www.usal.edu.ar\/fhleo\/","title":{"rendered":"Facultad de Filosof\u00eda, Historia, Letras y Estudios Orientales"},"content":{"rendered":"\n<div class=\"wp-block-group has-global-padding is-layout-constrained wp-block-group-is-layout-constrained\">\n<div class=\"wp-block-group is-layout-flow wp-container-core-group-is-layout-3c5488f2 wp-block-group-is-layout-flow\" style=\"margin-top:0;padding-top:0;padding-right:0;padding-bottom:0;padding-left:0\">\n<div class=\"wp-block-group has-global-padding is-layout-constrained wp-block-group-is-layout-constrained\" style=\"margin-top:var(--wp--preset--spacing--30);margin-bottom:var(--wp--preset--spacing--30)\">\n<h2 class=\"wp-block-heading has-text-align-center\" style=\"font-style:normal;font-weight:600;letter-spacing:-2px\">Carreras de Grado<\/h2>\n\n\n\n<hr class=\"wp-block-separator has-text-color has-secondary-color has-alpha-channel-opacity has-secondary-background-color has-background linea-base-titulo\" style=\"margin-bottom:var(--wp--preset--spacing--30)\"\/>\n<\/div>\n\n\n<div class=\"propuestas-wrapper\" style=\"background-color: 0F;\"><div class=\"propuesta-item clickeable\"><div class=\"propuesta_nombre\"><a href=\"https:\/\/www.usal.edu.ar\/fhleo\/propuesta\/corrector-literario\/\" target=\"_blank\">Corrector Literario<\/a><\/div><div class='propuesta_tipos'>   <\/div><\/div><div class=\"propuesta-item clickeable\"><div class=\"propuesta_nombre\"><a href=\"https:\/\/www.usal.edu.ar\/fhleo\/propuesta\/licenciatura-en-estudios-orientales\/\" target=\"_blank\">Licenciatura en Estudios Orientales<\/a><\/div><div class='propuesta_tipos'>   <\/div><\/div><div class=\"propuesta-item clickeable\"><div class=\"propuesta_nombre\"><a href=\"https:\/\/www.usal.edu.ar\/fhleo\/propuesta\/licenciatura-en-filosofia\/\" target=\"_blank\">Licenciatura en Filosof\u00eda<\/a><\/div><div class='propuesta_tipos'>   <\/div><\/div><div class=\"propuesta-item clickeable\"><div class=\"propuesta_nombre\"><a href=\"https:\/\/www.usal.edu.ar\/fhleo\/propuesta\/licenciatura-en-gestion-e-historia-de-las-artes\/\" target=\"_blank\">Licenciatura en Gesti\u00f3n e Historia de las Artes<\/a><\/div><div class='propuesta_tipos'>   <\/div><\/div><div class=\"propuesta-item clickeable\"><div class=\"propuesta_nombre\"><a href=\"https:\/\/www.usal.edu.ar\/fhleo\/propuesta\/licenciatura-en-historia\/\" target=\"_blank\">Licenciatura en Historia<\/a><\/div><div class='propuesta_tipos'>   <\/div><\/div><div class=\"propuesta-item clickeable\"><div class=\"propuesta_nombre\"><a href=\"https:\/\/www.usal.edu.ar\/fhleo\/propuesta\/licenciatura-en-letras\/\" target=\"_blank\">Licenciatura en Letras<\/a><\/div><div class='propuesta_tipos'>  <svg xmlns=\"http:\/\/www.w3.org\/2000\/svg\" class=\"icon icon-tabler icon-tabler-world\" width=\"22\" height=\"22\" viewBox=\"0 0 24 24\" stroke-width=\"1.5\" stroke=\"#6F6F6F\" fill=\"none\" stroke-linecap=\"round\" stroke-linejoin=\"round\">\r\n\t<title>Internacional<\/title>\r\n\t<desc>Propuesta con programa internacional<\/desc>\r\n\t<path stroke=\"none\" d=\"M0 0h24v24H0z\" fill=\"none\" \/> <path d=\"M3 12a9 9 0 1 0 18 0a9 9 0 0 0 -18 0\" \/> <path d=\"M3.6 9h16.8\" \/> <path d=\"M3.6 15h16.8\" \/> <path d=\"M11.5 3a17 17 0 0 0 0 18\" \/> <path d=\"M12.5 3a17 17 0 0 1 0 18\" \/><\/svg> <\/div><\/div><div class=\"propuesta-item clickeable\"><div class=\"propuesta_nombre\"><a href=\"https:\/\/www.usal.edu.ar\/fhleo\/propuesta\/tecnicatura-universitaria-en-correccion-de-textos-digitales-distancia\/\" target=\"_blank\">Tecnicatura Universitaria en Correcci\u00f3n de Textos Digitales - A distancia -<\/a><\/div><div class='propuesta_tipos'> <svg xmlns=\"http:\/\/www.w3.org\/2000\/svg\" class=\"icon icon-tabler icon-tabler-device-imac\" width=\"22\" height=\"22\" viewBox=\"0 0 24 24\" stroke-width=\"1.5\" stroke=\"#6F6F6F\" fill=\"none\" stroke-linecap=\"round\" stroke-linejoin=\"round\">\r\n\t<title>A Distancia<\/title>\r\n\t<desc>Propuesta modalidad a distancia<\/desc>\r\n\t<path stroke=\"none\" d=\"M0 0h24v24H0z\" fill=\"none\" \/>\r\n\t\t<path d=\"M3 4a1 1 0 0 1 1 -1h16a1 1 0 0 1 1 1v12a1 1 0 0 1 -1 1h-16a1 1 0 0 1 -1 -1v-12z\" \/><path d=\"M3 13h18\" \/> <path d=\"M8 21h8\" \/><path d=\"M10 17l-.5 4\" \/><path d=\"M14 17l.5 4\" \/><\/svg>  <\/div><\/div><div class=\"propuesta-item clickeable\"><div class=\"propuesta_nombre\"><a href=\"https:\/\/www.usal.edu.ar\/fhleo\/propuesta\/tecnicatura-universitaria-en-yoga\/\" target=\"_blank\">Tecnicatura Universitaria en Yoga<\/a><\/div><div class='propuesta_tipos'>   <\/div><\/div><div class=\"leyendas\"><div class=\"leyenda\"><svg xmlns=\"http:\/\/www.w3.org\/2000\/svg\" class=\"icon icon-tabler icon-tabler-device-imac\" width=\"22\" height=\"22\" viewBox=\"0 0 24 24\" stroke-width=\"1.5\" stroke=\"#6F6F6F\" fill=\"none\" stroke-linecap=\"round\" stroke-linejoin=\"round\">\r\n\t<title>A Distancia<\/title>\r\n\t<desc>Propuesta modalidad a distancia<\/desc>\r\n\t<path stroke=\"none\" d=\"M0 0h24v24H0z\" fill=\"none\" \/>\r\n\t\t<path d=\"M3 4a1 1 0 0 1 1 -1h16a1 1 0 0 1 1 1v12a1 1 0 0 1 -1 1h-16a1 1 0 0 1 -1 -1v-12z\" \/><path d=\"M3 13h18\" \/> <path d=\"M8 21h8\" \/><path d=\"M10 17l-.5 4\" \/><path d=\"M14 17l.5 4\" \/><\/svg><div class=\"text\">Modalidad a Distancia<\/div><\/div><div class=\"leyenda\"><svg xmlns=\"http:\/\/www.w3.org\/2000\/svg\" class=\"icon icon-tabler icon-tabler-world\" width=\"22\" height=\"22\" viewBox=\"0 0 24 24\" stroke-width=\"1.5\" stroke=\"#6F6F6F\" fill=\"none\" stroke-linecap=\"round\" stroke-linejoin=\"round\">\r\n\t<title>Internacional<\/title>\r\n\t<desc>Propuesta con programa internacional<\/desc>\r\n\t<path stroke=\"none\" d=\"M0 0h24v24H0z\" fill=\"none\" \/> <path d=\"M3 12a9 9 0 1 0 18 0a9 9 0 0 0 -18 0\" \/> <path d=\"M3.6 9h16.8\" \/> <path d=\"M3.6 15h16.8\" \/> <path d=\"M11.5 3a17 17 0 0 0 0 18\" \/> <path d=\"M12.5 3a17 17 0 0 1 0 18\" \/><\/svg><div class=\"text\">Programa Internacional<\/div><\/div><\/div><\/div>\n<\/div>\n\n\n\n<div class=\"wp-block-group is-layout-flow wp-container-core-group-is-layout-3c5488f2 wp-block-group-is-layout-flow\" style=\"margin-top:0;padding-top:0;padding-right:0;padding-bottom:0;padding-left:0\">\n<div class=\"wp-block-group has-global-padding is-layout-constrained wp-block-group-is-layout-constrained\" style=\"margin-top:var(--wp--preset--spacing--30);margin-bottom:var(--wp--preset--spacing--30)\">\n<h2 class=\"wp-block-heading has-text-align-center\" style=\"font-style:normal;font-weight:600;letter-spacing:-2px\">Posgrado<\/h2>\n\n\n\n<hr class=\"wp-block-separator has-text-color has-secondary-color has-alpha-channel-opacity has-secondary-background-color has-background linea-base-titulo\" style=\"margin-bottom:var(--wp--preset--spacing--30)\"\/>\n<\/div>\n\n\n<div class=\"propuestas-wrapper\" style=\"background-color: 0F;\"><div class=\"propuesta-item clickeable\"><div class=\"propuesta_nombre\"><a href=\"https:\/\/www.usal.edu.ar\/fhleo\/propuesta\/doctorado-en-filosofia\/\" target=\"_blank\">Doctorado en Filosof\u00eda<\/a><\/div><div class='propuesta_tipos'>   <\/div><\/div><div class=\"propuesta-item clickeable\"><div class=\"propuesta_nombre\"><a href=\"https:\/\/www.usal.edu.ar\/fhleo\/propuesta\/doctorado-en-historia\/\" target=\"_blank\">Doctorado en Historia<\/a><\/div><div class='propuesta_tipos'>   <\/div><\/div><div class=\"propuesta-item clickeable\"><div class=\"propuesta_nombre\"><a href=\"https:\/\/www.usal.edu.ar\/fhleo\/propuesta\/doctorado-en-letras\/\" target=\"_blank\">Doctorado en Letras<\/a><\/div><div class='propuesta_tipos'>   <\/div><\/div><div class=\"propuesta-item clickeable\"><div class=\"propuesta_nombre\"><a href=\"https:\/\/www.usal.edu.ar\/fhleo\/propuesta\/especializacion-en-curaduria-de-arte-contemporaneo\/\" target=\"_blank\">Especializaci\u00f3n en Curadur\u00eda de Arte Contempor\u00e1neo<\/a><\/div><div class='propuesta_tipos'>   <\/div><\/div><div class=\"propuesta-item clickeable\"><div class=\"propuesta_nombre\"><a href=\"https:\/\/www.usal.edu.ar\/fhleo\/propuesta\/maestria-en-correccion-de-textos-a-distancia\/\" target=\"_blank\">Maestr\u00eda en Correcci\u00f3n de Textos (a distancia)<\/a><\/div><div class='propuesta_tipos'> <svg xmlns=\"http:\/\/www.w3.org\/2000\/svg\" class=\"icon icon-tabler icon-tabler-device-imac\" width=\"22\" height=\"22\" viewBox=\"0 0 24 24\" stroke-width=\"1.5\" stroke=\"#6F6F6F\" fill=\"none\" stroke-linecap=\"round\" stroke-linejoin=\"round\">\r\n\t<title>A Distancia<\/title>\r\n\t<desc>Propuesta modalidad a distancia<\/desc>\r\n\t<path stroke=\"none\" d=\"M0 0h24v24H0z\" fill=\"none\" \/>\r\n\t\t<path d=\"M3 4a1 1 0 0 1 1 -1h16a1 1 0 0 1 1 1v12a1 1 0 0 1 -1 1h-16a1 1 0 0 1 -1 -1v-12z\" \/><path d=\"M3 13h18\" \/> <path d=\"M8 21h8\" \/><path d=\"M10 17l-.5 4\" \/><path d=\"M14 17l.5 4\" \/><\/svg>  <\/div><\/div><div class=\"propuesta-item clickeable\"><div class=\"propuesta_nombre\"><a href=\"https:\/\/www.usal.edu.ar\/fhleo\/propuesta\/maestria-en-curaduria-de-arte-contemporaneo\/\" target=\"_blank\">Maestr\u00eda en Curadur\u00eda de Arte Contempor\u00e1neo<\/a><\/div><div class='propuesta_tipos'>   <\/div><\/div><div class=\"leyendas\"><div class=\"leyenda\"><svg xmlns=\"http:\/\/www.w3.org\/2000\/svg\" class=\"icon icon-tabler icon-tabler-device-imac\" width=\"22\" height=\"22\" viewBox=\"0 0 24 24\" stroke-width=\"1.5\" stroke=\"#6F6F6F\" fill=\"none\" stroke-linecap=\"round\" stroke-linejoin=\"round\">\r\n\t<title>A Distancia<\/title>\r\n\t<desc>Propuesta modalidad a distancia<\/desc>\r\n\t<path stroke=\"none\" d=\"M0 0h24v24H0z\" fill=\"none\" \/>\r\n\t\t<path d=\"M3 4a1 1 0 0 1 1 -1h16a1 1 0 0 1 1 1v12a1 1 0 0 1 -1 1h-16a1 1 0 0 1 -1 -1v-12z\" \/><path d=\"M3 13h18\" \/> <path d=\"M8 21h8\" \/><path d=\"M10 17l-.5 4\" \/><path d=\"M14 17l.5 4\" \/><\/svg><div class=\"text\">Modalidad a Distancia<\/div><\/div><\/div><\/div>\n\n\n\n<div style=\"height:33px\" aria-hidden=\"true\" class=\"wp-block-spacer\"><\/div>\n<\/div>\n\n\n\n<div class=\"wp-block-group has-base-background-color has-background is-layout-flow wp-container-core-group-is-layout-3c5488f2 wp-block-group-is-layout-flow\" style=\"margin-top:0;padding-top:0;padding-right:0;padding-bottom:0;padding-left:0\">\n<div class=\"wp-block-cover is-light has-base-color has-text-color has-link-color wp-elements-6a6ef1755cafc5b401bb64870a27cb47\" style=\"padding-top:10px;padding-bottom:10px;min-height:120px;aspect-ratio:unset;\"><span aria-hidden=\"true\" class=\"wp-block-cover__background has-background-dim-0 has-background-dim\"><\/span><img decoding=\"async\" class=\"wp-block-cover__image-background wp-image-64\" alt=\"\" src=\"https:\/\/www.usal.edu.ar\/fceye\/wp-content\/uploads\/sites\/6\/2024\/02\/c_posgrados.jpg\" data-object-fit=\"cover\"\/><div class=\"wp-block-cover__inner-container is-layout-flow wp-container-core-cover-is-layout-cb5ff812 wp-block-cover-is-layout-flow\">\n<div class=\"wp-block-buttons is-content-justification-center is-layout-flex wp-container-core-buttons-is-layout-a89b3969 wp-block-buttons-is-layout-flex\">\n<div class=\"wp-block-button\"><a class=\"wp-block-button__link has-base-color has-text-color has-link-color wp-element-button\" href=\"https:\/\/diplomaturas.usal.edu.ar\/diplomaturas?ua=Facultad%20de%20Filosofia%20Historia%20Letras%20y%20Estudios%20Orientales\" target=\"_blank\" rel=\"noreferrer noopener\">Diplomaturas<\/a><\/div>\n<\/div>\n<\/div><\/div>\n\n\n\n<div style=\"height:33px\" aria-hidden=\"true\" class=\"wp-block-spacer\"><\/div>\n<\/div>\n\n\n\n<div class=\"wp-block-group alignfull is-layout-flow wp-block-group-is-layout-flow\" style=\"padding-top:0;padding-bottom:0\">\n<div class=\"wp-block-group has-global-padding is-layout-constrained wp-block-group-is-layout-constrained\" style=\"margin-top:var(--wp--preset--spacing--30);margin-bottom:var(--wp--preset--spacing--30)\">\n<h2 class=\"wp-block-heading has-text-align-center\" style=\"font-style:normal;font-weight:600;letter-spacing:-2px\">Novedades<\/h2>\n\n\n\n<hr class=\"wp-block-separator has-text-color has-secondary-color has-alpha-channel-opacity has-secondary-background-color has-background linea-base-titulo\" style=\"margin-bottom:var(--wp--preset--spacing--30)\"\/>\n<\/div>\n\n\n\r\n<section class=\"novedades splide\" data-splide='{\"type\":\"slide\"}' aria-label=\"Slider de Novedades\">\r\n  <div class=\"splide__track\">\r\n\t<ul class=\"splide__list\"><li class=\"splide__slide\"><div class=\"novedad-container\" data-link=\"https:\/\/www.usal.edu.ar\/fhleo\/cursos-abiertos-a-la-comunidad\/\"><div class=\"img-container\"><img decoding=\"async\" loading=\"lazy\" class=\"novedad-img\" src=\"https:\/\/www.usal.edu.ar\/fhleo\/wp-content\/uploads\/sites\/16\/2025\/12\/Cursos-abiertos.png\"><\/div><div class=\"titulo-container\"><p class=\"titulo\">Cursos abiertos a la comunidad<\/p><\/div><\/div><\/li><li class=\"splide__slide\"><div class=\"novedad-container\" data-link=\"https:\/\/www.usal.edu.ar\/fhleo\/erasmus-mundus-sobre-diversidad-religiosa-en-un-mundo-globalizado\/\"><div class=\"img-container\"><img decoding=\"async\" loading=\"lazy\" class=\"novedad-img\" src=\"https:\/\/www.usal.edu.ar\/fhleo\/wp-content\/uploads\/sites\/16\/2024\/11\/Erasmus-3.jpg\"><\/div><div class=\"titulo-container\"><p class=\"titulo\">Erasmus Mundus sobre Diversidad Religiosa en un Mundo Globalizado<\/p><\/div><\/div><\/li><li class=\"splide__slide\"><div class=\"novedad-container\" data-link=\"https:\/\/www.usal.edu.ar\/fhleo\/informacion-alumnos\/\"><div class=\"img-container\"><img decoding=\"async\" loading=\"lazy\" class=\"novedad-img\" src=\"https:\/\/www.usal.edu.ar\/fhleo\/wp-content\/uploads\/sites\/16\/2024\/08\/Grado-1024x644-1.jpg\"><\/div><div class=\"titulo-container\"><p class=\"titulo\">Alumnos<\/p><\/div><\/div><\/li>\r\n\t<\/ul>\r\n  <\/div>\r\n<\/section>\r\n\t\n<\/div>\n<\/div>\n","protected":false},"excerpt":{"rendered":"<p>Carreras de Grado Posgrado Novedades<\/p>\n","protected":false},"author":1,"featured_media":10,"parent":0,"menu_order":0,"comment_status":"closed","ping_status":"closed","template":"wp-custom-template-pagina-ancha-sin-titulo","meta":{"_acf_changed":false,"footnotes":""},"class_list":["post-5","page","type-page","status-publish","has-post-thumbnail","hentry"],"acf":[],"_links":{"self":[{"href":"https:\/\/www.usal.edu.ar\/fhleo\/wp-json\/wp\/v2\/pages\/5","targetHints":{"allow":["GET"]}}],"collection":[{"href":"https:\/\/www.usal.edu.ar\/fhleo\/wp-json\/wp\/v2\/pages"}],"about":[{"href":"https:\/\/www.usal.edu.ar\/fhleo\/wp-json\/wp\/v2\/types\/page"}],"author":[{"embeddable":true,"href":"https:\/\/www.usal.edu.ar\/fhleo\/wp-json\/wp\/v2\/users\/1"}],"replies":[{"embeddable":true,"href":"https:\/\/www.usal.edu.ar\/fhleo\/wp-json\/wp\/v2\/comments?post=5"}],"version-history":[{"count":6,"href":"https:\/\/www.usal.edu.ar\/fhleo\/wp-json\/wp\/v2\/pages\/5\/revisions"}],"predecessor-version":[{"id":413,"href":"https:\/\/www.usal.edu.ar\/fhleo\/wp-json\/wp\/v2\/pages\/5\/revisions\/413"}],"wp:featuredmedia":[{"embeddable":true,"href":"https:\/\/www.usal.edu.ar\/fhleo\/wp-json\/wp\/v2\/media\/10"}],"wp:attachment":[{"href":"https:\/\/www.usal.edu.ar\/fhleo\/wp-json\/wp\/v2\/media?parent=5"}],"curies":[{"name":"wp","href":"https:\/\/api.w.org\/{rel}","templated":true}]}}