{"id":506,"date":"2024-09-02T11:03:38","date_gmt":"2024-09-02T14:03:38","guid":{"rendered":"https:\/\/www.usal.edu.ar\/fhleo\/?page_id=506"},"modified":"2024-09-23T09:48:41","modified_gmt":"2024-09-23T12:48:41","slug":"instituto-de-investigacion-de-filosofia-historia-letras-y-estudios-orientales","status":"publish","type":"page","link":"https:\/\/www.usal.edu.ar\/fhleo\/instituto-de-investigacion-de-filosofia-historia-letras-y-estudios-orientales\/","title":{"rendered":"Instituto de investigaci\u00f3n de Filosof\u00eda, Historia, Letras y Estudios Orientales &#8211; \u00c1rea de Letras"},"content":{"rendered":"\n<p class=\"has-text-align-center\"><strong>Coordinaci\u00f3n: Dra. Marcela Crespo Buitur\u00f3n<\/strong><\/p>\n\n\n\n<figure class=\"wp-block-image aligncenter size-full\"><img loading=\"lazy\" decoding=\"async\" width=\"113\" height=\"191\" src=\"https:\/\/www.usal.edu.ar\/fhleo\/wp-content\/uploads\/sites\/16\/2024\/09\/Dra.-Marcela-Crespo-Buituron.png\" alt=\"\" class=\"wp-image-517\" \/><\/figure>\n\n\n\n<p><strong>El \u00c1rea de Letras del IIFHLEO <\/strong>naci\u00f3 en 1965, creada como Instituto de Filolog\u00eda y Ling\u00fc\u00edstica por Resoluci\u00f3n Rectoral 8\/1965 y dependiendo de la Facultad de Historia y Letras de la Universidad del Salvador. En 1981, se cambi\u00f3 su denominaci\u00f3n a la de Instituto de Investigaciones Literarias y Ling\u00fc\u00edsticas (IDILL), por Resoluci\u00f3n Rectoral 24\/1981. Ya en este siglo, en el a\u00f1o 2012, el IDILL se fusion\u00f3, por Resoluci\u00f3n Rectoral 578\/12, con las \u00e1reas de Filosof\u00eda y Lenguas Modernas. Actualmente, integra el Instituto de Investigaci\u00f3n de Filosof\u00eda, Historia, Letras y Estudios Orientales.<\/p>\n\n\n\n<p>Con m\u00e1s de sesenta investigadores, el \u00c1rea de Letras del IIFHLEO tiene en marcha varios <a href=\"https:\/\/www.usal.edu.ar\/fhleo\/wp-content\/uploads\/sites\/16\/2024\/09\/PROYECTOS-DE-INVESTIGACION_IIFHLEO-LETRAS-24-09-23.pdf\">proyectos<\/a>, en los que se llevan a cabo estudios literarios y ling\u00fc\u00edsticos, en di\u00e1logo con otras disciplinas y con constantes actividades de extensi\u00f3n y transferencia.<\/p>\n\n\n\n<p>Asimismo, aloja el <a href=\"https:\/\/www.usal.edu.ar\/fhleo\/centro-de-ediciones-y-estudios-criticos-de-literatura-argentina-cecla\/\" data-type=\"link\" data-id=\"https:\/\/www.usal.edu.ar\/fhleo\/centro-de-ediciones-y-estudios-criticos-de-literatura-argentina-cecla\/\">Centro de Ediciones y Estudios Cr\u00edticos de Literatura Argentina (CECLA), dirigido por la Dra. Mar\u00eda Rosa Lojo<\/a>.<\/p>\n\n\n\n<p>El IIFHLEO ha recibido, desde 2012, subsidios nacionales (del Consejo Nacional de Investigaciones Cient\u00edficas y T\u00e9cnicas, de la Secretar\u00eda de Pol\u00edticas Universitarias del Ministerio de Educaci\u00f3n y de la Agencia de Promoci\u00f3n Cient\u00edfica y Tecnol\u00f3gica) y del exterior (Erasmus Plus, Erasmus Mundus, BAYLAT e ISAP-DAAD).<\/p>\n\n\n\n<p>Esta \u00e1rea ha ido asegurando la difusi\u00f3n de las investigaciones realizadas y el intercambio con la comunidad acad\u00e9mica a trav\u00e9s de dos publicaciones cient\u00edficas:<\/p>\n\n\n\n<p class=\"has-text-align-center\"><strong>Revista <em>Gramma<\/em><\/strong><\/p>\n\n\n\n<figure class=\"wp-block-image aligncenter size-large is-resized\"><img loading=\"lazy\" decoding=\"async\" width=\"768\" height=\"1024\" src=\"https:\/\/www.usal.edu.ar\/fhleo\/wp-content\/uploads\/sites\/16\/2024\/09\/Gramma-768x1024.png\" alt=\"\" class=\"wp-image-509\" style=\"width:169px;height:auto\" srcset=\"https:\/\/www.usal.edu.ar\/fhleo\/wp-content\/uploads\/sites\/16\/2024\/09\/Gramma-768x1024.png 768w, https:\/\/www.usal.edu.ar\/fhleo\/wp-content\/uploads\/sites\/16\/2024\/09\/Gramma-225x300.png 225w, https:\/\/www.usal.edu.ar\/fhleo\/wp-content\/uploads\/sites\/16\/2024\/09\/Gramma.png 886w\" sizes=\"auto, (max-width: 768px) 100vw, 768px\" \/><\/figure>\n\n\n\n<p>Nacida en el a\u00f1o 1989, de la mano de un grupo de estudiantes de Letras, era un lugar de encuentro y de di\u00e1logo fecundo: all\u00ed se daban a conocer noticias del \u00e1mbito literario, convocatorias de becas, reuniones cient\u00edficas y publicaciones, homenajes a escritores y profesores que nos hab\u00edan dejado alguna huella, art\u00edculos de investigaci\u00f3n, trabajos de c\u00e1tedra, entre otros tantos escritos inolvidables. Y tambi\u00e9n era el espacio en el que comenzaron a publicar sus primeros textos ficcionales algunos de quienes luego ser\u00edan consagrados y consagradas representantes de nuestras letras. &nbsp;&nbsp;&nbsp;<\/p>\n\n\n\n<p>Con el tiempo,&nbsp;<em>Gramma<\/em>&nbsp;fue consolid\u00e1ndose como una revista acad\u00e9mica, sin perder la joven alma que la hab\u00eda forjado. Ahora, con m\u00e1s de treinta a\u00f1os de trayectoria y la publicaci\u00f3n de&nbsp; dos n\u00fameros por a\u00f1o \u2013uno monogr\u00e1fico y otro miscel\u00e1neo\u2013 e incluida en \u00edndices (Latindex, CIRC, Latinoamericana, ERIHPLUS, Dialnet, etc.) y portales internacionales, como la Biblioteca Virtual Miguel de Cervantes, la plataforma AmeliCA de la UNESCO, el Portal del Hispanismo, el Instituto Iberoamericano de Berl\u00edn, entre otros, sigue convocando a los amantes de la lengua y la literatura de diferentes latitudes, abriendo espacios interculturales y transdisciplinarios, tanto para los j\u00f3venes escritores e investigadores, como para los m\u00e1s reconocidos.<\/p>\n\n\n\n<p>Todos los n\u00fameros pueden consultarse en: <a href=\"https:\/\/p3.usal.edu.ar\/index.php\/gramma\">https:\/\/p3.usal.edu.ar\/index.php\/gramma<\/a><\/p>\n\n\n\n<p class=\"has-text-align-center\"><strong>Colecciones del CECLA<\/strong><\/p>\n\n\n\n<figure class=\"wp-block-image aligncenter size-full is-resized\"><img loading=\"lazy\" decoding=\"async\" width=\"282\" height=\"389\" src=\"https:\/\/www.usal.edu.ar\/fhleo\/wp-content\/uploads\/sites\/16\/2024\/09\/Colecciones-CECLA.png\" alt=\"\" class=\"wp-image-512\" style=\"width:180px;height:auto\" srcset=\"https:\/\/www.usal.edu.ar\/fhleo\/wp-content\/uploads\/sites\/16\/2024\/09\/Colecciones-CECLA.png 282w, https:\/\/www.usal.edu.ar\/fhleo\/wp-content\/uploads\/sites\/16\/2024\/09\/Colecciones-CECLA-217x300.png 217w\" sizes=\"auto, (max-width: 282px) 100vw, 282px\" \/><\/figure>\n\n\n\n<p>El CECLA lanza cada a\u00f1o vol\u00famenes de dos colecciones:<\/p>\n\n\n\n<p><em>Ediciones Cr\u00edticas de Literatura Argentina<\/em>, a cargo de la Dra. Marina L. Guidotti<\/p>\n\n\n\n<div data-wp-interactive=\"core\/file\" class=\"wp-block-file\"><object data-wp-bind--hidden=\"!state.hasPdfPreview\" hidden class=\"wp-block-file__embed\" data=\"https:\/\/www.usal.edu.ar\/fhleo\/wp-content\/uploads\/sites\/16\/2024\/09\/Ediciones-Criticas-de-Literatura-Argentina_Actualizacion-Septiembre-24-09-23.pdf\" type=\"application\/pdf\" style=\"width:100%;height:600px\" aria-label=\"Incrustado de Ediciones-Criticas-de-Literatura-Argentina_Actualizacion-Septiembre-24-09-23.\"><\/object><a id=\"wp-block-file--media-5c1a59bc-bd78-4aeb-8f1a-a63841b3b319\" href=\"https:\/\/www.usal.edu.ar\/fhleo\/wp-content\/uploads\/sites\/16\/2024\/09\/Ediciones-Criticas-de-Literatura-Argentina_Actualizacion-Septiembre-24-09-23.pdf\">Ediciones-Criticas-de-Literatura-Argentina_Actualizacion-Septiembre-24-09-23<\/a><a href=\"https:\/\/www.usal.edu.ar\/fhleo\/wp-content\/uploads\/sites\/16\/2024\/09\/Ediciones-Criticas-de-Literatura-Argentina_Actualizacion-Septiembre-24-09-23.pdf\" class=\"wp-block-file__button wp-element-button\" download aria-describedby=\"wp-block-file--media-5c1a59bc-bd78-4aeb-8f1a-a63841b3b319\">Descarga<\/a><\/div>\n\n\n\n<p><em>Estudios Cr\u00edticos de Literatura Argentina<\/em>, a cargo de la Dra. Marcela Crespo Buitur\u00f3n.<\/p>\n\n\n\n<div data-wp-interactive=\"core\/file\" class=\"wp-block-file\"><object data-wp-bind--hidden=\"!state.hasPdfPreview\" hidden class=\"wp-block-file__embed\" data=\"https:\/\/www.usal.edu.ar\/fhleo\/wp-content\/uploads\/sites\/16\/2024\/09\/CECLA-Crespo_Actualizacion-Agosto-2024-1.pdf\" type=\"application\/pdf\" style=\"width:100%;height:600px\" aria-label=\"Incrustado de CECLA-Crespo_Actualizacion-Agosto-2024-1.\"><\/object><a id=\"wp-block-file--media-2f5f605f-2dce-4980-97fa-ec74cfab6c6e\" href=\"https:\/\/www.usal.edu.ar\/fhleo\/wp-content\/uploads\/sites\/16\/2024\/09\/CECLA-Crespo_Actualizacion-Agosto-2024-1.pdf\">CECLA-Crespo_Actualizacion-Agosto-2024-1<\/a><a href=\"https:\/\/www.usal.edu.ar\/fhleo\/wp-content\/uploads\/sites\/16\/2024\/09\/CECLA-Crespo_Actualizacion-Agosto-2024-1.pdf\" class=\"wp-block-file__button wp-element-button\" download aria-describedby=\"wp-block-file--media-2f5f605f-2dce-4980-97fa-ec74cfab6c6e\">Descarga<\/a><\/div>\n","protected":false},"excerpt":{"rendered":"<p>Coordinaci\u00f3n: Dra. Marcela Crespo Buitur\u00f3n El \u00c1rea de Letras del IIFHLEO naci\u00f3 en 1965, creada como Instituto de Filolog\u00eda y Ling\u00fc\u00edstica por Resoluci\u00f3n Rectoral 8\/1965 y dependiendo de la Facultad de Historia y Letras de la Universidad del Salvador. En 1981, se cambi\u00f3 su denominaci\u00f3n a la de Instituto de Investigaciones Literarias y Ling\u00fc\u00edsticas (IDILL), [&hellip;]<\/p>\n","protected":false},"author":40,"featured_media":0,"parent":0,"menu_order":0,"comment_status":"closed","ping_status":"closed","template":"","meta":{"_acf_changed":false,"footnotes":""},"class_list":["post-506","page","type-page","status-publish","hentry"],"acf":[],"_links":{"self":[{"href":"https:\/\/www.usal.edu.ar\/fhleo\/wp-json\/wp\/v2\/pages\/506","targetHints":{"allow":["GET"]}}],"collection":[{"href":"https:\/\/www.usal.edu.ar\/fhleo\/wp-json\/wp\/v2\/pages"}],"about":[{"href":"https:\/\/www.usal.edu.ar\/fhleo\/wp-json\/wp\/v2\/types\/page"}],"author":[{"embeddable":true,"href":"https:\/\/www.usal.edu.ar\/fhleo\/wp-json\/wp\/v2\/users\/40"}],"replies":[{"embeddable":true,"href":"https:\/\/www.usal.edu.ar\/fhleo\/wp-json\/wp\/v2\/comments?post=506"}],"version-history":[{"count":19,"href":"https:\/\/www.usal.edu.ar\/fhleo\/wp-json\/wp\/v2\/pages\/506\/revisions"}],"predecessor-version":[{"id":704,"href":"https:\/\/www.usal.edu.ar\/fhleo\/wp-json\/wp\/v2\/pages\/506\/revisions\/704"}],"wp:attachment":[{"href":"https:\/\/www.usal.edu.ar\/fhleo\/wp-json\/wp\/v2\/media?parent=506"}],"curies":[{"name":"wp","href":"https:\/\/api.w.org\/{rel}","templated":true}]}}