{"id":54,"date":"2024-07-10T11:25:42","date_gmt":"2024-07-10T14:25:42","guid":{"rendered":"https:\/\/www.usal.edu.ar\/fhleo\/?page_id=54"},"modified":"2024-07-10T12:00:44","modified_gmt":"2024-07-10T15:00:44","slug":"posgrados","status":"publish","type":"page","link":"https:\/\/www.usal.edu.ar\/fhleo\/posgrados\/","title":{"rendered":"Posgrados"},"content":{"rendered":"<div class=\"propuestas-wrapper\" style=\"background-color: 0F;\"><div class=\"propuesta-item clickeable\"><div class=\"propuesta_nombre\"><a href=\"https:\/\/www.usal.edu.ar\/fhleo\/propuesta\/doctorado-en-filosofia\/\" target=\"_blank\">Doctorado en Filosof\u00eda<\/a><\/div><div class='propuesta_tipos'>   <\/div><\/div><div class=\"propuesta-item clickeable\"><div class=\"propuesta_nombre\"><a href=\"https:\/\/www.usal.edu.ar\/fhleo\/propuesta\/doctorado-en-historia\/\" target=\"_blank\">Doctorado en Historia<\/a><\/div><div class='propuesta_tipos'>   <\/div><\/div><div class=\"propuesta-item clickeable\"><div class=\"propuesta_nombre\"><a href=\"https:\/\/www.usal.edu.ar\/fhleo\/propuesta\/doctorado-en-letras\/\" target=\"_blank\">Doctorado en Letras<\/a><\/div><div class='propuesta_tipos'>   <\/div><\/div><div class=\"propuesta-item clickeable\"><div class=\"propuesta_nombre\"><a href=\"https:\/\/www.usal.edu.ar\/fhleo\/propuesta\/especializacion-en-curaduria-de-arte-contemporaneo\/\" target=\"_blank\">Especializaci\u00f3n en Curadur\u00eda de Arte Contempor\u00e1neo<\/a><\/div><div class='propuesta_tipos'>   <\/div><\/div><div class=\"propuesta-item clickeable\"><div class=\"propuesta_nombre\"><a href=\"https:\/\/www.usal.edu.ar\/fhleo\/propuesta\/maestria-en-correccion-de-textos-a-distancia\/\" target=\"_blank\">Maestr\u00eda en Correcci\u00f3n de Textos (a distancia)<\/a><\/div><div class='propuesta_tipos'> <svg xmlns=\"http:\/\/www.w3.org\/2000\/svg\" class=\"icon icon-tabler icon-tabler-device-imac\" width=\"22\" height=\"22\" viewBox=\"0 0 24 24\" stroke-width=\"1.5\" stroke=\"#6F6F6F\" fill=\"none\" stroke-linecap=\"round\" stroke-linejoin=\"round\">\r\n\t<title>A Distancia<\/title>\r\n\t<desc>Propuesta modalidad a distancia<\/desc>\r\n\t<path stroke=\"none\" d=\"M0 0h24v24H0z\" fill=\"none\" \/>\r\n\t\t<path d=\"M3 4a1 1 0 0 1 1 -1h16a1 1 0 0 1 1 1v12a1 1 0 0 1 -1 1h-16a1 1 0 0 1 -1 -1v-12z\" \/><path d=\"M3 13h18\" \/> <path d=\"M8 21h8\" \/><path d=\"M10 17l-.5 4\" \/><path d=\"M14 17l.5 4\" \/><\/svg>  <\/div><\/div><div class=\"propuesta-item clickeable\"><div class=\"propuesta_nombre\"><a href=\"https:\/\/www.usal.edu.ar\/fhleo\/propuesta\/maestria-en-curaduria-de-arte-contemporaneo\/\" target=\"_blank\">Maestr\u00eda en Curadur\u00eda de Arte Contempor\u00e1neo<\/a><\/div><div class='propuesta_tipos'>   <\/div><\/div><div class=\"leyendas\"><div class=\"leyenda\"><svg xmlns=\"http:\/\/www.w3.org\/2000\/svg\" class=\"icon icon-tabler icon-tabler-device-imac\" width=\"22\" height=\"22\" viewBox=\"0 0 24 24\" stroke-width=\"1.5\" stroke=\"#6F6F6F\" fill=\"none\" stroke-linecap=\"round\" stroke-linejoin=\"round\">\r\n\t<title>A Distancia<\/title>\r\n\t<desc>Propuesta modalidad a distancia<\/desc>\r\n\t<path stroke=\"none\" d=\"M0 0h24v24H0z\" fill=\"none\" \/>\r\n\t\t<path d=\"M3 4a1 1 0 0 1 1 -1h16a1 1 0 0 1 1 1v12a1 1 0 0 1 -1 1h-16a1 1 0 0 1 -1 -1v-12z\" \/><path d=\"M3 13h18\" \/> <path d=\"M8 21h8\" \/><path d=\"M10 17l-.5 4\" \/><path d=\"M14 17l.5 4\" \/><\/svg><div class=\"text\">Modalidad a Distancia<\/div><\/div><\/div><\/div>\n","protected":false},"excerpt":{"rendered":"","protected":false},"author":5,"featured_media":0,"parent":0,"menu_order":0,"comment_status":"closed","ping_status":"closed","template":"","meta":{"_acf_changed":false,"footnotes":""},"class_list":["post-54","page","type-page","status-publish","hentry"],"acf":[],"_links":{"self":[{"href":"https:\/\/www.usal.edu.ar\/fhleo\/wp-json\/wp\/v2\/pages\/54","targetHints":{"allow":["GET"]}}],"collection":[{"href":"https:\/\/www.usal.edu.ar\/fhleo\/wp-json\/wp\/v2\/pages"}],"about":[{"href":"https:\/\/www.usal.edu.ar\/fhleo\/wp-json\/wp\/v2\/types\/page"}],"author":[{"embeddable":true,"href":"https:\/\/www.usal.edu.ar\/fhleo\/wp-json\/wp\/v2\/users\/5"}],"replies":[{"embeddable":true,"href":"https:\/\/www.usal.edu.ar\/fhleo\/wp-json\/wp\/v2\/comments?post=54"}],"version-history":[{"count":3,"href":"https:\/\/www.usal.edu.ar\/fhleo\/wp-json\/wp\/v2\/pages\/54\/revisions"}],"predecessor-version":[{"id":74,"href":"https:\/\/www.usal.edu.ar\/fhleo\/wp-json\/wp\/v2\/pages\/54\/revisions\/74"}],"wp:attachment":[{"href":"https:\/\/www.usal.edu.ar\/fhleo\/wp-json\/wp\/v2\/media?parent=54"}],"curies":[{"name":"wp","href":"https:\/\/api.w.org\/{rel}","templated":true}]}}