{"id":587,"date":"2024-09-17T11:15:41","date_gmt":"2024-09-17T14:15:41","guid":{"rendered":"https:\/\/www.usal.edu.ar\/fhleo\/?page_id=587"},"modified":"2026-02-05T12:14:45","modified_gmt":"2026-02-05T15:14:45","slug":"fechas-de-examenes-finales","status":"publish","type":"page","link":"https:\/\/www.usal.edu.ar\/fhleo\/fechas-de-examenes-finales\/","title":{"rendered":"Fechas de ex\u00e1menes finales"},"content":{"rendered":"\n<p class=\"has-text-align-center\"><strong>febrero de 2026<\/strong><\/p>\n\n\n\n<div class=\"wp-block-group has-global-padding is-layout-constrained wp-block-group-is-layout-constrained\">\n<p><strong>Observaciones<\/strong><\/p>\n\n\n\n<p>Inicio de inscripciones v\u00eda SIU a partir del<strong> viernes 2 de enero de 2026<\/strong>.<\/p>\n\n\n\n<p>Inscripci\u00f3n al examen hasta 48 horas h\u00e1biles antes.<br>Estar al d\u00eda con los pagos. <\/p>\n\n\n\n<div style=\"height:25px\" aria-hidden=\"true\" class=\"wp-block-spacer\"><\/div>\n\n\n\n<p><strong>Sede Centro: aulas presenciales<\/strong> en las que se desarrollar\u00e1n los ex\u00e1menes<\/p>\n\n\n\n<p><a href=\"https:\/\/www.usal.edu.ar\/fhleo\/wp-content\/uploads\/sites\/16\/2026\/02\/0.-UNIFICADO-EXAMENES-FINALES-2026-CENTRO-TURNO-MANANA-FEBRERO-v.-26-2-5_1.pdf\" target=\"_blank\" rel=\"noreferrer noopener\">Centro turno ma\u00f1ana con aulas (v. 26-2-5)<\/a><\/p>\n\n\n\n<p><a href=\"https:\/\/www.usal.edu.ar\/fhleo\/wp-content\/uploads\/sites\/16\/2026\/02\/0.-UNIFICADO-EXAMENES-FINALES-2026-CENTRO-TURNO-NOCHE-FEBRERO-v.-26-2-5.pdf\" target=\"_blank\" rel=\"noreferrer noopener\">Centro turno noche con aulas (v. 26-2-5)<\/a><\/p>\n\n\n\n<p><a href=\"https:\/\/www.usal.edu.ar\/fhleo\/wp-content\/uploads\/sites\/16\/2026\/02\/1.-UNIFICADO-EXAMENES-FINALES-2026-PILAR-FEBRERO-v.-26-2-4.pdf\" target=\"_blank\" rel=\"noreferrer noopener\">Pilar (v. 26-2-4)<\/a><\/p>\n<\/div>\n\n\n\n<div class=\"wp-block-group has-global-padding is-layout-constrained wp-block-group-is-layout-constrained\">\n<p><strong><a href=\"https:\/\/www.usal.edu.ar\/fhleo\/wp-content\/uploads\/sites\/16\/2025\/12\/207-EXAMENES-FINALES-FEB.-2026-CENTRO-TURNO-NOCHE-v.-12-18-25.pdf\" target=\"_blank\" rel=\"noreferrer noopener\">Licenciatura en Estudios Orientales<\/a><\/strong> <\/p>\n\n\n\n<p><\/p>\n<\/div>\n\n\n\n<div class=\"wp-block-group has-global-padding is-layout-constrained wp-block-group-is-layout-constrained\">\n<p><strong><a href=\"https:\/\/www.usal.edu.ar\/fhleo\/wp-content\/uploads\/sites\/16\/2025\/12\/205-EXAMENES-FINALES-FEB.-2026-CENTRO-TURNO-MANANA-v.-12-17-25.pdf\" target=\"_blank\" rel=\"noreferrer noopener\">Licenciatura en Gesti\u00f3n e Historia de las Artes<\/a><\/strong><\/p>\n\n\n\n<p><\/p>\n<\/div>\n\n\n\n<div class=\"wp-block-group has-global-padding is-layout-constrained wp-block-group-is-layout-constrained\">\n<div class=\"wp-block-group has-global-padding is-layout-constrained wp-block-group-is-layout-constrained\">\n<p><strong>Licenciatura en Filosof\u00eda<\/strong><\/p>\n\n\n\n<p><a href=\"https:\/\/www.usal.edu.ar\/fhleo\/wp-content\/uploads\/sites\/16\/2025\/12\/240-EXAMENES-FINALES-FEB.-2026-CENTRO-TURNO-MANANA-FEB.-v.12-11-25.pdf\" target=\"_blank\" rel=\"noreferrer noopener\">Centro turno ma\u00f1ana<\/a><\/p>\n\n\n\n<p><a href=\"https:\/\/www.usal.edu.ar\/fhleo\/wp-content\/uploads\/sites\/16\/2025\/12\/240-EXAMENES-FINALES-FEB.-2026-CENTRO-TURNO-NOCHE-FEB.-v.-12-11-25.pdf\" target=\"_blank\" rel=\"noreferrer noopener\">Centro turno noche<\/a><\/p>\n\n\n\n<p><a href=\"https:\/\/www.usal.edu.ar\/fhleo\/wp-content\/uploads\/sites\/16\/2025\/12\/240-EXAMENES-FINALES-FEB.-2026-PILAR-FEB.-c.-12-11-25.pdf\" target=\"_blank\" rel=\"noreferrer noopener\">Pilar turno ma\u00f1ana<\/a><\/p>\n<\/div>\n<\/div>\n\n\n\n<div class=\"wp-block-group has-global-padding is-layout-constrained wp-block-group-is-layout-constrained\">\n<p><strong>Licenciatura en Historia<\/strong> <\/p>\n\n\n\n<p><a href=\"https:\/\/www.usal.edu.ar\/fhleo\/wp-content\/uploads\/sites\/16\/2025\/12\/201-EXAMENES-FINALES-FEB.-2026-CENTRO-TURNO-MANANA-v.-12-16-25.pdf\" target=\"_blank\" rel=\"noreferrer noopener\">Centro turno ma\u00f1ana<\/a><\/p>\n\n\n\n<p><a href=\"https:\/\/www.usal.edu.ar\/fhleo\/wp-content\/uploads\/sites\/16\/2025\/12\/201-EXAMENES-FINALES-FEB.-2026-CENTRO-TURNO-NOCHE-v.-12-16-25.pdf\" target=\"_blank\" rel=\"noreferrer noopener\">Centro turno noche<\/a><\/p>\n<\/div>\n\n\n\n<div class=\"wp-block-group has-global-padding is-layout-constrained wp-block-group-is-layout-constrained\">\n<p><strong>Licenciatura en Letras<\/strong> <\/p>\n\n\n\n<p><a href=\"https:\/\/www.usal.edu.ar\/fhleo\/wp-content\/uploads\/sites\/16\/2025\/12\/202-EXAMENES-FINALES-FEB.-2026-CENTRO-TURNO-MANANA-v.-12-16-25.pdf\" target=\"_blank\" rel=\"noreferrer noopener\">Centro turno ma\u00f1ana<\/a><\/p>\n\n\n\n<p><a href=\"https:\/\/www.usal.edu.ar\/fhleo\/wp-content\/uploads\/sites\/16\/2025\/12\/202-EXAMENES-FINALES-FEB.-2026-CENTRO-TURNO-NOCHE-v.-12-16-25.pdf\" target=\"_blank\" rel=\"noreferrer noopener\">Centro turno noche<\/a><\/p>\n\n\n\n<p><a href=\"https:\/\/www.usal.edu.ar\/fhleo\/wp-content\/uploads\/sites\/16\/2025\/12\/202-EXAMENES-FINALES-FEB.-2026-PILAR-v.-12-16-25.pdf\" target=\"_blank\" rel=\"noreferrer noopener\">Pilar turno ma\u00f1ana<\/a><\/p>\n<\/div>\n\n\n\n<div class=\"wp-block-group has-global-padding is-layout-constrained wp-block-group-is-layout-constrained\">\n<div class=\"wp-block-group has-global-padding is-layout-constrained wp-block-group-is-layout-constrained\"><\/div>\n<\/div>\n\n\n\n<p><\/p>\n","protected":false},"excerpt":{"rendered":"<p>febrero de 2026 Observaciones Inicio de inscripciones v\u00eda SIU a partir del viernes 2 de enero de 2026. Inscripci\u00f3n al examen hasta 48 horas h\u00e1biles antes.Estar al d\u00eda con los pagos. Sede Centro: aulas presenciales en las que se desarrollar\u00e1n los ex\u00e1menes Centro turno ma\u00f1ana con aulas (v. 26-2-5) Centro turno noche con aulas (v. [&hellip;]<\/p>\n","protected":false},"author":40,"featured_media":0,"parent":0,"menu_order":0,"comment_status":"closed","ping_status":"closed","template":"","meta":{"_acf_changed":false,"footnotes":""},"class_list":["post-587","page","type-page","status-publish","hentry"],"acf":[],"_links":{"self":[{"href":"https:\/\/www.usal.edu.ar\/fhleo\/wp-json\/wp\/v2\/pages\/587","targetHints":{"allow":["GET"]}}],"collection":[{"href":"https:\/\/www.usal.edu.ar\/fhleo\/wp-json\/wp\/v2\/pages"}],"about":[{"href":"https:\/\/www.usal.edu.ar\/fhleo\/wp-json\/wp\/v2\/types\/page"}],"author":[{"embeddable":true,"href":"https:\/\/www.usal.edu.ar\/fhleo\/wp-json\/wp\/v2\/users\/40"}],"replies":[{"embeddable":true,"href":"https:\/\/www.usal.edu.ar\/fhleo\/wp-json\/wp\/v2\/comments?post=587"}],"version-history":[{"count":138,"href":"https:\/\/www.usal.edu.ar\/fhleo\/wp-json\/wp\/v2\/pages\/587\/revisions"}],"predecessor-version":[{"id":3723,"href":"https:\/\/www.usal.edu.ar\/fhleo\/wp-json\/wp\/v2\/pages\/587\/revisions\/3723"}],"wp:attachment":[{"href":"https:\/\/www.usal.edu.ar\/fhleo\/wp-json\/wp\/v2\/media?parent=587"}],"curies":[{"name":"wp","href":"https:\/\/api.w.org\/{rel}","templated":true}]}}