{"id":59,"date":"2024-07-10T11:27:59","date_gmt":"2024-07-10T14:27:59","guid":{"rendered":"https:\/\/www.usal.edu.ar\/fhleo\/?page_id=59"},"modified":"2026-05-02T08:36:53","modified_gmt":"2026-05-02T11:36:53","slug":"autoridades","status":"publish","type":"page","link":"https:\/\/www.usal.edu.ar\/fhleo\/autoridades\/","title":{"rendered":"Autoridades"},"content":{"rendered":"\n<div class=\"wp-block-group is-vertical is-layout-flex wp-container-core-group-is-layout-fe9cc265 wp-block-group-is-layout-flex\">\n<p>DECANA<\/p>\n\n\n\n<p><em>Dra. Claudia Pelossi<\/em><\/p>\n<\/div>\n\n\n\n<div class=\"wp-block-group is-vertical is-layout-flex wp-container-core-group-is-layout-fe9cc265 wp-block-group-is-layout-flex\">\n<p>SECRETARIA ACAD\u00c9MICA<\/p>\n\n\n\n<p><em>Lic. Mar\u00eda Elena Lenscak<\/em><\/p>\n<\/div>\n\n\n\n<div class=\"wp-block-group is-vertical is-layout-flex wp-container-core-group-is-layout-fe9cc265 wp-block-group-is-layout-flex\">\n<p>PROSECRETARIO ACAD\u00c9MICO<\/p>\n\n\n\n<p><em>Lic. Esp. Juan Pablo Spina<\/em><\/p>\n<\/div>\n\n\n\n<div class=\"wp-block-group is-vertical is-layout-flex wp-container-core-group-is-layout-fe9cc265 wp-block-group-is-layout-flex\">\n<p>ESCUELA DE ESTUDIOS ORIENTALES<\/p>\n\n\n\n<p>Directora<\/p>\n\n\n\n<p><em>Dra. Andrea De Vita<\/em><\/p>\n<\/div>\n\n\n\n<div class=\"wp-block-group is-vertical is-layout-flex wp-container-core-group-is-layout-fe9cc265 wp-block-group-is-layout-flex\">\n<p>ESCUELA DE FILOSOF\u00cdA<\/p>\n\n\n\n<p>Director\/a <\/p>\n\n\n\n<p>A designar<\/p>\n<\/div>\n\n\n\n<div class=\"wp-block-group is-vertical is-layout-flex wp-container-core-group-is-layout-fe9cc265 wp-block-group-is-layout-flex\">\n<p>ESCUELA DE HISTORIA<\/p>\n\n\n\n<p>Directora<\/p>\n\n\n\n<p><em>Esp. Alicia Cristina Martin<\/em><\/p>\n<\/div>\n\n\n\n<div class=\"wp-block-group is-vertical is-layout-flex wp-container-core-group-is-layout-fe9cc265 wp-block-group-is-layout-flex\">\n<p>ESCUELA DE LETRAS<\/p>\n\n\n\n<p>Directora<\/p>\n\n\n\n<p><em>Lic. Andrea Hudym<\/em><\/p>\n<\/div>\n\n\n\n<div class=\"wp-block-group is-vertical is-layout-flex wp-container-core-group-is-layout-fe9cc265 wp-block-group-is-layout-flex\">\n<p>LICENCIATURA EN GESTI\u00d3N E HISTORIA DE LAS ARTES<\/p>\n\n\n\n<p>Director<\/p>\n\n\n\n<p><em>Mgtr. Jorge Santucho<\/em><\/p>\n<\/div>\n\n\n\n<p>TECNICATURA UNIVERSITARIA EN CORRECCI\u00d3N DE TEXTOS DIGITALES<br>A cargo de la Secretaria Acad\u00e9mica<br><em>Lic. Mar\u00eda Elena Lenscak<\/em><\/p>\n\n\n\n<div class=\"wp-block-group is-vertical is-layout-flex wp-container-core-group-is-layout-fe9cc265 wp-block-group-is-layout-flex\">\n<p>TECNICATURA UNIVERSITARIA EN YOGA<\/p>\n\n\n\n<p>Coordinador<\/p>\n\n\n\n<p><em>Lic. Esteban Piltch<\/em><\/p>\n<\/div>\n\n\n\n<div class=\"wp-block-group is-vertical is-layout-flex wp-container-core-group-is-layout-fe9cc265 wp-block-group-is-layout-flex\">\n<p>ESPECIALIZACI\u00d3N EN CURADUR\u00cdA DE ARTE CONTEMPOR\u00c1NEO<\/p>\n\n\n\n<p>MAESTR\u00cdA EN CURADUR\u00cdA DE ARTE CONTEMPOR\u00c1NEO<\/p>\n\n\n\n<p>Director<\/p>\n\n\n\n<p><em>Mgtr. Alejandro Schianchi<\/em><\/p>\n<\/div>\n\n\n\n<p>MAESTR\u00cdA EN CORRECCI\u00d3N DE TEXTOS <br>Directora<br><em>Dra. Mabel Giammatteo<\/em><\/p>\n\n\n\n<p>DOCTORADO EN FILOSOF\u00cdA<br>Director<br><em>Dr. Jorge Roggero<\/em><\/p>\n\n\n\n<div class=\"wp-block-group is-vertical is-layout-flex wp-container-core-group-is-layout-fe9cc265 wp-block-group-is-layout-flex\">\n<p>DOCTORADO EN HISTORIA<\/p>\n\n\n\n<p>Director<\/p>\n\n\n\n<p><em>Dr. Alejandro Herrero<\/em><\/p>\n<\/div>\n\n\n\n<div class=\"wp-block-group is-vertical is-layout-flex wp-container-core-group-is-layout-fe9cc265 wp-block-group-is-layout-flex\">\n<p>DOCTORADO EN LETRAS<\/p>\n\n\n\n<div class=\"wp-block-group is-vertical is-layout-flex wp-container-core-group-is-layout-fe9cc265 wp-block-group-is-layout-flex\">\n<p>Directora<\/p>\n\n\n\n<p><em>Dra. Mar\u00eda Laura P\u00e9rez Gras<\/em><\/p>\n<\/div>\n<\/div>\n\n\n\n<div class=\"wp-block-group is-vertical is-layout-flex wp-container-core-group-is-layout-fe9cc265 wp-block-group-is-layout-flex\">\n<p>SECRETARIA ADMINISTRATIVA<\/p>\n\n\n\n<p>Sede Centro:<\/p>\n\n\n\n<p><em>Mar\u00eda Victoria Rodr\u00edguez Ega\u00f1a<\/em><\/p>\n\n\n\n<p>Delegaci\u00f3n Pilar:<\/p>\n\n\n\n<p><em>Mar\u00eda Jos\u00e9 Aboy<\/em><\/p>\n<\/div>\n\n\n\n<div class=\"wp-block-group is-vertical is-layout-flex wp-container-core-group-is-layout-fe9cc265 wp-block-group-is-layout-flex\">\n<p>COLABORADORES ADMINISTRATIVOS<\/p>\n\n\n\n<p>Sede Centro:<\/p>\n\n\n\n<p><em>Sof\u00eda Mabel Gonz\u00e1lez S\u00e1nchez<\/em><\/p>\n\n\n\n<p><em>Daniela Moreyra<\/em><\/p>\n\n\n\n<p>Delegaci\u00f3n Pilar:<\/p>\n\n\n\n<p><em>Y\u00e9sica Antonela Orellana<\/em><\/p>\n<\/div>\n","protected":false},"excerpt":{"rendered":"<p>DECANA Dra. Claudia Pelossi SECRETARIA ACAD\u00c9MICA Lic. Mar\u00eda Elena Lenscak PROSECRETARIO ACAD\u00c9MICO Lic. Esp. Juan Pablo Spina ESCUELA DE ESTUDIOS ORIENTALES Directora Dra. Andrea De Vita ESCUELA DE FILOSOF\u00cdA Director\/a A designar ESCUELA DE HISTORIA Directora Esp. Alicia Cristina Martin ESCUELA DE LETRAS Directora Lic. Andrea Hudym LICENCIATURA EN GESTI\u00d3N E HISTORIA DE LAS ARTES [&hellip;]<\/p>\n","protected":false},"author":5,"featured_media":0,"parent":0,"menu_order":0,"comment_status":"closed","ping_status":"closed","template":"","meta":{"_acf_changed":false,"footnotes":""},"class_list":["post-59","page","type-page","status-publish","hentry"],"acf":[],"_links":{"self":[{"href":"https:\/\/www.usal.edu.ar\/fhleo\/wp-json\/wp\/v2\/pages\/59","targetHints":{"allow":["GET"]}}],"collection":[{"href":"https:\/\/www.usal.edu.ar\/fhleo\/wp-json\/wp\/v2\/pages"}],"about":[{"href":"https:\/\/www.usal.edu.ar\/fhleo\/wp-json\/wp\/v2\/types\/page"}],"author":[{"embeddable":true,"href":"https:\/\/www.usal.edu.ar\/fhleo\/wp-json\/wp\/v2\/users\/5"}],"replies":[{"embeddable":true,"href":"https:\/\/www.usal.edu.ar\/fhleo\/wp-json\/wp\/v2\/comments?post=59"}],"version-history":[{"count":15,"href":"https:\/\/www.usal.edu.ar\/fhleo\/wp-json\/wp\/v2\/pages\/59\/revisions"}],"predecessor-version":[{"id":4120,"href":"https:\/\/www.usal.edu.ar\/fhleo\/wp-json\/wp\/v2\/pages\/59\/revisions\/4120"}],"wp:attachment":[{"href":"https:\/\/www.usal.edu.ar\/fhleo\/wp-json\/wp\/v2\/media?parent=59"}],"curies":[{"name":"wp","href":"https:\/\/api.w.org\/{rel}","templated":true}]}}