{"id":61,"date":"2024-07-10T11:28:12","date_gmt":"2024-07-10T14:28:12","guid":{"rendered":"https:\/\/www.usal.edu.ar\/fhleo\/?page_id=61"},"modified":"2024-07-27T17:15:40","modified_gmt":"2024-07-27T20:15:40","slug":"resena","status":"publish","type":"page","link":"https:\/\/www.usal.edu.ar\/fhleo\/resena\/","title":{"rendered":"Rese\u00f1a"},"content":{"rendered":"\n<p><strong>OR\u00cdGENES<\/strong><\/p>\n\n\n\n<p>FECHA DE FUNDACI\u00d3N: 2 de mayo de 1956.<\/p>\n\n\n\n<p>PRIMER DECANO: R. P. Dr. Ismael Quiles, S. J.<\/p>\n\n\n\n<p>Los or\u00edgenes de la Universidad del Salvador se remontan a la creaci\u00f3n de los Institutos Superiores por la Compa\u00f1\u00eda de Jes\u00fas. Uno de ellos, fundado el 8 de junio de 1944, fue el Instituto Superior de Filosof\u00eda; convertido en Facultad Universitaria del Salvador en 1954.  El R. P. Dr. Ismael Quiles, S. J. \u2014primer Decano de la Facultad de Filosof\u00eda\u2014 expuso que el prop\u00f3sito que anim\u00f3 la creaci\u00f3n de facultades universitarias fue el de promover, en el m\u00e1s elevado nivel acad\u00e9mico, los estudios de disciplinas cient\u00edficas y human\u00edsticas que abarcaran tanto la comprensi\u00f3n de dichas disciplinas como la adquisici\u00f3n de herramientas para la investigaci\u00f3n y la formaci\u00f3n \u00e9tica que la Compa\u00f1\u00eda de Jes\u00fas ha legado. <\/p>\n\n\n\n<p>Cabe destacar que el Padre Quiles fue pionero en lo que hoy denominamos estudios interculturales. Su preocupaci\u00f3n y su trabajo filos\u00f3fico abarcaron el tanto el pensamiento de Oriente como el de Occidente. Hoy, en la agenda de los problemas m\u00e1s significativos de nuestro mundo, los estudios interculturales se encuentran entre los m\u00e1s destacados. Desde ese momento, hemos sido habilitados para concebir la filosof\u00eda desde las distintas vertientes universales y contra el denominado pensamiento \u00fanico. \u00a0<\/p>\n\n\n\n<p>En cuanto a los or\u00edgenes de Escuela de Letras, debemos remontarnos al 16 de abril de 1956, cuando el R. P. Avelino G\u00f3mez Ferreyra S. J. inici\u00f3 con asiento en el Colegio La Salle el Instituto de Historia y Letras, que comenz\u00f3 a funcionar el \u00a01.\u00ba de abril de 1957 con dos departamentos: el de Historia y el de Letras. Para cumplir con sus objetivos, la Facultad adopt\u00f3 el sistema did\u00e1ctico de ciclos de estudio: a) ciclo hispanoamericano, b) ciclo b\u00e1sico, c) ciclo medieval, d) ciclo moderno y e) ciclo superior y ciclo pedag\u00f3gico. <\/p>\n\n\n\n<p>La Escuela de Estudios Orientales fue fundada el 14 de abril de 1967. Su primer Director fue el R. P. Dr. Ismael Quiles S. J. En ese a\u00f1o se organiz\u00f3 una carrera de grado, de cinco a\u00f1os de duraci\u00f3n, que otorgaba el t\u00edtulo de Licenciado en Filosof\u00eda Oriental y Orientalismo. En 1971, se cre\u00f3 el Curso Superior de Yoga, que se convirti\u00f3 en un foco de atracci\u00f3n para todos aquellos que, cada vez en mayor n\u00famero, deseaban interiorizarse en la disciplina sin perder su identidad al depositar toda su confianza en el rigor acad\u00e9mico que ofrec\u00eda la Escuela. En 1976, la Escuela de Estudios Orientales se convirti\u00f3 en una unidad aut\u00f3noma, solo dependiente del Rectorado.<\/p>\n\n\n\n<p><strong>INCORPORACI\u00d3N Y CAMBIO DE DENOMINACIONES<\/strong><\/p>\n\n\n\n<p>Numerosos cambios institucionales se sucedieron en los \u00faltimos veinte a\u00f1os. As\u00ed, por Resoluci\u00f3n Rectoral N.\u00ba 75\/1999, se incorpor\u00f3 Filosof\u00eda como escuela en el \u00e1mbito de la Facultad de Historia y Letras, lo que motiv\u00f3, al a\u00f1o siguiente, por Resoluci\u00f3n Rectoral 262\/2000, la modificaci\u00f3n del nombre de Facultad de Historia y Letras por el de Facultad de Filosof\u00eda, Historia y Letras.<\/p>\n\n\n\n<p>A ra\u00edz de la creaci\u00f3n de nuevas carreras y, por ende, del significativo aumento del alumnado y del cuerpo docente, como ante la necesidad perentoria de una nueva infraestructura, se decidi\u00f3 en 2008, por Resoluci\u00f3n Rectoral N.\u00ba 75\/08, la divisi\u00f3n de la Facultad de Filosof\u00eda, Historia y Letras en dos unidades acad\u00e9micas: la Facultad de Filosof\u00eda y Letras, y la Facultad de Historia, Geograf\u00eda y Turismo.<\/p>\n\n\n\n<p>A comienzos de 2015, la Escuela de Lenguas Modernas pas\u00f3 a depender directamente de Rectorado. A partir del 1.\u00ba de enero de 2016, por Resoluci\u00f3n Rectoral N.\u00ba 641\/15, la Escuela de Estudios Orientales, R. P. Ismael Quiles S. J., traslad\u00f3 sus cursos y carreras a la Facultad que, desde este momento, pas\u00f3 a denominarse Facultad de Filosof\u00eda, Letras y Estudios Orientales. <\/p>\n\n\n\n<p>Finalmente, desde el 1.\u00ba de marzo de 2023, por Resoluciones Rectorales N.\u00ba 634\/22 y 635\/22, la Licenciatura en Historia, la Licenciatura en Gesti\u00f3n e Historia de las Artes, la Especializaci\u00f3n en Curadur\u00eda de Arte contempor\u00e1neo, la Maestr\u00eda en Curadur\u00eda de Arte Contempor\u00e1neo y el Doctorado en Historia se incorporaron en la Unidad Acad\u00e9mica; que pas\u00f3 a denominarse <strong><em>Facultad de Filosof\u00eda, Historia, Letras y Estudios Orientales<\/em><\/strong><em> <\/em><strong>(FHLEO)<\/strong>.<\/p>\n\n\n\n<p><strong>OBJETIVOS FUNDACIONALES<\/strong><\/p>\n\n\n\n<p>El Instituto Superior de Historia y Letras tuvo como especial finalidad formar aut\u00e9nticos historiadores y profundos investigadores de las obras literarias, impregnados de un genuino esp\u00edritu cristiano y humanista.<\/p>\n\n\n\n<p>El instituto se propuso superar, en todo lo posible, el m\u00e9todo enciclopedista que solo forma eruditos, pero no hombres de ciencia. Asimismo, la finalidad del Instituto Superior de Filosof\u00eda fue la b\u00fasqueda de la verdad filos\u00f3fica por s\u00ed misma, lograda a trav\u00e9s de la investigaci\u00f3n, la formaci\u00f3n filos\u00f3fica integral y la extensi\u00f3n cultural. La investigaci\u00f3n se realizaba en departamentos especiales, por medio de centros de estudio. La formaci\u00f3n filos\u00f3fica integral abarcaba: a) el conjunto de conocimientos b\u00e1sicos sobre los problemas y la historia de la filosof\u00eda; b) el desarrollo de la vocaci\u00f3n y esp\u00edritu filos\u00f3ficos; c) la preparaci\u00f3n para la investigaci\u00f3n filos\u00f3fica de acuerdo con una estricta metodolog\u00eda y por el contacto con las fuentes y repertorios bibliogr\u00e1ficos. La extensi\u00f3n cultural se persegu\u00eda a partir de cursos libres y conferencias.<\/p>\n\n\n\n<p>De esta manera, el Instituto Superior de Filosof\u00eda intentaba no solo completar las falencias en los estudios universitarios profesionales, sino dar una formaci\u00f3n integral de acuerdo con los fundamentos de la filosof\u00eda cristiana. Se propuso la formaci\u00f3n de sabios en las m\u00e1s altas esferas del pensamiento sobre el mundo, sobre la vida, sobre el hombre y sobre Dios.<\/p>\n\n\n\n<p><strong>\u00daLTIMOS A\u00d1OS: RENOVACI\u00d3N CURRICULAR<\/strong><\/p>\n\n\n\n<p>Nuevas carreras:<\/p>\n\n\n\n<ul class=\"wp-block-list\">\n<li>Maestr\u00eda en Correcci\u00f3n, R. R. 183\/22 (plan 25)<\/li>\n\n\n\n<li>Tecnicatura en Correcci\u00f3n de Textos Digitales, R. R. 131\/23 (plan 23)<\/li>\n<\/ul>\n\n\n\n<p>Nuevos planes de estudios:<\/p>\n\n\n\n<ul class=\"wp-block-list\">\n<li>Maestr\u00eda en Curadur\u00eda de Arte Contempor\u00e1neo, E. E. 238\/22 (plan 23)<\/li>\n\n\n\n<li>Licenciatura en Historia, R. R. 675\/22 (plan 22)<\/li>\n\n\n\n<li>Licenciatura en Estudios Orientales, R. R. 589\/22 (plan 23)<\/li>\n<\/ul>\n\n\n\n<p><\/p>\n\n\n\n<p><strong>POSGRADO<\/strong><\/p>\n\n\n\n<p>Contin\u00faan vigentes los posgrados aprobados por CONEAU: <a href=\"https:\/\/www.usal.edu.ar\/fhleo\/propuesta\/doctorado-en-filosofia\/\" data-type=\"link\" data-id=\"https:\/\/www.usal.edu.ar\/fhleo\/propuesta\/doctorado-en-filosofia\/\">Doctorado en Filosof\u00eda<\/a>, <a href=\"https:\/\/www.usal.edu.ar\/fhleo\/propuesta\/doctorado-en-historia\/\" data-type=\"link\" data-id=\"https:\/\/www.usal.edu.ar\/fhleo\/propuesta\/doctorado-en-historia\/\">Doctorado en Historia<\/a>, <a href=\"https:\/\/www.usal.edu.ar\/fhleo\/propuesta\/doctorado-en-letras\/\" data-type=\"link\" data-id=\"https:\/\/www.usal.edu.ar\/fhleo\/propuesta\/doctorado-en-letras\/\">Doctorado en Letras<\/a>, <a href=\"https:\/\/www.usal.edu.ar\/fhleo\/propuesta\/maestria-en-curaduria-de-arte-contemporaneo\/\" data-type=\"link\" data-id=\"https:\/\/www.usal.edu.ar\/fhleo\/propuesta\/maestria-en-curaduria-de-arte-contemporaneo\/\">Maestr\u00eda en Curadur\u00eda de Arte Contempor\u00e1neo<\/a> y <a href=\"https:\/\/www.usal.edu.ar\/fhleo\/propuesta\/especializacion-en-curaduria-de-arte-contemporaneo\/\" data-type=\"link\" data-id=\"https:\/\/www.usal.edu.ar\/fhleo\/propuesta\/especializacion-en-curaduria-de-arte-contemporaneo\/\">Especializaci\u00f3n en Curadur\u00eda de Arte Contempor\u00e1neo<\/a>.<\/p>\n\n\n\n<p><strong>INVESTIGACI\u00d3N<\/strong><\/p>\n\n\n\n<p>Ha cobrado un gran impulso en los \u00faltimos a\u00f1os la actividad de investigaci\u00f3n generada en el IIFHLEO (Instituto de Investigaciones de Filosof\u00eda, Historia, Letras y Estudios Orientales).<\/p>\n\n\n\n<p><strong>INTERNACIONALIZACI\u00d3N<\/strong><\/p>\n\n\n\n<p>Se han incrementado los convenios con instituciones y programas extranjeros, entre los que se destacan:<\/p>\n\n\n\n<ul class=\"wp-block-list\">\n<li>Doble titulaci\u00f3n de la Licenciatura en Letras Instituto Cat\u00f3lico de Paris (ICP) &#8211; USAL;<\/li>\n\n\n\n<li>Programa de intercambio de docentes y estudiantes con la Christian Albercht Universit\u00e4t (CAU zu Kiel);<\/li>\n\n\n\n<li>Encuentro Internacional de Culturas Urbanas Transformadoras: Sostenibilidad, Creatividad e Innovaci\u00f3n. Buenos Aires LAB: del 27 al 30 de septiembre de 2023 (Consorcio: USAL, UNIA Universit\u00e4t Augsburg, USP Universidade de S\u00e4o Paulo, USC Universidad de Santiago de Compostela, Universidade de Coimbra);<\/li>\n\n\n\n<li>Erasmus Mundus Joint Master (EMJM). \u201c<em>Religious Diversity in a Globalised World<\/em>\u201d (ReD Global);<\/li>\n\n\n\n<li>Programa ISEP;<\/li>\n\n\n\n<li>Movilidad saliente hacia la Universit\u00e1 di Urbino Carlo Bo (Italia).<\/li>\n<\/ul>\n\n\n\n<p><strong>EXTENSI\u00d3N<\/strong><\/p>\n\n\n\n<p>Las actividades de extensi\u00f3n universitaria y transferencia acad\u00e9mica han ocupado en los \u00faltimos a\u00f1os un rol de importancia, tanto en el grado como en el posgrado. Se han desarrollado innumerables actividades cient\u00edficas: jornadas, congresos, seminarios, concursos para estudiantes secundarios y terciarios.<\/p>\n\n\n\n<p>Hemos recibido a prestigiosos conferencistas, como los italianos Roberto Esposito, Pio Colonello, Giuseppe Lissa y Remo Ceserani; el mexicano Mauricio Beuchot; Lautaro Roig Lanzillotta, de la Universidad de Groninga; James Heisig de la Universidad de Nanzan; David Foster de la Universidad de Arizona; Jos\u00e9 Antonio Ant\u00f3n Pacheco, de la Universidad de Sevilla; el Lama Michel Rinpoche, el Maestro Zhihan; y los argentinos Francisco Garc\u00eda Baz\u00e1n, Hugo Bauz\u00e1 y Leandro Pinkler.<\/p>\n\n\n\n<p><strong>PUBLICACIONES<\/strong><\/p>\n\n\n\n<ul class=\"wp-block-list\">\n<li>Revista <em><a href=\"https:\/\/p3.usal.edu.ar\/index.php\/gramma\/\" data-type=\"link\" data-id=\"https:\/\/p3.usal.edu.ar\/index.php\/gramma\/\">Gramma<\/a><\/em>, de la Escuela de Letras, indizada por Cervantes Virtual, Latindex, Dialnet, Erihplus y Latinoamericana;<\/li>\n\n\n\n<li>Revista <em><a href=\"https:\/\/p3.usal.edu.ar\/index.php\/nuevopensamiento\" data-type=\"link\" data-id=\"https:\/\/p3.usal.edu.ar\/index.php\/nuevopensamiento\">Nuevo Pensamiento<\/a>, <\/em>de la Escuela de Filosof\u00eda;<\/li>\n\n\n\n<li>Revista <em><a href=\"https:\/\/p3.usal.edu.ar\/index.php\/oriente-occidente\" data-type=\"link\" data-id=\"https:\/\/p3.usal.edu.ar\/index.php\/oriente-occidente\">Oriente y Occidente <\/a><\/em>(Nueva \u00c9poca), de la Escuela de Filosof\u00eda.<\/li>\n<\/ul>\n","protected":false},"excerpt":{"rendered":"<p>OR\u00cdGENES FECHA DE FUNDACI\u00d3N: 2 de mayo de 1956. PRIMER DECANO: R. P. Dr. Ismael Quiles, S. J. Los or\u00edgenes de la Universidad del Salvador se remontan a la creaci\u00f3n de los Institutos Superiores por la Compa\u00f1\u00eda de Jes\u00fas. Uno de ellos, fundado el 8 de junio de 1944, fue el Instituto Superior de Filosof\u00eda; [&hellip;]<\/p>\n","protected":false},"author":5,"featured_media":0,"parent":0,"menu_order":0,"comment_status":"closed","ping_status":"closed","template":"","meta":{"_acf_changed":false,"footnotes":""},"class_list":["post-61","page","type-page","status-publish","hentry"],"acf":[],"_links":{"self":[{"href":"https:\/\/www.usal.edu.ar\/fhleo\/wp-json\/wp\/v2\/pages\/61","targetHints":{"allow":["GET"]}}],"collection":[{"href":"https:\/\/www.usal.edu.ar\/fhleo\/wp-json\/wp\/v2\/pages"}],"about":[{"href":"https:\/\/www.usal.edu.ar\/fhleo\/wp-json\/wp\/v2\/types\/page"}],"author":[{"embeddable":true,"href":"https:\/\/www.usal.edu.ar\/fhleo\/wp-json\/wp\/v2\/users\/5"}],"replies":[{"embeddable":true,"href":"https:\/\/www.usal.edu.ar\/fhleo\/wp-json\/wp\/v2\/comments?post=61"}],"version-history":[{"count":31,"href":"https:\/\/www.usal.edu.ar\/fhleo\/wp-json\/wp\/v2\/pages\/61\/revisions"}],"predecessor-version":[{"id":346,"href":"https:\/\/www.usal.edu.ar\/fhleo\/wp-json\/wp\/v2\/pages\/61\/revisions\/346"}],"wp:attachment":[{"href":"https:\/\/www.usal.edu.ar\/fhleo\/wp-json\/wp\/v2\/media?parent=61"}],"curies":[{"name":"wp","href":"https:\/\/api.w.org\/{rel}","templated":true}]}}