{"id":63,"date":"2024-07-10T11:44:26","date_gmt":"2024-07-10T14:44:26","guid":{"rendered":"https:\/\/www.usal.edu.ar\/fhleo\/?page_id=63"},"modified":"2026-04-27T11:44:12","modified_gmt":"2026-04-27T14:44:12","slug":"cuerpo-docente","status":"publish","type":"page","link":"https:\/\/www.usal.edu.ar\/fhleo\/cuerpo-docente\/","title":{"rendered":"Cuerpo Docente"},"content":{"rendered":"\n<h4 class=\"wp-block-heading has-text-align-center has-link-color wp-elements-b052efd81fcfe914863b6861a1bc841e\"><strong><a href=\"#a\">A<\/a> <a href=\"#b\" data-type=\"internal\" data-id=\"#b\">B<\/a> <a href=\"#c\" data-type=\"internal\" data-id=\"#c\">C <\/a><a href=\"#d\" data-type=\"internal\" data-id=\"#d\">D <\/a><a href=\"#e\" data-type=\"internal\" data-id=\"#e\">E <\/a><a href=\"#f\" data-type=\"internal\" data-id=\"#f\">F <\/a><a href=\"#g\" data-type=\"internal\" data-id=\"#g\">G <\/a><a href=\"#h\" data-type=\"internal\" data-id=\"#h\">H <\/a><a href=\"#i\" data-type=\"internal\" data-id=\"#i\">I <\/a><a href=\"#j\" data-type=\"internal\" data-id=\"#j\">J <\/a><a href=\"#k\" data-type=\"internal\" data-id=\"#k\">K <\/a><a href=\"#l\" data-type=\"internal\" data-id=\"#l\">L <\/a><a href=\"#m\" data-type=\"internal\" data-id=\"#m\">M <\/a><a href=\"#n\" data-type=\"internal\" data-id=\"#n\">N <\/a><a href=\"#o\" data-type=\"internal\" data-id=\"#o\">O <\/a><a href=\"#p\" data-type=\"internal\" data-id=\"#p\">P <\/a><a href=\"#q\" data-type=\"internal\" data-id=\"#q\">Q <\/a><a href=\"#r\" data-type=\"internal\" data-id=\"#r\">R <\/a><a href=\"#s\" data-type=\"internal\" data-id=\"#s\">S <\/a><a href=\"#t\" data-type=\"internal\" data-id=\"#t\">T <\/a><a href=\"#u\" data-type=\"internal\" data-id=\"#u\">U <\/a><a href=\"#v\" data-type=\"internal\" data-id=\"#v\">V <\/a><a href=\"#w\" data-type=\"internal\" data-id=\"#w\">W <\/a><a href=\"#y\" data-type=\"internal\" data-id=\"#y\">Y<\/a> <a href=\"#z\" data-type=\"internal\" data-id=\"#z\">Z<\/a><\/strong><\/h4>\n\n\n\n<p class=\"has-text-align-center\"><strong>Listado vigente marzo 2026<\/strong> <\/p>\n\n\n\n<div class=\"wp-block-columns is-layout-flex wp-container-core-columns-is-layout-28f84493 wp-block-columns-is-layout-flex\">\n<div class=\"wp-block-column is-layout-flow wp-block-column-is-layout-flow\" style=\"flex-basis:10%\">\n<h4 class=\"wp-block-heading\">A<\/h4>\n<\/div>\n\n\n\n<div class=\"wp-block-column is-layout-flow wp-block-column-is-layout-flow\" style=\"flex-basis:45%\">\n<ul class=\"wp-block-list\">\n<li>ABARRATEGUI FERN\u00c1NDEZ, MAR\u00cdA IN\u00c9S<\/li>\n\n\n\n<li>AGRA, PAULA FLORENCIA<\/li>\n\n\n\n<li>AGUIRRE MUNDANI, MARCELA<\/li>\n\n\n\n<li>ALBANO, HILDA ROSA<\/li>\n\n\n\n<li>ALEM\u00c1N, MAR\u00cdA ARACELI<\/li>\n\n\n\n<li>ALFONZO, BRUNO DANIEL<\/li>\n\n\n\n<li>ALONSO, RODRIGO<\/li>\n\n\n\n<li>\u00c1LVAREZ, DANIELA ELISA<\/li>\n\n\n\n<li>\u00c1LVAREZ, EZEQUIEL SEBASTI\u00c1N<\/li>\n\n\n\n<li>\u00c1LVAREZ, VIRGINIA DANIELA<\/li>\n\n\n\n<li>ALVISA BARROSO, MAYA<\/li>\n\n\n\n<li>AMADORI, ARRIGO ARMANDO<\/li>\n\n\n\n<li>ANCHEPE, IGNACIO MIGUEL<\/li>\n\n\n\n<li>ANNECCHIARICO, MILENA<\/li>\n<\/ul>\n<\/div>\n\n\n\n<div class=\"wp-block-column is-layout-flow wp-block-column-is-layout-flow\" style=\"flex-basis:45%\"><\/div>\n<\/div>\n\n\n\n<div class=\"wp-block-columns is-layout-flex wp-container-core-columns-is-layout-28f84493 wp-block-columns-is-layout-flex\">\n<div class=\"wp-block-column is-layout-flow wp-block-column-is-layout-flow\" style=\"flex-basis:10%\">\n<h4 class=\"wp-block-heading\">B<\/h4>\n<\/div>\n\n\n\n<div class=\"wp-block-column is-layout-flow wp-block-column-is-layout-flow\" style=\"flex-basis:45%\">\n<ul class=\"wp-block-list\">\n<li>BARBOSA, SUSANA RAQUEL<\/li>\n\n\n\n<li>BARENSTEIN, JULI\u00c1N<\/li>\n\n\n\n<li>BARQUET, JAVIER RUB\u00c9N<\/li>\n\n\n\n<li>BARRIONUEVO, MARINA CECILIA<\/li>\n\n\n\n<li>BARTUCCI, VIVIANA ELENA<\/li>\n\n\n\n<li>BASUALDO, MAR\u00cdA LAURA<\/li>\n\n\n\n<li>BATTILANA, MARINA<\/li>\n\n\n\n<li>BAVOLEO, B\u00c1RBARA IN\u00c9S<\/li>\n\n\n\n<li>BE\u00d1ACAR, NICOL\u00c1S ESTEBAN<\/li>\n\n\n\n<li>BEKER, MARIELA FLORENCIA<\/li>\n\n\n\n<li>BELLO, SONIA MAR\u00cdA<\/li>\n\n\n\n<li>BELLONI, LUCIANA MARIEL<\/li>\n\n\n\n<li>BENDA, ANA MAR\u00cdA<\/li>\n<\/ul>\n<\/div>\n\n\n\n<div class=\"wp-block-column is-layout-flow wp-block-column-is-layout-flow\" style=\"flex-basis:45%\">\n<ul class=\"wp-block-list\">\n<li>BEN\u00cdTEZ, MAT\u00cdAS<\/li>\n\n\n\n<li>BERTAGNOLI, PABLO FABI\u00c1N<\/li>\n\n\n\n<li>BIASI, SUSANA JOSEFINA<\/li>\n\n\n\n<li>BLANCO, ALEJANDRO OSCAR<\/li>\n\n\n\n<li>BLANCO, CARLOS MANUEL<\/li>\n\n\n\n<li>BORDEGARAY, NURIA<\/li>\n\n\n\n<li>BOSONI, CLAUDIA GRACIELA<\/li>\n\n\n\n<li>BOTTA, JORGE PAULO RAM\u00d3N<\/li>\n\n\n\n<li>BOYONKIAN, DANIELA<\/li>\n<\/ul>\n<\/div>\n<\/div>\n\n\n\n<div class=\"wp-block-columns is-layout-flex wp-container-core-columns-is-layout-28f84493 wp-block-columns-is-layout-flex\">\n<div class=\"wp-block-column is-layout-flow wp-block-column-is-layout-flow\" style=\"flex-basis:10%\">\n<h4 class=\"wp-block-heading\">C<\/h4>\n<\/div>\n\n\n\n<div class=\"wp-block-column is-layout-flow wp-block-column-is-layout-flow\" style=\"flex-basis:45%\">\n<ul class=\"wp-block-list\">\n<li>CAIRO, MAR\u00cdA EUGENIA<\/li>\n\n\n\n<li>CALIGARIS, PABLO<\/li>\n\n\n\n<li>C\u00c1MPORA, MAGDALENA TERESA<\/li>\n\n\n\n<li>CANAVESSI, JUAN JOS\u00c9<\/li>\n\n\n\n<li>CARATTI, NADIA GABRIELA<\/li>\n\n\n\n<li>CARELLI, BARBARA MAR\u00cdA<\/li>\n\n\n\n<li>CAPANO, DANIEL ALEJANDRO<\/li>\n\n\n\n<li>CAPECCHI, CRISTINA M\u00d3NICA<\/li>\n\n\n\n<li>CAROU, MARIANO RUB\u00c9N<\/li>\n\n\n\n<li>CARRANZA, FERNANDO MART\u00cdN<\/li>\n\n\n\n<li>CARSEN, MAR\u00cdA VICTORIA<\/li>\n\n\n\n<li>CARVAJAL, FERNANDA<\/li>\n\n\n\n<li>CATULO VALENTINA<\/li>\n\n\n\n<li>CEVASCO, PEDRO EUGENIO<\/li>\n\n\n\n<li>CHATRUC, CELINA<\/li>\n<\/ul>\n<\/div>\n\n\n\n<div class=\"wp-block-column is-layout-flow wp-block-column-is-layout-flow\" style=\"flex-basis:45%\">\n<ul class=\"wp-block-list\">\n<li>CHICHKOYAN, KARINA VANESA<\/li>\n\n\n\n<li>CHICOLINO, MART\u00cdN RICARDO<\/li>\n\n\n\n<li>CIAMPAGNA LISANDRO<\/li>\n\n\n\n<li>CID, ADRIANA CECILIA<\/li>\n\n\n\n<li>CINCUNEGUI, MAR\u00cdA ELENA<\/li>\n\n\n\n<li>COHEN, MAR\u00cdA GABRIELA<\/li>\n\n\n\n<li>COLELLA, VALERIA MAGAL\u00cd<\/li>\n\n\n\n<li>CORONA, PABLO EDGARDO<\/li>\n\n\n\n<li>COWEN, MIGUEL PABLO<\/li>\n\n\n\n<li>CRESPO, CAROLINA CELESTE<\/li>\n\n\n\n<li>CRESPO, MARCELA GLADYS<\/li>\n\n\n\n<li>CUCCIA, VIRGINIA<\/li>\n<\/ul>\n<\/div>\n<\/div>\n\n\n\n<div class=\"wp-block-columns is-layout-flex wp-container-core-columns-is-layout-28f84493 wp-block-columns-is-layout-flex\">\n<div class=\"wp-block-column is-layout-flow wp-block-column-is-layout-flow\" style=\"flex-basis:10%\">\n<h4 class=\"wp-block-heading\">D<\/h4>\n<\/div>\n\n\n\n<div class=\"wp-block-column is-layout-flow wp-block-column-is-layout-flow\" style=\"flex-basis:45%\">\n<ul class=\"wp-block-list\">\n<li>D&#8217;AMICO, MARA SOLEDAD<\/li>\n\n\n\n<li>DE GENNARO, FAUSTINA<\/li>\n\n\n\n<li>DE LUCA, NATALIA<\/li>\n\n\n\n<li>DE MARCO, MIGUEL \u00c1NGEL L.<\/li>\n\n\n\n<li>DE SANCTIS, RA\u00daL<\/li>\n\n\n\n<li>DE VITA, ANDREA PAULA<\/li>\n\n\n\n<li>DEGLEUE, ALEJANDRA EMILIA<\/li>\n\n\n\n<li>DEL PERCIO, DANIEL<\/li>\n\n\n\n<li>DEL R\u00cdO, MAR\u00cdA GIMENA<\/li>\n\n\n\n<li>DEL SOLAR, MAR\u00cdA CRISTINA<\/li>\n<\/ul>\n<\/div>\n\n\n\n<div class=\"wp-block-column is-layout-flow wp-block-column-is-layout-flow\" style=\"flex-basis:45%\">\n<ul class=\"wp-block-list\">\n<li>DELGADO, ANA CAROLINA<\/li>\n\n\n\n<li>DELGADO, SERGIO DOMINGO<\/li>\n\n\n\n<li>DELZOTTO, EVELYN<\/li>\n\n\n\n<li>DEL VALLE BASTONI, SANTIAGO NICOL\u00c1S<\/li>\n\n\n\n<li>D\u00cdAZ, NADIA<\/li>\n\n\n\n<li>DIB, MAR\u00cdA JIMENA<\/li>\n\n\n\n<li>DIB, MAT\u00cdAS<\/li>\n\n\n\n<li>DOURRON, SOF\u00cdA<\/li>\n\n\n\n<li>DUR\u00c1N, LAURA CAROLINA<\/li>\n<\/ul>\n<\/div>\n<\/div>\n\n\n\n<div class=\"wp-block-columns is-layout-flex wp-container-core-columns-is-layout-28f84493 wp-block-columns-is-layout-flex\">\n<div class=\"wp-block-column is-layout-flow wp-block-column-is-layout-flow\" style=\"flex-basis:10%\">\n<h4 class=\"wp-block-heading\">E<\/h4>\n<\/div>\n\n\n\n<div class=\"wp-block-column is-layout-flow wp-block-column-is-layout-flow\" style=\"flex-basis:45%\">\n<ul class=\"wp-block-list\">\n<li>EIRIS, ARIEL ALBERTO<\/li>\n\n\n\n<li>ESPER\u00d3N, JUAN PABLO EMANUEL<\/li>\n\n\n\n<li>ESPER\u00d3N, MAR\u00cdA JIMENA<\/li>\n\n\n\n<li>ESPORA, SANTIAGO TOM\u00c1S<\/li>\n\n\n\n<li>ESP\u00d3SITO, MAR\u00cdA CONSTANZA<\/li>\n<\/ul>\n<\/div>\n<\/div>\n\n\n\n<div class=\"wp-block-columns is-layout-flex wp-container-core-columns-is-layout-28f84493 wp-block-columns-is-layout-flex\">\n<div class=\"wp-block-column is-layout-flow wp-block-column-is-layout-flow\" style=\"flex-basis:10%\">\n<h4 class=\"wp-block-heading\">F<\/h4>\n<\/div>\n\n\n\n<div class=\"wp-block-column is-layout-flow wp-block-column-is-layout-flow\" style=\"flex-basis:45%\">\n<ul class=\"wp-block-list\">\n<li>FABI\u00c1N, JORGE LUIS<\/li>\n\n\n\n<li>FERRARI, SANTIAGO<\/li>\n\n\n\n<li>FLORES, VER\u00d3NICA NOELIA<\/li>\n\n\n\n<li>FEUILLET, LUC\u00cdA<\/li>\n\n\n\n<li>FINKEL, CAROLINA ALEXA<\/li>\n\n\n\n<li>FOSSATI, DIEGO JORGE<\/li>\n\n\n\n<li>FREGEIRO ROMERO, VICTORIA<\/li>\n<\/ul>\n<\/div>\n<\/div>\n\n\n\n<div class=\"wp-block-columns is-layout-flex wp-container-core-columns-is-layout-28f84493 wp-block-columns-is-layout-flex\">\n<div class=\"wp-block-column is-layout-flow wp-block-column-is-layout-flow\" style=\"flex-basis:10%\">\n<h4 class=\"wp-block-heading\">G<\/h4>\n<\/div>\n\n\n\n<div class=\"wp-block-column is-layout-flow wp-block-column-is-layout-flow\" style=\"flex-basis:45%\">\n<ul class=\"wp-block-list\">\n<li>GADZE, MAR\u00cdA DEL PILAR<\/li>\n\n\n\n<li>GAIOTTI, CLAUDIA MABEL<\/li>\n\n\n\n<li>GARC\u00cdA BAZ\u00c1N, JUAN BAUTISTA<\/li>\n\n\n\n<li>GARC\u00cdA ZAVALETA, MERCEDES<\/li>\n\n\n\n<li>GARIONE, GUADALUPE<\/li>\n\n\n\n<li>GHIGLIONE, ALEJANDRO GAST\u00d3N<\/li>\n\n\n\n<li>GIAMMATTEO, GRACIELA MABEL<\/li>\n\n\n\n<li>GIM\u00c9NEZ, ELINA ALEJANDRA<\/li>\n\n\n\n<li>GIUFFR\u00c9, MERCEDES<\/li>\n<\/ul>\n<\/div>\n\n\n\n<div class=\"wp-block-column is-layout-flow wp-block-column-is-layout-flow\" style=\"flex-basis:45%\">\n<ul class=\"wp-block-list\">\n<li>G\u00d3MEZ BELART, NURIA<\/li>\n\n\n\n<li>GONZ\u00c1LEZ, ANA KARINA<\/li>\n\n\n\n<li>GONZ\u00c1LEZ DE BARY, NICOL\u00c1S<\/li>\n\n\n\n<li>GRAN\u00c1, LEONARDO EMANUEL<\/li>\n\n\n\n<li>GRISONI, LETICIA<\/li>\n\n\n\n<li>GUIC, LAURA SUSANA<\/li>\n\n\n\n<li>GUIDOTTI, MARINA LILIANA<\/li>\n\n\n\n<li>GUTI\u00c9RREZ, LORENA ANDREA<\/li>\n\n\n\n<li>GUTI\u00c9RREZ BOHMER, SOF\u00cdA<\/li>\n<\/ul>\n<\/div>\n<\/div>\n\n\n\n<div class=\"wp-block-columns is-layout-flex wp-container-core-columns-is-layout-28f84493 wp-block-columns-is-layout-flex\">\n<div class=\"wp-block-column is-layout-flow wp-block-column-is-layout-flow\" style=\"flex-basis:10%\">\n<h4 class=\"wp-block-heading\">H<\/h4>\n<\/div>\n\n\n\n<div class=\"wp-block-column is-layout-flow wp-block-column-is-layout-flow\" style=\"flex-basis:45%\">\n<ul class=\"wp-block-list\">\n<li>HERN\u00c1NDEZ, BEATRIZ M.<\/li>\n\n\n\n<li>HERN\u00c1NDEZ MOLTENI, PABLO<\/li>\n\n\n\n<li>HERN\u00c1NDEZ N\u00da\u00d1EZ, YEPSALY<\/li>\n\n\n\n<li>HERRERA, MANUELA VICTORIA<\/li>\n\n\n\n<li>HERRERO, ALEJANDRO RAM\u00d3N<\/li>\n\n\n\n<li>HOLM, M\u00d3NICA BEATRIZ<\/li>\n\n\n\n<li>HORAK, MAR\u00cdA FLORENCIA<\/li>\n\n\n\n<li>HOYOS, MAR\u00cdA DEL PILAR<\/li>\n\n\n\n<li>HUDYM, ANDREA VER\u00d3NICA<\/li>\n<\/ul>\n<\/div>\n<\/div>\n\n\n\n<div class=\"wp-block-columns is-layout-flex wp-container-core-columns-is-layout-28f84493 wp-block-columns-is-layout-flex\">\n<div class=\"wp-block-column is-layout-flow wp-block-column-is-layout-flow\" style=\"flex-basis:10%\">\n<h4 class=\"wp-block-heading\">I<\/h4>\n<\/div>\n\n\n\n<div class=\"wp-block-column is-layout-flow wp-block-column-is-layout-flow\" style=\"flex-basis:45%\">\n<ul class=\"wp-block-list\">\n<li>IMPERIALE, MARCELO LUIS<\/li>\n\n\n\n<li>ITURRALDE, MAR\u00cdA P\u00cdA<\/li>\n<\/ul>\n<\/div>\n<\/div>\n\n\n\n<div class=\"wp-block-columns is-layout-flex wp-container-core-columns-is-layout-28f84493 wp-block-columns-is-layout-flex\">\n<div class=\"wp-block-column is-layout-flow wp-block-column-is-layout-flow\" style=\"flex-basis:10%\">\n<h4 class=\"wp-block-heading\">J<\/h4>\n<\/div>\n\n\n\n<div class=\"wp-block-column is-layout-flow wp-block-column-is-layout-flow\" style=\"flex-basis:45%\">\n<ul class=\"wp-block-list\">\n<li>JAKUBECKI, NATALIA GRACIELA<\/li>\n\n\n\n<li>JAMES, ALEJANDRA ISABEL<\/li>\n\n\n\n<li>JASMINOY, MARCOS<\/li>\n\n\n\n<li>JORGE CARRANZA, EZEQUIEL<\/li>\n\n\n\n<li>JOSTIC, SONIA PATRICIA<\/li>\n\n\n\n<li>JU\u00c1REZ, ESTEBAN LUCIANO<\/li>\n<\/ul>\n<\/div>\n<\/div>\n\n\n\n<div class=\"wp-block-columns is-layout-flex wp-container-core-columns-is-layout-28f84493 wp-block-columns-is-layout-flex\">\n<div class=\"wp-block-column is-layout-flow wp-block-column-is-layout-flow\" style=\"flex-basis:10%\">\n<h4 class=\"wp-block-heading\">K<\/h4>\n<\/div>\n\n\n\n<div class=\"wp-block-column is-layout-flow wp-block-column-is-layout-flow\" style=\"flex-basis:45%\">\n<ul class=\"wp-block-list\">\n<li>KARSACLI\u00c1N, EDUARDO<\/li>\n<\/ul>\n<\/div>\n<\/div>\n\n\n\n<div class=\"wp-block-columns is-layout-flex wp-container-core-columns-is-layout-28f84493 wp-block-columns-is-layout-flex\">\n<div class=\"wp-block-column is-layout-flow wp-block-column-is-layout-flow\" style=\"flex-basis:10%\">\n<h4 class=\"wp-block-heading\">L<\/h4>\n<\/div>\n\n\n\n<div class=\"wp-block-column is-layout-flow wp-block-column-is-layout-flow\" style=\"flex-basis:45%\">\n<ul class=\"wp-block-list\">\n<li>LACLAU, MART\u00cdN<\/li>\n\n\n\n<li>LAMELA BARONE, MANUEL<\/li>\n\n\n\n<li>LAUDONIA, FLORENCIA<\/li>\n\n\n\n<li>LAURENZI, ADRIANA LUCILA<\/li>\n\n\n\n<li>LEMO, MAT\u00cdAS<\/li>\n\n\n\n<li>LENDOIRO, FEDERICO<\/li>\n\n\n\n<li>LENSCAK, MAR\u00cdA ELENA<\/li>\n<\/ul>\n<\/div>\n\n\n\n<div class=\"wp-block-column is-layout-flow wp-block-column-is-layout-flow\" style=\"flex-basis:45%\">\n<ul class=\"wp-block-list\">\n<li>LEONARD, CLEMENCIA<\/li>\n\n\n\n<li>LINARES, MAXIMILIANO<\/li>\n\n\n\n<li>LIU, SHU<\/li>\n\n\n\n<li>LOJO CALATRAVA, MAR\u00cdA ROSA<\/li>\n\n\n\n<li>L\u00d3PEZ, MARIANA<\/li>\n\n\n\n<li>L\u00d3PEZ, MART\u00cdN RICARDO<\/li>\n\n\n\n<li>LUCO, CONTESTIN ENRIQUE<\/li>\n\n\n\n<li>LUTEREAU, LUCIANO<\/li>\n<\/ul>\n<\/div>\n<\/div>\n\n\n\n<div class=\"wp-block-columns is-layout-flex wp-container-core-columns-is-layout-28f84493 wp-block-columns-is-layout-flex\">\n<div class=\"wp-block-column is-layout-flow wp-block-column-is-layout-flow\" style=\"flex-basis:10%\">\n<h4 class=\"wp-block-heading\">M<\/h4>\n<\/div>\n\n\n\n<div class=\"wp-block-column is-layout-flow wp-block-column-is-layout-flow\" style=\"flex-basis:45%\">\n<ul class=\"wp-block-list\">\n<li>MACCHI, MARIA BEL\u00c9N<\/li>\n\n\n\n<li>MADDONNI, LUCIANO JAVIER<\/li>\n\n\n\n<li>MAGAZ, MAR\u00cdA DEL CARMEN<\/li>\n\n\n\n<li>MAIRE, MAR\u00cdA SOLEDAD<\/li>\n\n\n\n<li>MANESTAR, PATRICIA GRACIELA<\/li>\n\n\n\n<li>MANCUSO, MARIANO<\/li>\n\n\n\n<li>MARCHIORI, STEFANIA<\/li>\n\n\n\n<li>MARINION, FERNANDO PABLO<\/li>\n\n\n\n<li>MARINO, SABRINA ALEJANDRA<\/li>\n\n\n\n<li>MARTIN, ALICIA CRISTINA<\/li>\n\n\n\n<li>MARTIN, JORGE LUIS<\/li>\n\n\n\n<li>MARTIN, MAR\u00cdA ELENA<\/li>\n\n\n\n<li>MARTINO, GABRIEL<\/li>\n\n\n\n<li>MARTURET, HERN\u00c1N<\/li>\n\n\n\n<li>MASCAR\u00d3, LUCIANO<\/li>\n\n\n\n<li>MASCOLO, SEBASTI\u00c1N<\/li>\n\n\n\n<li>MASTROMARINO, MAGDALENA<\/li>\n\n\n\n<li>MECOZZI, PATRICIO<\/li>\n\n\n\n<li>MELONE, JUAN MANUEL<\/li>\n<\/ul>\n<\/div>\n\n\n\n<div class=\"wp-block-column is-layout-flow wp-block-column-is-layout-flow\" style=\"flex-basis:45%\">\n<ul class=\"wp-block-list\">\n<li>M\u00c9NDEZ, MACARENA<\/li>\n\n\n\n<li>MICHELETTI, MAR\u00cdA GABRIELA<\/li>\n\n\n\n<li>M\u00cdGUEZ, RAMIRO JOAQU\u00cdN<\/li>\n\n\n\n<li>MILLER, MAT\u00cdAS VALENT\u00cdN<\/li>\n\n\n\n<li>MIRANDA, SEBASTI\u00c1N<\/li>\n\n\n\n<li>MITIDIERI, CARLOS FEDERICO<\/li>\n\n\n\n<li>M\u00d3NACO, SOF\u00cdA NAYR<\/li>\n\n\n\n<li>MONTA\u00d1O, IGNACIO ARIEL<\/li>\n\n\n\n<li>MONTELEONE, ANABELLA LAURA<\/li>\n\n\n\n<li>MOYANO, MANUEL IGNACIO<\/li>\n\n\n\n<li>MU\u00d1OZ, MIGUEL \u00c1NGEL<\/li>\n\n\n\n<li>MURATORE, AGUST\u00cdN<\/li>\n\n\n\n<li>MURGA, EZEQUIEL DANIEL<\/li>\n\n\n\n<li>MUSSANO, GILDA NORA<\/li>\n<\/ul>\n<\/div>\n<\/div>\n\n\n\n<div class=\"wp-block-columns is-layout-flex wp-container-core-columns-is-layout-28f84493 wp-block-columns-is-layout-flex\">\n<div class=\"wp-block-column is-layout-flow wp-block-column-is-layout-flow\" style=\"flex-basis:10%\">\n<h4 class=\"wp-block-heading\">N<\/h4>\n<\/div>\n\n\n\n<div class=\"wp-block-column is-layout-flow wp-block-column-is-layout-flow\" style=\"flex-basis:45%\">\n<ul class=\"wp-block-list\">\n<li>NANTE, BERNARDO JORGE<\/li>\n\n\n\n<li>NEIRA CORDERO, ELISA SOLEDAD<\/li>\n\n\n\n<li>NICOSIA, MAR\u00cdA LUCILA<\/li>\n\n\n\n<li>NOBILIA, PATRICIA<\/li>\n\n\n\n<li>NOVOSEL, NOELIA<\/li>\n<\/ul>\n<\/div>\n<\/div>\n\n\n\n<div class=\"wp-block-columns is-layout-flex wp-container-core-columns-is-layout-28f84493 wp-block-columns-is-layout-flex\">\n<div class=\"wp-block-column is-layout-flow wp-block-column-is-layout-flow\" style=\"flex-basis:10%\">\n<h4 class=\"wp-block-heading\">O<\/h4>\n<\/div>\n\n\n\n<div class=\"wp-block-column is-layout-flow wp-block-column-is-layout-flow\" style=\"flex-basis:45%\">\n<ul class=\"wp-block-list\">\n<li>OLIVERAS, HELENA<\/li>\n\n\n\n<li>ONAHA, MAR\u00cdA CECILIA<\/li>\n<\/ul>\n<\/div>\n<\/div>\n\n\n\n<div class=\"wp-block-columns is-layout-flex wp-container-core-columns-is-layout-28f84493 wp-block-columns-is-layout-flex\">\n<div class=\"wp-block-column is-layout-flow wp-block-column-is-layout-flow\" style=\"flex-basis:10%\">\n<h4 class=\"wp-block-heading\">P<\/h4>\n<\/div>\n\n\n\n<div class=\"wp-block-column is-layout-flow wp-block-column-is-layout-flow\" style=\"flex-basis:45%\">\n<ul class=\"wp-block-list\">\n<li>PAREJA, N\u00c9LIDA ROSA<\/li>\n\n\n\n<li>PARSELIS, MAR\u00cdA VER\u00d3NICA<\/li>\n\n\n\n<li>PAYS\u00c1S, JAVIER MAR\u00cdA<\/li>\n\n\n\n<li>PELEGR\u00cdN, MARICEL ALICIA<\/li>\n\n\n\n<li>PELOSSI, CLAUDIA TERESA<\/li>\n\n\n\n<li>PE\u00d1A ARROYAVE ALEJANDRO<\/li>\n\n\n\n<li>P\u00c9REZ GRAS, MAR\u00cdA LAURA<\/li>\n\n\n\n<li>PICO ESTRADA, PAULA<\/li>\n\n\n\n<li>PIERANGELI, MAR\u00cdA GABRIELA<\/li>\n\n\n\n<li>PILTCH, ESTEBAN ALCIDES<\/li>\n\n\n\n<li>PORTALUPPI, MAR\u00cdA SOL<\/li>\n\n\n\n<li>PUEBLA, CLAUDIA VER\u00d3NICA<\/li>\n<\/ul>\n<\/div>\n<\/div>\n\n\n\n<div class=\"wp-block-columns is-layout-flex wp-container-core-columns-is-layout-28f84493 wp-block-columns-is-layout-flex\">\n<div class=\"wp-block-column is-layout-flow wp-block-column-is-layout-flow\" style=\"flex-basis:10%\">\n<h4 class=\"wp-block-heading\">Q<\/h4>\n<\/div>\n\n\n\n<div class=\"wp-block-column is-layout-flow wp-block-column-is-layout-flow\" style=\"flex-basis:45%\">\n<ul class=\"wp-block-list\">\n<li>QUI\u00d1ONES, SOL CAMILA<\/li>\n\n\n\n<li>QUINTANILLA, ANA<\/li>\n<\/ul>\n<\/div>\n<\/div>\n\n\n\n<div class=\"wp-block-columns is-layout-flex wp-container-core-columns-is-layout-28f84493 wp-block-columns-is-layout-flex\">\n<div class=\"wp-block-column is-layout-flow wp-block-column-is-layout-flow\" style=\"flex-basis:10%\">\n<h4 class=\"wp-block-heading\">R<\/h4>\n<\/div>\n\n\n\n<div class=\"wp-block-column is-layout-flow wp-block-column-is-layout-flow\" style=\"flex-basis:45%\">\n<ul class=\"wp-block-list\">\n<li>RADULOVICH, NADIA GISELA<\/li>\n\n\n\n<li>RAMONEDA, EZEQUIEL RODRIGO<\/li>\n\n\n\n<li>RASENTE, RITA YANINA<\/li>\n\n\n\n<li>RAUBER, JORGE AN\u00cdBAL<\/li>\n\n\n\n<li>REAL, MAR\u00cdA EVA<\/li>\n\n\n\n<li>REY, NICOL\u00c1S FERNANDO<\/li>\n\n\n\n<li>RIVA, NICOL\u00c1S ADRI\u00c1N<\/li>\n\n\n\n<li>RODR\u00cdGUEZ DE LA VEGA, L\u00cdA<\/li>\n\n\n\n<li>ROGGERO, JORGE LUIS<\/li>\n\n\n\n<li>R\u00daA, CARLOS MANUEL<\/li>\n\n\n\n<li>RUBE, JULIO HORACIO<\/li>\n<\/ul>\n<\/div>\n<\/div>\n\n\n\n<div class=\"wp-block-columns is-layout-flex wp-container-core-columns-is-layout-28f84493 wp-block-columns-is-layout-flex\">\n<div class=\"wp-block-column is-layout-flow wp-block-column-is-layout-flow\" style=\"flex-basis:10%\">\n<h4 class=\"wp-block-heading\">S<\/h4>\n<\/div>\n\n\n\n<div class=\"wp-block-column is-layout-flow wp-block-column-is-layout-flow\" style=\"flex-basis:45%\">\n<ul class=\"wp-block-list\">\n<li>SALAS, ADELA MAR\u00cdA<\/li>\n\n\n\n<li>SANTANDER, MARIANA LUC\u00cdA<\/li>\n\n\n\n<li>SANTUCHO, JORGE ALBERTO<\/li>\n\n\n\n<li>SAPORITI, MARTIN<\/li>\n\n\n\n<li>SARRE, AVRAHAM<\/li>\n\n\n\n<li>SAV\u00d3N, PAULA<\/li>\n\n\n\n<li>SCASSERRA, LUC\u00cdA IN\u00c9S<\/li>\n\n\n\n<li>SCHIANCHI, ALEJANDRO<\/li>\n\n\n\n<li>SCHMITT, ALEXIA BEATRIZ<\/li>\n\n\n\n<li>SEGOVIA, CARLOS ALBERTO<\/li>\n\n\n\n<li>SERBER, DANIELA CECILIA<\/li>\n<\/ul>\n<\/div>\n\n\n\n<div class=\"wp-block-column is-layout-flow wp-block-column-is-layout-flow\" style=\"flex-basis:45%\">\n<ul class=\"wp-block-list\">\n<li>SESSAREGO, JESSICA LAURA<\/li>\n\n\n\n<li>SFORZA, NORA HEBE<\/li>\n\n\n\n<li>SINNOTT, ALFREDO EDUARDO<\/li>\n\n\n\n<li>SISCA, ALICIA LIDIA<\/li>\n\n\n\n<li>SLY, ALEJANDRO CARLOS<\/li>\n\n\n\n<li>SOLDANO DEHEZA, FLAVIA<\/li>\n\n\n\n<li>SOLERN\u00d3, JUAN<\/li>\n\n\n\n<li>SPANO, ROC\u00cdO<\/li>\n\n\n\n<li>SPINA, JUAN PABLO DOMINGO<\/li>\n\n\n\n<li>SZLAJEN, FERNANDO GUSTAVO<\/li>\n<\/ul>\n<\/div>\n<\/div>\n\n\n\n<div class=\"wp-block-columns is-layout-flex wp-container-core-columns-is-layout-28f84493 wp-block-columns-is-layout-flex\">\n<div class=\"wp-block-column is-layout-flow wp-block-column-is-layout-flow\" style=\"flex-basis:10%\">\n<h4 class=\"wp-block-heading\">T<\/h4>\n<\/div>\n\n\n\n<div class=\"wp-block-column is-layout-flow wp-block-column-is-layout-flow\" style=\"flex-basis:45%\">\n<ul class=\"wp-block-list\">\n<li>TABAKI\u00c1N, DIEGO ALEJANDRO<\/li>\n\n\n\n<li>TANOUS, PABLO ANTONIO R.<\/li>\n\n\n\n<li>TEPLITZKI, MARCELO FERNANDO<\/li>\n\n\n\n<li>TERRILE, INGRID ADRIANA<\/li>\n\n\n\n<li>TESEI, CHRISTIAN OMAR<\/li>\n\n\n\n<li>TETTAMANTI, ANDREA ROXANA<\/li>\n\n\n\n<li>TROMBETTA, AUGUSTO MARCELO<\/li>\n<\/ul>\n<\/div>\n<\/div>\n\n\n\n<div class=\"wp-block-columns is-layout-flex wp-container-core-columns-is-layout-28f84493 wp-block-columns-is-layout-flex\">\n<div class=\"wp-block-column is-layout-flow wp-block-column-is-layout-flow\" style=\"flex-basis:10%\">\n<h4 class=\"wp-block-heading\">U<\/h4>\n<\/div>\n\n\n\n<div class=\"wp-block-column is-layout-flow wp-block-column-is-layout-flow\" style=\"flex-basis:45%\">\n<ul class=\"wp-block-list\">\n<li>URDAPILLETA, CARLOS MAR\u00cdA<\/li>\n<\/ul>\n<\/div>\n<\/div>\n\n\n\n<div class=\"wp-block-columns is-layout-flex wp-container-core-columns-is-layout-28f84493 wp-block-columns-is-layout-flex\">\n<div class=\"wp-block-column is-layout-flow wp-block-column-is-layout-flow\" style=\"flex-basis:10%\">\n<h4 class=\"wp-block-heading\">V<\/h4>\n<\/div>\n\n\n\n<div class=\"wp-block-column is-layout-flow wp-block-column-is-layout-flow\" style=\"flex-basis:45%\">\n<ul class=\"wp-block-list\">\n<li>VALDEZ, MILAGROS MAR\u00cdA<\/li>\n\n\n\n<li>V\u00c1ZQUEZ, AYEL\u00c9N<\/li>\n\n\n\n<li>VENTADES, ROBERTO A.<\/li>\n\n\n\n<li>VIDAL TUR, ANA CLARA<\/li>\n\n\n\n<li>VILLAFA\u00d1E, GONZALO GAST\u00d3N<\/li>\n\n\n\n<li>VITTOLA, MAR\u00cdA ANTONELA<\/li>\n\n\n\n<li>VRLJICAK, LUC\u00cdA<\/li>\n<\/ul>\n<\/div>\n<\/div>\n\n\n\n<div class=\"wp-block-columns is-layout-flex wp-container-core-columns-is-layout-28f84493 wp-block-columns-is-layout-flex\">\n<div class=\"wp-block-column is-layout-flow wp-block-column-is-layout-flow\" style=\"flex-basis:10%\">\n<h4 class=\"wp-block-heading\">W<\/h4>\n<\/div>\n\n\n\n<div class=\"wp-block-column is-layout-flow wp-block-column-is-layout-flow\" style=\"flex-basis:45%\">\n<ul class=\"wp-block-list\">\n<li>WOITES, ANA MAR\u00cdA<\/li>\n<\/ul>\n<\/div>\n<\/div>\n\n\n\n<div class=\"wp-block-columns is-layout-flex wp-container-core-columns-is-layout-28f84493 wp-block-columns-is-layout-flex\">\n<div class=\"wp-block-column is-layout-flow wp-block-column-is-layout-flow\" style=\"flex-basis:10%\">\n<h4 class=\"wp-block-heading\">Z<\/h4>\n<\/div>\n\n\n\n<div class=\"wp-block-column is-layout-flow wp-block-column-is-layout-flow\" style=\"flex-basis:45%\">\n<ul class=\"wp-block-list\">\n<li>ZARATE LIOTTI, MACARENA<\/li>\n\n\n\n<li>ZDROJEWSKI, PABLO DAMI\u00c1N<\/li>\n\n\n\n<li>ZORRILLA, ALICIA MAR\u00cdA<\/li>\n<\/ul>\n<\/div>\n<\/div>\n","protected":false},"excerpt":{"rendered":"<p>A B C D E F G H I J K L M N O P Q R S T U V W Y Z Listado vigente marzo 2026 A B C D E F G H I J K L M N O P Q R S T U V W Z<\/p>\n","protected":false},"author":5,"featured_media":0,"parent":0,"menu_order":0,"comment_status":"closed","ping_status":"closed","template":"","meta":{"_acf_changed":false,"footnotes":""},"class_list":["post-63","page","type-page","status-publish","hentry"],"acf":[],"_links":{"self":[{"href":"https:\/\/www.usal.edu.ar\/fhleo\/wp-json\/wp\/v2\/pages\/63","targetHints":{"allow":["GET"]}}],"collection":[{"href":"https:\/\/www.usal.edu.ar\/fhleo\/wp-json\/wp\/v2\/pages"}],"about":[{"href":"https:\/\/www.usal.edu.ar\/fhleo\/wp-json\/wp\/v2\/types\/page"}],"author":[{"embeddable":true,"href":"https:\/\/www.usal.edu.ar\/fhleo\/wp-json\/wp\/v2\/users\/5"}],"replies":[{"embeddable":true,"href":"https:\/\/www.usal.edu.ar\/fhleo\/wp-json\/wp\/v2\/comments?post=63"}],"version-history":[{"count":113,"href":"https:\/\/www.usal.edu.ar\/fhleo\/wp-json\/wp\/v2\/pages\/63\/revisions"}],"predecessor-version":[{"id":4114,"href":"https:\/\/www.usal.edu.ar\/fhleo\/wp-json\/wp\/v2\/pages\/63\/revisions\/4114"}],"wp:attachment":[{"href":"https:\/\/www.usal.edu.ar\/fhleo\/wp-json\/wp\/v2\/media?parent=63"}],"curies":[{"name":"wp","href":"https:\/\/api.w.org\/{rel}","templated":true}]}}