{"id":1117,"date":"2025-09-30T12:28:23","date_gmt":"2025-09-30T15:28:23","guid":{"rendered":"https:\/\/www.usal.edu.ar\/ingenieria\/?page_id=1117"},"modified":"2025-09-30T12:28:23","modified_gmt":"2025-09-30T15:28:23","slug":"especializacion-en-gestion-de-sistemas-de-informacion-charla-informativa-3","status":"publish","type":"page","link":"https:\/\/www.usal.edu.ar\/ingenieria\/especializacion-en-gestion-de-sistemas-de-informacion-charla-informativa-3\/","title":{"rendered":"Especializaci\u00f3n en Gesti\u00f3n de Sistemas de Informaci\u00f3n. Charla informativa"},"content":{"rendered":"\n<h4 class=\"wp-block-heading\">Facultad de Ingenier\u00eda<\/h4>\n\n\n\n<h4 class=\"wp-block-heading has-text-align-center\">Martes 14\/10, 11\/11 y 16\/12 a las 19 horas &#8211; Virtual<\/h4>\n\n\n\n<figure class=\"wp-block-image size-large\"><img loading=\"lazy\" decoding=\"async\" width=\"819\" height=\"1024\" src=\"https:\/\/www.usal.edu.ar\/ingenieria\/wp-content\/uploads\/sites\/9\/2025\/09\/EGSI-CharlaInformativa2025-3-819x1024.jpg\" alt=\"\" class=\"wp-image-1118\" srcset=\"https:\/\/www.usal.edu.ar\/ingenieria\/wp-content\/uploads\/sites\/9\/2025\/09\/EGSI-CharlaInformativa2025-3-819x1024.jpg 819w, https:\/\/www.usal.edu.ar\/ingenieria\/wp-content\/uploads\/sites\/9\/2025\/09\/EGSI-CharlaInformativa2025-3-240x300.jpg 240w, https:\/\/www.usal.edu.ar\/ingenieria\/wp-content\/uploads\/sites\/9\/2025\/09\/EGSI-CharlaInformativa2025-3-768x960.jpg 768w, https:\/\/www.usal.edu.ar\/ingenieria\/wp-content\/uploads\/sites\/9\/2025\/09\/EGSI-CharlaInformativa2025-3.jpg 1080w\" sizes=\"auto, (max-width: 819px) 100vw, 819px\" \/><\/figure>\n\n\n\n<p><\/p>\n","protected":false},"excerpt":{"rendered":"<p>Facultad de Ingenier\u00eda Martes 14\/10, 11\/11 y 16\/12 a las 19 horas &#8211; Virtual<\/p>\n","protected":false},"author":26,"featured_media":0,"parent":0,"menu_order":0,"comment_status":"closed","ping_status":"closed","template":"","meta":{"_acf_changed":false,"footnotes":""},"class_list":["post-1117","page","type-page","status-publish","hentry"],"acf":[],"_links":{"self":[{"href":"https:\/\/www.usal.edu.ar\/ingenieria\/wp-json\/wp\/v2\/pages\/1117","targetHints":{"allow":["GET"]}}],"collection":[{"href":"https:\/\/www.usal.edu.ar\/ingenieria\/wp-json\/wp\/v2\/pages"}],"about":[{"href":"https:\/\/www.usal.edu.ar\/ingenieria\/wp-json\/wp\/v2\/types\/page"}],"author":[{"embeddable":true,"href":"https:\/\/www.usal.edu.ar\/ingenieria\/wp-json\/wp\/v2\/users\/26"}],"replies":[{"embeddable":true,"href":"https:\/\/www.usal.edu.ar\/ingenieria\/wp-json\/wp\/v2\/comments?post=1117"}],"version-history":[{"count":1,"href":"https:\/\/www.usal.edu.ar\/ingenieria\/wp-json\/wp\/v2\/pages\/1117\/revisions"}],"predecessor-version":[{"id":1119,"href":"https:\/\/www.usal.edu.ar\/ingenieria\/wp-json\/wp\/v2\/pages\/1117\/revisions\/1119"}],"wp:attachment":[{"href":"https:\/\/www.usal.edu.ar\/ingenieria\/wp-json\/wp\/v2\/media?parent=1117"}],"curies":[{"name":"wp","href":"https:\/\/api.w.org\/{rel}","templated":true}]}}