{"id":1140,"date":"2025-10-23T21:05:59","date_gmt":"2025-10-24T00:05:59","guid":{"rendered":"https:\/\/www.usal.edu.ar\/ingenieria\/?page_id=1140"},"modified":"2025-10-23T22:40:06","modified_gmt":"2025-10-24T01:40:06","slug":"fechas-de-finales","status":"publish","type":"page","link":"https:\/\/www.usal.edu.ar\/ingenieria\/portal-de-servicios\/fechas-de-finales\/","title":{"rendered":"Fechas de finales"},"content":{"rendered":"\n<p>De esta p\u00e1gina pod\u00e9s descargar las fechas de finales de nuestra facultad<\/p>\n\n\n\n<p class=\"has-large-font-size\"><strong>Noviembre\/diciembre 2025 &#8211; Febrero 2026<\/strong><\/p>\n\n\n\n<p class=\"has-medium-font-size\"><strong>Sede Pilar<\/strong><\/p>\n\n\n\n<ul class=\"wp-block-list\">\n<li><a href=\"https:\/\/www.usal.edu.ar\/ingenieria\/wp-content\/uploads\/sites\/9\/2025\/10\/10-Finales-Informaticas-FI-Pilar-2025-Nov-Dic-FebInformatica-TM-V2.pdf\">Ingenier\u00eda en Inform\u00e1tica (turno ma\u00f1ana)<\/a><\/li>\n\n\n\n<li><a href=\"https:\/\/www.usal.edu.ar\/ingenieria\/wp-content\/uploads\/sites\/9\/2025\/10\/11-Finales-Informaticas-FI-Pilar-2025-Nov-Dic-FebInformatica-TT-V2.pdf\">Ingenier\u00eda en Inform\u00e1tica (turno tarde)<\/a><\/li>\n\n\n\n<li><a href=\"https:\/\/www.usal.edu.ar\/ingenieria\/wp-content\/uploads\/sites\/9\/2025\/10\/12-Finales-Informaticas-FI-Pilar-2025-Nov-Dic-FebInformatica-TN-V3.pdf\">Ingenier\u00eda en Inform\u00e1tica (turno noche)<\/a><\/li>\n\n\n\n<li><a href=\"https:\/\/www.usal.edu.ar\/ingenieria\/wp-content\/uploads\/sites\/9\/2025\/10\/15-Finales-Informaticas-FI-Pilar-2025-Nov-Dic-Feb-Sitemas-TM-V2.pdf\">Licenciatura en Sistemas de Informaci\u00f3n (turno ma\u00f1ana)<\/a><\/li>\n\n\n\n<li><a href=\"https:\/\/www.usal.edu.ar\/ingenieria\/wp-content\/uploads\/sites\/9\/2025\/10\/16-Finales-Informaticas-FI-Pilar-2025-Nov-Dic-FebSistemas-TT-V2.pdf\">Licenciatura en Sistemas de Informaci\u00f3n (turno tarde)<\/a><\/li>\n\n\n\n<li><a href=\"https:\/\/www.usal.edu.ar\/ingenieria\/wp-content\/uploads\/sites\/9\/2025\/10\/17-Finales-Informaticas-FI-Pilar-2025-Nov-Dic-FebSistemas-TN-V4.pdf\">Licenciatura en Sistemas de Informaci\u00f3n (turno noche)<\/a><\/li>\n\n\n\n<li><a href=\"https:\/\/www.usal.edu.ar\/ingenieria\/wp-content\/uploads\/sites\/9\/2025\/10\/8-Finales-Industrial-FI-Pilar-2025-Nov-Dic-FebTM-v2.pdf\">Ingenier\u00eda Industrial (turno ma\u00f1ana)<\/a><\/li>\n\n\n\n<li><a href=\"https:\/\/www.usal.edu.ar\/ingenieria\/wp-content\/uploads\/sites\/9\/2025\/10\/9-Finales-Industrial-FI-Pilar-2025-Nov-Dic-Feb-V3.pdf\">Ingenier\u00eda Industrial (turno noche)<\/a><\/li>\n\n\n\n<li><a href=\"https:\/\/www.usal.edu.ar\/ingenieria\/wp-content\/uploads\/sites\/9\/2025\/10\/13-Finales-Ambientales-FI-Pilar-2025-Nov-Dic-Feb-Plan-13-V2.pdf\">Licenciatura en Ciencias Ambientales (plan 13)<\/a><\/li>\n\n\n\n<li><a href=\"https:\/\/www.usal.edu.ar\/ingenieria\/wp-content\/uploads\/sites\/9\/2025\/10\/14-Finales-Ambientales-FI-Pilar-2025-Nov-Dic-Feb-plan-25-V2.pdf\">Licenciatura en Ciencias Ambientales (plan 25)<\/a><\/li>\n<\/ul>\n\n\n\n<p><strong>Sede Centro<\/strong><\/p>\n\n\n\n<ul class=\"wp-block-list\">\n<li><a href=\"https:\/\/www.usal.edu.ar\/ingenieria\/wp-content\/uploads\/sites\/9\/2025\/10\/2-Finales-FI-Centro-2025-Nov-Dic-Feb-Informatica-V2-1.pdf\">Ingenier\u00eda en Inform\u00e1tica<\/a><\/li>\n\n\n\n<li><a href=\"https:\/\/www.usal.edu.ar\/ingenieria\/wp-content\/uploads\/sites\/9\/2025\/10\/7-Finales-FI-Centro-2025-Nov-Dic-Feb-Sistemas-v2-1.pdf\">Licenciatura en Sistemas de Informaci\u00f3n<\/a><\/li>\n\n\n\n<li><a href=\"https:\/\/www.usal.edu.ar\/ingenieria\/wp-content\/uploads\/sites\/9\/2025\/10\/1-Finales-FI-Centro-2025-Nov-Dic-Feb-Industrial-V3.pdf\">Ingenier\u00eda Industrial<\/a><\/li>\n\n\n\n<li><a href=\"https:\/\/www.usal.edu.ar\/ingenieria\/wp-content\/uploads\/sites\/9\/2025\/10\/3Finales-FI-Centro-2025-Nov-Dic-FebAmbientales-V3.pdf\">Licenciatura en Ciencias Ambientales (plan 13)<\/a><\/li>\n\n\n\n<li><a href=\"https:\/\/www.usal.edu.ar\/ingenieria\/wp-content\/uploads\/sites\/9\/2025\/10\/4Finales-FI-Centro-2025-Nov-Dic-FebAmbientales-Plan-25-V2.pdf\">Licenciatura en Ciencias Ambientales (plan 25)<\/a><\/li>\n\n\n\n<li><a href=\"https:\/\/www.usal.edu.ar\/ingenieria\/wp-content\/uploads\/sites\/9\/2025\/10\/5-EXAMENES-HyST-Diciembre-2025-Febrero-2026-Centro-v4.pdf\">Licenciatura en Higiene y Seguridad en el Trabajo<\/a><\/li>\n<\/ul>\n\n\n\n<div class=\"wp-block-buttons is-content-justification-right is-layout-flex wp-container-core-buttons-is-layout-d445cf74 wp-block-buttons-is-layout-flex\">\n<div class=\"wp-block-button\"><a class=\"wp-block-button__link wp-element-button\" href=\"https:\/\/www.usal.edu.ar\/ingenieria\/portal-de-servicios\/\">&lt;&#8211; Volver<\/a><\/div>\n<\/div>\n\n\n\n<p><\/p>\n","protected":false},"excerpt":{"rendered":"<p>De esta p\u00e1gina pod\u00e9s descargar las fechas de finales de nuestra facultad Noviembre\/diciembre 2025 &#8211; Febrero 2026 Sede Pilar Sede Centro<\/p>\n","protected":false},"author":26,"featured_media":0,"parent":1136,"menu_order":0,"comment_status":"closed","ping_status":"closed","template":"","meta":{"_acf_changed":false,"footnotes":""},"class_list":["post-1140","page","type-page","status-publish","hentry"],"acf":[],"_links":{"self":[{"href":"https:\/\/www.usal.edu.ar\/ingenieria\/wp-json\/wp\/v2\/pages\/1140","targetHints":{"allow":["GET"]}}],"collection":[{"href":"https:\/\/www.usal.edu.ar\/ingenieria\/wp-json\/wp\/v2\/pages"}],"about":[{"href":"https:\/\/www.usal.edu.ar\/ingenieria\/wp-json\/wp\/v2\/types\/page"}],"author":[{"embeddable":true,"href":"https:\/\/www.usal.edu.ar\/ingenieria\/wp-json\/wp\/v2\/users\/26"}],"replies":[{"embeddable":true,"href":"https:\/\/www.usal.edu.ar\/ingenieria\/wp-json\/wp\/v2\/comments?post=1140"}],"version-history":[{"count":4,"href":"https:\/\/www.usal.edu.ar\/ingenieria\/wp-json\/wp\/v2\/pages\/1140\/revisions"}],"predecessor-version":[{"id":1177,"href":"https:\/\/www.usal.edu.ar\/ingenieria\/wp-json\/wp\/v2\/pages\/1140\/revisions\/1177"}],"up":[{"embeddable":true,"href":"https:\/\/www.usal.edu.ar\/ingenieria\/wp-json\/wp\/v2\/pages\/1136"}],"wp:attachment":[{"href":"https:\/\/www.usal.edu.ar\/ingenieria\/wp-json\/wp\/v2\/media?parent=1140"}],"curies":[{"name":"wp","href":"https:\/\/api.w.org\/{rel}","templated":true}]}}