{"id":1259,"date":"2026-02-25T13:01:04","date_gmt":"2026-02-25T16:01:04","guid":{"rendered":"https:\/\/www.usal.edu.ar\/ingenieria\/?page_id=1259"},"modified":"2026-02-25T13:01:04","modified_gmt":"2026-02-25T16:01:04","slug":"especializacion-en-gestion-de-sistemas-de-informacion-charla-informativa-4","status":"publish","type":"page","link":"https:\/\/www.usal.edu.ar\/ingenieria\/especializacion-en-gestion-de-sistemas-de-informacion-charla-informativa-4\/","title":{"rendered":"Especializaci\u00f3n en Gesti\u00f3n de Sistemas de Informaci\u00f3n. Charla informativa"},"content":{"rendered":"\n<h4 class=\"wp-block-heading\">Facultad de Ingenier\u00eda<\/h4>\n\n\n\n<h4 class=\"wp-block-heading has-text-align-center\">Lunes 16\/2, 2\/3, 23\/3 y 6\/4 a las 19 horas &#8211; Virtual<\/h4>\n\n\n\n<figure class=\"wp-block-image size-large\"><img loading=\"lazy\" decoding=\"async\" width=\"819\" height=\"1024\" src=\"https:\/\/www.usal.edu.ar\/ingenieria\/wp-content\/uploads\/sites\/9\/2026\/02\/CharlaInformativaGestionSistemasInformacion2026-819x1024.jpg\" alt=\"\" class=\"wp-image-1260\" srcset=\"https:\/\/www.usal.edu.ar\/ingenieria\/wp-content\/uploads\/sites\/9\/2026\/02\/CharlaInformativaGestionSistemasInformacion2026-819x1024.jpg 819w, https:\/\/www.usal.edu.ar\/ingenieria\/wp-content\/uploads\/sites\/9\/2026\/02\/CharlaInformativaGestionSistemasInformacion2026-240x300.jpg 240w, https:\/\/www.usal.edu.ar\/ingenieria\/wp-content\/uploads\/sites\/9\/2026\/02\/CharlaInformativaGestionSistemasInformacion2026-768x960.jpg 768w, https:\/\/www.usal.edu.ar\/ingenieria\/wp-content\/uploads\/sites\/9\/2026\/02\/CharlaInformativaGestionSistemasInformacion2026.jpg 1080w\" sizes=\"auto, (max-width: 819px) 100vw, 819px\" \/><\/figure>\n\n\n\n<p><\/p>\n","protected":false},"excerpt":{"rendered":"<p>Facultad de Ingenier\u00eda Lunes 16\/2, 2\/3, 23\/3 y 6\/4 a las 19 horas &#8211; Virtual<\/p>\n","protected":false},"author":26,"featured_media":0,"parent":0,"menu_order":0,"comment_status":"closed","ping_status":"closed","template":"","meta":{"_acf_changed":false,"footnotes":""},"class_list":["post-1259","page","type-page","status-publish","hentry"],"acf":[],"_links":{"self":[{"href":"https:\/\/www.usal.edu.ar\/ingenieria\/wp-json\/wp\/v2\/pages\/1259","targetHints":{"allow":["GET"]}}],"collection":[{"href":"https:\/\/www.usal.edu.ar\/ingenieria\/wp-json\/wp\/v2\/pages"}],"about":[{"href":"https:\/\/www.usal.edu.ar\/ingenieria\/wp-json\/wp\/v2\/types\/page"}],"author":[{"embeddable":true,"href":"https:\/\/www.usal.edu.ar\/ingenieria\/wp-json\/wp\/v2\/users\/26"}],"replies":[{"embeddable":true,"href":"https:\/\/www.usal.edu.ar\/ingenieria\/wp-json\/wp\/v2\/comments?post=1259"}],"version-history":[{"count":1,"href":"https:\/\/www.usal.edu.ar\/ingenieria\/wp-json\/wp\/v2\/pages\/1259\/revisions"}],"predecessor-version":[{"id":1261,"href":"https:\/\/www.usal.edu.ar\/ingenieria\/wp-json\/wp\/v2\/pages\/1259\/revisions\/1261"}],"wp:attachment":[{"href":"https:\/\/www.usal.edu.ar\/ingenieria\/wp-json\/wp\/v2\/media?parent=1259"}],"curies":[{"name":"wp","href":"https:\/\/api.w.org\/{rel}","templated":true}]}}