{"id":64,"date":"2024-05-07T00:25:07","date_gmt":"2024-05-07T03:25:07","guid":{"rendered":"https:\/\/www.usal.edu.ar\/ingenieria\/?page_id=64"},"modified":"2025-03-18T15:48:43","modified_gmt":"2025-03-18T18:48:43","slug":"carreras-de-grado","status":"publish","type":"page","link":"https:\/\/www.usal.edu.ar\/ingenieria\/carreras-de-grado\/","title":{"rendered":"Carreras"},"content":{"rendered":"\n<h2 class=\"wp-block-heading has-text-align-center\">Grado<\/h2>\n\n\n\n<div class=\"wp-block-group has-global-padding is-layout-constrained wp-block-group-is-layout-constrained\"><div class=\"propuestas-wrapper\" style=\"background-color: 0F;\"><div class=\"propuesta-item clickeable\"><div class=\"propuesta_nombre\"><a href=\"https:\/\/www.usal.edu.ar\/ingreso\/propuesta\/higiene-y-seguridad-en-el-trabajo-ciclo-de-complementacion-curricular\/\" target=\"_blank\">Higiene y Seguridad en el Trabajo - Ciclo de Complementaci\u00f3n Curricular<\/a><\/div><div class='propuesta_tipos'>   <\/div><\/div><div class=\"propuesta-item clickeable\"><div class=\"propuesta_nombre\"><a href=\"https:\/\/www.usal.edu.ar\/ingenieria\/propuesta\/ingenieria-en-informatica\/\" target=\"_blank\">Ingenier\u00eda en Inform\u00e1tica<\/a><\/div><div class='propuesta_tipos'>   <\/div><\/div><div class=\"propuesta-item clickeable\"><div class=\"propuesta_nombre\"><a href=\"https:\/\/www.usal.edu.ar\/ingenieria\/propuesta\/ingenieria-industrial\/\" target=\"_blank\">Ingenier\u00eda Industrial<\/a><\/div><div class='propuesta_tipos'>   <\/div><\/div><div class=\"propuesta-item clickeable\"><div class=\"propuesta_nombre\"><a href=\"https:\/\/www.usal.edu.ar\/ingreso\/propuesta\/licenciatura-en-ciencias-ambientales\/\" target=\"_blank\">Licenciatura en Ciencias Ambientales<\/a><\/div><div class='propuesta_tipos'>   <\/div><\/div><div class=\"propuesta-item clickeable\"><div class=\"propuesta_nombre\"><a href=\"https:\/\/www.usal.edu.ar\/ingenieria\/propuesta\/licenciatura-en-higiene-y-seguridad-en-el-trabajo\/\" target=\"_blank\">Licenciatura en Higiene y Seguridad en el Trabajo<\/a><\/div><div class='propuesta_tipos'>   <\/div><\/div><div class=\"propuesta-item clickeable\"><div class=\"propuesta_nombre\"><a href=\"https:\/\/www.usal.edu.ar\/ingenieria\/propuesta\/licenciatura-en-sistemas-de-informacion\/\" target=\"_blank\">Licenciatura en Sistemas de Informaci\u00f3n<\/a><\/div><div class='propuesta_tipos'>   <\/div><\/div><\/div>\n<\/div>\n\n\n\n<h2 class=\"wp-block-heading has-text-align-center\">Posgrado<\/h2>\n\n\n<div class=\"propuestas-wrapper\" style=\"background-color: 0F;\"><div class=\"propuesta-item clickeable\"><div class=\"propuesta_nombre\"><a href=\"https:\/\/www.usal.edu.ar\/ingreso\/propuesta\/especializacion-en-gestion-de-sistemas-de-informacion-state-university-of-new-york\/\" target=\"_blank\">Especializaci\u00f3n en Gesti\u00f3n de Sistemas de Informaci\u00f3n<\/a><\/div><div class='propuesta_tipos'> <svg xmlns=\"http:\/\/www.w3.org\/2000\/svg\" class=\"icon icon-tabler icon-tabler-device-imac\" width=\"22\" height=\"22\" viewBox=\"0 0 24 24\" stroke-width=\"1.5\" stroke=\"#6F6F6F\" fill=\"none\" stroke-linecap=\"round\" stroke-linejoin=\"round\">\r\n\t<title>A Distancia<\/title>\r\n\t<desc>Propuesta modalidad a distancia<\/desc>\r\n\t<path stroke=\"none\" d=\"M0 0h24v24H0z\" fill=\"none\" \/>\r\n\t\t<path d=\"M3 4a1 1 0 0 1 1 -1h16a1 1 0 0 1 1 1v12a1 1 0 0 1 -1 1h-16a1 1 0 0 1 -1 -1v-12z\" \/><path d=\"M3 13h18\" \/> <path d=\"M8 21h8\" \/><path d=\"M10 17l-.5 4\" \/><path d=\"M14 17l.5 4\" \/><\/svg> <svg xmlns=\"http:\/\/www.w3.org\/2000\/svg\" class=\"icon icon-tabler icon-tabler-world\" width=\"22\" height=\"22\" viewBox=\"0 0 24 24\" stroke-width=\"1.5\" stroke=\"#6F6F6F\" fill=\"none\" stroke-linecap=\"round\" stroke-linejoin=\"round\">\r\n\t<title>Internacional<\/title>\r\n\t<desc>Propuesta con programa internacional<\/desc>\r\n\t<path stroke=\"none\" d=\"M0 0h24v24H0z\" fill=\"none\" \/> <path d=\"M3 12a9 9 0 1 0 18 0a9 9 0 0 0 -18 0\" \/> <path d=\"M3.6 9h16.8\" \/> <path d=\"M3.6 15h16.8\" \/> <path d=\"M11.5 3a17 17 0 0 0 0 18\" \/> <path d=\"M12.5 3a17 17 0 0 1 0 18\" \/><\/svg> <\/div><\/div><div class=\"propuesta-item\" style=\"visibility: hidden;\"><\/div><div class=\"leyendas\"><div class=\"leyenda\"><svg xmlns=\"http:\/\/www.w3.org\/2000\/svg\" class=\"icon icon-tabler icon-tabler-device-imac\" width=\"22\" height=\"22\" viewBox=\"0 0 24 24\" stroke-width=\"1.5\" stroke=\"#6F6F6F\" fill=\"none\" stroke-linecap=\"round\" stroke-linejoin=\"round\">\r\n\t<title>A Distancia<\/title>\r\n\t<desc>Propuesta modalidad a distancia<\/desc>\r\n\t<path stroke=\"none\" d=\"M0 0h24v24H0z\" fill=\"none\" \/>\r\n\t\t<path d=\"M3 4a1 1 0 0 1 1 -1h16a1 1 0 0 1 1 1v12a1 1 0 0 1 -1 1h-16a1 1 0 0 1 -1 -1v-12z\" \/><path d=\"M3 13h18\" \/> <path d=\"M8 21h8\" \/><path d=\"M10 17l-.5 4\" \/><path d=\"M14 17l.5 4\" \/><\/svg><div class=\"text\">Modalidad a Distancia<\/div><\/div><div class=\"leyenda\"><svg xmlns=\"http:\/\/www.w3.org\/2000\/svg\" class=\"icon icon-tabler icon-tabler-world\" width=\"22\" height=\"22\" viewBox=\"0 0 24 24\" stroke-width=\"1.5\" stroke=\"#6F6F6F\" fill=\"none\" stroke-linecap=\"round\" stroke-linejoin=\"round\">\r\n\t<title>Internacional<\/title>\r\n\t<desc>Propuesta con programa internacional<\/desc>\r\n\t<path stroke=\"none\" d=\"M0 0h24v24H0z\" fill=\"none\" \/> <path d=\"M3 12a9 9 0 1 0 18 0a9 9 0 0 0 -18 0\" \/> <path d=\"M3.6 9h16.8\" \/> <path d=\"M3.6 15h16.8\" \/> <path d=\"M11.5 3a17 17 0 0 0 0 18\" \/> <path d=\"M12.5 3a17 17 0 0 1 0 18\" \/><\/svg><div class=\"text\">Programa Internacional<\/div><\/div><\/div><\/div>\n\n\n\n<h2 class=\"wp-block-heading has-text-align-center\">Pregrado<\/h2>\n\n\n\n","protected":false},"excerpt":{"rendered":"<p>Grado Posgrado Pregrado<\/p>\n","protected":false},"author":5,"featured_media":66,"parent":0,"menu_order":0,"comment_status":"closed","ping_status":"closed","template":"","meta":{"_acf_changed":false,"footnotes":""},"class_list":["post-64","page","type-page","status-publish","has-post-thumbnail","hentry"],"acf":[],"_links":{"self":[{"href":"https:\/\/www.usal.edu.ar\/ingenieria\/wp-json\/wp\/v2\/pages\/64","targetHints":{"allow":["GET"]}}],"collection":[{"href":"https:\/\/www.usal.edu.ar\/ingenieria\/wp-json\/wp\/v2\/pages"}],"about":[{"href":"https:\/\/www.usal.edu.ar\/ingenieria\/wp-json\/wp\/v2\/types\/page"}],"author":[{"embeddable":true,"href":"https:\/\/www.usal.edu.ar\/ingenieria\/wp-json\/wp\/v2\/users\/5"}],"replies":[{"embeddable":true,"href":"https:\/\/www.usal.edu.ar\/ingenieria\/wp-json\/wp\/v2\/comments?post=64"}],"version-history":[{"count":10,"href":"https:\/\/www.usal.edu.ar\/ingenieria\/wp-json\/wp\/v2\/pages\/64\/revisions"}],"predecessor-version":[{"id":870,"href":"https:\/\/www.usal.edu.ar\/ingenieria\/wp-json\/wp\/v2\/pages\/64\/revisions\/870"}],"wp:featuredmedia":[{"embeddable":true,"href":"https:\/\/www.usal.edu.ar\/ingenieria\/wp-json\/wp\/v2\/media\/66"}],"wp:attachment":[{"href":"https:\/\/www.usal.edu.ar\/ingenieria\/wp-json\/wp\/v2\/media?parent=64"}],"curies":[{"name":"wp","href":"https:\/\/api.w.org\/{rel}","templated":true}]}}