{"id":70,"date":"2024-05-07T00:38:07","date_gmt":"2024-05-07T03:38:07","guid":{"rendered":"https:\/\/www.usal.edu.ar\/ingenieria\/?page_id=70"},"modified":"2024-05-24T19:59:28","modified_gmt":"2024-05-24T22:59:28","slug":"ingreso","status":"publish","type":"page","link":"https:\/\/www.usal.edu.ar\/ingenieria\/ingreso\/","title":{"rendered":"Ingreso"},"content":{"rendered":"\n<p><\/p>\n\n\n\n<h4 class=\"wp-block-heading\">\u00bfQui\u00e9nes pueden ingresar?<\/h4>\n\n\n\n<ul class=\"wp-block-list\">\n<li><strong>Bachilleres<\/strong><\/li>\n\n\n\n<li><strong>Peritos Mercantiles<\/strong><\/li>\n\n\n\n<li><strong>T\u00e9cnicos<\/strong><\/li>\n\n\n\n<li><strong>Polimodales<\/strong><\/li>\n<\/ul>\n\n\n\n<h4 class=\"wp-block-heading\">Conocimientos y exigencias previas<\/h4>\n\n\n\n<ul class=\"wp-block-list\">\n<li><strong>Estudios secundarios completos<\/strong><\/li>\n\n\n\n<li><strong>Entrevista de admisi\u00f3n<\/strong> (previa a la inscripci\u00f3n)<\/li>\n\n\n\n<li><strong>Curso de Nivelaci\u00f3n<\/strong><\/li>\n<\/ul>\n\n\n\n<h4 class=\"wp-block-heading\">Talleres de Iniciaci\u00f3n Acad\u00e9mica<\/h4>\n\n\n\n<p>Nuestros Talleres de Iniciaci\u00f3n Acad\u00e9mica est\u00e1n dise\u00f1ados para ayudarte a integrarte a la vida universitaria y mejorar tu rendimiento acad\u00e9mico. Estos talleres incluyen:<\/p>\n\n\n\n<ol class=\"wp-block-list\">\n<li><strong>Taller de Orientaci\u00f3n Acad\u00e9mica y Profesional<\/strong>\n<ul class=\"wp-block-list\">\n<li><strong>Objetivo:<\/strong> Facilitar tu transici\u00f3n a la vida universitaria, ayud\u00e1ndote a comprender tus nuevas responsabilidades como estudiante y reducir las tensiones iniciales. Recibir\u00e1s informaci\u00f3n sobre el desarrollo profesional en cada disciplina, los servicios de la universidad y las normativas que debes seguir. Incluye encuentros con el Director y graduados de cada carrera y el Curso de Ambiente Universitario (CAU).<\/li>\n\n\n\n<li><strong>Duraci\u00f3n:<\/strong> 8 horas<\/li>\n\n\n\n<li><strong>Sede:<\/strong> Centro y Pilar<\/li>\n<\/ul>\n<\/li>\n\n\n\n<li><strong>Taller de Metodolog\u00eda de Estudio<\/strong>\n<ul class=\"wp-block-list\">\n<li><strong>Objetivo:<\/strong> Ense\u00f1arte h\u00e1bitos de estudio y t\u00e9cnicas de aprendizaje que te ayudar\u00e1n a aprovechar al m\u00e1ximo las clases y el material bibliogr\u00e1fico.<\/li>\n\n\n\n<li><strong>Duraci\u00f3n:<\/strong> 16 horas<\/li>\n\n\n\n<li><strong>Sede:<\/strong> Centro y Pilar<\/li>\n<\/ul>\n<\/li>\n\n\n\n<li><strong>Taller de Alfabetizaci\u00f3n Acad\u00e9mica<\/strong>\n<ul class=\"wp-block-list\">\n<li><strong>Objetivo:<\/strong> Proveer herramientas para la lectura y escritura de textos acad\u00e9micos, fundamentales para tu \u00e9xito universitario. Aprender\u00e1s a redactar textos acad\u00e9micos que reflejen un dominio profundo de los conceptos.<\/li>\n\n\n\n<li><strong>Duraci\u00f3n:<\/strong> 8 horas<\/li>\n\n\n\n<li><strong>Sede:<\/strong> Centro y Pilar<\/li>\n<\/ul>\n<\/li>\n\n\n\n<li><strong>Taller de Herramientas de C\u00e1lculo<\/strong>\n<ul class=\"wp-block-list\">\n<li><strong>Objetivo:<\/strong> Familiarizarte con el lenguaje num\u00e9rico y la interpretaci\u00f3n de gr\u00e1ficos y cuadros estad\u00edsticos, habilidades esenciales para tu formaci\u00f3n acad\u00e9mica.<\/li>\n\n\n\n<li><strong>Duraci\u00f3n:<\/strong> 8 horas<\/li>\n\n\n\n<li><strong>Sede:<\/strong> Centro y Pilar<\/li>\n<\/ul>\n<\/li>\n<\/ol>\n\n\n\n<h4 class=\"wp-block-heading\">Requisitos para la inscripci\u00f3n<\/h4>\n\n\n\n<ul class=\"wp-block-list\">\n<li>Fotocopia legalizada del t\u00edtulo certificado \u00fanico de estudios secundarios, o constancia de legalizaci\u00f3n en tr\u00e1mite expedida por el colegio secundario, o constancia de alumno del \u00faltimo a\u00f1o secundario<\/li>\n\n\n\n<li>Cuatro fotos 4&#215;4, fondo blanco<\/li>\n\n\n\n<li>DNI<\/li>\n<\/ul>\n\n\n\n<h4 class=\"wp-block-heading\">Enlace de inscripci\u00f3n y aranceles<\/h4>\n\n\n\n<p>Para inscribirte y conocer los aranceles, visita <a href=\"https:\/\/promocioneingreso.usal.edu.ar\/\">este enlace<\/a> .<\/p>\n","protected":false},"excerpt":{"rendered":"<p>\u00bfQui\u00e9nes pueden ingresar? Conocimientos y exigencias previas Talleres de Iniciaci\u00f3n Acad\u00e9mica Nuestros Talleres de Iniciaci\u00f3n Acad\u00e9mica est\u00e1n dise\u00f1ados para ayudarte a integrarte a la vida universitaria y mejorar tu rendimiento acad\u00e9mico. Estos talleres incluyen: Requisitos para la inscripci\u00f3n Enlace de inscripci\u00f3n y aranceles Para inscribirte y conocer los aranceles, visita este enlace .<\/p>\n","protected":false},"author":5,"featured_media":0,"parent":0,"menu_order":0,"comment_status":"closed","ping_status":"closed","template":"","meta":{"_acf_changed":false,"footnotes":""},"class_list":["post-70","page","type-page","status-publish","hentry"],"acf":[],"_links":{"self":[{"href":"https:\/\/www.usal.edu.ar\/ingenieria\/wp-json\/wp\/v2\/pages\/70","targetHints":{"allow":["GET"]}}],"collection":[{"href":"https:\/\/www.usal.edu.ar\/ingenieria\/wp-json\/wp\/v2\/pages"}],"about":[{"href":"https:\/\/www.usal.edu.ar\/ingenieria\/wp-json\/wp\/v2\/types\/page"}],"author":[{"embeddable":true,"href":"https:\/\/www.usal.edu.ar\/ingenieria\/wp-json\/wp\/v2\/users\/5"}],"replies":[{"embeddable":true,"href":"https:\/\/www.usal.edu.ar\/ingenieria\/wp-json\/wp\/v2\/comments?post=70"}],"version-history":[{"count":2,"href":"https:\/\/www.usal.edu.ar\/ingenieria\/wp-json\/wp\/v2\/pages\/70\/revisions"}],"predecessor-version":[{"id":140,"href":"https:\/\/www.usal.edu.ar\/ingenieria\/wp-json\/wp\/v2\/pages\/70\/revisions\/140"}],"wp:attachment":[{"href":"https:\/\/www.usal.edu.ar\/ingenieria\/wp-json\/wp\/v2\/media?parent=70"}],"curies":[{"name":"wp","href":"https:\/\/api.w.org\/{rel}","templated":true}]}}