{"id":76,"date":"2024-05-07T00:44:24","date_gmt":"2024-05-07T03:44:24","guid":{"rendered":"https:\/\/www.usal.edu.ar\/ingenieria\/?page_id=76"},"modified":"2025-10-23T22:18:04","modified_gmt":"2025-10-24T01:18:04","slug":"informacion-para-alumnos","status":"publish","type":"page","link":"https:\/\/www.usal.edu.ar\/ingenieria\/informacion-para-alumnos\/","title":{"rendered":"Informaci\u00f3n para Alumnos"},"content":{"rendered":"\n<h4 class=\"wp-block-heading\">Servicios al Estudiante<\/h4>\n\n\n\n<div class=\"wp-block-buttons is-content-justification-center is-layout-flex wp-container-core-buttons-is-layout-a89b3969 wp-block-buttons-is-layout-flex\">\n<div class=\"wp-block-button\"><a class=\"wp-block-button__link wp-element-button\" href=\"https:\/\/www.usal.edu.ar\/ingenieria\/portal-de-servicios\/\">Portal de Servicios para alumnos y docentes<\/a><\/div>\n<\/div>\n\n\n\n<h5 class=\"wp-block-heading\">Curso de Apoyo al Ingreso Directo<\/h5>\n\n\n\n<p>El Curso de Nivelaci\u00f3n est\u00e1 destinado a los estudiantes de Ingenier\u00eda Industrial, Ingenier\u00eda en Inform\u00e1tica, Licenciatura en Sistemas de la Informaci\u00f3n y Licenciatura en Higiene y Seguridad en el Trabajo. Este curso es obligatorio, no arancelado y no es eliminatorio.<\/p>\n\n\n\n<h5 class=\"wp-block-heading\">Sede Buenos Aires<\/h5>\n\n\n\n<blockquote class=\"wp-block-quote is-layout-flow wp-block-quote-is-layout-flow\">\n<p><strong>Direcci\u00f3n<\/strong> : Lavalle 1854 \u2013 C1051AAB &#8211; CABA<br><strong>Tel\u00e9fono<\/strong> : (54-11) 2206-4790<br><strong>Email<\/strong> : <a>ingenieria@usal.edu.ar<\/a><br><strong>Consulta de d\u00edas y horarios<\/strong> : Contactar por tel\u00e9fono o email.<\/p>\n<\/blockquote>\n\n\n\n<h5 class=\"wp-block-heading\">Sede Nuestra Se\u00f1ora del Pilar<\/h5>\n\n\n\n<blockquote class=\"wp-block-quote is-layout-flow wp-block-quote-is-layout-flow\">\n<p><strong>Direcci\u00f3n<\/strong> : Champagnat 1599 \u2013 Ruta Panamericana Acceso Norte &#8211; Km.54.5 \u2013 (B1630AHU) Pilar, Buenos Aires<br><strong>Tel\u00e9fono<\/strong> : 02322-431260\/1\/2 interno 2827<br><strong>Email<\/strong> : <a>ingenieria@usal.edu.ar<\/a><br><strong>Consulta de d\u00edas y horarios<\/strong> : Contactar por tel\u00e9fono o correo electr\u00f3nico.<\/p>\n<\/blockquote>\n\n\n\n<h5 class=\"wp-block-heading\">Curso de Ambiente Universitario<\/h5>\n\n\n\n<p>Este curso forma parte del Curso de Apoyo al Ingreso y tiene como objetivo transmitir los fundamentos espirituales y acad\u00e9micos que sustentan la formaci\u00f3n integral de la Universidad. Se llevar\u00e1 a cabo durante el curso de apoyo al ingreso.<\/p>\n\n\n\n<h5 class=\"wp-block-heading\">Tutor\u00eda en Matem\u00e1ticas y F\u00edsica<\/h5>\n\n\n\n<p>El programa TuTech est\u00e1 dirigido a los estudiantes en el \u00e1rea de Matem\u00e1ticas, con el objetivo de facilitar la comprensi\u00f3n de los contenidos tanto te\u00f3ricos como pr\u00e1cticos, aplic\u00e1ndolos en el \u00e1rea productiva, industrial, gerencial y acad\u00e9mica.<\/p>\n\n\n\n<p>Este programa va m\u00e1s all\u00e1 de las tutor\u00edas cl\u00e1sicas, cubriendo aspectos acad\u00e9micos, pedag\u00f3gicos y personales de cada estudiante. Ofrece asesoramiento, apoyo y contenci\u00f3n en un ambiente cuidado y personalizado. Las tutor\u00edas se realizan fuera del horario de clase, permitiendo a los estudiantes participar sin comprometer sus horarios de cursada.<\/p>\n\n\n\n<p>El programa se encuentra en una etapa de consolidaci\u00f3n, con la participaci\u00f3n activa de docentes y alumnos de la carrera. Se desarrollan programas seg\u00fan las necesidades detectadas en reuniones y encuentros con estudiantes, profesores y personal acad\u00e9mico, permitiendo un diagn\u00f3stico real de la calidad educativa y la soluci\u00f3n de debilidades en las \u00e1reas de referencia.<\/p>\n\n\n\n<p>La relaci\u00f3n alumno-docente es personalizada, facilitando consultas amplias y permanentes, ya sea por elecci\u00f3n del estudiante o por recomendaci\u00f3n de los tutores con consenso del docente de la c\u00e1tedra.<\/p>\n\n\n\n<p>El uso de nuevas tecnolog\u00edas de la informaci\u00f3n contribuye a crear nuevos \u00e1mbitos de encuentro, aprendizaje y participaci\u00f3n activa entre docentes y alumnos, superando barreras horarias, de proximidad y generacionales, y optimizando los recursos como un canal bidireccional de comunicaci\u00f3n.<\/p>\n\n\n\n<p>Las evaluaciones de desempe\u00f1o estudiantil indican que el sistema TuTech funciona de manera efectiva.<\/p>\n","protected":false},"excerpt":{"rendered":"<p>Servicios al Estudiante Curso de Apoyo al Ingreso Directo El Curso de Nivelaci\u00f3n est\u00e1 destinado a los estudiantes de Ingenier\u00eda Industrial, Ingenier\u00eda en Inform\u00e1tica, Licenciatura en Sistemas de la Informaci\u00f3n y Licenciatura en Higiene y Seguridad en el Trabajo. Este curso es obligatorio, no arancelado y no es eliminatorio. Sede Buenos Aires Direcci\u00f3n : Lavalle [&hellip;]<\/p>\n","protected":false},"author":5,"featured_media":0,"parent":0,"menu_order":0,"comment_status":"closed","ping_status":"closed","template":"","meta":{"_acf_changed":false,"footnotes":""},"class_list":["post-76","page","type-page","status-publish","hentry"],"acf":[],"_links":{"self":[{"href":"https:\/\/www.usal.edu.ar\/ingenieria\/wp-json\/wp\/v2\/pages\/76","targetHints":{"allow":["GET"]}}],"collection":[{"href":"https:\/\/www.usal.edu.ar\/ingenieria\/wp-json\/wp\/v2\/pages"}],"about":[{"href":"https:\/\/www.usal.edu.ar\/ingenieria\/wp-json\/wp\/v2\/types\/page"}],"author":[{"embeddable":true,"href":"https:\/\/www.usal.edu.ar\/ingenieria\/wp-json\/wp\/v2\/users\/5"}],"replies":[{"embeddable":true,"href":"https:\/\/www.usal.edu.ar\/ingenieria\/wp-json\/wp\/v2\/comments?post=76"}],"version-history":[{"count":5,"href":"https:\/\/www.usal.edu.ar\/ingenieria\/wp-json\/wp\/v2\/pages\/76\/revisions"}],"predecessor-version":[{"id":1159,"href":"https:\/\/www.usal.edu.ar\/ingenieria\/wp-json\/wp\/v2\/pages\/76\/revisions\/1159"}],"wp:attachment":[{"href":"https:\/\/www.usal.edu.ar\/ingenieria\/wp-json\/wp\/v2\/media?parent=76"}],"curies":[{"name":"wp","href":"https:\/\/api.w.org\/{rel}","templated":true}]}}