{"id":78,"date":"2024-05-07T00:44:56","date_gmt":"2024-05-07T03:44:56","guid":{"rendered":"https:\/\/www.usal.edu.ar\/ingenieria\/?page_id=78"},"modified":"2025-10-23T22:43:11","modified_gmt":"2025-10-24T01:43:11","slug":"informacion-para-docentes","status":"publish","type":"page","link":"https:\/\/www.usal.edu.ar\/ingenieria\/informacion-para-docentes\/","title":{"rendered":"Informaci\u00f3n para Docentes"},"content":{"rendered":"\n<div class=\"wp-block-buttons is-content-justification-center is-layout-flex wp-container-core-buttons-is-layout-a89b3969 wp-block-buttons-is-layout-flex\">\n<div class=\"wp-block-button\"><a class=\"wp-block-button__link wp-element-button\" href=\"https:\/\/www.usal.edu.ar\/ingenieria\/portal-de-servicios\/\">Portal de Servicios para alumnos y docentes<\/a><\/div>\n<\/div>\n\n\n\n<h4 class=\"wp-block-heading\">Cooperaci\u00f3n Docente<\/h4>\n\n\n\n<p>La Direcci\u00f3n de Cooperaci\u00f3n Internacional, que depende del Vicerrectorado de Investigaci\u00f3n y Desarrollo, es el punto focal para asuntos internacionales en las distintas unidades acad\u00e9micas. Brinda asesoramiento a todos los docentes interesados \u200b\u200ben realizar experiencias acad\u00e9micas en el exterior.<\/p>\n\n\n\n<h5 class=\"wp-block-heading\">Requisitos Generales:<\/h5>\n\n\n\n<ul class=\"wp-block-list\">\n<li>La experiencia internacional debe tener un impacto institucional, por lo que el\/la docente debe contar con el aval de la autoridad de su unidad acad\u00e9mica.<\/li>\n\n\n\n<li>Poseer una antig\u00fcedad en el cargo de al menos tres a\u00f1os acad\u00e9micos consecutivos.<\/li>\n\n\n\n<li>Tener un t\u00edtulo universitario con un promedio no inferior a siete puntos.<\/li>\n\n\n\n<li>Contar con una carga horaria asignada no menor a ocho horas semanales.<\/li>\n\n\n\n<li>Acreditar un nivel avanzado del idioma de la universidad extranjera de inter\u00e9s.<\/li>\n<\/ul>\n\n\n\n<p>Para m\u00e1s informaci\u00f3n, pueden comunicarse con:<\/p>\n\n\n\n<ul class=\"wp-block-list\">\n<li><strong>Direcci\u00f3n de Cooperaci\u00f3n Internacional<\/strong>: <a href=\"mailto:internacional@usal.edu.ar\" target=\"_blank\" rel=\"noreferrer noopener\">internacional@usal.edu.ar<\/a> \/ <a href=\"https:\/\/dcii.usal.edu.ar\/\" target=\"_blank\" rel=\"noreferrer noopener\">dcii.usal.edu.ar<\/a><\/li>\n\n\n\n<li><strong>Coordinador de Cooperaci\u00f3n Internacional<\/strong>: Flavio Virgara &#8211; <a href=\"mailto:fvirgara@usal.edu.ar\" target=\"_blank\" rel=\"noreferrer noopener\">fvirgara@usal.edu.ar<\/a> <\/li>\n\n\n\n<li><strong>Asesora de Cooperaci\u00f3n Internacional<\/strong>: Mar\u00eda Bel\u00e9n Cerimedo &#8211; <a href=\"mailto:mcerimedo@usal.edu.ar\" target=\"_blank\" rel=\"noreferrer noopener\">mcerimedo@usal.edu.ar<\/a><\/li>\n<\/ul>\n\n\n\n<h5 class=\"wp-block-heading\">Capacitaci\u00f3n Docente<\/h5>\n\n\n\n<ul class=\"wp-block-list\">\n<li><strong>Referente Facultad de Ingenier\u00eda<\/strong>: Lic. Carolina Chamorro &#8211; <a href=\"mailto:cchamorr@usal.edu.ar\" target=\"_blank\" rel=\"noreferrer noopener\">cchamorr@usal.edu.ar<\/a><\/li>\n\n\n\n<li><strong>Programa de educaci\u00f3n a distancia (PAD)<\/strong>: <a href=\"mailto:tallered-usal@usal.edu.ar\" target=\"_blank\" rel=\"noreferrer noopener\">tallered-usal@usal.edu.ar<\/a> \/ <a href=\"https:\/\/pad.usal.edu.ar\/\">pad.usal.edu.ar<\/a><\/li>\n<\/ul>\n\n\n\n<h5 class=\"wp-block-heading\">Repositorio de Contenidos<\/h5>\n\n\n\n<ul class=\"wp-block-list\">\n<li><a href=\"https:\/\/sites.google.com\/usal.edu.ar\/ead-ingenieria-usal\">Recursos EAD Ingenier\u00eda<\/a> (<em>Debe estar logueado con cuenta @usal.edu.ar<\/em>)<\/li>\n<\/ul>\n\n\n\n<h5 class=\"wp-block-heading\">Registro de Actividades Internacionales &#8211; Docentes USAL<\/h5>\n\n\n\n<p>Estimado docente\/investigador: le agradecemos responder esta <a href=\"https:\/\/docs.google.com\/forms\/d\/e\/1FAIpQLSfKWtoNe9q-Xmqv4b5MR5c7hP2wcf2zT0agZ6816tqDM7M1uA\/viewform\">encuesta<\/a> cada vez que realiza alguna actividad internacional.<\/p>\n","protected":false},"excerpt":{"rendered":"<p>Cooperaci\u00f3n Docente La Direcci\u00f3n de Cooperaci\u00f3n Internacional, que depende del Vicerrectorado de Investigaci\u00f3n y Desarrollo, es el punto focal para asuntos internacionales en las distintas unidades acad\u00e9micas. Brinda asesoramiento a todos los docentes interesados \u200b\u200ben realizar experiencias acad\u00e9micas en el exterior. Requisitos Generales: Para m\u00e1s informaci\u00f3n, pueden comunicarse con: Capacitaci\u00f3n Docente Repositorio de Contenidos Registro [&hellip;]<\/p>\n","protected":false},"author":5,"featured_media":0,"parent":0,"menu_order":0,"comment_status":"closed","ping_status":"closed","template":"","meta":{"_acf_changed":false,"footnotes":""},"class_list":["post-78","page","type-page","status-publish","hentry"],"acf":[],"_links":{"self":[{"href":"https:\/\/www.usal.edu.ar\/ingenieria\/wp-json\/wp\/v2\/pages\/78","targetHints":{"allow":["GET"]}}],"collection":[{"href":"https:\/\/www.usal.edu.ar\/ingenieria\/wp-json\/wp\/v2\/pages"}],"about":[{"href":"https:\/\/www.usal.edu.ar\/ingenieria\/wp-json\/wp\/v2\/types\/page"}],"author":[{"embeddable":true,"href":"https:\/\/www.usal.edu.ar\/ingenieria\/wp-json\/wp\/v2\/users\/5"}],"replies":[{"embeddable":true,"href":"https:\/\/www.usal.edu.ar\/ingenieria\/wp-json\/wp\/v2\/comments?post=78"}],"version-history":[{"count":7,"href":"https:\/\/www.usal.edu.ar\/ingenieria\/wp-json\/wp\/v2\/pages\/78\/revisions"}],"predecessor-version":[{"id":1179,"href":"https:\/\/www.usal.edu.ar\/ingenieria\/wp-json\/wp\/v2\/pages\/78\/revisions\/1179"}],"wp:attachment":[{"href":"https:\/\/www.usal.edu.ar\/ingenieria\/wp-json\/wp\/v2\/media?parent=78"}],"curies":[{"name":"wp","href":"https:\/\/api.w.org\/{rel}","templated":true}]}}