{"id":819,"date":"2025-02-04T22:04:27","date_gmt":"2025-02-05T01:04:27","guid":{"rendered":"https:\/\/www.usal.edu.ar\/ingenieria\/?page_id=819"},"modified":"2025-02-04T22:06:50","modified_gmt":"2025-02-05T01:06:50","slug":"comienza-el-curso-de-nivelacion","status":"publish","type":"page","link":"https:\/\/www.usal.edu.ar\/ingenieria\/comienza-el-curso-de-nivelacion\/","title":{"rendered":"Comienza el curso de nivelaci\u00f3n"},"content":{"rendered":"\n<p>Este lunes 10\/2 a las 18 horas comienza el curso de nivelaci\u00f3n con la presentaci\u00f3n del plantel acad\u00e9mico y las autoridades de la Facultad. El Curso se dictar\u00e1 a trav\u00e9s de la plataforma Blackboard.<\/p>\n\n\n\n<p>Si no te lleg\u00f3 la informaci\u00f3n para conectarte, por favor comunicate al mail de la facultad <a>ingenieria@usal.edu.ar<\/a><\/p>\n","protected":false},"excerpt":{"rendered":"<p>Este lunes 10\/2 a las 18 horas comienza el curso de nivelaci\u00f3n con la presentaci\u00f3n del plantel acad\u00e9mico y las autoridades de la Facultad. El Curso se dictar\u00e1 a trav\u00e9s de la plataforma Blackboard. Si no te lleg\u00f3 la informaci\u00f3n para conectarte, por favor comunicate al mail de la facultad ingenieria@usal.edu.ar<\/p>\n","protected":false},"author":26,"featured_media":0,"parent":0,"menu_order":0,"comment_status":"closed","ping_status":"closed","template":"","meta":{"_acf_changed":false,"footnotes":""},"class_list":["post-819","page","type-page","status-publish","hentry"],"acf":[],"_links":{"self":[{"href":"https:\/\/www.usal.edu.ar\/ingenieria\/wp-json\/wp\/v2\/pages\/819","targetHints":{"allow":["GET"]}}],"collection":[{"href":"https:\/\/www.usal.edu.ar\/ingenieria\/wp-json\/wp\/v2\/pages"}],"about":[{"href":"https:\/\/www.usal.edu.ar\/ingenieria\/wp-json\/wp\/v2\/types\/page"}],"author":[{"embeddable":true,"href":"https:\/\/www.usal.edu.ar\/ingenieria\/wp-json\/wp\/v2\/users\/26"}],"replies":[{"embeddable":true,"href":"https:\/\/www.usal.edu.ar\/ingenieria\/wp-json\/wp\/v2\/comments?post=819"}],"version-history":[{"count":1,"href":"https:\/\/www.usal.edu.ar\/ingenieria\/wp-json\/wp\/v2\/pages\/819\/revisions"}],"predecessor-version":[{"id":820,"href":"https:\/\/www.usal.edu.ar\/ingenieria\/wp-json\/wp\/v2\/pages\/819\/revisions\/820"}],"wp:attachment":[{"href":"https:\/\/www.usal.edu.ar\/ingenieria\/wp-json\/wp\/v2\/media?parent=819"}],"curies":[{"name":"wp","href":"https:\/\/api.w.org\/{rel}","templated":true}]}}