{"id":835,"date":"2025-02-07T17:13:24","date_gmt":"2025-02-07T20:13:24","guid":{"rendered":"https:\/\/www.usal.edu.ar\/ingenieria\/?page_id=835"},"modified":"2025-02-07T17:15:48","modified_gmt":"2025-02-07T20:15:48","slug":"especializacion-en-gestion-de-sistemas-de-informacion-charla-informativa","status":"publish","type":"page","link":"https:\/\/www.usal.edu.ar\/ingenieria\/especializacion-en-gestion-de-sistemas-de-informacion-charla-informativa\/","title":{"rendered":"Especializaci\u00f3n en Gesti\u00f3n de Sistemas de Informaci\u00f3n. Charla informativa"},"content":{"rendered":"\n<h4 class=\"wp-block-heading\">Facultad de Ingenier\u00eda<\/h4>\n\n\n\n<h4 class=\"wp-block-heading has-text-align-center\">Lunes 24\/2, Lunes 10\/3 y Mi\u00e9rcoles 26\/3 <br>a las 19 horas virtual<\/h4>\n\n\n\n<figure class=\"wp-block-image size-large\"><img loading=\"lazy\" decoding=\"async\" width=\"1024\" height=\"1024\" src=\"https:\/\/www.usal.edu.ar\/ingenieria\/wp-content\/uploads\/sites\/9\/2025\/02\/EGSI-CharlaInformativa2025-1-1024x1024.jpg\" alt=\"\" class=\"wp-image-836\" srcset=\"https:\/\/www.usal.edu.ar\/ingenieria\/wp-content\/uploads\/sites\/9\/2025\/02\/EGSI-CharlaInformativa2025-1-1024x1024.jpg 1024w, https:\/\/www.usal.edu.ar\/ingenieria\/wp-content\/uploads\/sites\/9\/2025\/02\/EGSI-CharlaInformativa2025-1-300x300.jpg 300w, https:\/\/www.usal.edu.ar\/ingenieria\/wp-content\/uploads\/sites\/9\/2025\/02\/EGSI-CharlaInformativa2025-1-150x150.jpg 150w, https:\/\/www.usal.edu.ar\/ingenieria\/wp-content\/uploads\/sites\/9\/2025\/02\/EGSI-CharlaInformativa2025-1-768x768.jpg 768w, https:\/\/www.usal.edu.ar\/ingenieria\/wp-content\/uploads\/sites\/9\/2025\/02\/EGSI-CharlaInformativa2025-1.jpg 1080w\" sizes=\"auto, (max-width: 1024px) 100vw, 1024px\" \/><\/figure>\n\n\n\n<p><\/p>\n","protected":false},"excerpt":{"rendered":"<p>Facultad de Ingenier\u00eda Lunes 24\/2, Lunes 10\/3 y Mi\u00e9rcoles 26\/3 a las 19 horas virtual<\/p>\n","protected":false},"author":26,"featured_media":0,"parent":0,"menu_order":0,"comment_status":"closed","ping_status":"closed","template":"","meta":{"_acf_changed":false,"footnotes":""},"class_list":["post-835","page","type-page","status-publish","hentry"],"acf":[],"_links":{"self":[{"href":"https:\/\/www.usal.edu.ar\/ingenieria\/wp-json\/wp\/v2\/pages\/835","targetHints":{"allow":["GET"]}}],"collection":[{"href":"https:\/\/www.usal.edu.ar\/ingenieria\/wp-json\/wp\/v2\/pages"}],"about":[{"href":"https:\/\/www.usal.edu.ar\/ingenieria\/wp-json\/wp\/v2\/types\/page"}],"author":[{"embeddable":true,"href":"https:\/\/www.usal.edu.ar\/ingenieria\/wp-json\/wp\/v2\/users\/26"}],"replies":[{"embeddable":true,"href":"https:\/\/www.usal.edu.ar\/ingenieria\/wp-json\/wp\/v2\/comments?post=835"}],"version-history":[{"count":2,"href":"https:\/\/www.usal.edu.ar\/ingenieria\/wp-json\/wp\/v2\/pages\/835\/revisions"}],"predecessor-version":[{"id":840,"href":"https:\/\/www.usal.edu.ar\/ingenieria\/wp-json\/wp\/v2\/pages\/835\/revisions\/840"}],"wp:attachment":[{"href":"https:\/\/www.usal.edu.ar\/ingenieria\/wp-json\/wp\/v2\/media?parent=835"}],"curies":[{"name":"wp","href":"https:\/\/api.w.org\/{rel}","templated":true}]}}