{"id":1143,"date":"2023-11-11T21:35:00","date_gmt":"2023-11-12T00:35:00","guid":{"rendered":"https:\/\/www.usal.edu.ar\/ingreso\/?page_id=1143"},"modified":"2024-12-10T12:47:25","modified_gmt":"2024-12-10T15:47:25","slug":"actividades-con-colegios","status":"publish","type":"page","link":"https:\/\/www.usal.edu.ar\/ingreso\/actividades-con-colegios\/","title":{"rendered":"Talleres"},"content":{"rendered":"\n<div class=\"wp-block-group has-global-padding is-layout-constrained wp-container-core-group-is-layout-92b9201d wp-block-group-is-layout-constrained\">\n<p>En el marco de las actividades de vinculaci\u00f3n institucional&nbsp; la Universidad del Salvador pone a disposici\u00f3n de los colegios talleres destinados a alumnos, padres, docentes y directivos.<\/p>\n\n\n\n<h4 class=\"wp-block-heading has-text-align-center\"><strong>Talleres para alumnos<\/strong><\/h4>\n\n\n\n<p>Desde la Secretar\u00eda de Ingreso y de Vinculaci\u00f3n Institucional queremos&nbsp; acompa\u00f1ar a los estudiantes de nivel medio en su decisi\u00f3n vocacional y acercarlos al mundo universitario.<\/p>\n\n\n\n<p>Los talleres propuestos se realizan en un espacio de la USAL de manera que los alumnos puedan vivenciar, en primera persona, experiencias acad\u00e9micas en un entorno universitario.<\/p>\n\n\n\n<h5 class=\"wp-block-heading collapsible has-base-color has-secondary-background-color has-text-color has-background\" style=\"padding-top:5px;padding-right:15px;padding-bottom:5px;padding-left:15px\"><strong>Cerebro, emoci\u00f3n y aprendizaje: claves para ingresar y permanecer en la universidad.<\/strong><\/h5>\n\n\n\n<div class=\"wp-block-group has-global-padding is-layout-constrained wp-container-core-group-is-layout-92b9201d wp-block-group-is-layout-constrained\">\n<p>El ingreso a la universidad implica una serie de aprendizajes que para los estudiantes pueden resultar desafiantes. El desarrollo del autoconocimiento, la autonom\u00eda, las habilidades para el estudio y la proyecci\u00f3n profesional, suponen un esfuerzo sostenido, el desarrollo de la tolerancia a la frustraci\u00f3n, la puesta en juego de las habilidades emocionales y la capacidad de adaptaci\u00f3n a esta nueva realidad. En este sentido resulta clave que los estudiantes comprendan c\u00f3mo funciona el cerebro y el sistema emocional frente a nuevos desaf\u00edos que implican aprendizajes sostenidos. Comprender que estos procesos llevan tiempo y trabajo y conocer las herramientas que permiten sostenerlo, son claves para dimensionar el desaf\u00edo y perseverar para alcanzar los objetivos.\u00a0<\/p>\n\n\n\n<figure class=\"wp-block-image size-large\"><img loading=\"lazy\" decoding=\"async\" width=\"1024\" height=\"1024\" src=\"https:\/\/www.usal.edu.ar\/ingreso\/wp-content\/uploads\/sites\/2\/2024\/12\/FlyerCerebroEmocionAprendizaje-1024x1024.jpg\" alt=\"\" class=\"wp-image-33695\" srcset=\"https:\/\/www.usal.edu.ar\/ingreso\/wp-content\/uploads\/sites\/2\/2024\/12\/FlyerCerebroEmocionAprendizaje-1024x1024.jpg 1024w, https:\/\/www.usal.edu.ar\/ingreso\/wp-content\/uploads\/sites\/2\/2024\/12\/FlyerCerebroEmocionAprendizaje-300x300.jpg 300w, https:\/\/www.usal.edu.ar\/ingreso\/wp-content\/uploads\/sites\/2\/2024\/12\/FlyerCerebroEmocionAprendizaje-150x150.jpg 150w, https:\/\/www.usal.edu.ar\/ingreso\/wp-content\/uploads\/sites\/2\/2024\/12\/FlyerCerebroEmocionAprendizaje-768x768.jpg 768w, https:\/\/www.usal.edu.ar\/ingreso\/wp-content\/uploads\/sites\/2\/2024\/12\/FlyerCerebroEmocionAprendizaje.jpg 1080w\" sizes=\"auto, (max-width: 1024px) 100vw, 1024px\" \/><\/figure>\n<\/div>\n\n\n\n<h5 class=\"wp-block-heading collapsible has-base-color has-secondary-background-color has-text-color has-background\" style=\"padding-top:5px;padding-right:15px;padding-bottom:5px;padding-left:15px\">Descubr\u00ed la USAL<\/h5>\n\n\n\n<div class=\"wp-block-group has-global-padding is-layout-constrained wp-container-core-group-is-layout-92b9201d wp-block-group-is-layout-constrained\">\n<p>Esta charla tiene por finalidad presentar a nuestra casa de estudios, recorriendo la oferta educativa y los servicios a los que los estudiantes podr\u00e1n acceder en su recorrido acad\u00e9mico. Es una actividad que aproxima a los estudiantes a la identidad de la Universidad, donde podr\u00e1n realizar todas las consultas que requieran.<\/p>\n\n\n\n<figure class=\"wp-block-image size-large\"><img loading=\"lazy\" decoding=\"async\" width=\"1024\" height=\"1024\" src=\"https:\/\/www.usal.edu.ar\/ingreso\/wp-content\/uploads\/sites\/2\/2024\/05\/FlyerDescubriUSAL-01-1-1024x1024.jpg\" alt=\"\" class=\"wp-image-19621\" srcset=\"https:\/\/www.usal.edu.ar\/ingreso\/wp-content\/uploads\/sites\/2\/2024\/05\/FlyerDescubriUSAL-01-1-1024x1024.jpg 1024w, https:\/\/www.usal.edu.ar\/ingreso\/wp-content\/uploads\/sites\/2\/2024\/05\/FlyerDescubriUSAL-01-1-300x300.jpg 300w, https:\/\/www.usal.edu.ar\/ingreso\/wp-content\/uploads\/sites\/2\/2024\/05\/FlyerDescubriUSAL-01-1-150x150.jpg 150w, https:\/\/www.usal.edu.ar\/ingreso\/wp-content\/uploads\/sites\/2\/2024\/05\/FlyerDescubriUSAL-01-1-768x767.jpg 768w, https:\/\/www.usal.edu.ar\/ingreso\/wp-content\/uploads\/sites\/2\/2024\/05\/FlyerDescubriUSAL-01-1.jpg 1081w\" sizes=\"auto, (max-width: 1024px) 100vw, 1024px\" \/><\/figure>\n<\/div>\n\n\n\n<h5 class=\"wp-block-heading collapsible has-base-color has-secondary-background-color has-text-color has-background\" style=\"padding-top:5px;padding-right:15px;padding-bottom:5px;padding-left:15px\"><strong>Orientaci\u00f3n Vocacional Grupal<\/strong><\/h5>\n\n\n\n<div class=\"wp-block-group has-global-padding is-layout-constrained wp-container-core-group-is-layout-92b9201d wp-block-group-is-layout-constrained\">\n<p>Este taller tiene por objetivo generar un espacio para que los j\u00f3venes puedan identificar ideas, expectativas, opiniones y temores que acompa\u00f1an la construcci\u00f3n de su proyecto de vida. Mediante la utilizaci\u00f3n de t\u00e9cnicas de orientaci\u00f3n, se busca que los participantes se conecten con su singularidad, estimulando de este modo su b\u00fasqueda hacia la construcci\u00f3n de un proyecto vocacional del que sean protagonistas.<\/p>\n\n\n\n<figure class=\"wp-block-image aligncenter size-large\"><img loading=\"lazy\" decoding=\"async\" width=\"1024\" height=\"1024\" src=\"https:\/\/www.usal.edu.ar\/ingreso\/wp-content\/uploads\/sites\/2\/2024\/05\/FlyerOrientacionVocacionalGrupal-01-1024x1024.jpg\" alt=\"\" class=\"wp-image-19622\" srcset=\"https:\/\/www.usal.edu.ar\/ingreso\/wp-content\/uploads\/sites\/2\/2024\/05\/FlyerOrientacionVocacionalGrupal-01-1024x1024.jpg 1024w, https:\/\/www.usal.edu.ar\/ingreso\/wp-content\/uploads\/sites\/2\/2024\/05\/FlyerOrientacionVocacionalGrupal-01-300x300.jpg 300w, https:\/\/www.usal.edu.ar\/ingreso\/wp-content\/uploads\/sites\/2\/2024\/05\/FlyerOrientacionVocacionalGrupal-01-150x150.jpg 150w, https:\/\/www.usal.edu.ar\/ingreso\/wp-content\/uploads\/sites\/2\/2024\/05\/FlyerOrientacionVocacionalGrupal-01-768x767.jpg 768w, https:\/\/www.usal.edu.ar\/ingreso\/wp-content\/uploads\/sites\/2\/2024\/05\/FlyerOrientacionVocacionalGrupal-01.jpg 1081w\" sizes=\"auto, (max-width: 1024px) 100vw, 1024px\" \/><\/figure>\n<\/div>\n\n\n\n<h5 class=\"wp-block-heading collapsible has-base-color has-secondary-background-color has-text-color has-background\" style=\"padding-top:5px;padding-right:15px;padding-bottom:5px;padding-left:15px\"><strong>Ser estudiante universitario<\/strong><\/h5>\n\n\n\n<div class=\"wp-block-group has-global-padding is-layout-constrained wp-container-core-group-is-layout-92b9201d wp-block-group-is-layout-constrained\">\n<p>El ingreso a la universidad marca el inicio de una nueva etapa. La construcci\u00f3n del rol y la vocaci\u00f3n profesional implican enfrentarse a nuevas oportunidades y desaf\u00edos. Este taller se plantea como un espacio de reflexi\u00f3n y exploraci\u00f3n con el objetivo de que los estudiantes puedan identificar sus fortalezas y habilidades para poder desarrollarse como estudiantes universitarios en el recorrido de su formaci\u00f3n profesional.<\/p>\n\n\n\n<figure class=\"wp-block-image aligncenter size-large\"><img loading=\"lazy\" decoding=\"async\" width=\"1024\" height=\"1024\" src=\"https:\/\/www.usal.edu.ar\/ingreso\/wp-content\/uploads\/sites\/2\/2024\/05\/FlyerSerEstudianteUniversitario-01-1024x1024.jpg\" alt=\"\" class=\"wp-image-19623\" srcset=\"https:\/\/www.usal.edu.ar\/ingreso\/wp-content\/uploads\/sites\/2\/2024\/05\/FlyerSerEstudianteUniversitario-01-1024x1024.jpg 1024w, https:\/\/www.usal.edu.ar\/ingreso\/wp-content\/uploads\/sites\/2\/2024\/05\/FlyerSerEstudianteUniversitario-01-300x300.jpg 300w, https:\/\/www.usal.edu.ar\/ingreso\/wp-content\/uploads\/sites\/2\/2024\/05\/FlyerSerEstudianteUniversitario-01-150x150.jpg 150w, https:\/\/www.usal.edu.ar\/ingreso\/wp-content\/uploads\/sites\/2\/2024\/05\/FlyerSerEstudianteUniversitario-01-768x767.jpg 768w, https:\/\/www.usal.edu.ar\/ingreso\/wp-content\/uploads\/sites\/2\/2024\/05\/FlyerSerEstudianteUniversitario-01.jpg 1081w\" sizes=\"auto, (max-width: 1024px) 100vw, 1024px\" \/><\/figure>\n<\/div>\n\n\n\n<h5 class=\"wp-block-heading collapsible has-base-color has-secondary-background-color has-text-color has-background\" style=\"padding-top:5px;padding-right:15px;padding-bottom:5px;padding-left:15px\"><strong>Aprender en la Universidad<\/strong><\/h5>\n\n\n\n<div class=\"wp-block-group has-global-padding is-layout-constrained wp-container-core-group-is-layout-92b9201d wp-block-group-is-layout-constrained\">\n<p>Este taller, centrado en la forma de aprender en la universidad, tiene por objetivo potenciar la articulaci\u00f3n entre el nivel secundario y el nivel superior. A partir de una modalidad pr\u00e1ctica y reflexiva, se trabajar\u00e1 en la adquisici\u00f3n de diversas t\u00e9cnicas de estudio, herramientas y recursos. El objetivo es potenciar el desarrollo de una actitud estrat\u00e9gica frente al aprendizaje y un modelo de organizaci\u00f3n de tareas centrada en la optimizaci\u00f3n del tiempo, que le permita a los estudiantes realizar una planificaci\u00f3n eficaz y realista de su recorrido acad\u00e9mico.<\/p>\n\n\n\n<figure class=\"wp-block-image aligncenter size-large\"><img loading=\"lazy\" decoding=\"async\" width=\"1024\" height=\"1024\" src=\"https:\/\/www.usal.edu.ar\/ingreso\/wp-content\/uploads\/sites\/2\/2024\/05\/FlyerAprenderUniversidad-01-1024x1024.jpg\" alt=\"\" class=\"wp-image-19619\" srcset=\"https:\/\/www.usal.edu.ar\/ingreso\/wp-content\/uploads\/sites\/2\/2024\/05\/FlyerAprenderUniversidad-01-1024x1024.jpg 1024w, https:\/\/www.usal.edu.ar\/ingreso\/wp-content\/uploads\/sites\/2\/2024\/05\/FlyerAprenderUniversidad-01-300x300.jpg 300w, https:\/\/www.usal.edu.ar\/ingreso\/wp-content\/uploads\/sites\/2\/2024\/05\/FlyerAprenderUniversidad-01-150x150.jpg 150w, https:\/\/www.usal.edu.ar\/ingreso\/wp-content\/uploads\/sites\/2\/2024\/05\/FlyerAprenderUniversidad-01-768x767.jpg 768w, https:\/\/www.usal.edu.ar\/ingreso\/wp-content\/uploads\/sites\/2\/2024\/05\/FlyerAprenderUniversidad-01.jpg 1081w\" sizes=\"auto, (max-width: 1024px) 100vw, 1024px\" \/><\/figure>\n<\/div>\n\n\n\n<h5 class=\"wp-block-heading collapsible has-base-color has-secondary-background-color has-text-color has-background\" style=\"padding-top:5px;padding-right:15px;padding-bottom:5px;padding-left:15px\"><strong><strong>\u00bfD\u00f3nde est\u00e1 tu talento? Consejos para armar tu primer CV<\/strong><\/strong><\/h5>\n\n\n\n<div class=\"wp-block-group has-global-padding is-layout-constrained wp-container-core-group-is-layout-92b9201d wp-block-group-is-layout-constrained\">\n<p>Este taller tiene por finalidad otorgar pautas para planificar y dise\u00f1ar de manera competente un curr\u00edculum, destacando los talentos personales.<\/p>\n\n\n\n<figure class=\"wp-block-image aligncenter size-large\"><img loading=\"lazy\" decoding=\"async\" width=\"1024\" height=\"1024\" src=\"https:\/\/www.usal.edu.ar\/ingreso\/wp-content\/uploads\/sites\/2\/2024\/05\/FlyerDondeEstaTuTalento-01-1024x1024.jpg\" alt=\"\" class=\"wp-image-19624\" srcset=\"https:\/\/www.usal.edu.ar\/ingreso\/wp-content\/uploads\/sites\/2\/2024\/05\/FlyerDondeEstaTuTalento-01-1024x1024.jpg 1024w, https:\/\/www.usal.edu.ar\/ingreso\/wp-content\/uploads\/sites\/2\/2024\/05\/FlyerDondeEstaTuTalento-01-300x300.jpg 300w, https:\/\/www.usal.edu.ar\/ingreso\/wp-content\/uploads\/sites\/2\/2024\/05\/FlyerDondeEstaTuTalento-01-150x150.jpg 150w, https:\/\/www.usal.edu.ar\/ingreso\/wp-content\/uploads\/sites\/2\/2024\/05\/FlyerDondeEstaTuTalento-01-768x767.jpg 768w, https:\/\/www.usal.edu.ar\/ingreso\/wp-content\/uploads\/sites\/2\/2024\/05\/FlyerDondeEstaTuTalento-01.jpg 1081w\" sizes=\"auto, (max-width: 1024px) 100vw, 1024px\" \/><\/figure>\n<\/div>\n\n\n\n<h5 class=\"wp-block-heading collapsible has-base-color has-secondary-background-color has-text-color has-background\" style=\"padding-top:5px;padding-right:15px;padding-bottom:5px;padding-left:15px\"><strong><strong>Primera Entrevista<\/strong><\/strong><\/h5>\n\n\n\n<div class=\"wp-block-group has-global-padding is-layout-constrained wp-container-core-group-is-layout-92b9201d wp-block-group-is-layout-constrained\">\n<p>El objetivo de este taller es poder transmitir a los j\u00f3venes herramientas pr\u00e1cticas que los preparen para enfrentar sus primeras entrevistas laborales.<\/p>\n\n\n\n<figure class=\"wp-block-image aligncenter size-large\"><img loading=\"lazy\" decoding=\"async\" width=\"1024\" height=\"1024\" src=\"https:\/\/www.usal.edu.ar\/ingreso\/wp-content\/uploads\/sites\/2\/2024\/05\/FlyerPrimeraEntrevista-01-1024x1024.jpg\" alt=\"\" class=\"wp-image-19625\" srcset=\"https:\/\/www.usal.edu.ar\/ingreso\/wp-content\/uploads\/sites\/2\/2024\/05\/FlyerPrimeraEntrevista-01-1024x1024.jpg 1024w, https:\/\/www.usal.edu.ar\/ingreso\/wp-content\/uploads\/sites\/2\/2024\/05\/FlyerPrimeraEntrevista-01-300x300.jpg 300w, https:\/\/www.usal.edu.ar\/ingreso\/wp-content\/uploads\/sites\/2\/2024\/05\/FlyerPrimeraEntrevista-01-150x150.jpg 150w, https:\/\/www.usal.edu.ar\/ingreso\/wp-content\/uploads\/sites\/2\/2024\/05\/FlyerPrimeraEntrevista-01-768x767.jpg 768w, https:\/\/www.usal.edu.ar\/ingreso\/wp-content\/uploads\/sites\/2\/2024\/05\/FlyerPrimeraEntrevista-01.jpg 1081w\" sizes=\"auto, (max-width: 1024px) 100vw, 1024px\" \/><\/figure>\n<\/div>\n\n\n\n<h5 class=\"wp-block-heading collapsible has-base-color has-secondary-background-color has-text-color has-background\" style=\"padding-top:5px;padding-right:15px;padding-bottom:5px;padding-left:15px\"><strong><strong><strong>Mundo laboral<\/strong><\/strong><\/strong><\/h5>\n\n\n\n<div class=\"wp-block-group has-global-padding is-layout-constrained wp-container-core-group-is-layout-92b9201d wp-block-group-is-layout-constrained\">\n<p>\u00bfC\u00f3mo potenciar tu perfil laboral a trav\u00e9s del uso de redes sociales? Este taller se centra en el uso de Linkedin como una herramienta clave para visibilizar el perfil profesional y potenciar los procesos de b\u00fasqueda.&nbsp;<\/p>\n\n\n\n<figure class=\"wp-block-image aligncenter size-large\"><img loading=\"lazy\" decoding=\"async\" width=\"1024\" height=\"1024\" src=\"https:\/\/www.usal.edu.ar\/ingreso\/wp-content\/uploads\/sites\/2\/2024\/05\/FlyerMundoLaboral-01-1024x1024.jpg\" alt=\"\" class=\"wp-image-19688\" srcset=\"https:\/\/www.usal.edu.ar\/ingreso\/wp-content\/uploads\/sites\/2\/2024\/05\/FlyerMundoLaboral-01-1024x1024.jpg 1024w, https:\/\/www.usal.edu.ar\/ingreso\/wp-content\/uploads\/sites\/2\/2024\/05\/FlyerMundoLaboral-01-300x300.jpg 300w, https:\/\/www.usal.edu.ar\/ingreso\/wp-content\/uploads\/sites\/2\/2024\/05\/FlyerMundoLaboral-01-150x150.jpg 150w, https:\/\/www.usal.edu.ar\/ingreso\/wp-content\/uploads\/sites\/2\/2024\/05\/FlyerMundoLaboral-01-768x767.jpg 768w, https:\/\/www.usal.edu.ar\/ingreso\/wp-content\/uploads\/sites\/2\/2024\/05\/FlyerMundoLaboral-01.jpg 1081w\" sizes=\"auto, (max-width: 1024px) 100vw, 1024px\" \/><\/figure>\n<\/div>\n\n\n\n<h4 class=\"wp-block-heading has-text-align-center\"><strong><strong>Talleres para docentes y directivos<\/strong><\/strong><\/h4>\n\n\n\n<p>Con la misi\u00f3n de acompa\u00f1ar a los docentes y directivos en el desarrollo de competencias que le permitan guiar a los&nbsp; estudiantes en la construcci\u00f3n de su proyecto de vida, es que los invitamos a participar de propuestas acad\u00e9micas que le permitan contribuir en la formaci\u00f3n integral de sus estudiantes para que estos se inserten de manera exitosa en el campo personal, social y laboral.<\/p>\n\n\n\n<h5 class=\"wp-block-heading collapsible has-base-color has-secondary-background-color has-text-color has-background\" style=\"padding-top:5px;padding-right:15px;padding-bottom:5px;padding-left:15px\"><strong>La misi\u00f3n docente en la elecci\u00f3n vocacional de los alumnos<\/strong><\/h5>\n\n\n\n<div class=\"wp-block-group has-global-padding is-layout-constrained wp-container-core-group-is-layout-92b9201d wp-block-group-is-layout-constrained\">\n<p>La importancia de estar centrados en la persona. El valor de discernir. Hacer de \u00abdespertador\u00bb a la latencia de la conciencia del joven para que inicie&nbsp; su peregrinar vocacional.<\/p>\n<\/div>\n\n\n\n<h4 class=\"wp-block-heading has-text-align-center\"><strong><strong><strong>Talleres para padres<\/strong><\/strong><\/strong><\/h4>\n\n\n\n<p>Las familias juegan un rol fundamental en&nbsp; el camino de&nbsp; transici\u00f3n de sus hijos del colegio al mundo universitario.&nbsp; Su apoyo y contenci\u00f3n es de vital importancia.&nbsp; Es por ello que los invitamos a participar de talleres que les permitan adquirir herramientas para acompa\u00f1arlos con este proceso de b\u00fasqueda y orientaci\u00f3n vocacional.<\/p>\n\n\n\n<h5 class=\"wp-block-heading collapsible has-base-color has-secondary-background-color has-text-color has-background\" style=\"padding-top:5px;padding-right:15px;padding-bottom:5px;padding-left:15px\"><strong><strong>\u00bfCu\u00e1les son las expectativas de realizaci\u00f3n para nuestros hijos? \u00bfSentido o vac\u00edo?<\/strong><\/strong><\/h5>\n\n\n\n<div class=\"wp-block-group has-global-padding is-layout-constrained wp-container-core-group-is-layout-92b9201d wp-block-group-is-layout-constrained\">\n<p>El objetivo es acompa\u00f1ar a discernir a nuestros hijos. Reflexionar respecto de la diferencia entre la autoexigencia y la congruencia entendiendo el procesamiento de los duelos propios de esta etapa.<\/p>\n<\/div>\n\n\n\n<p>Para mayor informaci\u00f3n sobre algunas de las actividades propuestas enviar un correo a: <a rel=\"noreferrer noopener\" href=\"mailto:promocion@usal.edu.ar\" target=\"_blank\">promocion@usal.edu.ar<\/a><\/p>\n<\/div>\n","protected":false},"excerpt":{"rendered":"<p>En el marco de las actividades de vinculaci\u00f3n institucional&nbsp; la Universidad del Salvador pone a disposici\u00f3n de los colegios talleres destinados a alumnos, padres, docentes y directivos. Talleres para alumnos Desde la Secretar\u00eda de Ingreso y de Vinculaci\u00f3n Institucional queremos&nbsp; acompa\u00f1ar a los estudiantes de nivel medio en su decisi\u00f3n vocacional y acercarlos al mundo [&hellip;]<\/p>\n","protected":false},"author":5,"featured_media":0,"parent":0,"menu_order":0,"comment_status":"closed","ping_status":"closed","template":"","meta":{"_acf_changed":false,"_uag_custom_page_level_css":"","_joinchat":[],"footnotes":""},"class_list":["post-1143","page","type-page","status-publish","hentry"],"acf":[],"mb":[],"uagb_featured_image_src":{"full":false,"thumbnail":false,"medium":false,"medium_large":false,"large":false,"1536x1536":false,"2048x2048":false},"uagb_author_info":{"display_name":"editor","author_link":"https:\/\/www.usal.edu.ar\/ingreso\/author\/editor\/"},"uagb_comment_info":0,"uagb_excerpt":"En el marco de las actividades de vinculaci\u00f3n institucional&nbsp; la Universidad del Salvador pone a disposici\u00f3n de los colegios talleres destinados a alumnos, padres, docentes y directivos. Talleres para alumnos Desde la Secretar\u00eda de Ingreso y de Vinculaci\u00f3n Institucional queremos&nbsp; acompa\u00f1ar a los estudiantes de nivel medio en su decisi\u00f3n vocacional y acercarlos al mundo&hellip;","mfb_rest_fields":["title","uagb_featured_image_src","uagb_author_info","uagb_comment_info","uagb_excerpt"],"_links":{"self":[{"href":"https:\/\/www.usal.edu.ar\/ingreso\/wp-json\/wp\/v2\/pages\/1143","targetHints":{"allow":["GET"]}}],"collection":[{"href":"https:\/\/www.usal.edu.ar\/ingreso\/wp-json\/wp\/v2\/pages"}],"about":[{"href":"https:\/\/www.usal.edu.ar\/ingreso\/wp-json\/wp\/v2\/types\/page"}],"author":[{"embeddable":true,"href":"https:\/\/www.usal.edu.ar\/ingreso\/wp-json\/wp\/v2\/users\/5"}],"replies":[{"embeddable":true,"href":"https:\/\/www.usal.edu.ar\/ingreso\/wp-json\/wp\/v2\/comments?post=1143"}],"version-history":[{"count":52,"href":"https:\/\/www.usal.edu.ar\/ingreso\/wp-json\/wp\/v2\/pages\/1143\/revisions"}],"predecessor-version":[{"id":33697,"href":"https:\/\/www.usal.edu.ar\/ingreso\/wp-json\/wp\/v2\/pages\/1143\/revisions\/33697"}],"wp:attachment":[{"href":"https:\/\/www.usal.edu.ar\/ingreso\/wp-json\/wp\/v2\/media?parent=1143"}],"curies":[{"name":"wp","href":"https:\/\/api.w.org\/{rel}","templated":true}]}}