{"id":1649,"date":"2023-11-14T14:27:54","date_gmt":"2023-11-14T17:27:54","guid":{"rendered":"https:\/\/www.usal.edu.ar\/ingreso\/?page_id=1649"},"modified":"2024-05-03T18:43:31","modified_gmt":"2024-05-03T21:43:31","slug":"alumnos-del-interior","status":"publish","type":"page","link":"https:\/\/www.usal.edu.ar\/ingreso\/alumnos-del-interior\/","title":{"rendered":"Alumnos del Interior"},"content":{"rendered":"\n<div class=\"wp-block-group has-global-padding is-layout-constrained wp-container-core-group-is-layout-92b9201d wp-block-group-is-layout-constrained\">\n<p>Armando Red es una propuesta innovadora que la USAL&nbsp;trae para los alumnos del interior del pa\u00eds que deben migrar para comenzar sus estudios universitarios. Es un programa pensado para poder acompa\u00f1arlos en el proceso adaptativo que comienza desde el momento que deciden estudiar en nuestra casa de estudios.<\/p>\n\n\n\n<p>Entrar a la universidad es uno de los eventos m\u00e1s importantes en la vida de una persona que trae aparejado la asunci\u00f3n de responsabilidades acad\u00e9micas y en el caso de los j\u00f3venes que deciden estudiar lejos de su casa deben asumir y vivenciar un proceso madurativo. Este&nbsp;no solo se traduce en la propia administraci\u00f3n e independencia, sino por sobre todas las cosas en el logro de un equilibrio emocional que le permita enfrentar las diferentes adversidades que se presenten.<\/p>\n<\/div>\n","protected":false},"excerpt":{"rendered":"<p>Armando Red es una propuesta innovadora que la USAL&nbsp;trae para los alumnos del interior del pa\u00eds que deben migrar para comenzar sus estudios universitarios. Es un programa pensado para poder acompa\u00f1arlos en el proceso adaptativo que comienza desde el momento que deciden estudiar en nuestra casa de estudios. Entrar a la universidad es uno de [&hellip;]<\/p>\n","protected":false},"author":5,"featured_media":0,"parent":0,"menu_order":0,"comment_status":"closed","ping_status":"closed","template":"","meta":{"_acf_changed":false,"_uag_custom_page_level_css":"","_joinchat":[],"footnotes":""},"class_list":["post-1649","page","type-page","status-publish","hentry"],"acf":[],"mb":[],"uagb_featured_image_src":{"full":false,"thumbnail":false,"medium":false,"medium_large":false,"large":false,"1536x1536":false,"2048x2048":false},"uagb_author_info":{"display_name":"editor","author_link":"https:\/\/www.usal.edu.ar\/ingreso\/author\/editor\/"},"uagb_comment_info":0,"uagb_excerpt":"Armando Red es una propuesta innovadora que la USAL&nbsp;trae para los alumnos del interior del pa\u00eds que deben migrar para comenzar sus estudios universitarios. Es un programa pensado para poder acompa\u00f1arlos en el proceso adaptativo que comienza desde el momento que deciden estudiar en nuestra casa de estudios. Entrar a la universidad es uno de&hellip;","mfb_rest_fields":["title","uagb_featured_image_src","uagb_author_info","uagb_comment_info","uagb_excerpt"],"_links":{"self":[{"href":"https:\/\/www.usal.edu.ar\/ingreso\/wp-json\/wp\/v2\/pages\/1649","targetHints":{"allow":["GET"]}}],"collection":[{"href":"https:\/\/www.usal.edu.ar\/ingreso\/wp-json\/wp\/v2\/pages"}],"about":[{"href":"https:\/\/www.usal.edu.ar\/ingreso\/wp-json\/wp\/v2\/types\/page"}],"author":[{"embeddable":true,"href":"https:\/\/www.usal.edu.ar\/ingreso\/wp-json\/wp\/v2\/users\/5"}],"replies":[{"embeddable":true,"href":"https:\/\/www.usal.edu.ar\/ingreso\/wp-json\/wp\/v2\/comments?post=1649"}],"version-history":[{"count":1,"href":"https:\/\/www.usal.edu.ar\/ingreso\/wp-json\/wp\/v2\/pages\/1649\/revisions"}],"predecessor-version":[{"id":1652,"href":"https:\/\/www.usal.edu.ar\/ingreso\/wp-json\/wp\/v2\/pages\/1649\/revisions\/1652"}],"wp:attachment":[{"href":"https:\/\/www.usal.edu.ar\/ingreso\/wp-json\/wp\/v2\/media?parent=1649"}],"curies":[{"name":"wp","href":"https:\/\/api.w.org\/{rel}","templated":true}]}}