{"id":1665,"date":"2023-11-14T15:45:17","date_gmt":"2023-11-14T18:45:17","guid":{"rendered":"https:\/\/www.usal.edu.ar\/ingreso\/?page_id=1665"},"modified":"2024-05-03T18:43:31","modified_gmt":"2024-05-03T21:43:31","slug":"equivalencias","status":"publish","type":"page","link":"https:\/\/www.usal.edu.ar\/ingreso\/equivalencias\/","title":{"rendered":"Equivalencias"},"content":{"rendered":"\n<div class=\"wp-block-group has-global-padding is-layout-constrained wp-block-group-is-layout-constrained\">\n<div class=\"wp-block-uagb-icon-list uagb-block-4cc54a55\"><div class=\"uagb-icon-list__wrap\">\n<div class=\"wp-block-uagb-icon-list-child uagb-block-56d96bbf\"><span class=\"uagb-icon-list__source-wrap\"><svg xmlns=\"https:\/\/www.w3.org\/2000\/svg\" viewBox=\"0 0 512 512\"><path d=\"M256 0C114.6 0 0 114.6 0 256c0 141.4 114.6 256 256 256s256-114.6 256-256C512 114.6 397.4 0 256 0zM406.6 278.6l-103.1 103.1c-12.5 12.5-32.75 12.5-45.25 0s-12.5-32.75 0-45.25L306.8 288H128C110.3 288 96 273.7 96 256s14.31-32 32-32h178.8l-49.38-49.38c-12.5-12.5-12.5-32.75 0-45.25s32.75-12.5 45.25 0l103.1 103.1C414.6 241.3 416 251.1 416 256C416 260.9 414.6 270.7 406.6 278.6z\"><\/path><\/svg><\/span><span class=\"uagb-icon-list__label\">Present\u00e1 tus equivalencias. Tus estudios previos pueden ser considerados.<\/span><\/div>\n\n\n\n<div class=\"wp-block-uagb-icon-list-child uagb-block-d749b07f\"><span class=\"uagb-icon-list__source-wrap\"><svg xmlns=\"https:\/\/www.w3.org\/2000\/svg\" viewBox=\"0 0 512 512\"><path d=\"M256 0C114.6 0 0 114.6 0 256c0 141.4 114.6 256 256 256s256-114.6 256-256C512 114.6 397.4 0 256 0zM406.6 278.6l-103.1 103.1c-12.5 12.5-32.75 12.5-45.25 0s-12.5-32.75 0-45.25L306.8 288H128C110.3 288 96 273.7 96 256s14.31-32 32-32h178.8l-49.38-49.38c-12.5-12.5-12.5-32.75 0-45.25s32.75-12.5 45.25 0l103.1 103.1C414.6 241.3 416 251.1 416 256C416 260.9 414.6 270.7 406.6 278.6z\"><\/path><\/svg><\/span><span class=\"uagb-icon-list__label\">Si las materias provienen de otra Universidad &#8211; Equivalencias externas.<\/span><\/div>\n<\/div><\/div>\n\n\n\n<ul class=\"wp-block-list\" style=\"margin-top:0;margin-right:0;margin-bottom:var(--wp--preset--spacing--30);margin-left:0;line-height:1.8\">\n<li>Si las materias solicitadas por\u00a0equivalencia\u00a0provienen de otra Universidad,\u00a0 deber\u00e1s presentar los siguientes requisitos:<\/li>\n\n\n\n<li>Los Programas y certificados anal\u00edticos parciales deben estar certificados por la Universidad de origen. (Alumnos UBA deber\u00e1n legalizar la documentaci\u00f3n por Uriburu 950); la fotocopia de los certificados anal\u00edticos finales (graduados) debe estar certificada como copia fiel del original.<\/li>\n\n\n\n<li>Constancia de no sanci\u00f3n disciplinaria<\/li>\n<\/ul>\n\n\n\n<div class=\"wp-block-uagb-icon-list uagb-block-d1675b06\"><div class=\"uagb-icon-list__wrap\">\n<div class=\"wp-block-uagb-icon-list-child uagb-block-82336134\"><span class=\"uagb-icon-list__source-wrap\"><svg xmlns=\"https:\/\/www.w3.org\/2000\/svg\" viewBox=\"0 0 512 512\"><path d=\"M256 0C114.6 0 0 114.6 0 256c0 141.4 114.6 256 256 256s256-114.6 256-256C512 114.6 397.4 0 256 0zM406.6 278.6l-103.1 103.1c-12.5 12.5-32.75 12.5-45.25 0s-12.5-32.75 0-45.25L306.8 288H128C110.3 288 96 273.7 96 256s14.31-32 32-32h178.8l-49.38-49.38c-12.5-12.5-12.5-32.75 0-45.25s32.75-12.5 45.25 0l103.1 103.1C414.6 241.3 416 251.1 416 256C416 260.9 414.6 270.7 406.6 278.6z\"><\/path><\/svg><\/span><span class=\"uagb-icon-list__label\">Si las materias provienen de nuestra Universidad &#8211; Equivalencias internas<\/span><\/div>\n<\/div><\/div>\n\n\n\n<ul class=\"wp-block-list\" style=\"margin-top:0;margin-right:0;margin-bottom:var(--wp--preset--spacing--30);margin-left:0;line-height:1.8\">\n<li>Las equivalencias internas son un tr\u00e1mite interno que cada alumnos solicita a la Unidad acad\u00e9mica.<\/li>\n<\/ul>\n\n\n\n<div class=\"wp-block-uagb-icon-list uagb-block-08e8a6c8\"><div class=\"uagb-icon-list__wrap\">\n<div class=\"wp-block-uagb-icon-list-child uagb-block-207aaeb5\"><span class=\"uagb-icon-list__source-wrap\"><svg xmlns=\"https:\/\/www.w3.org\/2000\/svg\" viewBox=\"0 0 512 512\"><path d=\"M256 0C114.6 0 0 114.6 0 256c0 141.4 114.6 256 256 256s256-114.6 256-256C512 114.6 397.4 0 256 0zM406.6 278.6l-103.1 103.1c-12.5 12.5-32.75 12.5-45.25 0s-12.5-32.75 0-45.25L306.8 288H128C110.3 288 96 273.7 96 256s14.31-32 32-32h178.8l-49.38-49.38c-12.5-12.5-12.5-32.75 0-45.25s32.75-12.5 45.25 0l103.1 103.1C414.6 241.3 416 251.1 416 256C416 260.9 414.6 270.7 406.6 278.6z\"><\/path><\/svg><\/span><span class=\"uagb-icon-list__label\">Para mayor informaci\u00f3n escribir a: info@usal.edu.ar<\/span><\/div>\n<\/div><\/div>\n<\/div>\n","protected":false},"excerpt":{"rendered":"","protected":false},"author":5,"featured_media":0,"parent":0,"menu_order":0,"comment_status":"closed","ping_status":"closed","template":"","meta":{"_acf_changed":false,"_uag_custom_page_level_css":"","_joinchat":[],"footnotes":""},"class_list":["post-1665","page","type-page","status-publish","hentry"],"acf":[],"mb":[],"uagb_featured_image_src":{"full":false,"thumbnail":false,"medium":false,"medium_large":false,"large":false,"1536x1536":false,"2048x2048":false},"uagb_author_info":{"display_name":"editor","author_link":"https:\/\/www.usal.edu.ar\/ingreso\/author\/editor\/"},"uagb_comment_info":0,"uagb_excerpt":null,"mfb_rest_fields":["title","uagb_featured_image_src","uagb_author_info","uagb_comment_info","uagb_excerpt"],"_links":{"self":[{"href":"https:\/\/www.usal.edu.ar\/ingreso\/wp-json\/wp\/v2\/pages\/1665","targetHints":{"allow":["GET"]}}],"collection":[{"href":"https:\/\/www.usal.edu.ar\/ingreso\/wp-json\/wp\/v2\/pages"}],"about":[{"href":"https:\/\/www.usal.edu.ar\/ingreso\/wp-json\/wp\/v2\/types\/page"}],"author":[{"embeddable":true,"href":"https:\/\/www.usal.edu.ar\/ingreso\/wp-json\/wp\/v2\/users\/5"}],"replies":[{"embeddable":true,"href":"https:\/\/www.usal.edu.ar\/ingreso\/wp-json\/wp\/v2\/comments?post=1665"}],"version-history":[{"count":1,"href":"https:\/\/www.usal.edu.ar\/ingreso\/wp-json\/wp\/v2\/pages\/1665\/revisions"}],"predecessor-version":[{"id":1667,"href":"https:\/\/www.usal.edu.ar\/ingreso\/wp-json\/wp\/v2\/pages\/1665\/revisions\/1667"}],"wp:attachment":[{"href":"https:\/\/www.usal.edu.ar\/ingreso\/wp-json\/wp\/v2\/media?parent=1665"}],"curies":[{"name":"wp","href":"https:\/\/api.w.org\/{rel}","templated":true}]}}