{"id":2827,"date":"2023-12-11T16:32:23","date_gmt":"2023-12-11T19:32:23","guid":{"rendered":"https:\/\/www.usal.edu.ar\/ingreso\/?page_id=2827"},"modified":"2024-05-16T13:59:49","modified_gmt":"2024-05-16T16:59:49","slug":"modelo-intercolegial-onu","status":"publish","type":"page","link":"https:\/\/www.usal.edu.ar\/ingreso\/modelo-intercolegial-onu\/","title":{"rendered":"Modelo Intercolegial ONU"},"content":{"rendered":"\n<div class=\"wp-block-group has-global-padding is-layout-constrained wp-block-group-is-layout-constrained\">\n<p>El Modelo Intercolegial ONU-USAL es un evento organizado por&nbsp; la Secretar\u00eda de Ingreso y de Vinculaci\u00f3n Institucional, dependiente del Vicerrectorado Acad\u00e9mico.<\/p>\n\n\n\n<p><\/p>\n\n\n\n<p>El desarrollo de esta actividad brinda a los j\u00f3venes la oportunidad de representar a los cuerpos diplom\u00e1ticos de&nbsp; los&nbsp; estados miembros de la ONU con la finalidad de debatir, analizar y plantear soluciones con respecto a los temas de la agenda global.<\/p>\n\n\n\n<p><\/p>\n\n\n\n<p>Desde la Universidad fomentamos la participaci\u00f3n en el Modelo ya que&nbsp; consideramos que, adem\u00e1s de ser una valiosa instancia de aprendizaje sobre el funcionamiento de las Naciones Unidas, la actividad es un espacio propicio para el desarrollo de habilidades de persuasi\u00f3n, negociaci\u00f3n, investigaci\u00f3n, redacci\u00f3n y oratoria, en un \u00e1mbito de tolerancia y respeto por la diversidad.&nbsp;<\/p>\n\n\n\n<div class=\"wp-block-uagb-image uagb-block-6928e1f3 wp-block-uagb-image--layout-default wp-block-uagb-image--effect-static wp-block-uagb-image--align-none\"><figure class=\"wp-block-uagb-image__figure\"><img decoding=\"async\" src=\"https:\/\/www.usal.edu.ar\/ingreso\/wp-content\/uploads\/sites\/2\/2024\/05\/FlyerModeloIntercolegialONU-01-1024x1024.jpg\" alt=\"\" class=\"uag-image-19627\" width=\"1081\" height=\"1080\" title=\"\" loading=\"lazy\" \/><\/figure><\/div>\n\n\n\t\t\t\t\t<div\n\t\t\t\t\t\tclass=\"wp-block-uagb-image-gallery uagb-block-3547923b     \"\n\t\t\t\t\t\tstyle=\"\"\n\t\t\t\t\t>\n\t\t\t\t\t\t\t\t\t\t\t<div class=\"spectra-image-gallery spectra-image-gallery__layout--carousel\">\n\t\t\t\t\t\t\t\t<div class=\"uagb-slick-carousel uagb-block-3547923b\">\n\t\t\t\t\t\t\t\t\t\t\t\t<div class='spectra-image-gallery__media-wrapper' data-spectra-gallery-image-id='3991'>\n\t\t\t\t\t\t\t<div class=\"spectra-image-gallery__media spectra-image-gallery__media--carousel\">\n\t\t\t\t<picture>\n\t\t\t\t\t<source media=\"(min-width: 1024px)\" srcset=\"https:\/\/www.usal.edu.ar\/ingreso\/wp-content\/uploads\/sites\/2\/2023\/12\/313975143_1441034196393229_4684147453946375372_n-811x1024.jpg\">\n\t\t\t\t\t<source media=\"(min-width: 768px)\" srcset=\"https:\/\/www.usal.edu.ar\/ingreso\/wp-content\/uploads\/sites\/2\/2023\/12\/313975143_1441034196393229_4684147453946375372_n-811x1024.jpg\">\n\t\t\t\t\t<img decoding=\"async\" class=\"spectra-image-gallery__media-thumbnail spectra-image-gallery__media-thumbnail--carousel\" src=\"https:\/\/www.usal.edu.ar\/ingreso\/wp-content\/uploads\/sites\/2\/2023\/12\/313975143_1441034196393229_4684147453946375372_n-238x300.jpg\" alt=\"\" loading=\"lazy\" \/>\n\t\t\t\t<\/picture>\n\t\t\t\t<div class=\"spectra-image-gallery__media-thumbnail-blurrer\"><\/div>\n\t\t\t\t\t\t\t\t\t\t\t<div class=\"spectra-image-gallery__media-thumbnail-caption-wrapper spectra-image-gallery__media-thumbnail-caption-wrapper--overlay\">\n\t\t\t\t\t\t\t\t\t\t\t<div class=\"spectra-image-gallery__media-thumbnail-caption spectra-image-gallery__media-thumbnail-caption--overlay\">\n\t\t\t\t\t\t\t\t\t<\/div>\n\t\t\t\t\t\t\t\t\t\t<\/div>\n\t\t\t\t\t\t\t\t\t<\/div>\n\t\t\t\t\t\t<\/div>\n\t\t\t\t\t\t<div class='spectra-image-gallery__media-wrapper' data-spectra-gallery-image-id='3992'>\n\t\t\t\t\t\t\t<div class=\"spectra-image-gallery__media spectra-image-gallery__media--carousel\">\n\t\t\t\t<picture>\n\t\t\t\t\t<source media=\"(min-width: 1024px)\" srcset=\"https:\/\/www.usal.edu.ar\/ingreso\/wp-content\/uploads\/sites\/2\/2023\/12\/313973950_879470893431010_5736064016297319660_n-811x1024.jpg\">\n\t\t\t\t\t<source media=\"(min-width: 768px)\" srcset=\"https:\/\/www.usal.edu.ar\/ingreso\/wp-content\/uploads\/sites\/2\/2023\/12\/313973950_879470893431010_5736064016297319660_n-811x1024.jpg\">\n\t\t\t\t\t<img decoding=\"async\" class=\"spectra-image-gallery__media-thumbnail spectra-image-gallery__media-thumbnail--carousel\" src=\"https:\/\/www.usal.edu.ar\/ingreso\/wp-content\/uploads\/sites\/2\/2023\/12\/313973950_879470893431010_5736064016297319660_n-238x300.jpg\" alt=\"\" loading=\"lazy\" \/>\n\t\t\t\t<\/picture>\n\t\t\t\t<div class=\"spectra-image-gallery__media-thumbnail-blurrer\"><\/div>\n\t\t\t\t\t\t\t\t\t\t\t<div class=\"spectra-image-gallery__media-thumbnail-caption-wrapper spectra-image-gallery__media-thumbnail-caption-wrapper--overlay\">\n\t\t\t\t\t\t\t\t\t\t\t<div class=\"spectra-image-gallery__media-thumbnail-caption spectra-image-gallery__media-thumbnail-caption--overlay\">\n\t\t\t\t\t\t\t\t\t<\/div>\n\t\t\t\t\t\t\t\t\t\t<\/div>\n\t\t\t\t\t\t\t\t\t<\/div>\n\t\t\t\t\t\t<\/div>\n\t\t\t\t\t\t<div class='spectra-image-gallery__media-wrapper' data-spectra-gallery-image-id='3993'>\n\t\t\t\t\t\t\t<div class=\"spectra-image-gallery__media spectra-image-gallery__media--carousel\">\n\t\t\t\t<picture>\n\t\t\t\t\t<source media=\"(min-width: 1024px)\" srcset=\"https:\/\/www.usal.edu.ar\/ingreso\/wp-content\/uploads\/sites\/2\/2023\/12\/313955107_807346693824916_4325619981977371280_n-1-811x1024.jpg\">\n\t\t\t\t\t<source media=\"(min-width: 768px)\" srcset=\"https:\/\/www.usal.edu.ar\/ingreso\/wp-content\/uploads\/sites\/2\/2023\/12\/313955107_807346693824916_4325619981977371280_n-1-811x1024.jpg\">\n\t\t\t\t\t<img decoding=\"async\" class=\"spectra-image-gallery__media-thumbnail spectra-image-gallery__media-thumbnail--carousel\" src=\"https:\/\/www.usal.edu.ar\/ingreso\/wp-content\/uploads\/sites\/2\/2023\/12\/313955107_807346693824916_4325619981977371280_n-1-238x300.jpg\" alt=\"\" loading=\"lazy\" \/>\n\t\t\t\t<\/picture>\n\t\t\t\t<div class=\"spectra-image-gallery__media-thumbnail-blurrer\"><\/div>\n\t\t\t\t\t\t\t\t\t\t\t<div class=\"spectra-image-gallery__media-thumbnail-caption-wrapper spectra-image-gallery__media-thumbnail-caption-wrapper--overlay\">\n\t\t\t\t\t\t\t\t\t\t\t<div class=\"spectra-image-gallery__media-thumbnail-caption spectra-image-gallery__media-thumbnail-caption--overlay\">\n\t\t\t\t\t\t\t\t\t<\/div>\n\t\t\t\t\t\t\t\t\t\t<\/div>\n\t\t\t\t\t\t\t\t\t<\/div>\n\t\t\t\t\t\t<\/div>\n\t\t\t\t\t\t<div class='spectra-image-gallery__media-wrapper' data-spectra-gallery-image-id='3994'>\n\t\t\t\t\t\t\t<div class=\"spectra-image-gallery__media spectra-image-gallery__media--carousel\">\n\t\t\t\t<picture>\n\t\t\t\t\t<source media=\"(min-width: 1024px)\" srcset=\"https:\/\/www.usal.edu.ar\/ingreso\/wp-content\/uploads\/sites\/2\/2023\/12\/313955107_807346693824916_4325619981977371280_n-811x1024.jpg\">\n\t\t\t\t\t<source media=\"(min-width: 768px)\" srcset=\"https:\/\/www.usal.edu.ar\/ingreso\/wp-content\/uploads\/sites\/2\/2023\/12\/313955107_807346693824916_4325619981977371280_n-811x1024.jpg\">\n\t\t\t\t\t<img decoding=\"async\" class=\"spectra-image-gallery__media-thumbnail spectra-image-gallery__media-thumbnail--carousel\" src=\"https:\/\/www.usal.edu.ar\/ingreso\/wp-content\/uploads\/sites\/2\/2023\/12\/313955107_807346693824916_4325619981977371280_n-238x300.jpg\" alt=\"\" loading=\"lazy\" \/>\n\t\t\t\t<\/picture>\n\t\t\t\t<div class=\"spectra-image-gallery__media-thumbnail-blurrer\"><\/div>\n\t\t\t\t\t\t\t\t\t\t\t<div class=\"spectra-image-gallery__media-thumbnail-caption-wrapper spectra-image-gallery__media-thumbnail-caption-wrapper--overlay\">\n\t\t\t\t\t\t\t\t\t\t\t<div class=\"spectra-image-gallery__media-thumbnail-caption spectra-image-gallery__media-thumbnail-caption--overlay\">\n\t\t\t\t\t\t\t\t\t<\/div>\n\t\t\t\t\t\t\t\t\t\t<\/div>\n\t\t\t\t\t\t\t\t\t<\/div>\n\t\t\t\t\t\t<\/div>\n\t\t\t\t\t\t<div class='spectra-image-gallery__media-wrapper' data-spectra-gallery-image-id='3995'>\n\t\t\t\t\t\t\t<div class=\"spectra-image-gallery__media spectra-image-gallery__media--carousel\">\n\t\t\t\t<picture>\n\t\t\t\t\t<source media=\"(min-width: 1024px)\" srcset=\"https:\/\/www.usal.edu.ar\/ingreso\/wp-content\/uploads\/sites\/2\/2023\/12\/313933625_1112325839646890_7764656396955467043_n-811x1024.jpg\">\n\t\t\t\t\t<source media=\"(min-width: 768px)\" srcset=\"https:\/\/www.usal.edu.ar\/ingreso\/wp-content\/uploads\/sites\/2\/2023\/12\/313933625_1112325839646890_7764656396955467043_n-811x1024.jpg\">\n\t\t\t\t\t<img decoding=\"async\" class=\"spectra-image-gallery__media-thumbnail spectra-image-gallery__media-thumbnail--carousel\" src=\"https:\/\/www.usal.edu.ar\/ingreso\/wp-content\/uploads\/sites\/2\/2023\/12\/313933625_1112325839646890_7764656396955467043_n-238x300.jpg\" alt=\"\" loading=\"lazy\" \/>\n\t\t\t\t<\/picture>\n\t\t\t\t<div class=\"spectra-image-gallery__media-thumbnail-blurrer\"><\/div>\n\t\t\t\t\t\t\t\t\t\t\t<div class=\"spectra-image-gallery__media-thumbnail-caption-wrapper spectra-image-gallery__media-thumbnail-caption-wrapper--overlay\">\n\t\t\t\t\t\t\t\t\t\t\t<div class=\"spectra-image-gallery__media-thumbnail-caption spectra-image-gallery__media-thumbnail-caption--overlay\">\n\t\t\t\t\t\t\t\t\t<\/div>\n\t\t\t\t\t\t\t\t\t\t<\/div>\n\t\t\t\t\t\t\t\t\t<\/div>\n\t\t\t\t\t\t<\/div>\n\t\t\t\t\t\t<div class='spectra-image-gallery__media-wrapper' data-spectra-gallery-image-id='3996'>\n\t\t\t\t\t\t\t<div class=\"spectra-image-gallery__media spectra-image-gallery__media--carousel\">\n\t\t\t\t<picture>\n\t\t\t\t\t<source media=\"(min-width: 1024px)\" srcset=\"https:\/\/www.usal.edu.ar\/ingreso\/wp-content\/uploads\/sites\/2\/2023\/12\/313506907_781055376325718_1655843549877424989_n-811x1024.jpg\">\n\t\t\t\t\t<source media=\"(min-width: 768px)\" srcset=\"https:\/\/www.usal.edu.ar\/ingreso\/wp-content\/uploads\/sites\/2\/2023\/12\/313506907_781055376325718_1655843549877424989_n-811x1024.jpg\">\n\t\t\t\t\t<img decoding=\"async\" class=\"spectra-image-gallery__media-thumbnail spectra-image-gallery__media-thumbnail--carousel\" src=\"https:\/\/www.usal.edu.ar\/ingreso\/wp-content\/uploads\/sites\/2\/2023\/12\/313506907_781055376325718_1655843549877424989_n-238x300.jpg\" alt=\"\" loading=\"lazy\" \/>\n\t\t\t\t<\/picture>\n\t\t\t\t<div class=\"spectra-image-gallery__media-thumbnail-blurrer\"><\/div>\n\t\t\t\t\t\t\t\t\t\t\t<div class=\"spectra-image-gallery__media-thumbnail-caption-wrapper spectra-image-gallery__media-thumbnail-caption-wrapper--overlay\">\n\t\t\t\t\t\t\t\t\t\t\t<div class=\"spectra-image-gallery__media-thumbnail-caption spectra-image-gallery__media-thumbnail-caption--overlay\">\n\t\t\t\t\t\t\t\t\t<\/div>\n\t\t\t\t\t\t\t\t\t\t<\/div>\n\t\t\t\t\t\t\t\t\t<\/div>\n\t\t\t\t\t\t<\/div>\n\t\t\t\t\t\t<div class='spectra-image-gallery__media-wrapper' data-spectra-gallery-image-id='3997'>\n\t\t\t\t\t\t\t<div class=\"spectra-image-gallery__media spectra-image-gallery__media--carousel\">\n\t\t\t\t<picture>\n\t\t\t\t\t<source media=\"(min-width: 1024px)\" srcset=\"https:\/\/www.usal.edu.ar\/ingreso\/wp-content\/uploads\/sites\/2\/2023\/12\/313505937_1159889538243496_1662653024069241441_n-811x1024.jpg\">\n\t\t\t\t\t<source media=\"(min-width: 768px)\" srcset=\"https:\/\/www.usal.edu.ar\/ingreso\/wp-content\/uploads\/sites\/2\/2023\/12\/313505937_1159889538243496_1662653024069241441_n-811x1024.jpg\">\n\t\t\t\t\t<img decoding=\"async\" class=\"spectra-image-gallery__media-thumbnail spectra-image-gallery__media-thumbnail--carousel\" src=\"https:\/\/www.usal.edu.ar\/ingreso\/wp-content\/uploads\/sites\/2\/2023\/12\/313505937_1159889538243496_1662653024069241441_n-238x300.jpg\" alt=\"\" loading=\"lazy\" \/>\n\t\t\t\t<\/picture>\n\t\t\t\t<div class=\"spectra-image-gallery__media-thumbnail-blurrer\"><\/div>\n\t\t\t\t\t\t\t\t\t\t\t<div class=\"spectra-image-gallery__media-thumbnail-caption-wrapper spectra-image-gallery__media-thumbnail-caption-wrapper--overlay\">\n\t\t\t\t\t\t\t\t\t\t\t<div class=\"spectra-image-gallery__media-thumbnail-caption spectra-image-gallery__media-thumbnail-caption--overlay\">\n\t\t\t\t\t\t\t\t\t<\/div>\n\t\t\t\t\t\t\t\t\t\t<\/div>\n\t\t\t\t\t\t\t\t\t<\/div>\n\t\t\t\t\t\t<\/div>\n\t\t\t\t\t\t<div class='spectra-image-gallery__media-wrapper' data-spectra-gallery-image-id='3998'>\n\t\t\t\t\t\t\t<div class=\"spectra-image-gallery__media spectra-image-gallery__media--carousel\">\n\t\t\t\t<picture>\n\t\t\t\t\t<source media=\"(min-width: 1024px)\" srcset=\"https:\/\/www.usal.edu.ar\/ingreso\/wp-content\/uploads\/sites\/2\/2023\/12\/313499158_522498002745101_5424142601134340771_n-811x1024.jpg\">\n\t\t\t\t\t<source media=\"(min-width: 768px)\" srcset=\"https:\/\/www.usal.edu.ar\/ingreso\/wp-content\/uploads\/sites\/2\/2023\/12\/313499158_522498002745101_5424142601134340771_n-811x1024.jpg\">\n\t\t\t\t\t<img decoding=\"async\" class=\"spectra-image-gallery__media-thumbnail spectra-image-gallery__media-thumbnail--carousel\" src=\"https:\/\/www.usal.edu.ar\/ingreso\/wp-content\/uploads\/sites\/2\/2023\/12\/313499158_522498002745101_5424142601134340771_n-238x300.jpg\" alt=\"\" loading=\"lazy\" \/>\n\t\t\t\t<\/picture>\n\t\t\t\t<div class=\"spectra-image-gallery__media-thumbnail-blurrer\"><\/div>\n\t\t\t\t\t\t\t\t\t\t\t<div class=\"spectra-image-gallery__media-thumbnail-caption-wrapper spectra-image-gallery__media-thumbnail-caption-wrapper--overlay\">\n\t\t\t\t\t\t\t\t\t\t\t<div class=\"spectra-image-gallery__media-thumbnail-caption spectra-image-gallery__media-thumbnail-caption--overlay\">\n\t\t\t\t\t\t\t\t\t<\/div>\n\t\t\t\t\t\t\t\t\t\t<\/div>\n\t\t\t\t\t\t\t\t\t<\/div>\n\t\t\t\t\t\t<\/div>\n\t\t\t\t\t\t<div class='spectra-image-gallery__media-wrapper' data-spectra-gallery-image-id='3999'>\n\t\t\t\t\t\t\t<div class=\"spectra-image-gallery__media spectra-image-gallery__media--carousel\">\n\t\t\t\t<picture>\n\t\t\t\t\t<source media=\"(min-width: 1024px)\" srcset=\"https:\/\/www.usal.edu.ar\/ingreso\/wp-content\/uploads\/sites\/2\/2023\/12\/313482228_862421158508716_7284039828050854537_n.jpg\">\n\t\t\t\t\t<source media=\"(min-width: 768px)\" srcset=\"https:\/\/www.usal.edu.ar\/ingreso\/wp-content\/uploads\/sites\/2\/2023\/12\/313482228_862421158508716_7284039828050854537_n.jpg\">\n\t\t\t\t\t<img decoding=\"async\" class=\"spectra-image-gallery__media-thumbnail spectra-image-gallery__media-thumbnail--carousel\" src=\"https:\/\/www.usal.edu.ar\/ingreso\/wp-content\/uploads\/sites\/2\/2023\/12\/313482228_862421158508716_7284039828050854537_n-238x300.jpg\" alt=\"\" loading=\"lazy\" \/>\n\t\t\t\t<\/picture>\n\t\t\t\t<div class=\"spectra-image-gallery__media-thumbnail-blurrer\"><\/div>\n\t\t\t\t\t\t\t\t\t\t\t<div class=\"spectra-image-gallery__media-thumbnail-caption-wrapper spectra-image-gallery__media-thumbnail-caption-wrapper--overlay\">\n\t\t\t\t\t\t\t\t\t\t\t<div class=\"spectra-image-gallery__media-thumbnail-caption spectra-image-gallery__media-thumbnail-caption--overlay\">\n\t\t\t\t\t\t\t\t\t<\/div>\n\t\t\t\t\t\t\t\t\t\t<\/div>\n\t\t\t\t\t\t\t\t\t<\/div>\n\t\t\t\t\t\t<\/div>\n\t\t\t\t\t\t<div class='spectra-image-gallery__media-wrapper' data-spectra-gallery-image-id='4000'>\n\t\t\t\t\t\t\t<div class=\"spectra-image-gallery__media spectra-image-gallery__media--carousel\">\n\t\t\t\t<picture>\n\t\t\t\t\t<source media=\"(min-width: 1024px)\" srcset=\"https:\/\/www.usal.edu.ar\/ingreso\/wp-content\/uploads\/sites\/2\/2023\/12\/313481284_1822348378127152_4152430546607345501_n-811x1024.jpg\">\n\t\t\t\t\t<source media=\"(min-width: 768px)\" srcset=\"https:\/\/www.usal.edu.ar\/ingreso\/wp-content\/uploads\/sites\/2\/2023\/12\/313481284_1822348378127152_4152430546607345501_n-811x1024.jpg\">\n\t\t\t\t\t<img decoding=\"async\" class=\"spectra-image-gallery__media-thumbnail spectra-image-gallery__media-thumbnail--carousel\" src=\"https:\/\/www.usal.edu.ar\/ingreso\/wp-content\/uploads\/sites\/2\/2023\/12\/313481284_1822348378127152_4152430546607345501_n-238x300.jpg\" alt=\"\" loading=\"lazy\" \/>\n\t\t\t\t<\/picture>\n\t\t\t\t<div class=\"spectra-image-gallery__media-thumbnail-blurrer\"><\/div>\n\t\t\t\t\t\t\t\t\t\t\t<div class=\"spectra-image-gallery__media-thumbnail-caption-wrapper spectra-image-gallery__media-thumbnail-caption-wrapper--overlay\">\n\t\t\t\t\t\t\t\t\t\t\t<div class=\"spectra-image-gallery__media-thumbnail-caption spectra-image-gallery__media-thumbnail-caption--overlay\">\n\t\t\t\t\t\t\t\t\t<\/div>\n\t\t\t\t\t\t\t\t\t\t<\/div>\n\t\t\t\t\t\t\t\t\t<\/div>\n\t\t\t\t\t\t<\/div>\n\t\t\t\t\t\t<div class='spectra-image-gallery__media-wrapper' data-spectra-gallery-image-id='4001'>\n\t\t\t\t\t\t\t<div class=\"spectra-image-gallery__media spectra-image-gallery__media--carousel\">\n\t\t\t\t<picture>\n\t\t\t\t\t<source media=\"(min-width: 1024px)\" srcset=\"https:\/\/www.usal.edu.ar\/ingreso\/wp-content\/uploads\/sites\/2\/2023\/12\/313471240_1771598266554243_6233665197687183505_n-811x1024.jpg\">\n\t\t\t\t\t<source media=\"(min-width: 768px)\" srcset=\"https:\/\/www.usal.edu.ar\/ingreso\/wp-content\/uploads\/sites\/2\/2023\/12\/313471240_1771598266554243_6233665197687183505_n-811x1024.jpg\">\n\t\t\t\t\t<img decoding=\"async\" class=\"spectra-image-gallery__media-thumbnail spectra-image-gallery__media-thumbnail--carousel\" src=\"https:\/\/www.usal.edu.ar\/ingreso\/wp-content\/uploads\/sites\/2\/2023\/12\/313471240_1771598266554243_6233665197687183505_n-238x300.jpg\" alt=\"\" loading=\"lazy\" \/>\n\t\t\t\t<\/picture>\n\t\t\t\t<div class=\"spectra-image-gallery__media-thumbnail-blurrer\"><\/div>\n\t\t\t\t\t\t\t\t\t\t\t<div class=\"spectra-image-gallery__media-thumbnail-caption-wrapper spectra-image-gallery__media-thumbnail-caption-wrapper--overlay\">\n\t\t\t\t\t\t\t\t\t\t\t<div class=\"spectra-image-gallery__media-thumbnail-caption spectra-image-gallery__media-thumbnail-caption--overlay\">\n\t\t\t\t\t\t\t\t\t<\/div>\n\t\t\t\t\t\t\t\t\t\t<\/div>\n\t\t\t\t\t\t\t\t\t<\/div>\n\t\t\t\t\t\t<\/div>\n\t\t\t\t\t\t\t\t\t\t\t<\/div>\n\t\t\t\t\t\t\t<\/div>\n\t\t\t\t\t\t\t\t\t\t\t<\/div>\n\t\t\t\t\t\t\t\t\t<\/div>\n","protected":false},"excerpt":{"rendered":"<p>El Modelo Intercolegial ONU-USAL es un evento organizado por&nbsp; la Secretar\u00eda de Ingreso y de Vinculaci\u00f3n Institucional, dependiente del Vicerrectorado Acad\u00e9mico. El desarrollo de esta actividad brinda a los j\u00f3venes la oportunidad de representar a los cuerpos diplom\u00e1ticos de&nbsp; los&nbsp; estados miembros de la ONU con la finalidad de debatir, analizar y plantear soluciones con [&hellip;]<\/p>\n","protected":false},"author":5,"featured_media":0,"parent":0,"menu_order":0,"comment_status":"closed","ping_status":"closed","template":"","meta":{"_acf_changed":false,"_uag_custom_page_level_css":"","_joinchat":[],"footnotes":""},"class_list":["post-2827","page","type-page","status-publish","hentry"],"acf":[],"mb":[],"uagb_featured_image_src":{"full":false,"thumbnail":false,"medium":false,"medium_large":false,"large":false,"1536x1536":false,"2048x2048":false},"uagb_author_info":{"display_name":"editor","author_link":"https:\/\/www.usal.edu.ar\/ingreso\/author\/editor\/"},"uagb_comment_info":0,"uagb_excerpt":"El Modelo Intercolegial ONU-USAL es un evento organizado por&nbsp; la Secretar\u00eda de Ingreso y de Vinculaci\u00f3n Institucional, dependiente del Vicerrectorado Acad\u00e9mico. El desarrollo de esta actividad brinda a los j\u00f3venes la oportunidad de representar a los cuerpos diplom\u00e1ticos de&nbsp; los&nbsp; estados miembros de la ONU con la finalidad de debatir, analizar y plantear soluciones con&hellip;","mfb_rest_fields":["title","uagb_featured_image_src","uagb_author_info","uagb_comment_info","uagb_excerpt"],"_links":{"self":[{"href":"https:\/\/www.usal.edu.ar\/ingreso\/wp-json\/wp\/v2\/pages\/2827","targetHints":{"allow":["GET"]}}],"collection":[{"href":"https:\/\/www.usal.edu.ar\/ingreso\/wp-json\/wp\/v2\/pages"}],"about":[{"href":"https:\/\/www.usal.edu.ar\/ingreso\/wp-json\/wp\/v2\/types\/page"}],"author":[{"embeddable":true,"href":"https:\/\/www.usal.edu.ar\/ingreso\/wp-json\/wp\/v2\/users\/5"}],"replies":[{"embeddable":true,"href":"https:\/\/www.usal.edu.ar\/ingreso\/wp-json\/wp\/v2\/comments?post=2827"}],"version-history":[{"count":9,"href":"https:\/\/www.usal.edu.ar\/ingreso\/wp-json\/wp\/v2\/pages\/2827\/revisions"}],"predecessor-version":[{"id":19628,"href":"https:\/\/www.usal.edu.ar\/ingreso\/wp-json\/wp\/v2\/pages\/2827\/revisions\/19628"}],"wp:attachment":[{"href":"https:\/\/www.usal.edu.ar\/ingreso\/wp-json\/wp\/v2\/media?parent=2827"}],"curies":[{"name":"wp","href":"https:\/\/api.w.org\/{rel}","templated":true}]}}