{"id":2846,"date":"2023-12-11T16:41:36","date_gmt":"2023-12-11T19:41:36","guid":{"rendered":"https:\/\/www.usal.edu.ar\/ingreso\/?page_id=2846"},"modified":"2025-02-19T11:27:20","modified_gmt":"2025-02-19T14:27:20","slug":"competencia-de-arbitraje","status":"publish","type":"page","link":"https:\/\/www.usal.edu.ar\/ingreso\/competencia-de-arbitraje\/","title":{"rendered":"Competencia de Arbitraje"},"content":{"rendered":"\n<div class=\"wp-block-group has-global-padding is-layout-constrained wp-block-group-is-layout-constrained\">\n<p>La <strong>Competencia de Arbitraje<\/strong> es una actividad organizada de forma conjunta por la Facultad de Ciencias Jur\u00eddicas y la Secretar\u00eda de Ingreso y de Vinculaci\u00f3n Institucional. La misma se plantea con fines educativos y propone reproducir lo que sucede en audiencias de arbitraje a nivel nacional e internacional.&nbsp; Es un espacio sumamente enriquecedor para los alumnos, ya que les permite, a trav\u00e9s del simulacro, investigar por sus propios medios, construir conocimiento, mejorar su oratoria y desarrollar el pensamiento cr\u00edtico.<\/p>\n<\/div>\n\n\n\n<figure class=\"wp-block-embed is-type-video is-provider-youtube wp-block-embed-youtube wp-embed-aspect-16-9 wp-has-aspect-ratio\"><div class=\"wp-block-embed__wrapper\">\n<iframe loading=\"lazy\" title=\"Competencias de Arbitraje en la Universidad del Salvador\" width=\"500\" height=\"281\" src=\"https:\/\/www.youtube.com\/embed\/H5gI0NwznnU?feature=oembed\" frameborder=\"0\" allow=\"accelerometer; autoplay; clipboard-write; encrypted-media; gyroscope; picture-in-picture; web-share\" referrerpolicy=\"strict-origin-when-cross-origin\" allowfullscreen><\/iframe>\n<\/div><\/figure>\n","protected":false},"excerpt":{"rendered":"<p>La Competencia de Arbitraje es una actividad organizada de forma conjunta por la Facultad de Ciencias Jur\u00eddicas y la Secretar\u00eda de Ingreso y de Vinculaci\u00f3n Institucional. La misma se plantea con fines educativos y propone reproducir lo que sucede en audiencias de arbitraje a nivel nacional e internacional.&nbsp; Es un espacio sumamente enriquecedor para los [&hellip;]<\/p>\n","protected":false},"author":5,"featured_media":0,"parent":0,"menu_order":0,"comment_status":"closed","ping_status":"closed","template":"","meta":{"_acf_changed":false,"_uag_custom_page_level_css":"","_joinchat":[],"footnotes":""},"class_list":["post-2846","page","type-page","status-publish","hentry"],"acf":[],"mb":[],"uagb_featured_image_src":{"full":false,"thumbnail":false,"medium":false,"medium_large":false,"large":false,"1536x1536":false,"2048x2048":false},"uagb_author_info":{"display_name":"editor","author_link":"https:\/\/www.usal.edu.ar\/ingreso\/author\/editor\/"},"uagb_comment_info":0,"uagb_excerpt":"La Competencia de Arbitraje es una actividad organizada de forma conjunta por la Facultad de Ciencias Jur\u00eddicas y la Secretar\u00eda de Ingreso y de Vinculaci\u00f3n Institucional. La misma se plantea con fines educativos y propone reproducir lo que sucede en audiencias de arbitraje a nivel nacional e internacional.&nbsp; Es un espacio sumamente enriquecedor para los&hellip;","mfb_rest_fields":["title","uagb_featured_image_src","uagb_author_info","uagb_comment_info","uagb_excerpt"],"_links":{"self":[{"href":"https:\/\/www.usal.edu.ar\/ingreso\/wp-json\/wp\/v2\/pages\/2846","targetHints":{"allow":["GET"]}}],"collection":[{"href":"https:\/\/www.usal.edu.ar\/ingreso\/wp-json\/wp\/v2\/pages"}],"about":[{"href":"https:\/\/www.usal.edu.ar\/ingreso\/wp-json\/wp\/v2\/types\/page"}],"author":[{"embeddable":true,"href":"https:\/\/www.usal.edu.ar\/ingreso\/wp-json\/wp\/v2\/users\/5"}],"replies":[{"embeddable":true,"href":"https:\/\/www.usal.edu.ar\/ingreso\/wp-json\/wp\/v2\/comments?post=2846"}],"version-history":[{"count":11,"href":"https:\/\/www.usal.edu.ar\/ingreso\/wp-json\/wp\/v2\/pages\/2846\/revisions"}],"predecessor-version":[{"id":38091,"href":"https:\/\/www.usal.edu.ar\/ingreso\/wp-json\/wp\/v2\/pages\/2846\/revisions\/38091"}],"wp:attachment":[{"href":"https:\/\/www.usal.edu.ar\/ingreso\/wp-json\/wp\/v2\/media?parent=2846"}],"curies":[{"name":"wp","href":"https:\/\/api.w.org\/{rel}","templated":true}]}}