{"id":2848,"date":"2023-12-11T16:43:20","date_gmt":"2023-12-11T19:43:20","guid":{"rendered":"https:\/\/www.usal.edu.ar\/ingreso\/?page_id=2848"},"modified":"2025-02-19T11:30:13","modified_gmt":"2025-02-19T14:30:13","slug":"torneo-intercolegial-de-futbol","status":"publish","type":"page","link":"https:\/\/www.usal.edu.ar\/ingreso\/torneo-intercolegial-de-futbol\/","title":{"rendered":"Torneo Intercolegial de F\u00fatbol"},"content":{"rendered":"\n<div class=\"wp-block-group has-global-padding is-layout-constrained wp-block-group-is-layout-constrained\">\n<p>El Torneo Intercolegial de F\u00fatbol tiene como objetivo promover los valores que la Universidad tiene como prioridad: la formaci\u00f3n integral de los alumnos. De esta manera, a trav\u00e9s de la competencia deportiva, se busca fortalecer el respeto a los compa\u00f1eros y adversarios, la generosidad para entablar relaciones humanas, la honestidad, lealtad y la actitud digna.. El torneo, gestado desde esta filosof\u00eda, invita a todos los participantes a que compartan y practiquen esta cosmovisi\u00f3n.<\/p>\n<\/div>\n\n\n\n<figure class=\"wp-block-embed is-type-video is-provider-youtube wp-block-embed-youtube wp-embed-aspect-16-9 wp-has-aspect-ratio\"><div class=\"wp-block-embed__wrapper\">\n<iframe loading=\"lazy\" title=\"Torneos Intercolegiales de F\u00fatbol Masculino y Femenino - Universidad del Salvador\" width=\"500\" height=\"281\" src=\"https:\/\/www.youtube.com\/embed\/wAB8FVKH8VM?feature=oembed\" frameborder=\"0\" allow=\"accelerometer; autoplay; clipboard-write; encrypted-media; gyroscope; picture-in-picture; web-share\" referrerpolicy=\"strict-origin-when-cross-origin\" allowfullscreen><\/iframe>\n<\/div><\/figure>\n","protected":false},"excerpt":{"rendered":"<p>El Torneo Intercolegial de F\u00fatbol tiene como objetivo promover los valores que la Universidad tiene como prioridad: la formaci\u00f3n integral de los alumnos. De esta manera, a trav\u00e9s de la competencia deportiva, se busca fortalecer el respeto a los compa\u00f1eros y adversarios, la generosidad para entablar relaciones humanas, la honestidad, lealtad y la actitud digna.. [&hellip;]<\/p>\n","protected":false},"author":5,"featured_media":0,"parent":0,"menu_order":0,"comment_status":"closed","ping_status":"closed","template":"","meta":{"_acf_changed":false,"_uag_custom_page_level_css":"","_joinchat":[],"footnotes":""},"class_list":["post-2848","page","type-page","status-publish","hentry"],"acf":[],"mb":[],"uagb_featured_image_src":{"full":false,"thumbnail":false,"medium":false,"medium_large":false,"large":false,"1536x1536":false,"2048x2048":false},"uagb_author_info":{"display_name":"editor","author_link":"https:\/\/www.usal.edu.ar\/ingreso\/author\/editor\/"},"uagb_comment_info":0,"uagb_excerpt":"El Torneo Intercolegial de F\u00fatbol tiene como objetivo promover los valores que la Universidad tiene como prioridad: la formaci\u00f3n integral de los alumnos. De esta manera, a trav\u00e9s de la competencia deportiva, se busca fortalecer el respeto a los compa\u00f1eros y adversarios, la generosidad para entablar relaciones humanas, la honestidad, lealtad y la actitud digna..&hellip;","mfb_rest_fields":["title","uagb_featured_image_src","uagb_author_info","uagb_comment_info","uagb_excerpt"],"_links":{"self":[{"href":"https:\/\/www.usal.edu.ar\/ingreso\/wp-json\/wp\/v2\/pages\/2848","targetHints":{"allow":["GET"]}}],"collection":[{"href":"https:\/\/www.usal.edu.ar\/ingreso\/wp-json\/wp\/v2\/pages"}],"about":[{"href":"https:\/\/www.usal.edu.ar\/ingreso\/wp-json\/wp\/v2\/types\/page"}],"author":[{"embeddable":true,"href":"https:\/\/www.usal.edu.ar\/ingreso\/wp-json\/wp\/v2\/users\/5"}],"replies":[{"embeddable":true,"href":"https:\/\/www.usal.edu.ar\/ingreso\/wp-json\/wp\/v2\/comments?post=2848"}],"version-history":[{"count":8,"href":"https:\/\/www.usal.edu.ar\/ingreso\/wp-json\/wp\/v2\/pages\/2848\/revisions"}],"predecessor-version":[{"id":38092,"href":"https:\/\/www.usal.edu.ar\/ingreso\/wp-json\/wp\/v2\/pages\/2848\/revisions\/38092"}],"wp:attachment":[{"href":"https:\/\/www.usal.edu.ar\/ingreso\/wp-json\/wp\/v2\/media?parent=2848"}],"curies":[{"name":"wp","href":"https:\/\/api.w.org\/{rel}","templated":true}]}}