{"id":1239,"date":"2024-05-16T16:24:51","date_gmt":"2024-05-16T19:24:51","guid":{"rendered":"https:\/\/www.usal.edu.ar\/internacional\/?page_id=1239"},"modified":"2024-05-16T16:24:51","modified_gmt":"2024-05-16T19:24:51","slug":"universidad-de-passau","status":"publish","type":"page","link":"https:\/\/www.usal.edu.ar\/internacional\/universidad-de-passau\/","title":{"rendered":"UNIVERSIDAD DE PASSAU"},"content":{"rendered":"\n<div class=\"wp-block-group has-global-padding is-layout-constrained wp-block-group-is-layout-constrained\">\n<p class=\"has-text-align-center\">\u00a0<a href=\"http:\/\/www.uni-passau.de\/auslandsamt.html\" target=\"_blank\" rel=\"noreferrer noopener\"><strong>Universit\u00e4tt Passau<\/strong><\/a><br>Ubicaci\u00f3n:\u00a0Baviera, Alemania<\/p>\n\n\n\n<p class=\"has-text-align-center\">Idioma:\u00a0Alem\u00e1n e ingles<br>Per\u00edodo:\u00a0Semestral<br>Inscripci\u00f3n:\u00a0Primer semestre: hasta el 15 de junio<\/p>\n\n\n\n<p class=\"has-text-align-center\">Segundo semestre: hasta el 15 de noviembre<\/p>\n\n\n\n<p class=\"has-text-align-center\">Beneficios: <strong>beca de alojamiento: \u20ac250 mensuales durante 5 meses &#8211;\u00a0sujeto a cupos disponibles en la Universidad extranjera.<\/strong><\/p>\n<\/div>\n\n\n\n<p class=\"has-text-align-center\">La Universidad del Salvador ofrece&nbsp;<strong>DOS becas de alojamiento&nbsp;<\/strong>para estudiar durante un semestre en la Universidad de Passau (Baviera, Alemania).<br>El&nbsp;campus&nbsp;de&nbsp;Passau&nbsp;est\u00e1 situado a orillas del r\u00edo&nbsp;Inn, a unos pocos minutos del casco antiguo de&nbsp;Passau.<\/p>\n\n\n\n<p class=\"has-text-align-center\">La Universidad est\u00e1 dividida en cinco facultades:&nbsp;<strong>Teolog\u00eda<\/strong>;&nbsp;<strong>Derecho<\/strong>;&nbsp;<strong>Negocios, Administraci\u00f3n y Econom\u00eda<\/strong>;&nbsp;<strong>Matem\u00e1ticas y Sistemas<\/strong>; y<strong>&nbsp;Humanidades<\/strong>&nbsp;que incluye Educaci\u00f3n, Geograf\u00eda, Historia, Filosof\u00eda, Ciencia Pol\u00edtica, Psicolog\u00eda, M\u00fasica, Lenguas Modernas y Estudios del Sudeste Asi\u00e1tico.&nbsp;<\/p>\n\n\n\n<p class=\"has-text-align-center\">La orientaci\u00f3n com\u00fan de las cinco facultades es la&nbsp;interculturalidad, dado el car\u00e1cter internacional de la universidad con sus \u00e1reas \u201cEconom\u00eda Cultural\u201d, \u201cInternacionalizaci\u00f3n\u201d y \u201cLenguas Aplicadas\u201d, en las carreras de Inform\u00e1tica, Derecho, Econom\u00eda y&nbsp;Magister.<\/p>\n\n\n\n<p class=\"has-text-align-center\">Las facultades de Derecho, Ciencias Econ\u00f3micas e Inform\u00e1tica y Matem\u00e1tica se destacan con regularidad en los&nbsp;rankings&nbsp;nacionales.<\/p>\n\n\n\n<div class=\"wp-block-group has-global-padding is-layout-constrained wp-block-group-is-layout-constrained\">\n<p class=\"has-text-align-center\"><strong>Oferta acad\u00e9mica en Passau<\/strong><br>Materias dictadas en <a href=\"https:\/\/www.uni-passau.de\/en\/course-catalogue\/\" data-type=\"link\" data-id=\"https:\/\/www.uni-passau.de\/en\/course-catalogue\/\">alem\u00e1n.<\/a><\/p>\n\n\n\n<p class=\"has-text-align-center\">Materias dictadas en <a href=\"https:\/\/www.uni-passau.de\/en\/course-catalogue\/english-taught-courses\" data-type=\"link\" data-id=\"https:\/\/www.uni-passau.de\/en\/course-catalogue\/english-taught-courses\">ingl\u00e9s<\/a><\/p>\n<\/div>\n","protected":false},"excerpt":{"rendered":"<p>\u00a0Universit\u00e4tt PassauUbicaci\u00f3n:\u00a0Baviera, Alemania Idioma:\u00a0Alem\u00e1n e inglesPer\u00edodo:\u00a0SemestralInscripci\u00f3n:\u00a0Primer semestre: hasta el 15 de junio Segundo semestre: hasta el 15 de noviembre Beneficios: beca de alojamiento: \u20ac250 mensuales durante 5 meses &#8211;\u00a0sujeto a cupos disponibles en la Universidad extranjera. La Universidad del Salvador ofrece&nbsp;DOS becas de alojamiento&nbsp;para estudiar durante un semestre en la Universidad de Passau (Baviera, Alemania).El&nbsp;campus&nbsp;de&nbsp;Passau&nbsp;est\u00e1 [&hellip;]<\/p>\n","protected":false},"author":27,"featured_media":0,"parent":0,"menu_order":0,"comment_status":"closed","ping_status":"closed","template":"","meta":{"_acf_changed":false,"footnotes":""},"class_list":["post-1239","page","type-page","status-publish","hentry"],"acf":[],"_links":{"self":[{"href":"https:\/\/www.usal.edu.ar\/internacional\/wp-json\/wp\/v2\/pages\/1239","targetHints":{"allow":["GET"]}}],"collection":[{"href":"https:\/\/www.usal.edu.ar\/internacional\/wp-json\/wp\/v2\/pages"}],"about":[{"href":"https:\/\/www.usal.edu.ar\/internacional\/wp-json\/wp\/v2\/types\/page"}],"author":[{"embeddable":true,"href":"https:\/\/www.usal.edu.ar\/internacional\/wp-json\/wp\/v2\/users\/27"}],"replies":[{"embeddable":true,"href":"https:\/\/www.usal.edu.ar\/internacional\/wp-json\/wp\/v2\/comments?post=1239"}],"version-history":[{"count":2,"href":"https:\/\/www.usal.edu.ar\/internacional\/wp-json\/wp\/v2\/pages\/1239\/revisions"}],"predecessor-version":[{"id":1244,"href":"https:\/\/www.usal.edu.ar\/internacional\/wp-json\/wp\/v2\/pages\/1239\/revisions\/1244"}],"wp:attachment":[{"href":"https:\/\/www.usal.edu.ar\/internacional\/wp-json\/wp\/v2\/media?parent=1239"}],"curies":[{"name":"wp","href":"https:\/\/api.w.org\/{rel}","templated":true}]}}