{"id":260,"date":"2024-05-01T19:26:15","date_gmt":"2024-05-01T22:26:15","guid":{"rendered":"https:\/\/www.usal.edu.ar\/internacional\/?page_id=260"},"modified":"2026-03-02T16:45:31","modified_gmt":"2026-03-02T19:45:31","slug":"espanol-como-lengua-extranjera","status":"publish","type":"page","link":"https:\/\/www.usal.edu.ar\/internacional\/estudiantes-internacionales\/espanol-como-lengua-extranjera\/","title":{"rendered":"Espa\u00f1ol como lengua extranjera"},"content":{"rendered":"\n<div class=\"wp-block-group has-global-padding is-layout-constrained wp-container-core-group-is-layout-92b9201d wp-block-group-is-layout-constrained\">\n<p>Los alumnos de intercambio internacional pueden tomar clases cuatrimestrales de idioma espa\u00f1ol durante su intercambio en la <strong>USAL<\/strong>. <\/p>\n\n\n\n<p>Para ello, deber\u00e1n tomar el&nbsp;<strong><a href=\"https:\/\/www.usal.edu.ar\/ead\/espanol-para-extranjeros-examen-de-nivel-cambalache\/\">examen on-line<\/a><\/strong>&nbsp;previo al inicio de clases en la USAL. Una vez en Buenos Aires, deber\u00e1n tener una entrevista con los profesores de espa\u00f1ol antes de incorporarse a las clases.<\/p>\n\n\n\n<p><strong>IMPORTANTE:<\/strong>&nbsp;Todos los cursos requieren un nivel de idioma previo, <strong>no se dictan clases de nivel Elemental<\/strong>.&nbsp;<\/p>\n\n\n\n<figure class=\"wp-block-table\"><table><tbody><tr><td><strong>Curso<\/strong><\/td><td class=\"has-text-align-center\" data-align=\"center\"><strong>Programa<\/strong><\/td><td class=\"has-text-align-center\" data-align=\"center\"><strong>Horas Semanales<\/strong><\/td><td class=\"has-text-align-center\" data-align=\"center\"><strong>Horas Totales<\/strong><\/td><td class=\"has-text-align-center\" data-align=\"center\"><strong>Horario<\/strong><\/td><\/tr><tr><td><strong>7585 Nivel Intermedio Bajo<\/strong><\/td><td class=\"has-text-align-center\" data-align=\"center\"><a href=\"https:\/\/www.usal.edu.ar\/internacional\/wp-content\/uploads\/sites\/7\/2024\/08\/PROGRAMA-Espanol-INTERMEDIO.docx.pdf\" target=\"_blank\" rel=\"noreferrer noopener\">consultar<\/a><\/td><td class=\"has-text-align-center\" data-align=\"center\">4<\/td><td class=\"has-text-align-center\" data-align=\"center\">72<\/td><td class=\"has-text-align-center\" data-align=\"center\"><a href=\"https:\/\/www.usal.edu.ar\/internacional\/wp-content\/uploads\/sites\/7\/2026\/02\/Cuadro-de-Horarios-y-Aulas-ESPANOL-2026-primer-cuatrimestre.pdf\"><\/a><a href=\"https:\/\/www.usal.edu.ar\/internacional\/wp-content\/uploads\/sites\/7\/2026\/03\/Cuadro-de-Horarios-y-Aulas-ESPANOL-2026-primer-cuatrimestre.pdf\">consultar<\/a><\/td><\/tr><tr><td><strong>7586 Nivel Intermedio Alto<\/strong><\/td><td class=\"has-text-align-center\" data-align=\"center\"><a href=\"https:\/\/www.usal.edu.ar\/internacional\/wp-content\/uploads\/sites\/7\/2024\/08\/PROGRAMA-Espanol-INTERMEDIO-ALTO.docx.pdf\" target=\"_blank\" rel=\"noreferrer noopener\">consultar<\/a><\/td><td class=\"has-text-align-center\" data-align=\"center\">4<\/td><td class=\"has-text-align-center\" data-align=\"center\">72<\/td><td class=\"has-text-align-center\" data-align=\"center\"><a href=\"https:\/\/www.usal.edu.ar\/internacional\/wp-content\/uploads\/sites\/7\/2026\/03\/Cuadro-de-Horarios-y-Aulas-ESPANOL-2026-primer-cuatrimestre.pdf\">consultar<\/a><\/td><\/tr><tr><td><strong>7589 Nivel Alto &#8211; Mitos y Leyendas<\/strong><\/td><td class=\"has-text-align-center\" data-align=\"center\"><a href=\"https:\/\/www.usal.edu.ar\/internacional\/wp-content\/uploads\/sites\/7\/2024\/05\/Descripcion-Nivel-Alto-Mitos.pdf\">consultar<\/a><\/td><td class=\"has-text-align-center\" data-align=\"center\">4<\/td><td class=\"has-text-align-center\" data-align=\"center\">72<\/td><td class=\"has-text-align-center\" data-align=\"center\"><a href=\"https:\/\/www.usal.edu.ar\/internacional\/wp-content\/uploads\/sites\/7\/2026\/03\/Cuadro-de-Horarios-y-Aulas-ESPANOL-2026-primer-cuatrimestre.pdf\">consultar<\/a><\/td><\/tr><tr><td><strong>7588 Nivel Avanzado &#8211; Taller de Literatura, Redacci\u00f3n y Gram\u00e1tica<\/strong><\/td><td class=\"has-text-align-center\" data-align=\"center\"><a href=\"https:\/\/www.usal.edu.ar\/internacional\/wp-content\/uploads\/sites\/7\/2025\/03\/PROGRAMA-Espanol-Avanzado.pdf\">consultar<\/a><\/td><td class=\"has-text-align-center\" data-align=\"center\">3<\/td><td class=\"has-text-align-center\" data-align=\"center\">54<\/td><td class=\"has-text-align-center\" data-align=\"center\"><a href=\"https:\/\/www.usal.edu.ar\/internacional\/wp-content\/uploads\/sites\/7\/2026\/03\/Cuadro-de-Horarios-y-Aulas-ESPANOL-2026-primer-cuatrimestre.pdf\">consultar<\/a><\/td><\/tr><\/tbody><\/table><\/figure>\n<\/div>\n\n\n\n<p><\/p>\n","protected":false},"excerpt":{"rendered":"<p>Los alumnos de intercambio internacional pueden tomar clases cuatrimestrales de idioma espa\u00f1ol durante su intercambio en la USAL. Para ello, deber\u00e1n tomar el&nbsp;examen on-line&nbsp;previo al inicio de clases en la USAL. Una vez en Buenos Aires, deber\u00e1n tener una entrevista con los profesores de espa\u00f1ol antes de incorporarse a las clases. IMPORTANTE:&nbsp;Todos los cursos requieren [&hellip;]<\/p>\n","protected":false},"author":5,"featured_media":0,"parent":2,"menu_order":0,"comment_status":"closed","ping_status":"closed","template":"","meta":{"_acf_changed":false,"footnotes":""},"class_list":["post-260","page","type-page","status-publish","hentry"],"acf":[],"_links":{"self":[{"href":"https:\/\/www.usal.edu.ar\/internacional\/wp-json\/wp\/v2\/pages\/260","targetHints":{"allow":["GET"]}}],"collection":[{"href":"https:\/\/www.usal.edu.ar\/internacional\/wp-json\/wp\/v2\/pages"}],"about":[{"href":"https:\/\/www.usal.edu.ar\/internacional\/wp-json\/wp\/v2\/types\/page"}],"author":[{"embeddable":true,"href":"https:\/\/www.usal.edu.ar\/internacional\/wp-json\/wp\/v2\/users\/5"}],"replies":[{"embeddable":true,"href":"https:\/\/www.usal.edu.ar\/internacional\/wp-json\/wp\/v2\/comments?post=260"}],"version-history":[{"count":20,"href":"https:\/\/www.usal.edu.ar\/internacional\/wp-json\/wp\/v2\/pages\/260\/revisions"}],"predecessor-version":[{"id":15374,"href":"https:\/\/www.usal.edu.ar\/internacional\/wp-json\/wp\/v2\/pages\/260\/revisions\/15374"}],"up":[{"embeddable":true,"href":"https:\/\/www.usal.edu.ar\/internacional\/wp-json\/wp\/v2\/pages\/2"}],"wp:attachment":[{"href":"https:\/\/www.usal.edu.ar\/internacional\/wp-json\/wp\/v2\/media?parent=260"}],"curies":[{"name":"wp","href":"https:\/\/api.w.org\/{rel}","templated":true}]}}