{"id":275,"date":"2024-05-03T19:52:16","date_gmt":"2024-05-03T22:52:16","guid":{"rendered":"https:\/\/www.usal.edu.ar\/internacional\/?page_id=275"},"modified":"2025-07-16T09:20:51","modified_gmt":"2025-07-16T12:20:51","slug":"requisitos","status":"publish","type":"page","link":"https:\/\/www.usal.edu.ar\/internacional\/estudiantes-usal\/programa-bilateral\/requisitos\/","title":{"rendered":"Requisitos"},"content":{"rendered":"\n<ul class=\"wp-block-list\">\n<li>Ser alumno\/a regular de una carrera de grado en la USAL<\/li>\n\n\n\n<li>Tener aprobado todos los finales del primer a\u00f1o de la carrera&nbsp;<\/li>\n\n\n\n<li>No registrar deuda arancelaria<\/li>\n\n\n\n<li>No registrar sanciones disciplinarias<\/li>\n\n\n\n<li>Acreditar el nivel de idioma correspondiente<\/li>\n\n\n\n<li>Tener pasaporte valido hasta <strong>6 meses despu\u00e9s<\/strong> de la fecha de finalizaci\u00f3n del semestre de intercambio<\/li>\n\n\n\n<li>Tener un promedio m\u00ednimo de 6 (seis) puntos* o de 8 (ocho) puntos para postularse a <strong>becas<\/strong> de intercambio<\/li>\n<\/ul>\n\n\n\n<p class=\"has-text-align-center\">*Para universidades de Madrid y Barcelona <strong>los cupos son limitados<\/strong>.<\/p>\n\n\n\n<p class=\"has-text-align-center\">Ver Reglamento de alumno\/a de intercambio <a href=\"https:\/\/www.usal.edu.ar\/internacional\/wp-content\/uploads\/sites\/7\/2024\/05\/RR-373-2016.pdf\" data-type=\"link\" data-id=\"https:\/\/www.usal.edu.ar\/reglamento-general-intercambio-estudiantil\">Resoluci\u00f3n Rectoral N\u00ba373\/2016.&nbsp;<\/a><\/p>\n\n\n\n<p class=\"has-text-align-center has-contrast-color has-text-color has-link-color has-large-font-size wp-elements-2f6bb92569b259cf00cbff819a9eee6c\"><strong>Idioma:<\/strong><\/p>\n\n\n\n<p class=\"has-text-align-center\">Cada universidad posee un requisito de idioma espec\u00edfico. Si quisieras realizar tu intercambio en un pa\u00eds no hispanohablante, tendr\u00e1s que presentar una constancia de conocimiento (certificados de ex\u00e1menes internacionales, por ejemplo).<\/p>\n\n\n\n<p class=\"has-text-align-center\">Existen opciones a trav\u00e9s del <strong><a href=\"https:\/\/www.usal.edu.ar\/internacional\/estudiantes-usal\/programa-bilateral\/programa-isep\/\" data-type=\"link\" data-id=\"https:\/\/www.usal.edu.ar\/internacional\/estudiantes-usal\/programa-bilateral\/programa-isep\/\">Programa ISEP<\/a><\/strong> que permiten postularte acreditando tu nivel de idioma a trav\u00e9s del LPR (Language Proficiency Report). Este es un reporte que debe completar tu profesor\/a de ingl\u00e9s acreditando tu nivel de idioma. Para algunas universidades, este reporte puede sustituir los ex\u00e1menes internacionales como TOEFL\/IELTS.&nbsp;<\/p>\n\n\n\n<p class=\"has-text-align-center\">Para m\u00e1s informaci\u00f3n sobre ex\u00e1menes internacionales, se pueden visitar los siguientes sitios web:                         <a href=\"https:\/\/www.ielts.org.ar\/\">IELTS<\/a>, <a href=\"https:\/\/www.aaci.org.ar\/\">AACI<\/a>, <a href=\"https:\/\/www.icana.org.ar\/\">ICANA<\/a>, <a href=\"https:\/\/www.alianzafrancesa.org.ar\/home\">Alianza Francesa<\/a>, <a href=\"https:\/\/www.goethe.de\/ins\/ar\/de\/sta\/bue.html\">Instituto Goethe<\/a>.<\/p>\n","protected":false},"excerpt":{"rendered":"<p>*Para universidades de Madrid y Barcelona los cupos son limitados. Ver Reglamento de alumno\/a de intercambio Resoluci\u00f3n Rectoral N\u00ba373\/2016.&nbsp; Idioma: Cada universidad posee un requisito de idioma espec\u00edfico. Si quisieras realizar tu intercambio en un pa\u00eds no hispanohablante, tendr\u00e1s que presentar una constancia de conocimiento (certificados de ex\u00e1menes internacionales, por ejemplo). Existen opciones a trav\u00e9s [&hellip;]<\/p>\n","protected":false},"author":5,"featured_media":0,"parent":273,"menu_order":0,"comment_status":"closed","ping_status":"closed","template":"","meta":{"_acf_changed":false,"footnotes":""},"class_list":["post-275","page","type-page","status-publish","hentry"],"acf":[],"_links":{"self":[{"href":"https:\/\/www.usal.edu.ar\/internacional\/wp-json\/wp\/v2\/pages\/275","targetHints":{"allow":["GET"]}}],"collection":[{"href":"https:\/\/www.usal.edu.ar\/internacional\/wp-json\/wp\/v2\/pages"}],"about":[{"href":"https:\/\/www.usal.edu.ar\/internacional\/wp-json\/wp\/v2\/types\/page"}],"author":[{"embeddable":true,"href":"https:\/\/www.usal.edu.ar\/internacional\/wp-json\/wp\/v2\/users\/5"}],"replies":[{"embeddable":true,"href":"https:\/\/www.usal.edu.ar\/internacional\/wp-json\/wp\/v2\/comments?post=275"}],"version-history":[{"count":13,"href":"https:\/\/www.usal.edu.ar\/internacional\/wp-json\/wp\/v2\/pages\/275\/revisions"}],"predecessor-version":[{"id":9116,"href":"https:\/\/www.usal.edu.ar\/internacional\/wp-json\/wp\/v2\/pages\/275\/revisions\/9116"}],"up":[{"embeddable":true,"href":"https:\/\/www.usal.edu.ar\/internacional\/wp-json\/wp\/v2\/pages\/273"}],"wp:attachment":[{"href":"https:\/\/www.usal.edu.ar\/internacional\/wp-json\/wp\/v2\/media?parent=275"}],"curies":[{"name":"wp","href":"https:\/\/api.w.org\/{rel}","templated":true}]}}